{"id":972,"date":"2023-05-03T21:30:57","date_gmt":"2023-05-03T19:30:57","guid":{"rendered":"https:\/\/bigycb.cz\/zus\/?page_id=972"},"modified":"2026-03-31T22:52:48","modified_gmt":"2026-03-31T20:52:48","slug":"prihlasky","status":"publish","type":"page","link":"https:\/\/bigycb.cz\/zus\/prihlasky\/","title":{"rendered":"P\u0159ihl\u00e1\u0161ky"},"content":{"rendered":"\t\t<div data-elementor-type=\"wp-page\" data-elementor-id=\"972\" class=\"elementor elementor-972\" data-elementor-settings=\"[]\">\n\t\t\t\t\t\t\t<div class=\"elementor-section-wrap\">\n\t\t\t\t\t\t\t<section class=\"elementor-section elementor-top-section elementor-element elementor-element-e62a753 elementor-section-boxed elementor-section-height-default elementor-section-height-default\" data-id=\"e62a753\" data-element_type=\"section\">\n\t\t\t\t\t\t<div class=\"elementor-container elementor-column-gap-default\">\n\t\t\t\t\t<div class=\"elementor-column elementor-col-100 elementor-top-column elementor-element elementor-element-d0c3845\" data-id=\"d0c3845\" data-element_type=\"column\">\n\t\t\t<div class=\"elementor-widget-wrap elementor-element-populated\">\n\t\t\t\t\t\t\t\t<div class=\"elementor-element elementor-element-0688cc6 elementor-widget elementor-widget-spacer\" data-id=\"0688cc6\" data-element_type=\"widget\" data-widget_type=\"spacer.default\">\n\t\t\t\t<div class=\"elementor-widget-container\">\n\t\t\t\t\t<div class=\"elementor-spacer\">\n\t\t\t<div class=\"elementor-spacer-inner\"><\/div>\n\t\t<\/div>\n\t\t\t\t<\/div>\n\t\t\t\t<\/div>\n\t\t\t\t\t<\/div>\n\t\t<\/div>\n\t\t\t\t\t\t\t<\/div>\n\t\t<\/section>\n\t\t\t\t<section class=\"elementor-section elementor-top-section elementor-element elementor-element-975c3fb elementor-section-boxed elementor-section-height-default elementor-section-height-default\" data-id=\"975c3fb\" data-element_type=\"section\">\n\t\t\t\t\t\t<div class=\"elementor-container elementor-column-gap-default\">\n\t\t\t\t\t<div class=\"elementor-column elementor-col-100 elementor-top-column elementor-element elementor-element-6c88ec1\" data-id=\"6c88ec1\" data-element_type=\"column\">\n\t\t\t<div class=\"elementor-widget-wrap elementor-element-populated\">\n\t\t\t\t\t\t\t\t<div class=\"elementor-element elementor-element-dac1384 elementor-widget elementor-widget-heading\" data-id=\"dac1384\" data-element_type=\"widget\" data-widget_type=\"heading.default\">\n\t\t\t\t<div class=\"elementor-widget-container\">\n\t\t\t<h2 class=\"elementor-heading-title elementor-size-default\">P\u0159ihl\u00e1\u0161ka ke studiu<\/h2>\t\t<\/div>\n\t\t\t\t<\/div>\n\t\t\t\t\t<\/div>\n\t\t<\/div>\n\t\t\t\t\t\t\t<\/div>\n\t\t<\/section>\n\t\t\t\t<section class=\"elementor-section elementor-top-section elementor-element elementor-element-3cc29d4 elementor-section-boxed elementor-section-height-default elementor-section-height-default\" data-id=\"3cc29d4\" data-element_type=\"section\">\n\t\t\t\t\t\t<div class=\"elementor-container elementor-column-gap-default\">\n\t\t\t\t\t<div class=\"elementor-column elementor-col-100 elementor-top-column elementor-element elementor-element-5b1ffc0\" data-id=\"5b1ffc0\" data-element_type=\"column\">\n\t\t\t<div class=\"elementor-widget-wrap elementor-element-populated\">\n\t\t\t\t\t\t\t\t<div class=\"elementor-element elementor-element-58f3547 elementor-widget elementor-widget-text-editor\" data-id=\"58f3547\" data-element_type=\"widget\" data-widget_type=\"text-editor.default\">\n\t\t\t\t<div class=\"elementor-widget-container\">\n\t\t\t\t\t\t\t<h4>POSTUP K P\u0158IJ\u00cdM\u00c1N\u00cd \u017d\u00c1K\u016e:<\/h4><ol><li>Pod\u00e1n\u00ed p\u0159edb\u011b\u017en\u00e9 p\u0159ihl\u00e1\u0161ky (elektronicky na adresu vedouc\u00edho CZU\u0160, osobn\u011b na sekretari\u00e1ty na\u0161ich \u0161kol)<\/li><li>Vedouc\u00ed CZU\u0160 potvrd\u00ed p\u0159evzet\u00ed p\u0159ihl\u00e1\u0161ky<\/li><li>Vedouc\u00ed CZU\u0160 po\u0161le odkaz na rezervac\u00ed term\u00ednu p\u0159ij\u00edmac\u00edch talentov\u00fdch zkou\u0161ek (v pr\u016fb\u011bhu kv\u011btna)<\/li><li>Talentov\u00e1 p\u0159ij\u00edmac\u00ed zkou\u0161ka \u2013 kv\u011bten\/ \u010derven do poloviny \u010dervna<\/li><li>Vyd\u00e1n\u00ed rozhodnut\u00ed o p\u0159ijet\u00ed \/ nep\u0159ijet\u00ed \u2013 do konce \u010dervna (rozhoduje se na z\u00e1klad\u011b v\u00fdsledku talentov\u00e9 zkou\u0161ky a kapacity \u0161koly)<\/li><\/ol><p>P\u0159ihl\u00e1\u0161ku pros\u00edm doru\u010dte na sekretari\u00e1t CZ\u0160 \u010di Bigy, nebo ji za\u0161lete elektronicky vedouc\u00edmu CZU\u0160 na adresu <a href=\"mailto:pesek@bigy-cb.cz\"><strong>pesek@bigy-cb.cz<\/strong><\/a>.<\/p><p>Na z\u00e1klad\u011b V\u00e1mi odevzdan\u00e9 p\u0159ihl\u00e1\u0161ky bude Va\u0161e d\u00edt\u011b pozv\u00e1no k p\u0159ij\u00edmac\u00edmu pohovoru, p\u0159i kter\u00e9m prok\u00e1\u017ee pot\u0159ebn\u00e9 hudebn\u00ed p\u0159edpoklady.<\/p>\t\t\t\t\t\t<\/div>\n\t\t\t\t<\/div>\n\t\t\t\t\t<\/div>\n\t\t<\/div>\n\t\t\t\t\t\t\t<\/div>\n\t\t<\/section>\n\t\t\t\t<section class=\"elementor-section elementor-top-section elementor-element elementor-element-87d88bc elementor-section-boxed elementor-section-height-default elementor-section-height-default\" data-id=\"87d88bc\" data-element_type=\"section\">\n\t\t\t\t\t\t<div class=\"elementor-container elementor-column-gap-default\">\n\t\t\t\t\t<div class=\"elementor-column elementor-col-100 elementor-top-column elementor-element elementor-element-83d81eb\" data-id=\"83d81eb\" data-element_type=\"column\">\n\t\t\t<div class=\"elementor-widget-wrap elementor-element-populated\">\n\t\t\t\t\t\t\t\t<div class=\"elementor-element elementor-element-88f8e71 elementor-widget elementor-widget-button\" data-id=\"88f8e71\" data-element_type=\"widget\" data-widget_type=\"button.default\">\n\t\t\t\t<div class=\"elementor-widget-container\">\n\t\t\t\t\t<div class=\"elementor-button-wrapper\">\n\t\t\t<a href=\"https:\/\/bigycb.cz\/zus\/wp-content\/uploads\/predbezna_prihlaska_CZUS_hud_obor_2026-2027.pdf\" target=\"_blank\" class=\"elementor-button-link elementor-button elementor-size-sm elementor-animation-shrink\" role=\"button\">\n\t\t\t\t\t\t<span class=\"elementor-button-content-wrapper\">\n\t\t\t\t\t\t<span class=\"elementor-button-icon elementor-align-icon-left\">\n\t\t\t\t<i aria-hidden=\"true\" class=\"far fa-file-pdf\"><\/i>\t\t\t<\/span>\n\t\t\t\t\t\t<span class=\"elementor-button-text\">P\u0159ihl\u00e1\u0161ka ke sta\u017een\u00ed (PDF)<\/span>\n\t\t<\/span>\n\t\t\t\t\t<\/a>\n\t\t<\/div>\n\t\t\t\t<\/div>\n\t\t\t\t<\/div>\n\t\t\t\t\t<\/div>\n\t\t<\/div>\n\t\t\t\t\t\t\t<\/div>\n\t\t<\/section>\n\t\t\t\t<section class=\"elementor-section elementor-top-section elementor-element elementor-element-e4b864c elementor-section-boxed elementor-section-height-default elementor-section-height-default\" data-id=\"e4b864c\" data-element_type=\"section\">\n\t\t\t\t\t\t<div class=\"elementor-container elementor-column-gap-default\">\n\t\t\t\t\t<div class=\"elementor-column elementor-col-100 elementor-top-column elementor-element elementor-element-ef0343a\" data-id=\"ef0343a\" data-element_type=\"column\">\n\t\t\t<div class=\"elementor-widget-wrap elementor-element-populated\">\n\t\t\t\t\t\t\t\t<div class=\"elementor-element elementor-element-f0838ef elementor-widget elementor-widget-spacer\" data-id=\"f0838ef\" data-element_type=\"widget\" data-widget_type=\"spacer.default\">\n\t\t\t\t<div class=\"elementor-widget-container\">\n\t\t\t\t\t<div class=\"elementor-spacer\">\n\t\t\t<div class=\"elementor-spacer-inner\"><\/div>\n\t\t<\/div>\n\t\t\t\t<\/div>\n\t\t\t\t<\/div>\n\t\t\t\t\t<\/div>\n\t\t<\/div>\n\t\t\t\t\t\t\t<\/div>\n\t\t<\/section>\n\t\t\t\t\t\t<\/div>\n\t\t\t\t\t<\/div>\n\t\t","protected":false},"excerpt":{"rendered":"<p>P\u0159ihl\u00e1\u0161ka ke studiu POSTUP K P\u0158IJ\u00cdM\u00c1N\u00cd \u017d\u00c1K\u016e: Pod\u00e1n\u00ed p\u0159edb\u011b\u017en\u00e9 p\u0159ihl\u00e1\u0161ky (elektronicky na adresu vedouc\u00edho CZU\u0160, osobn\u011b na sekretari\u00e1ty na\u0161ich \u0161kol) Vedouc\u00ed CZU\u0160 potvrd\u00ed p\u0159evzet\u00ed p\u0159ihl\u00e1\u0161ky Vedouc\u00ed CZU\u0160 po\u0161le odkaz na rezervac\u00ed term\u00ednu p\u0159ij\u00edmac\u00edch talentov\u00fdch zkou\u0161ek (v pr\u016fb\u011bhu kv\u011btna) Talentov\u00e1 p\u0159ij\u00edmac\u00ed zkou\u0161ka \u2013 kv\u011bten\/ \u010derven do poloviny \u010dervna Vyd\u00e1n\u00ed rozhodnut\u00ed o p\u0159ijet\u00ed \/ nep\u0159ijet\u00ed \u2013 do<br \/><a class=\"moretag\" href=\"https:\/\/bigycb.cz\/zus\/prihlasky\/\">+ Read More<\/a><\/p>\n","protected":false},"author":1,"featured_media":0,"parent":0,"menu_order":0,"comment_status":"closed","ping_status":"closed","template":"templates\/page-builder.php","meta":{"footnotes":""},"class_list":["post-972","page","type-page","status-publish","hentry"],"_links":{"self":[{"href":"https:\/\/bigycb.cz\/zus\/wp-json\/wp\/v2\/pages\/972","targetHints":{"allow":["GET"]}}],"collection":[{"href":"https:\/\/bigycb.cz\/zus\/wp-json\/wp\/v2\/pages"}],"about":[{"href":"https:\/\/bigycb.cz\/zus\/wp-json\/wp\/v2\/types\/page"}],"author":[{"embeddable":true,"href":"https:\/\/bigycb.cz\/zus\/wp-json\/wp\/v2\/users\/1"}],"replies":[{"embeddable":true,"href":"https:\/\/bigycb.cz\/zus\/wp-json\/wp\/v2\/comments?post=972"}],"version-history":[{"count":51,"href":"https:\/\/bigycb.cz\/zus\/wp-json\/wp\/v2\/pages\/972\/revisions"}],"predecessor-version":[{"id":1291,"href":"https:\/\/bigycb.cz\/zus\/wp-json\/wp\/v2\/pages\/972\/revisions\/1291"}],"wp:attachment":[{"href":"https:\/\/bigycb.cz\/zus\/wp-json\/wp\/v2\/media?parent=972"}],"curies":[{"name":"wp","href":"https:\/\/api.w.org\/{rel}","templated":true}]}}