{"id":1220,"date":"2026-03-31T17:37:16","date_gmt":"2026-03-31T15:37:16","guid":{"rendered":"https:\/\/bigycb.cz\/zus\/?page_id=1220"},"modified":"2026-03-31T17:46:16","modified_gmt":"2026-03-31T15:46:16","slug":"lektori","status":"publish","type":"page","link":"https:\/\/bigycb.cz\/zus\/lektori\/","title":{"rendered":"Lekto\u0159i"},"content":{"rendered":"\t\t<div data-elementor-type=\"wp-page\" data-elementor-id=\"1220\" class=\"elementor elementor-1220\" data-elementor-settings=\"[]\">\n\t\t\t\t\t\t\t<div class=\"elementor-section-wrap\">\n\t\t\t\t\t\t\t<section class=\"elementor-section elementor-top-section elementor-element elementor-element-f9fe013 elementor-section-boxed elementor-section-height-default elementor-section-height-default\" data-id=\"f9fe013\" data-element_type=\"section\">\n\t\t\t\t\t\t<div class=\"elementor-container elementor-column-gap-default\">\n\t\t\t\t\t<div class=\"elementor-column elementor-col-100 elementor-top-column elementor-element elementor-element-bb53c11\" data-id=\"bb53c11\" data-element_type=\"column\">\n\t\t\t<div class=\"elementor-widget-wrap elementor-element-populated\">\n\t\t\t\t\t\t\t\t<div class=\"elementor-element elementor-element-75d83d5 elementor-widget elementor-widget-spacer\" data-id=\"75d83d5\" data-element_type=\"widget\" data-widget_type=\"spacer.default\">\n\t\t\t\t<div class=\"elementor-widget-container\">\n\t\t\t\t\t<div class=\"elementor-spacer\">\n\t\t\t<div class=\"elementor-spacer-inner\"><\/div>\n\t\t<\/div>\n\t\t\t\t<\/div>\n\t\t\t\t<\/div>\n\t\t\t\t\t<\/div>\n\t\t<\/div>\n\t\t\t\t\t\t\t<\/div>\n\t\t<\/section>\n\t\t\t\t<section class=\"elementor-section elementor-top-section elementor-element elementor-element-04f9a25 elementor-section-boxed elementor-section-height-default elementor-section-height-default\" data-id=\"04f9a25\" data-element_type=\"section\">\n\t\t\t\t\t\t<div class=\"elementor-container elementor-column-gap-default\">\n\t\t\t\t\t<div class=\"elementor-column elementor-col-100 elementor-top-column elementor-element elementor-element-35e2723\" data-id=\"35e2723\" data-element_type=\"column\">\n\t\t\t<div class=\"elementor-widget-wrap elementor-element-populated\">\n\t\t\t\t\t\t\t\t<div class=\"elementor-element elementor-element-a202eef elementor-widget elementor-widget-heading\" data-id=\"a202eef\" data-element_type=\"widget\" data-widget_type=\"heading.default\">\n\t\t\t\t<div class=\"elementor-widget-container\">\n\t\t\t<h2 class=\"elementor-heading-title elementor-size-default\">Na\u0161i lekto\u0159i<\/h2>\t\t<\/div>\n\t\t\t\t<\/div>\n\t\t\t\t\t<\/div>\n\t\t<\/div>\n\t\t\t\t\t\t\t<\/div>\n\t\t<\/section>\n\t\t\t\t<section class=\"elementor-section elementor-top-section elementor-element elementor-element-29f75fb elementor-section-boxed elementor-section-height-default elementor-section-height-default\" data-id=\"29f75fb\" data-element_type=\"section\" data-settings=\"{&quot;background_background&quot;:&quot;classic&quot;}\">\n\t\t\t\t\t\t<div class=\"elementor-container elementor-column-gap-default\">\n\t\t\t\t\t<div class=\"elementor-column elementor-col-50 elementor-top-column elementor-element elementor-element-0f8cb83\" data-id=\"0f8cb83\" data-element_type=\"column\">\n\t\t\t<div class=\"elementor-widget-wrap elementor-element-populated\">\n\t\t\t\t\t\t\t\t<div class=\"elementor-element elementor-element-d152a06 elementor-position-left elementor-vertical-align-top elementor-widget elementor-widget-image-box\" data-id=\"d152a06\" data-element_type=\"widget\" data-widget_type=\"image-box.default\">\n\t\t\t\t<div class=\"elementor-widget-container\">\n\t\t\t<div class=\"elementor-image-box-wrapper\"><figure class=\"elementor-image-box-img\"><img loading=\"lazy\" decoding=\"async\" width=\"95\" height=\"120\" src=\"https:\/\/bigycb.cz\/zus\/wp-content\/uploads\/avatar_m.png\" class=\"attachment-full size-full\" alt=\"\" \/><\/figure><div class=\"elementor-image-box-content\"><h3 class=\"elementor-image-box-title\">Mgr. Petr Pe\u0161ek<\/h3><p class=\"elementor-image-box-description\">vedouc\u00ed CZU\u0160, housle, hudebn\u00ed nauka, kolektivn\u00ed interpretace \u2013 Musica vivificans \u2013 orch., Alleluia<br><br><b>pesek@bigy-cb.cz<\/b><\/p><\/div><\/div>\t\t<\/div>\n\t\t\t\t<\/div>\n\t\t\t\t<div class=\"elementor-element elementor-element-3d709af elementor-position-left elementor-vertical-align-top elementor-widget elementor-widget-image-box\" data-id=\"3d709af\" data-element_type=\"widget\" data-widget_type=\"image-box.default\">\n\t\t\t\t<div class=\"elementor-widget-container\">\n\t\t\t<div class=\"elementor-image-box-wrapper\"><figure class=\"elementor-image-box-img\"><img loading=\"lazy\" decoding=\"async\" width=\"95\" height=\"120\" src=\"https:\/\/bigycb.cz\/zus\/wp-content\/uploads\/avatar_m.png\" class=\"attachment-full size-full\" alt=\"\" \/><\/figure><div class=\"elementor-image-box-content\"><h3 class=\"elementor-image-box-title\">Jozef Cibula, DiS.<\/h3><p class=\"elementor-image-box-description\">zobcov\u00e1 a p\u0159\u00ed\u010dn\u00e1 fl\u00e9tna<br><br><b>cibula@bigy-cb.cz<\/b><\/p><\/div><\/div>\t\t<\/div>\n\t\t\t\t<\/div>\n\t\t\t\t<div class=\"elementor-element elementor-element-1435a3b elementor-position-left elementor-vertical-align-top elementor-widget elementor-widget-image-box\" data-id=\"1435a3b\" data-element_type=\"widget\" data-widget_type=\"image-box.default\">\n\t\t\t\t<div class=\"elementor-widget-container\">\n\t\t\t<div class=\"elementor-image-box-wrapper\"><figure class=\"elementor-image-box-img\"><img loading=\"lazy\" decoding=\"async\" width=\"95\" height=\"120\" src=\"https:\/\/bigycb.cz\/zus\/wp-content\/uploads\/avatar_m.png\" class=\"attachment-full size-full\" alt=\"\" \/><\/figure><div class=\"elementor-image-box-content\"><h3 class=\"elementor-image-box-title\">Arno\u0161t Dosko\u010dil, DiS. et DiS. <\/h3><p class=\"elementor-image-box-description\">zobcov\u00e1 fl\u00e9tna, klarinet, saxofon<br><br><b>doskocil@bigy-cb.cz<\/b><\/p><\/div><\/div>\t\t<\/div>\n\t\t\t\t<\/div>\n\t\t\t\t<div class=\"elementor-element elementor-element-66b3971 elementor-position-left elementor-vertical-align-top elementor-widget elementor-widget-image-box\" data-id=\"66b3971\" data-element_type=\"widget\" data-widget_type=\"image-box.default\">\n\t\t\t\t<div class=\"elementor-widget-container\">\n\t\t\t<div class=\"elementor-image-box-wrapper\"><figure class=\"elementor-image-box-img\"><img loading=\"lazy\" decoding=\"async\" width=\"96\" height=\"120\" src=\"https:\/\/bigycb.cz\/zus\/wp-content\/uploads\/avatar_f.png\" class=\"attachment-full size-full\" alt=\"\" \/><\/figure><div class=\"elementor-image-box-content\"><h3 class=\"elementor-image-box-title\">Michaela Dvo\u0159\u00e1kov\u00e1, DiS.<\/h3><p class=\"elementor-image-box-description\">kytara<br><br><b>dvorakova@bigy-cb.cz<\/b><\/p><\/div><\/div>\t\t<\/div>\n\t\t\t\t<\/div>\n\t\t\t\t<div class=\"elementor-element elementor-element-9af0d78 elementor-position-left elementor-vertical-align-top elementor-widget elementor-widget-image-box\" data-id=\"9af0d78\" data-element_type=\"widget\" data-widget_type=\"image-box.default\">\n\t\t\t\t<div class=\"elementor-widget-container\">\n\t\t\t<div class=\"elementor-image-box-wrapper\"><figure class=\"elementor-image-box-img\"><img loading=\"lazy\" decoding=\"async\" width=\"95\" height=\"120\" src=\"https:\/\/bigycb.cz\/zus\/wp-content\/uploads\/avatar_m.png\" class=\"attachment-full size-full\" alt=\"\" \/><\/figure><div class=\"elementor-image-box-content\"><h3 class=\"elementor-image-box-title\">Daniel Holar, Dis.<\/h3><p class=\"elementor-image-box-description\">kytara<br><br><b>holar@bigy-cb.cz<\/b><\/p><\/div><\/div>\t\t<\/div>\n\t\t\t\t<\/div>\n\t\t\t\t<div class=\"elementor-element elementor-element-acdf9af elementor-position-left elementor-vertical-align-top elementor-widget elementor-widget-image-box\" data-id=\"acdf9af\" data-element_type=\"widget\" data-widget_type=\"image-box.default\">\n\t\t\t\t<div class=\"elementor-widget-container\">\n\t\t\t<div class=\"elementor-image-box-wrapper\"><figure class=\"elementor-image-box-img\"><img loading=\"lazy\" decoding=\"async\" width=\"96\" height=\"120\" src=\"https:\/\/bigycb.cz\/zus\/wp-content\/uploads\/avatar_f.png\" class=\"attachment-full size-full\" alt=\"\" \/><\/figure><div class=\"elementor-image-box-content\"><h3 class=\"elementor-image-box-title\">Bc. Andrea Kadlec Benedov\u00e1<\/h3><p class=\"elementor-image-box-description\">klav\u00edr<br><br><b>benedova@bigy-cb.cz<\/b><\/p><\/div><\/div>\t\t<\/div>\n\t\t\t\t<\/div>\n\t\t\t\t<div class=\"elementor-element elementor-element-1d7105d elementor-position-left elementor-vertical-align-top elementor-widget elementor-widget-image-box\" data-id=\"1d7105d\" data-element_type=\"widget\" data-widget_type=\"image-box.default\">\n\t\t\t\t<div class=\"elementor-widget-container\">\n\t\t\t<div class=\"elementor-image-box-wrapper\"><figure class=\"elementor-image-box-img\"><img loading=\"lazy\" decoding=\"async\" width=\"96\" height=\"120\" src=\"https:\/\/bigycb.cz\/zus\/wp-content\/uploads\/avatar_f.png\" class=\"attachment-full size-full\" alt=\"\" \/><\/figure><div class=\"elementor-image-box-content\"><h3 class=\"elementor-image-box-title\">Mgr. Magdalena K\u016fzlov\u00e1 <\/h3><p class=\"elementor-image-box-description\">kytara<br><br><b>kuzlova@bigy-cb.cz<\/b><\/p><\/div><\/div>\t\t<\/div>\n\t\t\t\t<\/div>\n\t\t\t\t<div class=\"elementor-element elementor-element-f76c4cf elementor-position-left elementor-vertical-align-top elementor-widget elementor-widget-image-box\" data-id=\"f76c4cf\" data-element_type=\"widget\" data-widget_type=\"image-box.default\">\n\t\t\t\t<div class=\"elementor-widget-container\">\n\t\t\t<div class=\"elementor-image-box-wrapper\"><figure class=\"elementor-image-box-img\"><img loading=\"lazy\" decoding=\"async\" width=\"96\" height=\"120\" src=\"https:\/\/bigycb.cz\/zus\/wp-content\/uploads\/avatar_f.png\" class=\"attachment-full size-full\" alt=\"\" \/><\/figure><div class=\"elementor-image-box-content\"><h3 class=\"elementor-image-box-title\">MgA. Jana Mat\u011bjkov\u00e1 <\/h3><p class=\"elementor-image-box-description\">violoncello<br><br><b>matejkova@bigy-cb.cz<\/b><\/p><\/div><\/div>\t\t<\/div>\n\t\t\t\t<\/div>\n\t\t\t\t\t<\/div>\n\t\t<\/div>\n\t\t\t\t<div class=\"elementor-column elementor-col-50 elementor-top-column elementor-element elementor-element-becb963\" data-id=\"becb963\" data-element_type=\"column\">\n\t\t\t<div class=\"elementor-widget-wrap elementor-element-populated\">\n\t\t\t\t\t\t\t\t<div class=\"elementor-element elementor-element-d9c3a5a elementor-position-left elementor-vertical-align-top elementor-widget elementor-widget-image-box\" data-id=\"d9c3a5a\" data-element_type=\"widget\" data-widget_type=\"image-box.default\">\n\t\t\t\t<div class=\"elementor-widget-container\">\n\t\t\t<div class=\"elementor-image-box-wrapper\"><figure class=\"elementor-image-box-img\"><img loading=\"lazy\" decoding=\"async\" width=\"96\" height=\"120\" src=\"https:\/\/bigycb.cz\/zus\/wp-content\/uploads\/avatar_f.png\" class=\"attachment-full size-full\" alt=\"\" \/><\/figure><div class=\"elementor-image-box-content\"><h3 class=\"elementor-image-box-title\">Marie Meclov\u00e1<\/h3><p class=\"elementor-image-box-description\">zobcov\u00e1 a p\u0159\u00ed\u010dn\u00e1 fl\u00e9tna<br><br><b>meclova@bigy-cb.cz<\/b><\/p><\/div><\/div>\t\t<\/div>\n\t\t\t\t<\/div>\n\t\t\t\t<div class=\"elementor-element elementor-element-3b827c3 elementor-position-left elementor-vertical-align-top elementor-widget elementor-widget-image-box\" data-id=\"3b827c3\" data-element_type=\"widget\" data-widget_type=\"image-box.default\">\n\t\t\t\t<div class=\"elementor-widget-container\">\n\t\t\t<div class=\"elementor-image-box-wrapper\"><figure class=\"elementor-image-box-img\"><img loading=\"lazy\" decoding=\"async\" width=\"96\" height=\"120\" src=\"https:\/\/bigycb.cz\/zus\/wp-content\/uploads\/avatar_f.png\" class=\"attachment-full size-full\" alt=\"\" \/><\/figure><div class=\"elementor-image-box-content\"><h3 class=\"elementor-image-box-title\">Mgr. Andrea Pa\u0165ha<\/h3><p class=\"elementor-image-box-description\">hudebn\u00ed nauka<br><br><b>patha@bigy-cb.cz<\/b><\/p><\/div><\/div>\t\t<\/div>\n\t\t\t\t<\/div>\n\t\t\t\t<div class=\"elementor-element elementor-element-28397b8 elementor-position-left elementor-vertical-align-top elementor-widget elementor-widget-image-box\" data-id=\"28397b8\" data-element_type=\"widget\" data-widget_type=\"image-box.default\">\n\t\t\t\t<div class=\"elementor-widget-container\">\n\t\t\t<div class=\"elementor-image-box-wrapper\"><figure class=\"elementor-image-box-img\"><img loading=\"lazy\" decoding=\"async\" width=\"96\" height=\"120\" src=\"https:\/\/bigycb.cz\/zus\/wp-content\/uploads\/kontakty_jape.png\" class=\"attachment-full size-full\" alt=\"\" \/><\/figure><div class=\"elementor-image-box-content\"><h3 class=\"elementor-image-box-title\">Mgr. Jana Pe\u0161kov\u00e1, dipl.um.,DiS.<\/h3><p class=\"elementor-image-box-description\">klav\u00edr, varhany, kolektivn\u00ed interpretace \u2013 Musica vivificans \u2013 orch. Alleluia<br><br><b>peskova@bigy-cb.cz<\/b><\/p><\/div><\/div>\t\t<\/div>\n\t\t\t\t<\/div>\n\t\t\t\t<div class=\"elementor-element elementor-element-98c6f9a elementor-position-left elementor-vertical-align-top elementor-widget elementor-widget-image-box\" data-id=\"98c6f9a\" data-element_type=\"widget\" data-widget_type=\"image-box.default\">\n\t\t\t\t<div class=\"elementor-widget-container\">\n\t\t\t<div class=\"elementor-image-box-wrapper\"><figure class=\"elementor-image-box-img\"><img loading=\"lazy\" decoding=\"async\" width=\"96\" height=\"120\" src=\"https:\/\/bigycb.cz\/zus\/wp-content\/uploads\/kontakty_lesc.png\" class=\"attachment-full size-full\" alt=\"\" \/><\/figure><div class=\"elementor-image-box-content\"><h3 class=\"elementor-image-box-title\">Leo Schwarz, DiS.<\/h3><p class=\"elementor-image-box-description\">klav\u00edr<br><br><b>schwarz@bigy-cb.cz<\/b><\/p><\/div><\/div>\t\t<\/div>\n\t\t\t\t<\/div>\n\t\t\t\t<div class=\"elementor-element elementor-element-02d7913 elementor-position-left elementor-vertical-align-top elementor-widget elementor-widget-image-box\" data-id=\"02d7913\" data-element_type=\"widget\" data-widget_type=\"image-box.default\">\n\t\t\t\t<div class=\"elementor-widget-container\">\n\t\t\t<div class=\"elementor-image-box-wrapper\"><figure class=\"elementor-image-box-img\"><img loading=\"lazy\" decoding=\"async\" width=\"96\" height=\"120\" src=\"https:\/\/bigycb.cz\/zus\/wp-content\/uploads\/avatar_f.png\" class=\"attachment-full size-full\" alt=\"\" \/><\/figure><div class=\"elementor-image-box-content\"><h3 class=\"elementor-image-box-title\">Mgr. Ivana \u0160mardov\u00e1, DiS.<\/h3><p class=\"elementor-image-box-description\">s\u00f3lov\u00fd zp\u011bv, kolektivn\u00ed interpretace \u2013 Cantus vivificans \u2013 sbor<br><br><b>vacuskova@bigy-cb.cz<\/b><\/p><\/div><\/div>\t\t<\/div>\n\t\t\t\t<\/div>\n\t\t\t\t<div class=\"elementor-element elementor-element-6d27140 elementor-position-left elementor-vertical-align-top elementor-widget elementor-widget-image-box\" data-id=\"6d27140\" data-element_type=\"widget\" data-widget_type=\"image-box.default\">\n\t\t\t\t<div class=\"elementor-widget-container\">\n\t\t\t<div class=\"elementor-image-box-wrapper\"><figure class=\"elementor-image-box-img\"><img loading=\"lazy\" decoding=\"async\" width=\"95\" height=\"120\" src=\"https:\/\/bigycb.cz\/zus\/wp-content\/uploads\/avatar_m.png\" class=\"attachment-full size-full\" alt=\"\" \/><\/figure><div class=\"elementor-image-box-content\"><h3 class=\"elementor-image-box-title\">Mgr. Lucie Tomandlov\u00e1 <\/h3><p class=\"elementor-image-box-description\">klav\u00edr, kolektivn\u00ed interpretace \u2013 Cantus vivificans \u2013 sbor<br><br><b>tomandlova@bigy-cb.cz<\/b><\/p><\/div><\/div>\t\t<\/div>\n\t\t\t\t<\/div>\n\t\t\t\t<div class=\"elementor-element elementor-element-0217f30 elementor-position-left elementor-vertical-align-top elementor-widget elementor-widget-image-box\" data-id=\"0217f30\" data-element_type=\"widget\" data-widget_type=\"image-box.default\">\n\t\t\t\t<div class=\"elementor-widget-container\">\n\t\t\t<div class=\"elementor-image-box-wrapper\"><figure class=\"elementor-image-box-img\"><img loading=\"lazy\" decoding=\"async\" width=\"95\" height=\"120\" src=\"https:\/\/bigycb.cz\/zus\/wp-content\/uploads\/avatar_m.png\" class=\"attachment-full size-full\" alt=\"\" \/><\/figure><div class=\"elementor-image-box-content\"><h3 class=\"elementor-image-box-title\">Hana Uka\u0161\u00edkov\u00e1 <\/h3><p class=\"elementor-image-box-description\">klav\u00edr<br><br><b>ukasikova@bigy-cb.cz<\/b><\/p><\/div><\/div>\t\t<\/div>\n\t\t\t\t<\/div>\n\t\t\t\t<div class=\"elementor-element elementor-element-6bf37fd elementor-position-left elementor-vertical-align-top elementor-widget elementor-widget-image-box\" data-id=\"6bf37fd\" data-element_type=\"widget\" data-widget_type=\"image-box.default\">\n\t\t\t\t<div class=\"elementor-widget-container\">\n\t\t\t<div class=\"elementor-image-box-wrapper\"><figure class=\"elementor-image-box-img\"><img loading=\"lazy\" decoding=\"async\" width=\"96\" height=\"120\" src=\"https:\/\/bigycb.cz\/zus\/wp-content\/uploads\/avatar_f.png\" class=\"attachment-full size-full\" alt=\"\" \/><\/figure><div class=\"elementor-image-box-content\"><h3 class=\"elementor-image-box-title\">Bc. Simona Vacu\u0161kov\u00e1<\/h3><p class=\"elementor-image-box-description\">zobcov\u00e1 fl\u00e9tna<br><br><b>vacuskova@bigy-cb.cz<\/b><\/p><\/div><\/div>\t\t<\/div>\n\t\t\t\t<\/div>\n\t\t\t\t\t<\/div>\n\t\t<\/div>\n\t\t\t\t\t\t\t<\/div>\n\t\t<\/section>\n\t\t\t\t\t\t<\/div>\n\t\t\t\t\t<\/div>\n\t\t","protected":false},"excerpt":{"rendered":"<p>Na\u0161i lekto\u0159i Mgr. Petr Pe\u0161ek vedouc\u00ed CZU\u0160, housle, hudebn\u00ed nauka, kolektivn\u00ed interpretace \u2013 Musica vivificans \u2013 orch., Alleluia pesek@bigy-cb.cz Jozef Cibula, DiS. zobcov\u00e1 a p\u0159\u00ed\u010dn\u00e1 fl\u00e9tna cibula@bigy-cb.cz Arno\u0161t Dosko\u010dil, DiS. et DiS. zobcov\u00e1 fl\u00e9tna, klarinet, saxofon doskocil@bigy-cb.cz Michaela Dvo\u0159\u00e1kov\u00e1, DiS. kytara dvorakova@bigy-cb.cz Daniel Holar, Dis. kytara holar@bigy-cb.cz Bc. Andrea Kadlec Benedov\u00e1 klav\u00edr benedova@bigy-cb.cz Mgr. Magdalena<br \/><a class=\"moretag\" href=\"https:\/\/bigycb.cz\/zus\/lektori\/\">+ Read More<\/a><\/p>\n","protected":false},"author":1,"featured_media":0,"parent":0,"menu_order":0,"comment_status":"closed","ping_status":"closed","template":"templates\/page-builder.php","meta":{"footnotes":""},"class_list":["post-1220","page","type-page","status-publish","hentry"],"_links":{"self":[{"href":"https:\/\/bigycb.cz\/zus\/wp-json\/wp\/v2\/pages\/1220","targetHints":{"allow":["GET"]}}],"collection":[{"href":"https:\/\/bigycb.cz\/zus\/wp-json\/wp\/v2\/pages"}],"about":[{"href":"https:\/\/bigycb.cz\/zus\/wp-json\/wp\/v2\/types\/page"}],"author":[{"embeddable":true,"href":"https:\/\/bigycb.cz\/zus\/wp-json\/wp\/v2\/users\/1"}],"replies":[{"embeddable":true,"href":"https:\/\/bigycb.cz\/zus\/wp-json\/wp\/v2\/comments?post=1220"}],"version-history":[{"count":13,"href":"https:\/\/bigycb.cz\/zus\/wp-json\/wp\/v2\/pages\/1220\/revisions"}],"predecessor-version":[{"id":1237,"href":"https:\/\/bigycb.cz\/zus\/wp-json\/wp\/v2\/pages\/1220\/revisions\/1237"}],"wp:attachment":[{"href":"https:\/\/bigycb.cz\/zus\/wp-json\/wp\/v2\/media?parent=1220"}],"curies":[{"name":"wp","href":"https:\/\/api.w.org\/{rel}","templated":true}]}}