{"id":921,"date":"2022-08-14T17:41:29","date_gmt":"2022-08-14T15:41:29","guid":{"rendered":"https:\/\/bigycb.cz\/czs\/?page_id=921"},"modified":"2025-12-03T16:02:01","modified_gmt":"2025-12-03T15:02:01","slug":"zajmova-cinnost","status":"publish","type":"page","link":"https:\/\/bigycb.cz\/czs\/zajmova-cinnost\/","title":{"rendered":"\u0160koln\u00ed klub"},"content":{"rendered":"\t\t<div data-elementor-type=\"wp-page\" data-elementor-id=\"921\" class=\"elementor elementor-921\" data-elementor-post-type=\"page\">\n\t\t\t\t\t\t<section class=\"elementor-section elementor-top-section elementor-element elementor-element-d7ebfee elementor-section-boxed elementor-section-height-default elementor-section-height-default\" data-id=\"d7ebfee\" data-element_type=\"section\" data-e-type=\"section\">\n\t\t\t\t\t\t<div class=\"elementor-container elementor-column-gap-default\">\n\t\t\t\t\t<div class=\"elementor-column elementor-col-100 elementor-top-column elementor-element elementor-element-94d3e5d\" data-id=\"94d3e5d\" data-element_type=\"column\" data-e-type=\"column\">\n\t\t\t<div class=\"elementor-widget-wrap elementor-element-populated\">\n\t\t\t\t\t\t<div class=\"elementor-element elementor-element-0153e68 elementor-widget elementor-widget-heading\" data-id=\"0153e68\" data-element_type=\"widget\" data-e-type=\"widget\" data-widget_type=\"heading.default\">\n\t\t\t\t<div class=\"elementor-widget-container\">\n\t\t\t\t\t<h5 class=\"elementor-heading-title elementor-size-default\">P\u0159ehled krou\u017ek\u016f a&nbsp;z\u00e1jmov\u00e9 \u010dinnosti :<\/h5>\t\t\t\t<\/div>\n\t\t\t\t<\/div>\n\t\t\t\t\t<\/div>\n\t\t<\/div>\n\t\t\t\t\t<\/div>\n\t\t<\/section>\n\t\t\t\t<section class=\"elementor-section elementor-top-section elementor-element elementor-element-fc475d8 elementor-section-boxed elementor-section-height-default elementor-section-height-default\" data-id=\"fc475d8\" data-element_type=\"section\" data-e-type=\"section\">\n\t\t\t\t\t\t<div class=\"elementor-container elementor-column-gap-default\">\n\t\t\t\t\t<div class=\"elementor-column elementor-col-100 elementor-top-column elementor-element elementor-element-0fa1339\" data-id=\"0fa1339\" data-element_type=\"column\" data-e-type=\"column\">\n\t\t\t<div class=\"elementor-widget-wrap elementor-element-populated\">\n\t\t\t\t\t\t<div class=\"elementor-element elementor-element-5503d30 elementor-widget elementor-widget-text-editor\" data-id=\"5503d30\" data-element_type=\"widget\" data-e-type=\"widget\" data-widget_type=\"text-editor.default\">\n\t\t\t\t<div class=\"elementor-widget-container\">\n\t\t\t\t\t\t\t\t\t<p>\u0160kola nab\u00edz\u00ed pro sv\u00e9 \u017e\u00e1ky rozmanit\u00e9 krou\u017eky. Vstup do \u0161koln\u00edho klubu je zpoplatn\u011bn \u010d\u00e1stkou 300&nbsp;K\u010d za pololet\u00ed.<\/p>\t\t\t\t\t\t\t\t<\/div>\n\t\t\t\t<\/div>\n\t\t\t\t<div class=\"elementor-element elementor-element-3865974 elementor-widget elementor-widget-spacer\" data-id=\"3865974\" data-element_type=\"widget\" data-e-type=\"widget\" data-widget_type=\"spacer.default\">\n\t\t\t\t<div class=\"elementor-widget-container\">\n\t\t\t\t\t\t\t<div class=\"elementor-spacer\">\n\t\t\t<div class=\"elementor-spacer-inner\"><\/div>\n\t\t<\/div>\n\t\t\t\t\t\t<\/div>\n\t\t\t\t<\/div>\n\t\t\t\t\t<\/div>\n\t\t<\/div>\n\t\t\t\t\t<\/div>\n\t\t<\/section>\n\t\t\t\t<section class=\"elementor-section elementor-top-section elementor-element elementor-element-aecfd49 elementor-section-boxed elementor-section-height-default elementor-section-height-default\" data-id=\"aecfd49\" data-element_type=\"section\" data-e-type=\"section\">\n\t\t\t\t\t\t<div class=\"elementor-container elementor-column-gap-default\">\n\t\t\t\t\t<div class=\"elementor-column elementor-col-100 elementor-top-column elementor-element elementor-element-d4bf5a0\" data-id=\"d4bf5a0\" data-element_type=\"column\" data-e-type=\"column\">\n\t\t\t<div class=\"elementor-widget-wrap elementor-element-populated\">\n\t\t\t\t\t\t<div class=\"elementor-element elementor-element-7b4d087 elementor-view-stacked elementor-shape-square elementor-position-inline-start elementor-mobile-position-block-start elementor-widget elementor-widget-icon-box\" data-id=\"7b4d087\" data-element_type=\"widget\" data-e-type=\"widget\" data-widget_type=\"icon-box.default\">\n\t\t\t\t<div class=\"elementor-widget-container\">\n\t\t\t\t\t\t\t<div class=\"elementor-icon-box-wrapper\">\n\n\t\t\t\t\t\t<div class=\"elementor-icon-box-icon\">\n\t\t\t\t<a href=\"https:\/\/bigycb.cz\/czs\/wp-content\/uploads\/2025\/12\/Krouzek-2025-2026b.pdf\" target=\"_blank\" class=\"elementor-icon\" tabindex=\"-1\" aria-label=\"Krou\u017eky \">\n\t\t\t\t<i aria-hidden=\"true\" class=\"far fa-file-pdf\"><\/i>\t\t\t\t<\/a>\n\t\t\t<\/div>\n\t\t\t\n\t\t\t\t\t\t<div class=\"elementor-icon-box-content\">\n\n\t\t\t\t\t\t\t\t\t<h5 class=\"elementor-icon-box-title\">\n\t\t\t\t\t\t<a href=\"https:\/\/bigycb.cz\/czs\/wp-content\/uploads\/2025\/12\/Krouzek-2025-2026b.pdf\" target=\"_blank\" >\n\t\t\t\t\t\t\tKrou\u017eky \t\t\t\t\t\t<\/a>\n\t\t\t\t\t<\/h5>\n\t\t\t\t\n\t\t\t\t\t\t\t\t\t<p class=\"elementor-icon-box-description\">\n\t\t\t\t\t\tP\u0159ehled krou\u017ek\u016f a&nbsp;z\u00e1jmov\u00e9 \u010dinnosti pro \u0161koln\u00ed rok 2025\/2026\t\t\t\t\t<\/p>\n\t\t\t\t\n\t\t\t<\/div>\n\t\t\t\n\t\t<\/div>\n\t\t\t\t\t\t<\/div>\n\t\t\t\t<\/div>\n\t\t\t\t\t<\/div>\n\t\t<\/div>\n\t\t\t\t\t<\/div>\n\t\t<\/section>\n\t\t\t\t<\/div>\n\t\t","protected":false},"excerpt":{"rendered":"<p>P\u0159ehled krou\u017ek\u016f a&nbsp;z\u00e1jmov\u00e9 \u010dinnosti : \u0160kola nab\u00edz\u00ed pro sv\u00e9 \u017e\u00e1ky rozmanit\u00e9 krou\u017eky. Vstup do \u0161koln\u00edho klubu je zpoplatn\u011bn \u010d\u00e1stkou 300&nbsp;K\u010d za pololet\u00ed. Krou\u017eky P\u0159ehled krou\u017ek\u016f a&nbsp;z\u00e1jmov\u00e9 \u010dinnosti pro \u0161koln\u00ed rok<a class=\"more-link\" href=\"https:\/\/bigycb.cz\/czs\/zajmova-cinnost\/\">Continue reading <span class=\"screen-reader-text\">&#8222;\u0160koln\u00ed klub&#8220;<\/span><\/a><\/p>\n","protected":false},"author":1,"featured_media":0,"parent":0,"menu_order":0,"comment_status":"closed","ping_status":"closed","template":"","meta":{"xn-wppe-expiration":[],"xn-wppe-expiration-action":[],"xn-wppe-expiration-prefix":[],"footnotes":""},"class_list":["post-921","page","type-page","status-publish","hentry","entry"],"jetpack_sharing_enabled":true,"_links":{"self":[{"href":"https:\/\/bigycb.cz\/czs\/wp-json\/wp\/v2\/pages\/921","targetHints":{"allow":["GET"]}}],"collection":[{"href":"https:\/\/bigycb.cz\/czs\/wp-json\/wp\/v2\/pages"}],"about":[{"href":"https:\/\/bigycb.cz\/czs\/wp-json\/wp\/v2\/types\/page"}],"author":[{"embeddable":true,"href":"https:\/\/bigycb.cz\/czs\/wp-json\/wp\/v2\/users\/1"}],"replies":[{"embeddable":true,"href":"https:\/\/bigycb.cz\/czs\/wp-json\/wp\/v2\/comments?post=921"}],"version-history":[{"count":35,"href":"https:\/\/bigycb.cz\/czs\/wp-json\/wp\/v2\/pages\/921\/revisions"}],"predecessor-version":[{"id":5278,"href":"https:\/\/bigycb.cz\/czs\/wp-json\/wp\/v2\/pages\/921\/revisions\/5278"}],"wp:attachment":[{"href":"https:\/\/bigycb.cz\/czs\/wp-json\/wp\/v2\/media?parent=921"}],"curies":[{"name":"wp","href":"https:\/\/api.w.org\/{rel}","templated":true}]}}