{"id":372,"date":"2022-06-01T23:32:14","date_gmt":"2022-06-01T21:32:14","guid":{"rendered":"https:\/\/bigycb.cz\/czs\/?page_id=372"},"modified":"2022-11-04T21:01:59","modified_gmt":"2022-11-04T20:01:59","slug":"o-skole","status":"publish","type":"page","link":"https:\/\/bigycb.cz\/czs\/o-skole\/","title":{"rendered":"O \u0161kole"},"content":{"rendered":"\t\t<div data-elementor-type=\"wp-page\" data-elementor-id=\"372\" class=\"elementor elementor-372\" data-elementor-post-type=\"page\">\n\t\t\t\t\t\t<section class=\"elementor-section elementor-top-section elementor-element elementor-element-ad059f3 elementor-section-boxed elementor-section-height-default elementor-section-height-default\" data-id=\"ad059f3\" data-element_type=\"section\" data-e-type=\"section\">\n\t\t\t\t\t\t<div class=\"elementor-container elementor-column-gap-default\">\n\t\t\t\t\t<div class=\"elementor-column elementor-col-100 elementor-top-column elementor-element elementor-element-0edb3dd\" data-id=\"0edb3dd\" data-element_type=\"column\" data-e-type=\"column\">\n\t\t\t<div class=\"elementor-widget-wrap elementor-element-populated\">\n\t\t\t\t\t\t<div class=\"elementor-element elementor-element-e7157a9 elementor-widget elementor-widget-text-editor\" data-id=\"e7157a9\" data-element_type=\"widget\" data-e-type=\"widget\" data-widget_type=\"text-editor.default\">\n\t\t\t\t<div class=\"elementor-widget-container\">\n\t\t\t\t\t\t\t\t\t<p>C\u00edrkevn\u00ed z\u00e1kladn\u00ed \u0161kola (Rudolfovsk\u00e1 23) se nach\u00e1z\u00ed v&nbsp;centru m\u011bsta v&nbsp;dosahu MHD. \u0160kola je pln\u011b organizovan\u00e1, nab\u00edz\u00ed v\u00fduku v&nbsp;prvn\u00edch a\u017e dev\u00e1t\u00fdch t\u0159\u00edd\u00e1ch. Celkov\u00e1 kapacita je 500 \u017e\u00e1k\u016f.<\/p><p>\u00a0<\/p><p><b>V\u00fduka na CZ\u0160<\/b> prob\u00edh\u00e1 podle programu <b>\u0160VP \u0160alamoun<\/b>, \u0161kola se zam\u011b\u0159uje na v\u00fduku t\u0159\u00ed ciz\u00edch jazyk\u016f \u2013 angli\u010dtiny, francouz\u0161tiny a&nbsp;n\u011bm\u010diny.<\/p><p>\u00a0<\/p><p>Angli\u010dtina je vyu\u010dov\u00e1na povinn\u011b od prvn\u00edch t\u0159\u00edd, d\u00e1le maj\u00ed \u017e\u00e1ci na v\u00fdb\u011br bu\u010f studium n\u011bm\u010diny, nebo francouz\u0161tiny od 6.&nbsp;t\u0159\u00edd.<\/p><p>\u00a0<\/p><p>Vedle jazyk\u016f maj\u00ed \u017e\u00e1ci tak\u00e9 na v\u00fdb\u011br mezi v\u00fdukou n\u00e1bo\u017eenstv\u00ed nebo etiky.<\/p><p>\u00a0<\/p><p>\u0160kola disponuje dv\u011bma odborn\u00fdmi u\u010debnami v\u00fdpo\u010detn\u00ed techniky, fyziky, chemie, p\u0159\u00edrodopisu, d\u00edlnami a&nbsp;\u0161koln\u00ed kuchy\u0148kou. \u017d\u00e1ci maj\u00ed k&nbsp;dispozici venkovn\u00ed h\u0159i\u0161t\u011b.<\/p><p>\u00a0<\/p><p>D\u011bti lze p\u0159ihl\u00e1sit do \u0161koln\u00ed dru\u017einy, r\u016fzn\u00fdch z\u00e1jmov\u00fdch krou\u017ek\u016f a&nbsp;ke stravov\u00e1n\u00ed ve \u0161koln\u00ed j\u00eddeln\u011b.<\/p>\t\t\t\t\t\t\t\t<\/div>\n\t\t\t\t<\/div>\n\t\t\t\t<div class=\"elementor-element elementor-element-c30d6e3 elementor-widget elementor-widget-spacer\" data-id=\"c30d6e3\" data-element_type=\"widget\" data-e-type=\"widget\" data-widget_type=\"spacer.default\">\n\t\t\t\t<div class=\"elementor-widget-container\">\n\t\t\t\t\t\t\t<div class=\"elementor-spacer\">\n\t\t\t<div class=\"elementor-spacer-inner\"><\/div>\n\t\t<\/div>\n\t\t\t\t\t\t<\/div>\n\t\t\t\t<\/div>\n\t\t\t\t\t<\/div>\n\t\t<\/div>\n\t\t\t\t\t<\/div>\n\t\t<\/section>\n\t\t\t\t<section class=\"elementor-section elementor-top-section elementor-element elementor-element-e071db0 elementor-section-boxed elementor-section-height-default elementor-section-height-default\" data-id=\"e071db0\" data-element_type=\"section\" data-e-type=\"section\">\n\t\t\t\t\t\t<div class=\"elementor-container elementor-column-gap-default\">\n\t\t\t\t\t<div class=\"elementor-column elementor-col-50 elementor-top-column elementor-element elementor-element-214c2e4\" data-id=\"214c2e4\" data-element_type=\"column\" data-e-type=\"column\">\n\t\t\t<div class=\"elementor-widget-wrap elementor-element-populated\">\n\t\t\t\t\t\t<div class=\"elementor-element elementor-element-4c01124 elementor-widget elementor-widget-image\" data-id=\"4c01124\" data-element_type=\"widget\" data-e-type=\"widget\" data-widget_type=\"image.default\">\n\t\t\t\t<div class=\"elementor-widget-container\">\n\t\t\t\t\t\t\t\t\t\t\t\t\t\t\t<img fetchpriority=\"high\" decoding=\"async\" width=\"500\" height=\"389\" src=\"https:\/\/bigycb.cz\/czs\/wp-content\/uploads\/2022\/09\/skola2.jpg\" class=\"attachment-medium_large size-medium_large wp-image-1107\" alt=\"\" srcset=\"https:\/\/bigycb.cz\/czs\/wp-content\/uploads\/2022\/09\/skola2.jpg 500w, https:\/\/bigycb.cz\/czs\/wp-content\/uploads\/2022\/09\/skola2-300x233.jpg 300w\" sizes=\"(max-width: 500px) 100vw, 500px\" \/>\t\t\t\t\t\t\t\t\t\t\t\t\t\t\t<\/div>\n\t\t\t\t<\/div>\n\t\t\t\t\t<\/div>\n\t\t<\/div>\n\t\t\t\t<div class=\"elementor-column elementor-col-50 elementor-top-column elementor-element elementor-element-5d1d34c\" data-id=\"5d1d34c\" data-element_type=\"column\" data-e-type=\"column\">\n\t\t\t<div class=\"elementor-widget-wrap elementor-element-populated\">\n\t\t\t\t\t\t<div class=\"elementor-element elementor-element-3851ac1 elementor-widget elementor-widget-image\" data-id=\"3851ac1\" data-element_type=\"widget\" data-e-type=\"widget\" data-widget_type=\"image.default\">\n\t\t\t\t<div class=\"elementor-widget-container\">\n\t\t\t\t\t\t\t\t\t\t\t\t\t\t\t<img decoding=\"async\" width=\"500\" height=\"375\" src=\"https:\/\/bigycb.cz\/czs\/wp-content\/uploads\/2022\/09\/skola3.jpg\" class=\"attachment-medium_large size-medium_large wp-image-1106\" alt=\"\" srcset=\"https:\/\/bigycb.cz\/czs\/wp-content\/uploads\/2022\/09\/skola3.jpg 500w, https:\/\/bigycb.cz\/czs\/wp-content\/uploads\/2022\/09\/skola3-300x225.jpg 300w, https:\/\/bigycb.cz\/czs\/wp-content\/uploads\/2022\/09\/elementor\/thumbs\/skola3-pudcgmz3k3di3ndgoimabbfnlrtfx4l8oef015cofs.jpg 400w\" sizes=\"(max-width: 500px) 100vw, 500px\" \/>\t\t\t\t\t\t\t\t\t\t\t\t\t\t\t<\/div>\n\t\t\t\t<\/div>\n\t\t\t\t\t<\/div>\n\t\t<\/div>\n\t\t\t\t\t<\/div>\n\t\t<\/section>\n\t\t\t\t<\/div>\n\t\t","protected":false},"excerpt":{"rendered":"<p>C\u00edrkevn\u00ed z\u00e1kladn\u00ed \u0161kola (Rudolfovsk\u00e1 23) se nach\u00e1z\u00ed v&nbsp;centru m\u011bsta v&nbsp;dosahu MHD. \u0160kola je pln\u011b organizovan\u00e1, nab\u00edz\u00ed v\u00fduku v&nbsp;prvn\u00edch a\u017e dev\u00e1t\u00fdch t\u0159\u00edd\u00e1ch. Celkov\u00e1 kapacita je 500 \u017e\u00e1k\u016f. \u00a0 V\u00fduka na CZ\u0160<a class=\"more-link\" href=\"https:\/\/bigycb.cz\/czs\/o-skole\/\">Continue reading <span class=\"screen-reader-text\">&#8222;O&nbsp;\u0161kole&#8220;<\/span><\/a><\/p>\n","protected":false},"author":1,"featured_media":0,"parent":0,"menu_order":0,"comment_status":"closed","ping_status":"closed","template":"","meta":{"xn-wppe-expiration":[],"xn-wppe-expiration-action":[],"xn-wppe-expiration-prefix":[],"footnotes":""},"class_list":["post-372","page","type-page","status-publish","hentry","entry"],"jetpack_sharing_enabled":true,"_links":{"self":[{"href":"https:\/\/bigycb.cz\/czs\/wp-json\/wp\/v2\/pages\/372","targetHints":{"allow":["GET"]}}],"collection":[{"href":"https:\/\/bigycb.cz\/czs\/wp-json\/wp\/v2\/pages"}],"about":[{"href":"https:\/\/bigycb.cz\/czs\/wp-json\/wp\/v2\/types\/page"}],"author":[{"embeddable":true,"href":"https:\/\/bigycb.cz\/czs\/wp-json\/wp\/v2\/users\/1"}],"replies":[{"embeddable":true,"href":"https:\/\/bigycb.cz\/czs\/wp-json\/wp\/v2\/comments?post=372"}],"version-history":[{"count":10,"href":"https:\/\/bigycb.cz\/czs\/wp-json\/wp\/v2\/pages\/372\/revisions"}],"predecessor-version":[{"id":2135,"href":"https:\/\/bigycb.cz\/czs\/wp-json\/wp\/v2\/pages\/372\/revisions\/2135"}],"wp:attachment":[{"href":"https:\/\/bigycb.cz\/czs\/wp-json\/wp\/v2\/media?parent=372"}],"curies":[{"name":"wp","href":"https:\/\/api.w.org\/{rel}","templated":true}]}}