{"id":3334,"date":"2023-02-12T19:20:49","date_gmt":"2023-02-12T18:20:49","guid":{"rendered":"https:\/\/bigycb.cz\/czs\/?page_id=3334"},"modified":"2023-02-13T17:50:53","modified_gmt":"2023-02-13T16:50:53","slug":"akce-skoly","status":"publish","type":"page","link":"https:\/\/bigycb.cz\/czs\/akce-skoly\/","title":{"rendered":"Akce \u0161koly"},"content":{"rendered":"\t\t<div data-elementor-type=\"wp-page\" data-elementor-id=\"3334\" class=\"elementor elementor-3334\" data-elementor-post-type=\"page\">\n\t\t\t\t\t\t<section class=\"elementor-section elementor-top-section elementor-element elementor-element-6716b8c elementor-section-boxed elementor-section-height-default elementor-section-height-default\" data-id=\"6716b8c\" data-element_type=\"section\" data-e-type=\"section\">\n\t\t\t\t\t\t<div class=\"elementor-container elementor-column-gap-default\">\n\t\t\t\t\t<div class=\"elementor-column elementor-col-100 elementor-top-column elementor-element elementor-element-5bd7bea\" data-id=\"5bd7bea\" data-element_type=\"column\" data-e-type=\"column\">\n\t\t\t<div class=\"elementor-widget-wrap elementor-element-populated\">\n\t\t\t\t\t\t<div class=\"elementor-element elementor-element-046d18d elementor-grid-2 elementor-posts--align-left elementor-grid-tablet-2 elementor-grid-mobile-1 elementor-posts--thumbnail-top elementor-widget elementor-widget-posts\" data-id=\"046d18d\" data-element_type=\"widget\" data-e-type=\"widget\" data-settings=\"{&quot;classic_columns&quot;:&quot;2&quot;,&quot;classic_row_gap&quot;:{&quot;unit&quot;:&quot;px&quot;,&quot;size&quot;:36,&quot;sizes&quot;:[]},&quot;pagination_type&quot;:&quot;load_more_infinite_scroll&quot;,&quot;classic_columns_tablet&quot;:&quot;2&quot;,&quot;classic_columns_mobile&quot;:&quot;1&quot;,&quot;classic_row_gap_tablet&quot;:{&quot;unit&quot;:&quot;px&quot;,&quot;size&quot;:&quot;&quot;,&quot;sizes&quot;:[]},&quot;classic_row_gap_mobile&quot;:{&quot;unit&quot;:&quot;px&quot;,&quot;size&quot;:&quot;&quot;,&quot;sizes&quot;:[]},&quot;load_more_spinner&quot;:{&quot;value&quot;:&quot;fas fa-spinner&quot;,&quot;library&quot;:&quot;fa-solid&quot;}}\" data-widget_type=\"posts.classic\">\n\t\t\t\t<div class=\"elementor-widget-container\">\n\t\t\t\t\t\t\t<div class=\"elementor-posts-container elementor-posts elementor-posts--skin-classic elementor-grid\" role=\"list\">\n\t\t\t\t<article class=\"elementor-post elementor-grid-item post-5459 post type-post status-publish format-standard has-post-thumbnail hentry category-akce-skoly category-aktuality entry\" role=\"listitem\">\n\t\t\t\t<a class=\"elementor-post__thumbnail__link\" href=\"https:\/\/bigycb.cz\/czs\/2026\/04\/23\/jihocesky-zvonek\/\" tabindex=\"-1\" >\n\t\t\t<div class=\"elementor-post__thumbnail\"><img fetchpriority=\"high\" decoding=\"async\" width=\"620\" height=\"371\" src=\"https:\/\/bigycb.cz\/czs\/wp-content\/uploads\/2026\/04\/Jihocesky-zvonek.jpg\" class=\"attachment-medium_large size-medium_large wp-image-5458\" alt=\"\" srcset=\"https:\/\/bigycb.cz\/czs\/wp-content\/uploads\/2026\/04\/Jihocesky-zvonek.jpg 700w, https:\/\/bigycb.cz\/czs\/wp-content\/uploads\/2026\/04\/Jihocesky-zvonek-300x180.jpg 300w\" sizes=\"(max-width: 620px) 100vw, 620px\" \/><\/div>\n\t\t<\/a>\n\t\t\t\t<div class=\"elementor-post__text\">\n\t\t\t\t<h3 class=\"elementor-post__title\">\n\t\t\t<a href=\"https:\/\/bigycb.cz\/czs\/2026\/04\/23\/jihocesky-zvonek\/\" >\n\t\t\t\tJiho\u010desk\u00fd zvonek\t\t\t<\/a>\n\t\t<\/h3>\n\t\t\t\t<div class=\"elementor-post__meta-data\">\n\t\t\t\t\t<span class=\"elementor-post-date\">\n\t\t\t23.&nbsp;4.&nbsp;2026\t\t<\/span>\n\t\t\t\t<\/div>\n\t\t\t\t<div class=\"elementor-post__excerpt\">\n\t\t\t<p>Usp\u011bchy v&nbsp;hudebn\u00ed sout\u011b\u017ei!<\/p>\n\t\t<\/div>\n\t\t\t\t\t<div class=\"elementor-post__read-more-wrapper\">\n\t\t\n\t\t<a class=\"elementor-post__read-more\" href=\"https:\/\/bigycb.cz\/czs\/2026\/04\/23\/jihocesky-zvonek\/\" aria-label=\"Read more about Jiho\u010desk\u00fd zvonek\" tabindex=\"-1\" >\n\t\t\tZobrazit v\u00edce \u00bb\t\t<\/a>\n\n\t\t\t\t\t<\/div>\n\t\t\t\t<\/div>\n\t\t\t\t<\/article>\n\t\t\t\t<article class=\"elementor-post elementor-grid-item post-5442 post type-post status-publish format-standard has-post-thumbnail hentry category-akce-skoly category-aktuality entry\" role=\"listitem\">\n\t\t\t\t<a class=\"elementor-post__thumbnail__link\" href=\"https:\/\/bigycb.cz\/czs\/2026\/04\/14\/fotbalovy-uspech-mcdonalds-cup\/\" tabindex=\"-1\" >\n\t\t\t<div class=\"elementor-post__thumbnail\"><img decoding=\"async\" width=\"620\" height=\"354\" src=\"https:\/\/bigycb.cz\/czs\/wp-content\/uploads\/2026\/04\/01.jpg\" class=\"attachment-medium_large size-medium_large wp-image-5443\" alt=\"\" srcset=\"https:\/\/bigycb.cz\/czs\/wp-content\/uploads\/2026\/04\/01.jpg 700w, https:\/\/bigycb.cz\/czs\/wp-content\/uploads\/2026\/04\/01-300x171.jpg 300w\" sizes=\"(max-width: 620px) 100vw, 620px\" \/><\/div>\n\t\t<\/a>\n\t\t\t\t<div class=\"elementor-post__text\">\n\t\t\t\t<h3 class=\"elementor-post__title\">\n\t\t\t<a href=\"https:\/\/bigycb.cz\/czs\/2026\/04\/14\/fotbalovy-uspech-mcdonalds-cup\/\" >\n\t\t\t\tFotbalov\u00fd \u00fasp\u011bch &#8211; McDonald\u00b4s Cup\t\t\t<\/a>\n\t\t<\/h3>\n\t\t\t\t<div class=\"elementor-post__meta-data\">\n\t\t\t\t\t<span class=\"elementor-post-date\">\n\t\t\t14.&nbsp;4.&nbsp;2026\t\t<\/span>\n\t\t\t\t<\/div>\n\t\t\t\t<div class=\"elementor-post__excerpt\">\n\t\t\t<p>Dne 9.4.2026 jsme se z\u00fa\u010dastnili fotbalov\u00e9ho turnaje McDonald\u00b4s Cup. Na\u0161i \u0161kolu reprezentovali \u017e\u00e1ci 3.t\u0159\u00edd, vybojovali kr\u00e1sn\u00e9 1.&nbsp;m\u00edsto a&nbsp;postoupili do Okresn\u00edho kola, kter\u00e9 se bude konat 7.5.2026. Dr\u017ete n\u00e1m p\u011bsti, a\u0165<\/p>\n\t\t<\/div>\n\t\t\t\t\t<div class=\"elementor-post__read-more-wrapper\">\n\t\t\n\t\t<a class=\"elementor-post__read-more\" href=\"https:\/\/bigycb.cz\/czs\/2026\/04\/14\/fotbalovy-uspech-mcdonalds-cup\/\" aria-label=\"Read more about Fotbalov\u00fd \u00fasp\u011bch &#8211; McDonald\u00b4s Cup\" tabindex=\"-1\" >\n\t\t\tZobrazit v\u00edce \u00bb\t\t<\/a>\n\n\t\t\t\t\t<\/div>\n\t\t\t\t<\/div>\n\t\t\t\t<\/article>\n\t\t\t\t<article class=\"elementor-post elementor-grid-item post-5398 post type-post status-publish format-standard has-post-thumbnail hentry category-akce-skoly category-aktuality entry\" role=\"listitem\">\n\t\t\t\t<a class=\"elementor-post__thumbnail__link\" href=\"https:\/\/bigycb.cz\/czs\/2026\/03\/05\/uspechy-z-olympiad\/\" tabindex=\"-1\" >\n\t\t\t<div class=\"elementor-post__thumbnail\"><img decoding=\"async\" width=\"620\" height=\"354\" src=\"https:\/\/bigycb.cz\/czs\/wp-content\/uploads\/2026\/03\/olympiady.jpg\" class=\"attachment-medium_large size-medium_large wp-image-5397\" alt=\"\" srcset=\"https:\/\/bigycb.cz\/czs\/wp-content\/uploads\/2026\/03\/olympiady.jpg 702w, https:\/\/bigycb.cz\/czs\/wp-content\/uploads\/2026\/03\/olympiady-300x171.jpg 300w\" sizes=\"(max-width: 620px) 100vw, 620px\" \/><\/div>\n\t\t<\/a>\n\t\t\t\t<div class=\"elementor-post__text\">\n\t\t\t\t<h3 class=\"elementor-post__title\">\n\t\t\t<a href=\"https:\/\/bigycb.cz\/czs\/2026\/03\/05\/uspechy-z-olympiad\/\" >\n\t\t\t\t\u00dasp\u011bchy z&nbsp;olympi\u00e1d\t\t\t<\/a>\n\t\t<\/h3>\n\t\t\t\t<div class=\"elementor-post__meta-data\">\n\t\t\t\t\t<span class=\"elementor-post-date\">\n\t\t\t5.&nbsp;3.&nbsp;2026\t\t<\/span>\n\t\t\t\t<\/div>\n\t\t\t\t<div class=\"elementor-post__excerpt\">\n\t\t\t\t\t<\/div>\n\t\t\t\t\t<div class=\"elementor-post__read-more-wrapper\">\n\t\t\n\t\t<a class=\"elementor-post__read-more\" href=\"https:\/\/bigycb.cz\/czs\/2026\/03\/05\/uspechy-z-olympiad\/\" aria-label=\"Read more about \u00dasp\u011bchy z&nbsp;olympi\u00e1d\" tabindex=\"-1\" >\n\t\t\tZobrazit v\u00edce \u00bb\t\t<\/a>\n\n\t\t\t\t\t<\/div>\n\t\t\t\t<\/div>\n\t\t\t\t<\/article>\n\t\t\t\t<article class=\"elementor-post elementor-grid-item post-5393 post type-post status-publish format-standard has-post-thumbnail hentry category-akce-skoly category-aktuality entry\" role=\"listitem\">\n\t\t\t\t<a class=\"elementor-post__thumbnail__link\" href=\"https:\/\/bigycb.cz\/czs\/2026\/03\/04\/czs-opet-v-top-10\/\" tabindex=\"-1\" >\n\t\t\t<div class=\"elementor-post__thumbnail\"><img loading=\"lazy\" decoding=\"async\" width=\"620\" height=\"354\" src=\"https:\/\/bigycb.cz\/czs\/wp-content\/uploads\/2026\/03\/z-tisku-male.jpg\" class=\"attachment-medium_large size-medium_large wp-image-5394\" alt=\"\" srcset=\"https:\/\/bigycb.cz\/czs\/wp-content\/uploads\/2026\/03\/z-tisku-male.jpg 700w, https:\/\/bigycb.cz\/czs\/wp-content\/uploads\/2026\/03\/z-tisku-male-300x171.jpg 300w\" sizes=\"(max-width: 620px) 100vw, 620px\" \/><\/div>\n\t\t<\/a>\n\t\t\t\t<div class=\"elementor-post__text\">\n\t\t\t\t<h3 class=\"elementor-post__title\">\n\t\t\t<a href=\"https:\/\/bigycb.cz\/czs\/2026\/03\/04\/czs-opet-v-top-10\/\" >\n\t\t\t\tCZ\u0160 op\u011bt v&nbsp;TOP 10!\t\t\t<\/a>\n\t\t<\/h3>\n\t\t\t\t<div class=\"elementor-post__meta-data\">\n\t\t\t\t\t<span class=\"elementor-post-date\">\n\t\t\t4.&nbsp;3.&nbsp;2026\t\t<\/span>\n\t\t\t\t<\/div>\n\t\t\t\t<div class=\"elementor-post__excerpt\">\n\t\t\t\t\t<\/div>\n\t\t\t\t\t<div class=\"elementor-post__read-more-wrapper\">\n\t\t\n\t\t<a class=\"elementor-post__read-more\" href=\"https:\/\/bigycb.cz\/czs\/2026\/03\/04\/czs-opet-v-top-10\/\" aria-label=\"Read more about CZ\u0160 op\u011bt v&nbsp;TOP 10!\" tabindex=\"-1\" >\n\t\t\tZobrazit v\u00edce \u00bb\t\t<\/a>\n\n\t\t\t\t\t<\/div>\n\t\t\t\t<\/div>\n\t\t\t\t<\/article>\n\t\t\t\t<article class=\"elementor-post elementor-grid-item post-5294 post type-post status-publish format-standard has-post-thumbnail hentry category-akce-skoly category-aktuality entry\" role=\"listitem\">\n\t\t\t\t<a class=\"elementor-post__thumbnail__link\" href=\"https:\/\/bigycb.cz\/czs\/2025\/12\/15\/informace-k-zapisu-do-1-trid\/\" tabindex=\"-1\" >\n\t\t\t<div class=\"elementor-post__thumbnail\"><img loading=\"lazy\" decoding=\"async\" width=\"620\" height=\"354\" src=\"https:\/\/bigycb.cz\/czs\/wp-content\/uploads\/2025\/12\/pozvanka-na-zapis-male.jpg\" class=\"attachment-medium_large size-medium_large wp-image-5293\" alt=\"\" srcset=\"https:\/\/bigycb.cz\/czs\/wp-content\/uploads\/2025\/12\/pozvanka-na-zapis-male.jpg 701w, https:\/\/bigycb.cz\/czs\/wp-content\/uploads\/2025\/12\/pozvanka-na-zapis-male-300x171.jpg 300w\" sizes=\"(max-width: 620px) 100vw, 620px\" \/><\/div>\n\t\t<\/a>\n\t\t\t\t<div class=\"elementor-post__text\">\n\t\t\t\t<h3 class=\"elementor-post__title\">\n\t\t\t<a href=\"https:\/\/bigycb.cz\/czs\/2025\/12\/15\/informace-k-zapisu-do-1-trid\/\" >\n\t\t\t\tInformace k&nbsp;z\u00e1pisu do 1.&nbsp;t\u0159\u00edd\t\t\t<\/a>\n\t\t<\/h3>\n\t\t\t\t<div class=\"elementor-post__meta-data\">\n\t\t\t\t\t<span class=\"elementor-post-date\">\n\t\t\t15.&nbsp;12.&nbsp;2025\t\t<\/span>\n\t\t\t\t<\/div>\n\t\t\t\t<div class=\"elementor-post__excerpt\">\n\t\t\t\t\t<\/div>\n\t\t\t\t\t<div class=\"elementor-post__read-more-wrapper\">\n\t\t\n\t\t<a class=\"elementor-post__read-more\" href=\"https:\/\/bigycb.cz\/czs\/2025\/12\/15\/informace-k-zapisu-do-1-trid\/\" aria-label=\"Read more about Informace k&nbsp;z\u00e1pisu do 1.&nbsp;t\u0159\u00edd\" tabindex=\"-1\" >\n\t\t\tZobrazit v\u00edce \u00bb\t\t<\/a>\n\n\t\t\t\t\t<\/div>\n\t\t\t\t<\/div>\n\t\t\t\t<\/article>\n\t\t\t\t<article class=\"elementor-post elementor-grid-item post-5281 post type-post status-publish format-standard has-post-thumbnail hentry category-akce-skoly category-aktuality entry\" role=\"listitem\">\n\t\t\t\t<a class=\"elementor-post__thumbnail__link\" href=\"https:\/\/bigycb.cz\/czs\/2025\/12\/08\/svaty-mikulas-na-czs\/\" tabindex=\"-1\" >\n\t\t\t<div class=\"elementor-post__thumbnail\"><img loading=\"lazy\" decoding=\"async\" width=\"620\" height=\"356\" src=\"https:\/\/bigycb.cz\/czs\/wp-content\/uploads\/2025\/12\/mikulas-male.jpg\" class=\"attachment-medium_large size-medium_large wp-image-5279\" alt=\"\" srcset=\"https:\/\/bigycb.cz\/czs\/wp-content\/uploads\/2025\/12\/mikulas-male.jpg 700w, https:\/\/bigycb.cz\/czs\/wp-content\/uploads\/2025\/12\/mikulas-male-300x172.jpg 300w\" sizes=\"(max-width: 620px) 100vw, 620px\" \/><\/div>\n\t\t<\/a>\n\t\t\t\t<div class=\"elementor-post__text\">\n\t\t\t\t<h3 class=\"elementor-post__title\">\n\t\t\t<a href=\"https:\/\/bigycb.cz\/czs\/2025\/12\/08\/svaty-mikulas-na-czs\/\" >\n\t\t\t\tSvat\u00fd Mikul\u00e1\u0161 na CZ\u0160\t\t\t<\/a>\n\t\t<\/h3>\n\t\t\t\t<div class=\"elementor-post__meta-data\">\n\t\t\t\t\t<span class=\"elementor-post-date\">\n\t\t\t8.&nbsp;12.&nbsp;2025\t\t<\/span>\n\t\t\t\t<\/div>\n\t\t\t\t<div class=\"elementor-post__excerpt\">\n\t\t\t\t\t<\/div>\n\t\t\t\t\t<div class=\"elementor-post__read-more-wrapper\">\n\t\t\n\t\t<a class=\"elementor-post__read-more\" href=\"https:\/\/bigycb.cz\/czs\/2025\/12\/08\/svaty-mikulas-na-czs\/\" aria-label=\"Read more about Svat\u00fd Mikul\u00e1\u0161 na CZ\u0160\" tabindex=\"-1\" >\n\t\t\tZobrazit v\u00edce \u00bb\t\t<\/a>\n\n\t\t\t\t\t<\/div>\n\t\t\t\t<\/div>\n\t\t\t\t<\/article>\n\t\t\t\t<\/div>\n\t\t\t\t\t<span class=\"e-load-more-spinner\">\n\t\t\t\t<i aria-hidden=\"true\" class=\"fas fa-spinner\"><\/i>\t\t\t<\/span>\n\t\t\n\t\t\t\t<div class=\"e-load-more-anchor\" data-page=\"1\" data-max-page=\"10\" data-next-page=\"https:\/\/bigycb.cz\/czs\/wp-json\/wp\/v2\/pages\/3334\/page\/2\/\"><\/div>\n\t\t\t\t<div class=\"e-load-more-message\"><\/div>\n\t\t\t\t\t\t<\/div>\n\t\t\t\t<\/div>\n\t\t\t\t\t<\/div>\n\t\t<\/div>\n\t\t\t\t\t<\/div>\n\t\t<\/section>\n\t\t\t\t<\/div>\n\t\t","protected":false},"excerpt":{"rendered":"","protected":false},"author":1,"featured_media":0,"parent":0,"menu_order":0,"comment_status":"closed","ping_status":"closed","template":"","meta":{"xn-wppe-expiration":[],"xn-wppe-expiration-action":[],"xn-wppe-expiration-prefix":[],"footnotes":""},"class_list":["post-3334","page","type-page","status-publish","hentry","entry"],"jetpack_sharing_enabled":true,"_links":{"self":[{"href":"https:\/\/bigycb.cz\/czs\/wp-json\/wp\/v2\/pages\/3334","targetHints":{"allow":["GET"]}}],"collection":[{"href":"https:\/\/bigycb.cz\/czs\/wp-json\/wp\/v2\/pages"}],"about":[{"href":"https:\/\/bigycb.cz\/czs\/wp-json\/wp\/v2\/types\/page"}],"author":[{"embeddable":true,"href":"https:\/\/bigycb.cz\/czs\/wp-json\/wp\/v2\/users\/1"}],"replies":[{"embeddable":true,"href":"https:\/\/bigycb.cz\/czs\/wp-json\/wp\/v2\/comments?post=3334"}],"version-history":[{"count":17,"href":"https:\/\/bigycb.cz\/czs\/wp-json\/wp\/v2\/pages\/3334\/revisions"}],"predecessor-version":[{"id":3423,"href":"https:\/\/bigycb.cz\/czs\/wp-json\/wp\/v2\/pages\/3334\/revisions\/3423"}],"wp:attachment":[{"href":"https:\/\/bigycb.cz\/czs\/wp-json\/wp\/v2\/media?parent=3334"}],"curies":[{"name":"wp","href":"https:\/\/api.w.org\/{rel}","templated":true}]}}