{"id":977,"date":"2022-02-23T11:18:38","date_gmt":"2022-02-23T10:18:38","guid":{"rendered":"https:\/\/bigycb.cz\/demo\/?page_id=977"},"modified":"2025-04-07T09:58:26","modified_gmt":"2025-04-07T07:58:26","slug":"skolni-jidelna","status":"publish","type":"page","link":"https:\/\/bigycb.cz\/bigy\/o-skole\/zazemi-skoly\/skolni-jidelna\/","title":{"rendered":"\u0160koln\u00ed j\u00eddelna"},"content":{"rendered":"<p>[vc_row][vc_column][vc_custom_heading text=&#8221;\u0160koln\u00ed j\u00eddelna&#8221; font_container=&#8221;tag:h1|text_align:left&#8221; use_theme_fonts=&#8221;yes&#8221;][\/vc_column][\/vc_row][vc_row][vc_column]\t\t<div class=\"wh-content-box  scp_content_box-d05e2979e9212882b30e113abfcbea40\">\n\t\t\t\t\t\t\t\t\t\t\t\t[vc_column_text css=&#8221;.vc_custom_1645709487630{padding-top: 25px !important;padding-right: 25px !important;padding-bottom: 25px !important;padding-left: 25px !important;border-radius: 1px !important;}&#8221;]\n<div class=\"wpcf7 no-js\" id=\"wpcf7-f999-o1\" lang=\"en-US\" dir=\"ltr\" data-wpcf7-id=\"999\">\n<div class=\"screen-reader-response\"><p role=\"status\" aria-live=\"polite\" aria-atomic=\"true\"><\/p> <ul><\/ul><\/div>\n<form action=\"\/bigy\/wp-json\/wp\/v2\/pages\/977#wpcf7-f999-o1\" method=\"post\" class=\"wpcf7-form init\" aria-label=\"Contact form\" novalidate=\"novalidate\" data-status=\"init\">\n<fieldset class=\"hidden-fields-container\"><input type=\"hidden\" name=\"_wpcf7\" value=\"999\" \/><input type=\"hidden\" name=\"_wpcf7_version\" value=\"6.1.5\" \/><input type=\"hidden\" name=\"_wpcf7_locale\" value=\"en_US\" \/><input type=\"hidden\" name=\"_wpcf7_unit_tag\" value=\"wpcf7-f999-o1\" \/><input type=\"hidden\" name=\"_wpcf7_container_post\" value=\"0\" \/><input type=\"hidden\" name=\"_wpcf7_posted_data_hash\" value=\"\" \/>\n<\/fieldset>\n<p><strong>RYCHL\u00c1 ODHL\u00c1\u0160KA\/P\u0158IHL\u00c1\u0160KA<\/strong>\n<\/p>\n<p>V p\u0159\u00edpad\u011b nep\u0159\u00edtomnosti\/p\u0159\u00edtomnosti str\u00e1vn\u00edka lze odhl\u00e1sit\/p\u0159ihl\u00e1sit stravu nejpozd\u011bji do 13:00 p\u0159edchoz\u00edho dne prost\u0159ednictv\u00edm tohoto \u201erychl\u00e9ho\u201c formul\u00e1\u0159e. Telefonicky pouze V\u00ddJIME\u010cN\u011a!!\n<\/p>\n<div class=\"vc_row make-an-appointment-form\" style=\"line-height:30px;\">\n\t<div class=\"vc_col-sm-6\">\n\t\t<p><span class=\"wpcf7-form-control-wrap\" data-name=\"your-name\"><input size=\"30\" maxlength=\"400\" class=\"wpcf7-form-control wpcf7-text wpcf7-validates-as-required\" aria-required=\"true\" aria-invalid=\"false\" placeholder=\"Jm\u00e9no a p\u0159\u00edjmen\u00ed str\u00e1vn\u00edka\" value=\"\" type=\"text\" name=\"your-name\" \/><\/span>\n\t\t<\/p>\n\t\t<p><span class=\"wpcf7-form-control-wrap\" data-name=\"your-class\"><input size=\"30\" maxlength=\"400\" class=\"wpcf7-form-control wpcf7-text wpcf7-validates-as-required\" aria-required=\"true\" aria-invalid=\"false\" placeholder=\"\u0160kola, t\u0159\u00edda\" value=\"\" type=\"text\" name=\"your-class\" \/><\/span>\n\t\t<\/p>\n\t\t<p><span class=\"wpcf7-form-control-wrap\" data-name=\"your-email\"><input size=\"30\" maxlength=\"400\" class=\"wpcf7-form-control wpcf7-email wpcf7-validates-as-required wpcf7-text wpcf7-validates-as-email\" aria-required=\"true\" aria-invalid=\"false\" placeholder=\"V\u00e1\u0161 e-mail (pro potvrzen\u00ed zm\u011bny)\" value=\"\" type=\"email\" name=\"your-email\" \/><\/span>\n\t\t<\/p>\n\t<\/div>\n\t<div class=\"vc_col-sm-6\">\n\t\t<p><span class=\"wpcf7-form-control-wrap\" data-name=\"your-message\"><textarea cols=\"30\" rows=\"7\" maxlength=\"2000\" class=\"wpcf7-form-control wpcf7-textarea wpcf7-validates-as-required\" aria-required=\"true\" aria-invalid=\"false\" placeholder=\"Va\u0161e zpr\u00e1va\" name=\"your-message\"><\/textarea><\/span>\n\t\t<\/p>\n\t<\/div>\n<\/div>\n<div class=\"vc_row\">\n\t<div class=\"vc_col-xs-6\">\n\t\t<p style=\"margin-top: 10px;font-size: 15px;line-height: 18px;\">* V\u0161echna pole jsou povinn\u00e1\n\t\t<\/p>\n\t<\/div>\n\t<div class=\"vc_col-xs-6\">\n\t\t<p class=\"form-button pull-right\" style=\"margin-right:-18px\"><input class=\"wpcf7-form-control wpcf7-submit has-spinner\" type=\"submit\" value=\"Odeslat\" \/>\n\t\t<\/p>\n\t<\/div>\n<\/div><div class=\"wpcf7-response-output\" aria-hidden=\"true\"><\/div>\n<\/form>\n<\/div>\n[\/vc_column_text]\t\t<\/div>\n\t\t[\/vc_column][\/vc_row][vc_row][vc_column][vc_column_text]<div class=\"scp-block-quote-alt left scp_block_quote_alt-133f3ebee82d36a4ce241f6b4dc5df17\">\u0160koln\u00ed j\u00eddelna se nach\u00e1z\u00ed v budov\u011b domova ml\u00e1de\u017ee. Je spojena pr\u016fchodem se \u0161kolou, \u010d\u00edm\u017e je zaji\u0161t\u011bn bezprobl\u00e9mov\u00fd p\u0159\u00edstup pro studenty gymn\u00e1zia.<\/div>\n<h3>Stravovac\u00ed provoz<\/h3>\n<ul>\n<li>\u0159\u00edd\u00ed se \u0159\u00e1dem \u0161koln\u00ed j\u00eddelny (viz Dokumenty)<\/li>\n<li>u ob\u011bd\u016f mo\u017en\u00fd v\u00fdb\u011br ze dvou j\u00eddel<\/li>\n<li>v\u00fddej stravy pro studenty nep\u0159\u00edtomn\u00e9 ve \u0161kole do j\u00eddlonosi\u010d\u016f mo\u017en\u00fd POUZE v\u00a0prvn\u00ed den nep\u0159\u00edtomnosti. D\u00e1le nutno odhl\u00e1sit (v p\u0159\u00edpad\u011b neodhl\u00e1\u0161en\u00ed m\u016f\u017ee b\u00fdt str\u00e1vn\u00edkovi do\u00fa\u010dtov\u00e1na pln\u00e1 cena j\u00eddla).<\/li>\n<\/ul>\n<h3>Odhl\u00e1\u0161en\u00ed a p\u0159ihl\u00e1\u0161en\u00ed stravy<\/h3>\n<ul>\n<li>\u201erychl\u00fdm\u201c formul\u00e1\u0159em (viz v\u00fd\u0161e)<\/li>\n<li>e-mailem na\u00a0<a href=\"mailto:jidelna@bigy-cb.cz\">jidelna@bigy-cb.cz<\/a><\/li>\n<li>na\u00a0<a href=\"http:\/\/www.strava.cz\/Strava\/Stravnik\/Prihlaseni?zarizeni=4116\" target=\"_blank\" rel=\"noopener noreferrer\">www.strava.cz<\/a>\u00a0nebo p\u0159es p\u0159es\u00a0<a href=\"https:\/\/play.google.com\/store\/apps\/details?id=com.stravacz.stravacz&amp;hl=cs\" target=\"_blank\" rel=\"noopener noreferrer\">mobiln\u00ed aplikaci<\/a>\u00a0(2 dny p\u0159edem)<\/li>\n<li>na termin\u00e1lu u vchodu do \u0161koln\u00ed j\u00eddelny (2 dny p\u0159edem)<\/li>\n<li>osobn\u011b u vedouc\u00ed \u0160J v\u00a0\u00fa\u0159edn\u00edch hodin\u00e1ch<\/li>\n<li>telefonicky (v\u00fdjime\u010dn\u011b)<\/li>\n<\/ul>\n<p>J\u00eddeln\u00ed\u010dek \u0161koln\u00ed j\u00eddelny, stejn\u011b jako vstup pro objedn\u00e1n\u00ed stravy p\u0159es internet, je dostupn\u00fd na serveru\u00a0<strong><a href=\"http:\/\/www.strava.cz\/Strava\/Stravnik\/Prihlaseni?zarizeni=4116\" target=\"_blank\" rel=\"noopener noreferrer\">www.strava.cz<\/a><\/strong>\u00a0pod \u010d\u00edslem za\u0159\u00edzen\u00ed\u00a0<strong>4116<\/strong>. Abyste mohli vyu\u017e\u00edvat objedn\u00e1v\u00e1n\u00ed stravy p\u0159es internet, je nutn\u00e9 nejd\u0159\u00edve aktivovat V\u00e1\u0161 \u00fa\u010det. P\u0159\u00edstupov\u00e9 \u00fadaje obdr\u017e\u00edte u vedouc\u00ed \u0161koln\u00ed j\u00eddelny.<\/p>\n<h3>Kontakt<\/h3>\n<ul>\n<li>vedouc\u00ed: Pavla Koklarov\u00e1<\/li>\n<li>e-mail:\u00a0<a href=\"mailto:jidelna@bigy-cb.cz\">jidelna@bigy-cb.cz<\/a><\/li>\n<li>telefon:\u00a0<strong>380 420 241<\/strong>, 797\u00a0726\u00a0283<\/li>\n<li>\u00fa\u0159edn\u00ed hodiny: Po \u2013 P\u00e1 \u00a06:30-8:30, 11:30-13:00<\/li>\n<\/ul>\n<h3>Dokumenty<\/h3>\n<p><a class=\"file_button\" href=\"https:\/\/bigycb.cz\/bigy\/wp-content\/uploads\/prihlaska_SJ_bigy.pdf\"><img loading=\"lazy\" decoding=\"async\" src=\"https:\/\/bigycb.cz\/bigy\/wp-content\/uploads\/icopdf-25x25.png\" alt=\"\" width=\"25\" height=\"25\" \/>P\u0159ihl\u00e1\u0161ka ke stravov\u00e1n\u00ed<\/a><\/p>\n<p><a class=\"file_button\" href=\"https:\/\/bigycb.cz\/bigy\/wp-content\/uploads\/odhlaska_SJ.pdf\"><img loading=\"lazy\" decoding=\"async\" src=\"https:\/\/bigycb.cz\/bigy\/wp-content\/uploads\/icopdf-25x25.png\" alt=\"\" width=\"25\" height=\"25\" \/>Odhl\u00e1\u0161ka od stravov\u00e1n\u00ed<\/a><\/p>\n<p><a class=\"file_button\" href=\"https:\/\/bigycb.cz\/bigy\/wp-content\/uploads\/rad_skolni_jidelny_4_2025.pdf\"><img loading=\"lazy\" decoding=\"async\" src=\"https:\/\/bigycb.cz\/bigy\/wp-content\/uploads\/icopdf-25x25.png\" alt=\"\" width=\"25\" height=\"25\" \/>\u0158\u00e1d \u0161koln\u00ed j\u00eddelny<\/a><\/p>\n<h3>Cen\u00edk stravov\u00e1n\u00ed (od 1. 9. 2024)<\/h3>\n<table border=\"0\" width=\"604\" cellspacing=\"0\" cellpadding=\"0\">\n<tbody>\n<tr>\n<th width=\"293\"><\/th>\n<th width=\"85\">studenti<\/th>\n<th width=\"113\">zam\u011bstnanci<\/th>\n<th width=\"113\">ostatn\u00ed str\u00e1vn\u00edci<\/th>\n<\/tr>\n<tr class=\"alt\">\n<td nowrap=\"nowrap\" width=\"293\">sn\u00eddan\u011b + dopoledn\u00ed sva\u010dina<\/td>\n<td valign=\"bottom\" nowrap=\"nowrap\" width=\"85\"><strong>37 K\u010d<\/strong><\/td>\n<td valign=\"bottom\" width=\"113\">\u00a0\u2013<\/td>\n<td valign=\"bottom\" nowrap=\"nowrap\" width=\"113\">\u00a0\u2013<\/td>\n<\/tr>\n<tr>\n<td nowrap=\"nowrap\" width=\"293\">ob\u011bd (mlad\u0161\u00ed 15 let)<\/td>\n<td valign=\"bottom\" nowrap=\"nowrap\" width=\"85\"><strong>37 K\u010d<\/strong><\/td>\n<td valign=\"bottom\" width=\"113\">\u00a0\u2013<\/td>\n<td valign=\"bottom\" nowrap=\"nowrap\" width=\"113\">\u00a0\u2013<\/td>\n<\/tr>\n<tr class=\"alt\">\n<td nowrap=\"nowrap\" width=\"293\">ob\u011bd (star\u0161\u00ed 15 let)<\/td>\n<td valign=\"bottom\" nowrap=\"nowrap\" width=\"85\"><strong>39 K\u010d<\/strong><\/td>\n<td valign=\"bottom\" width=\"113\"><strong>40 K\u010d<\/strong><\/td>\n<td valign=\"bottom\" nowrap=\"nowrap\" width=\"113\"><strong>98 K\u010d<\/strong><\/td>\n<\/tr>\n<tr>\n<td nowrap=\"nowrap\" width=\"293\">ve\u010de\u0159e + odpoledn\u00ed sva\u010dina<\/td>\n<td valign=\"bottom\" nowrap=\"nowrap\" width=\"85\"><strong>42 K\u010d<\/strong><\/td>\n<td valign=\"bottom\" width=\"113\"><strong>42 K\u010d<\/strong><\/td>\n<td valign=\"bottom\" nowrap=\"nowrap\" width=\"113\">\u00a0\u2013<\/td>\n<\/tr>\n<\/tbody>\n<\/table>\n<p>Sn\u00eddan\u011b je spojena s dopoledn\u00ed sva\u010dinou, ve\u010de\u0159e je spojena s odpoledn\u00ed sva\u010dinou.<\/p>\n<table border=\"0\" width=\"604\" cellspacing=\"0\" cellpadding=\"0\">\n<tbody>\n<tr class=\"alt\">\n<td nowrap=\"nowrap\" width=\"293\">DM \u2013 celodenn\u00ed stravov\u00e1n\u00ed (do 15 let)<\/td>\n<td valign=\"bottom\" nowrap=\"nowrap\" width=\"85\"><strong>116 K\u010d<\/strong><\/td>\n<\/tr>\n<tr>\n<td nowrap=\"nowrap\" width=\"293\">DM \u2013 celodenn\u00ed stravov\u00e1n\u00ed (od 15 let)<\/td>\n<td valign=\"bottom\" nowrap=\"nowrap\" width=\"85\"><strong>118 K\u010d<\/strong> (v\u010detn\u011b 2. ve\u010de\u0159e)<\/td>\n<\/tr>\n<tr class=\"alt\">\n<td nowrap=\"nowrap\" width=\"293\">V\u011bcn\u00e1 re\u017eie (studenti ciz\u00edch \u0161kol)<\/td>\n<td valign=\"bottom\" nowrap=\"nowrap\" width=\"85\"><strong>16 K\u010d<\/strong>\u00a0za sn\u00eddani\/ob\u011bd\/ve\u010de\u0159i<\/td>\n<\/tr>\n<\/tbody>\n<\/table>\n<p>K v\u00fddeji a objedn\u00e1v\u00e1n\u00ed stravy slou\u017e\u00ed <strong>bezkontaktn\u00ed \u010dip<\/strong>.\u00a0V p\u0159\u00edpad\u011b zapomenut\u00ed \u010dipu si lze vytisknout n\u00e1hradn\u00ed stravenku na termin\u00e1lu u vstupu do \u0161koln\u00ed j\u00eddelny nebo v kancel\u00e1\u0159i vedouc\u00ed \u0161koln\u00ed j\u00eddelny. Cena stravenky \u010din\u00ed 2 K\u010d.<\/p>\n<p>V\u0161echny uveden\u00e9 ceny jsou v\u010detn\u011b DPH.<\/p>\n<h3>\u00a0Platby za stravu<\/h3>\n<ul>\n<li>lze prov\u00e1d\u011bt jen\u00a0<strong>bezhotovostn\u011b<\/strong>, pouze \u010dipy lze zakoupit hotov\u011b u vedouc\u00ed \u0160J<\/li>\n<li>souhlas k inkasu \u2013\u00a0<strong>doporu\u010dujeme<\/strong>, \u010d. \u00fa.:<b>\u00a0<\/b><strong>100271481\/0800<\/strong>, bez variabiln\u00edho symbolu. Nutno dodat potvrzen\u00ed o otev\u0159en\u00ed inkasa k\u00a0ruk\u00e1m vedouc\u00ed \u0160J<\/li>\n<li>p\u0159\u00edkaz k\u00a0\u00fahrad\u011b, \u010d.\u00fa.:\u00a0<strong>560657369\/0800<\/strong>, variabiln\u00ed symbol nutn\u00fd, sd\u011bl\u00ed V\u00e1m vedouc\u00ed \u0160J<\/li>\n<\/ul>\n<p>[\/vc_column_text][\/vc_column][\/vc_row]<\/p>\n","protected":false},"excerpt":{"rendered":"<p>[vc_row][vc_column][vc_custom_heading text=&#8221;\u0160koln\u00ed j\u00eddelna&#8221; font_container=&#8221;tag:h1|text_align:left&#8221; use_theme_fonts=&#8221;yes&#8221;][\/vc_column][\/vc_row][vc_row][vc_column][\/vc_column][\/vc_row][vc_row][vc_column][vc_column_text] Stravovac\u00ed provoz \u0159\u00edd\u00ed se \u0159\u00e1dem \u0161koln\u00ed j\u00eddelny (viz Dokumenty) u ob\u011bd\u016f mo\u017en\u00fd v\u00fdb\u011br ze dvou&nbsp;<a href=\"https:\/\/bigycb.cz\/bigy\/o-skole\/zazemi-skoly\/skolni-jidelna\/\">&hellip;<\/a><\/p>\n","protected":false},"author":1,"featured_media":0,"parent":681,"menu_order":0,"comment_status":"closed","ping_status":"closed","template":"template-sidebar-right-childpages.php","meta":{"footnotes":""},"class_list":["post-977","page","type-page","status-publish","hentry","odd"],"_links":{"self":[{"href":"https:\/\/bigycb.cz\/bigy\/wp-json\/wp\/v2\/pages\/977","targetHints":{"allow":["GET"]}}],"collection":[{"href":"https:\/\/bigycb.cz\/bigy\/wp-json\/wp\/v2\/pages"}],"about":[{"href":"https:\/\/bigycb.cz\/bigy\/wp-json\/wp\/v2\/types\/page"}],"author":[{"embeddable":true,"href":"https:\/\/bigycb.cz\/bigy\/wp-json\/wp\/v2\/users\/1"}],"replies":[{"embeddable":true,"href":"https:\/\/bigycb.cz\/bigy\/wp-json\/wp\/v2\/comments?post=977"}],"version-history":[{"count":22,"href":"https:\/\/bigycb.cz\/bigy\/wp-json\/wp\/v2\/pages\/977\/revisions"}],"predecessor-version":[{"id":9462,"href":"https:\/\/bigycb.cz\/bigy\/wp-json\/wp\/v2\/pages\/977\/revisions\/9462"}],"up":[{"embeddable":true,"href":"https:\/\/bigycb.cz\/bigy\/wp-json\/wp\/v2\/pages\/681"}],"wp:attachment":[{"href":"https:\/\/bigycb.cz\/bigy\/wp-json\/wp\/v2\/media?parent=977"}],"curies":[{"name":"wp","href":"https:\/\/api.w.org\/{rel}","templated":true}]}}