{"id":940,"date":"2022-02-23T10:52:10","date_gmt":"2022-02-23T09:52:10","guid":{"rendered":"https:\/\/bigycb.cz\/demo\/?page_id=940"},"modified":"2025-10-15T11:52:34","modified_gmt":"2025-10-15T09:52:34","slug":"projekty","status":"publish","type":"page","link":"https:\/\/bigycb.cz\/bigy\/projekty\/","title":{"rendered":"Projekty"},"content":{"rendered":"<p>[vc_row][vc_column][vc_custom_heading text=&#8221;Projekty&#8221; font_container=&#8221;tag:h1|text_align:left&#8221; use_theme_fonts=&#8221;yes&#8221;][\/vc_column][\/vc_row][vc_row][vc_column]\t\t<div class=\"linp-post-list  layout_1\">\n\t\t\t\t\t\t\t<div class=\"vc_row\">\n\t\t\t\t\t\t\t\t\t\t\t\t\t\t\t\t\t\t<div class=\"item one half\">\n\t<div class=\"inner-wrap\">\n\t\t\t\t<div class=\"data\">\n\t\t\t<div class=\"meta-data\">\n\t\t\t\t<div class=\"date\">\n\t\t\t\t\t<i class=\"icon-edtime3\"><\/i>\n\t\t\t\t\t\t\t\t\t\t\t15. 10. 2025\t\t\t\t\t\t\t\t\t<\/div>\n\t\t\t\t\t\t\t\t\t\t\t<\/div>\n\t\t\t<h3>\n\t\t\t\t<a title=\"Bigysbor v Bratislav\u011b\"\n\t\t\t\t   href=\"https:\/\/bigycb.cz\/bigy\/bigysbor-v-bratislave\/\">\n\t\t\t\t\tBigysbor v Bratislav\u011b\t\t\t\t<\/a>\n\t\t\t<\/h3>\n\t\t\t\t\t\t\t\t<\/div>\n\t<\/div>\n<\/div>\t\t\t\t\t\t\n\t\t\t\t\t\t\t\t\t\t\t\t\t\t\t\t\t\t<div class=\"item one half\">\n\t<div class=\"inner-wrap\">\n\t\t\t\t<div class=\"data\">\n\t\t\t<div class=\"meta-data\">\n\t\t\t\t<div class=\"date\">\n\t\t\t\t\t<i class=\"icon-edtime3\"><\/i>\n\t\t\t\t\t\t\t\t\t\t\t25. 09. 2025\t\t\t\t\t\t\t\t\t<\/div>\n\t\t\t\t\t\t\t\t\t\t\t<\/div>\n\t\t\t<h3>\n\t\t\t\t<a title=\"Renovace vstupn\u00edch dve\u0159\u00ed Biskupsk\u00e9ho gymn\u00e1zia J. N. Neumanna\"\n\t\t\t\t   href=\"https:\/\/bigycb.cz\/bigy\/renovace-vstupnich-dveri-biskupskeho-gymnazia-j-n-neumanna\/\">\n\t\t\t\t\tRenovace vstupn\u00edch dve\u0159\u00ed Biskupsk\u00e9ho gymn\u00e1zia J. N. Neumanna\t\t\t\t<\/a>\n\t\t\t<\/h3>\n\t\t\t\t\t\t\t\t<\/div>\n\t<\/div>\n<\/div>\t\t\t\t\t\t\n\t\t\t\t\t\t\t\t\t<\/div>\n\t\t\t\t\t\t\t<div class=\"vc_row\">\n\t\t\t\t\t\t\t\t\t\t\t\t\t\t\t\t\t\t<div class=\"item one half\">\n\t<div class=\"inner-wrap\">\n\t\t\t\t<div class=\"data\">\n\t\t\t<div class=\"meta-data\">\n\t\t\t\t<div class=\"date\">\n\t\t\t\t\t<i class=\"icon-edtime3\"><\/i>\n\t\t\t\t\t\t\t\t\t\t\t05. 09. 2025\t\t\t\t\t\t\t\t\t<\/div>\n\t\t\t\t\t\t\t\t\t\t\t<\/div>\n\t\t\t<h3>\n\t\t\t\t<a title=\"\u0160ablony II OP JAK pro BIGY v \u010cB\"\n\t\t\t\t   href=\"https:\/\/bigycb.cz\/bigy\/sablony-ii-op-jak-pro-bigy-v-cb\/\">\n\t\t\t\t\t\u0160ablony II OP JAK pro BIGY v \u010cB\t\t\t\t<\/a>\n\t\t\t<\/h3>\n\t\t\t\t\t\t\t\t<\/div>\n\t<\/div>\n<\/div>\t\t\t\t\t\t\n\t\t\t\t\t\t\t\t\t\t\t\t\t\t\t\t\t\t<div class=\"item one half\">\n\t<div class=\"inner-wrap\">\n\t\t\t\t<div class=\"data\">\n\t\t\t<div class=\"meta-data\">\n\t\t\t\t<div class=\"date\">\n\t\t\t\t\t<i class=\"icon-edtime3\"><\/i>\n\t\t\t\t\t\t\t\t\t\t\t05. 09. 2025\t\t\t\t\t\t\t\t\t<\/div>\n\t\t\t\t\t\t\t\t\t\t\t<\/div>\n\t\t\t<h3>\n\t\t\t\t<a title=\"Ob\u011bdy pro jiho\u010desk\u00e9 d\u011bti II.\"\n\t\t\t\t   href=\"https:\/\/bigycb.cz\/bigy\/obedy-pro-jihoceske-deti-ii\/\">\n\t\t\t\t\tOb\u011bdy pro jiho\u010desk\u00e9 d\u011bti II.\t\t\t\t<\/a>\n\t\t\t<\/h3>\n\t\t\t\t\t\t\t\t<\/div>\n\t<\/div>\n<\/div>\t\t\t\t\t\t\n\t\t\t\t\t\t\t\t\t<\/div>\n\t\t\t\t\t\t\t<div class=\"vc_row\">\n\t\t\t\t\t\t\t\t\t\t\t\t\t\t\t\t\t\t<div class=\"item one half\">\n\t<div class=\"inner-wrap\">\n\t\t\t\t<div class=\"data\">\n\t\t\t<div class=\"meta-data\">\n\t\t\t\t<div class=\"date\">\n\t\t\t\t\t<i class=\"icon-edtime3\"><\/i>\n\t\t\t\t\t\t\t\t\t\t\t20. 05. 2024\t\t\t\t\t\t\t\t\t<\/div>\n\t\t\t\t\t\t\t\t\t\t\t<\/div>\n\t\t\t<h3>\n\t\t\t\t<a title=\"Reprezentace Bigysboru na mezin\u00e1rodn\u00ed sout\u011b\u017ei\"\n\t\t\t\t   href=\"https:\/\/bigycb.cz\/bigy\/reprezentace-bigysboru-na-mezinarodni-soutezi\/\">\n\t\t\t\t\tReprezentace Bigysboru na mezin\u00e1rodn\u00ed sout\u011b\u017ei\t\t\t\t<\/a>\n\t\t\t<\/h3>\n\t\t\t\t\t\t\t\t<\/div>\n\t<\/div>\n<\/div>\t\t\t\t\t\t\n\t\t\t\t\t\t\t\t\t\t\t\t\t\t\t\t\t\t<div class=\"item one half\">\n\t<div class=\"inner-wrap\">\n\t\t\t\t<div class=\"data\">\n\t\t\t<div class=\"meta-data\">\n\t\t\t\t<div class=\"date\">\n\t\t\t\t\t<i class=\"icon-edtime3\"><\/i>\n\t\t\t\t\t\t\t\t\t\t\t02. 05. 2024\t\t\t\t\t\t\t\t\t<\/div>\n\t\t\t\t\t\t\t\t\t\t\t<\/div>\n\t\t\t<h3>\n\t\t\t\t<a title=\"Digitalizujeme \u0161kolu 2022-2024\"\n\t\t\t\t   href=\"https:\/\/bigycb.cz\/bigy\/digitalizujeme-skolu-2022-2024\/\">\n\t\t\t\t\tDigitalizujeme \u0161kolu 2022-2024\t\t\t\t<\/a>\n\t\t\t<\/h3>\n\t\t\t\t\t\t\t\t<\/div>\n\t<\/div>\n<\/div>\t\t\t\t\t\t\n\t\t\t\t\t\t\t\t\t<\/div>\n\t\t\t\t\t\t\t<div class=\"vc_row\">\n\t\t\t\t\t\t\t\t\t\t\t\t\t\t\t\t\t\t<div class=\"item one half\">\n\t<div class=\"inner-wrap\">\n\t\t\t\t<div class=\"data\">\n\t\t\t<div class=\"meta-data\">\n\t\t\t\t<div class=\"date\">\n\t\t\t\t\t<i class=\"icon-edtime3\"><\/i>\n\t\t\t\t\t\t\t\t\t\t\t09. 09. 2023\t\t\t\t\t\t\t\t\t<\/div>\n\t\t\t\t\t\t\t\t\t\t\t<\/div>\n\t\t\t<h3>\n\t\t\t\t<a title=\"\u0160ablony OP JAK pro BIGY v \u010cB\"\n\t\t\t\t   href=\"https:\/\/bigycb.cz\/bigy\/sablony-op-jak-pro-bigy-v-cb\/\">\n\t\t\t\t\t\u0160ablony OP JAK pro BIGY v \u010cB\t\t\t\t<\/a>\n\t\t\t<\/h3>\n\t\t\t\t\t\t\t\t<\/div>\n\t<\/div>\n<\/div>\t\t\t\t\t\t\n\t\t\t\t\t\t\t\t\t\t\t\t\t\t\t\t\t\t<div class=\"item one half\">\n\t<div class=\"inner-wrap\">\n\t\t\t\t<div class=\"data\">\n\t\t\t<div class=\"meta-data\">\n\t\t\t\t<div class=\"date\">\n\t\t\t\t\t<i class=\"icon-edtime3\"><\/i>\n\t\t\t\t\t\t\t\t\t\t\t01. 09. 2023\t\t\t\t\t\t\t\t\t<\/div>\n\t\t\t\t\t\t\t\t\t\t\t<\/div>\n\t\t\t<h3>\n\t\t\t\t<a title=\"Ob\u011bdy pro jiho\u010desk\u00e9 d\u011bti\"\n\t\t\t\t   href=\"https:\/\/bigycb.cz\/bigy\/obedy-pro-jihoceske-deti\/\">\n\t\t\t\t\tOb\u011bdy pro jiho\u010desk\u00e9 d\u011bti\t\t\t\t<\/a>\n\t\t\t<\/h3>\n\t\t\t\t\t\t\t\t<\/div>\n\t<\/div>\n<\/div>\t\t\t\t\t\t\n\t\t\t\t\t\t\t\t\t<\/div>\n\t\t\t\t\t\t\t<div class=\"vc_row\">\n\t\t\t\t\t\t\t\t\t\t\t\t\t\t\t\t\t\t<div class=\"item one half\">\n\t<div class=\"inner-wrap\">\n\t\t\t\t<div class=\"data\">\n\t\t\t<div class=\"meta-data\">\n\t\t\t\t<div class=\"date\">\n\t\t\t\t\t<i class=\"icon-edtime3\"><\/i>\n\t\t\t\t\t\t\t\t\t\t\t04. 08. 2023\t\t\t\t\t\t\t\t\t<\/div>\n\t\t\t\t\t\t\t\t\t\t\t<\/div>\n\t\t\t<h3>\n\t\t\t\t<a title=\"Reprezentace Bigysboru na mezin\u00e1rodn\u00edm sborov\u00e9m festivalu v\u00a0It\u00e1lii\"\n\t\t\t\t   href=\"https:\/\/bigycb.cz\/bigy\/reprezentace-bigysboru-na-mezinarodnim-sborovem-festivalu-v-italii\/\">\n\t\t\t\t\tReprezentace Bigysboru na mezin\u00e1rodn\u00edm sborov\u00e9m festivalu v\u00a0It\u00e1lii\t\t\t\t<\/a>\n\t\t\t<\/h3>\n\t\t\t\t\t\t\t\t<\/div>\n\t<\/div>\n<\/div>\t\t\t\t\t\t\n\t\t\t\t\t\t\t\t\t\t\t\t\t\t\t\t\t\t<div class=\"item one half\">\n\t<div class=\"inner-wrap\">\n\t\t\t\t<div class=\"data\">\n\t\t\t<div class=\"meta-data\">\n\t\t\t\t<div class=\"date\">\n\t\t\t\t\t<i class=\"icon-edtime3\"><\/i>\n\t\t\t\t\t\t\t\t\t\t\t03. 05. 2023\t\t\t\t\t\t\t\t\t<\/div>\n\t\t\t\t\t\t\t\t\t\t\t<\/div>\n\t\t\t<h3>\n\t\t\t\t<a title=\"My v tom Jiho\u010dechy nenech\u00e1me I\"\n\t\t\t\t   href=\"https:\/\/bigycb.cz\/bigy\/my-v-tom-jihocechy-nenechame-i\/\">\n\t\t\t\t\tMy v tom Jiho\u010dechy nenech\u00e1me I\t\t\t\t<\/a>\n\t\t\t<\/h3>\n\t\t\t\t\t\t\t\t<\/div>\n\t<\/div>\n<\/div>\t\t\t\t\t\t\n\t\t\t\t\t\t\t\t\t<\/div>\n\t\t\t\t\t\t\t\t<\/div>\n\t\t[\/vc_column][\/vc_row]<\/p>\n","protected":false},"excerpt":{"rendered":"<p>[vc_row][vc_column][vc_custom_heading text=&#8221;Projekty&#8221; font_container=&#8221;tag:h1|text_align:left&#8221; use_theme_fonts=&#8221;yes&#8221;][\/vc_column][\/vc_row][vc_row][vc_column][\/vc_column][\/vc_row]<\/p>\n","protected":false},"author":1,"featured_media":0,"parent":0,"menu_order":0,"comment_status":"closed","ping_status":"closed","template":"template-sidebar-right-childpages.php","meta":{"footnotes":""},"class_list":["post-940","page","type-page","status-publish","hentry","odd"],"_links":{"self":[{"href":"https:\/\/bigycb.cz\/bigy\/wp-json\/wp\/v2\/pages\/940","targetHints":{"allow":["GET"]}}],"collection":[{"href":"https:\/\/bigycb.cz\/bigy\/wp-json\/wp\/v2\/pages"}],"about":[{"href":"https:\/\/bigycb.cz\/bigy\/wp-json\/wp\/v2\/types\/page"}],"author":[{"embeddable":true,"href":"https:\/\/bigycb.cz\/bigy\/wp-json\/wp\/v2\/users\/1"}],"replies":[{"embeddable":true,"href":"https:\/\/bigycb.cz\/bigy\/wp-json\/wp\/v2\/comments?post=940"}],"version-history":[{"count":11,"href":"https:\/\/bigycb.cz\/bigy\/wp-json\/wp\/v2\/pages\/940\/revisions"}],"predecessor-version":[{"id":7381,"href":"https:\/\/bigycb.cz\/bigy\/wp-json\/wp\/v2\/pages\/940\/revisions\/7381"}],"wp:attachment":[{"href":"https:\/\/bigycb.cz\/bigy\/wp-json\/wp\/v2\/media?parent=940"}],"curies":[{"name":"wp","href":"https:\/\/api.w.org\/{rel}","templated":true}]}}