{"id":909,"date":"2022-02-23T07:52:37","date_gmt":"2022-02-23T06:52:37","guid":{"rendered":"https:\/\/bigycb.cz\/demo\/?page_id=909"},"modified":"2023-11-11T07:25:14","modified_gmt":"2023-11-11T06:25:14","slug":"studentsky-kostel","status":"publish","type":"page","link":"https:\/\/bigycb.cz\/bigy\/o-skole\/zazemi-skoly\/studentsky-kostel\/","title":{"rendered":"Studentsk\u00fd kostel"},"content":{"rendered":"<p>[vc_row][vc_column][vc_column_text]<\/p>\n<h1>Studentsk\u00fd kostel<\/h1>\n<div id=\"attachment_910\" style=\"width: 310px\" class=\"wp-caption alignright\"><a href=\"https:\/\/bigycb.cz\/bigy\/wp-content\/uploads\/studentsky_kostel1.jpg\" rel=\"lightbox[909]\"><img loading=\"lazy\" decoding=\"async\" aria-describedby=\"caption-attachment-910\" class=\"size-medium wp-image-910\" src=\"https:\/\/bigycb.cz\/bigy\/wp-content\/uploads\/studentsky_kostel1-300x245.jpg\" alt=\"\" width=\"300\" height=\"245\" srcset=\"https:\/\/bigycb.cz\/bigy\/wp-content\/uploads\/studentsky_kostel1-300x245.jpg 300w, https:\/\/bigycb.cz\/bigy\/wp-content\/uploads\/studentsky_kostel1.jpg 1024w\" sizes=\"auto, (max-width: 300px) 100vw, 300px\" \/><\/a><p id=\"caption-attachment-910\" class=\"wp-caption-text\">Studentsk\u00fd kostel sv. Rodiny<\/p><\/div>\n<p>Studentsk\u00fd kostel sv. Rodiny zkonfiskovan\u00fd spolu s are\u00e1lem cel\u00e9ho kl\u00e1\u0161tera a sirot\u010dince boromejek komunistick\u00fdm re\u017eimem doned\u00e1vna slou\u017eil jako sklad st\u00e1tn\u00edho archivu. P\u0159ed v\u00edce ne\u017e \u010dty\u0159iceti lety byl z kostela odstran\u011bn p\u016fvodn\u00ed mobili\u00e1\u0159, aby byl posl\u00e9ze nahrazen reg\u00e1ly na archiv\u00e1lie, kter\u00e9 jej v pr\u016fb\u011bhu \u010dasu zcela vyplnily. Prostor de facto zmizel.<\/p>\n<p>Od roku 2011 se ale kostel razantn\u011b prom\u011bnil. Po dlouh\u00e9 a usilovn\u00e9 pr\u00e1ci byly stohy pap\u00edr\u016f vyklizeny, odst\u011bhov\u00e1ny byly i patrov\u00e9 reg\u00e1ly. Prostor se znovu objevil. Trochu zvet\u0161el\u00fd, zapr\u00e1\u0161en\u00fd, smutn\u00fd, av\u0161ak s nad\u011bj\u00ed, \u017ee do n\u011bho vstoup\u00ed nov\u00fd duchovn\u00ed \u017eivot.<\/p>\n<p>Z\u00e1sluhou b\u00fdval\u00e9ho spiritu\u00e1la Biskupsk\u00e9ho gymn\u00e1zia P. Josefa Proke\u0161e spolu se zn\u00e1m\u00fdm \u010desk\u00fdm architektem Josefem Pleskotem vznikl projekt obnovy, kter\u00e1 byla zavr\u0161ena v roce 2014 slavnostn\u00edm sv\u011bcen\u00edm olt\u00e1\u0159e. Obnova zahrnovala \u2013 zateplen\u00ed, kompletn\u00ed osv\u011btlen\u00ed, ozvu\u010den\u00ed, renovaci zd\u00ed a polo\u017een\u00ed zlat\u00e9ho rastru, nov\u00fd olt\u00e1\u0159, ambon, svatost\u00e1nek, p\u0159enosn\u00e9 \u017eidle a liturgick\u00e9 n\u00e1dob\u00ed. Kostel se prom\u011bnil v m\u00edsto setk\u00e1v\u00e1n\u00ed a prostor prostoupen\u00fd duchovn\u00edm i kulturn\u00edm \u017eivotem.<\/p>\n<p>Nyn\u00ed toto m\u00edsto slou\u017e\u00ed nejen Biskupsk\u00e9mu gymn\u00e1ziu, ale i \u0161irok\u00e9 ve\u0159ejnosti. Program kostela je v\u0161ak zam\u011b\u0159en hlavn\u011b na studenty. Proto se zde konaj\u00ed popul\u00e1rn\u011b-nau\u010dn\u00e9 p\u0159edn\u00e1\u0161ky, debaty, ale tak\u00e9 divadeln\u00ed p\u0159edstaven\u00ed, koncerty, vernis\u00e1\u017ee a v\u00fdstavy. Co se duchovn\u00edho \u017eivota t\u00fdk\u00e1, pravideln\u011b se zde konaj\u00ed studentsk\u00e9 m\u0161e svat\u00e9, modlitby ne\u0161por, adorace a dal\u0161\u00ed.<\/p>\n<hr \/>\n<p>V\u00edce informac\u00ed najdete na <a href=\"https:\/\/www.facebook.com\/kostelprobigy\" target=\"_blank\" rel=\"noopener\">facebookov\u00e9 str\u00e1nce kostela \u00bb<\/a>[\/vc_column_text][\/vc_column][\/vc_row][vc_row][vc_column][vc_video link=&#8221;https:\/\/www.youtube.com\/watch?v=7F6jJH8UeXk&#8221;][\/vc_column][\/vc_row]<\/p>\n","protected":false},"excerpt":{"rendered":"<p>[vc_row][vc_column][vc_column_text] Studentsk\u00fd kostel Studentsk\u00fd kostel sv. Rodiny zkonfiskovan\u00fd spolu s are\u00e1lem cel\u00e9ho kl\u00e1\u0161tera a sirot\u010dince boromejek komunistick\u00fdm re\u017eimem doned\u00e1vna slou\u017eil&nbsp;<a href=\"https:\/\/bigycb.cz\/bigy\/o-skole\/zazemi-skoly\/studentsky-kostel\/\">&hellip;<\/a><\/p>\n","protected":false},"author":1,"featured_media":0,"parent":681,"menu_order":0,"comment_status":"closed","ping_status":"closed","template":"template-sidebar-right-childpages.php","meta":{"footnotes":""},"class_list":["post-909","page","type-page","status-publish","hentry","odd"],"_links":{"self":[{"href":"https:\/\/bigycb.cz\/bigy\/wp-json\/wp\/v2\/pages\/909","targetHints":{"allow":["GET"]}}],"collection":[{"href":"https:\/\/bigycb.cz\/bigy\/wp-json\/wp\/v2\/pages"}],"about":[{"href":"https:\/\/bigycb.cz\/bigy\/wp-json\/wp\/v2\/types\/page"}],"author":[{"embeddable":true,"href":"https:\/\/bigycb.cz\/bigy\/wp-json\/wp\/v2\/users\/1"}],"replies":[{"embeddable":true,"href":"https:\/\/bigycb.cz\/bigy\/wp-json\/wp\/v2\/comments?post=909"}],"version-history":[{"count":3,"href":"https:\/\/bigycb.cz\/bigy\/wp-json\/wp\/v2\/pages\/909\/revisions"}],"predecessor-version":[{"id":1728,"href":"https:\/\/bigycb.cz\/bigy\/wp-json\/wp\/v2\/pages\/909\/revisions\/1728"}],"up":[{"embeddable":true,"href":"https:\/\/bigycb.cz\/bigy\/wp-json\/wp\/v2\/pages\/681"}],"wp:attachment":[{"href":"https:\/\/bigycb.cz\/bigy\/wp-json\/wp\/v2\/media?parent=909"}],"curies":[{"name":"wp","href":"https:\/\/api.w.org\/{rel}","templated":true}]}}