{"id":8391,"date":"2024-10-03T12:43:59","date_gmt":"2024-10-03T10:43:59","guid":{"rendered":"https:\/\/bigycb.cz\/bigy\/?page_id=8391"},"modified":"2024-10-17T20:43:06","modified_gmt":"2024-10-17T18:43:06","slug":"salesianske-stredisko-mladeze","status":"publish","type":"page","link":"https:\/\/bigycb.cz\/bigy\/aktivity-skoly\/charitativni-cinnost\/salesianske-stredisko-mladeze\/","title":{"rendered":"Salesi\u00e1nsk\u00e9 st\u0159edisko ml\u00e1de\u017ee"},"content":{"rendered":"<h1>Salesi\u00e1nsk\u00e9 st\u0159edisko ml\u00e1de\u017ee<\/h1>\n<p>N\u00e1\u0161 budouc\u00ed dobrovoln\u00edku \u010di dobrovolnice, dovol mi p\u0159edstavit na\u0161i organizaci:<\/p>\n<h3>Kdo jsme?<\/h3>\n<p>Salesi\u00e1nsk\u00e9 st\u0159edisko ml\u00e1de\u017ee \u2013 d\u016fm d\u011bt\u00ed a ml\u00e1de\u017ee v \u010cesk\u00fdch Bud\u011bjovic\u00edch pracuje v\u00edce ne\u017e 30 let na \u00fazem\u00ed Jiho\u010desk\u00e9ho kraje.\u00a0St\u0159edisko poskytuje pomoc, z\u00e1zem\u00ed a podporu d\u011btem a ml\u00e1de\u017ei ve m\u011bst\u011b \u010cesk\u00e9 Bud\u011bjovice.\u00a0V \u0159ad\u011b na\u0161ich program\u016f doch\u00e1z\u00ed k propojov\u00e1n\u00ed pedagogick\u00e9 a soci\u00e1ln\u00ed oblasti.\u00a0Mezi tradi\u010dn\u00ed nab\u00eddku pedagogick\u00fdch program\u016f pat\u0159\u00ed z\u00e1jmov\u00e9 krou\u017eky, dou\u010dov\u00e1n\u00ed a volno\u010dasov\u00e9 aktivity, jako jsou otev\u0159en\u00e9 herny, p\u0159\u00edm\u011bstsk\u00e9 a pobytov\u00e9 letn\u00ed t\u00e1bory.<\/p>\n<h3>Koho hled\u00e1me?<\/h3>\n<p>Lidi, kter\u00fdm d\u00e1v\u00e1 smysl pom\u00e1hat d\u011btem a neboj\u00ed se poznat n\u011bco nov\u00e9ho.<\/p>\n<blockquote><p>Kontakt: <a href=\"mailto:ilona.paulatova@sasmcb.cz\">ilona.paulatova@sasmcb.cz<\/a>, tel. 734 862 812.<\/p><\/blockquote>\n<p>\u25b6 <strong>V\u00edce informac\u00ed na: <a href=\"https:\/\/www.sasmcb.cz\/\" target=\"_blank\" rel=\"noopener\">www.sasmcb.cz<\/a><\/strong><\/p>\n<hr \/>\n<p><iframe loading=\"lazy\" title=\"YouTube video player\" src=\"https:\/\/www.youtube.com\/embed\/XwN71rWVxFM?si=SE-yssREGConlbuh\" width=\"560\" height=\"315\" frameborder=\"0\" allowfullscreen=\"allowfullscreen\"><\/iframe><\/p>\n","protected":false},"excerpt":{"rendered":"<p>Salesi\u00e1nsk\u00e9 st\u0159edisko ml\u00e1de\u017ee N\u00e1\u0161 budouc\u00ed dobrovoln\u00edku \u010di dobrovolnice, dovol mi p\u0159edstavit na\u0161i organizaci: Kdo jsme? Salesi\u00e1nsk\u00e9 st\u0159edisko ml\u00e1de\u017ee \u2013 d\u016fm&nbsp;<a href=\"https:\/\/bigycb.cz\/bigy\/aktivity-skoly\/charitativni-cinnost\/salesianske-stredisko-mladeze\/\">&hellip;<\/a><\/p>\n","protected":false},"author":1,"featured_media":0,"parent":726,"menu_order":0,"comment_status":"closed","ping_status":"closed","template":"template-sidebar-right-childpages.php","meta":{"footnotes":""},"class_list":["post-8391","page","type-page","status-publish","hentry","odd"],"_links":{"self":[{"href":"https:\/\/bigycb.cz\/bigy\/wp-json\/wp\/v2\/pages\/8391","targetHints":{"allow":["GET"]}}],"collection":[{"href":"https:\/\/bigycb.cz\/bigy\/wp-json\/wp\/v2\/pages"}],"about":[{"href":"https:\/\/bigycb.cz\/bigy\/wp-json\/wp\/v2\/types\/page"}],"author":[{"embeddable":true,"href":"https:\/\/bigycb.cz\/bigy\/wp-json\/wp\/v2\/users\/1"}],"replies":[{"embeddable":true,"href":"https:\/\/bigycb.cz\/bigy\/wp-json\/wp\/v2\/comments?post=8391"}],"version-history":[{"count":7,"href":"https:\/\/bigycb.cz\/bigy\/wp-json\/wp\/v2\/pages\/8391\/revisions"}],"predecessor-version":[{"id":8500,"href":"https:\/\/bigycb.cz\/bigy\/wp-json\/wp\/v2\/pages\/8391\/revisions\/8500"}],"up":[{"embeddable":true,"href":"https:\/\/bigycb.cz\/bigy\/wp-json\/wp\/v2\/pages\/726"}],"wp:attachment":[{"href":"https:\/\/bigycb.cz\/bigy\/wp-json\/wp\/v2\/media?parent=8391"}],"curies":[{"name":"wp","href":"https:\/\/api.w.org\/{rel}","templated":true}]}}