{"id":8362,"date":"2024-10-02T11:34:26","date_gmt":"2024-10-02T09:34:26","guid":{"rendered":"https:\/\/bigycb.cz\/bigy\/?page_id=8362"},"modified":"2024-10-02T11:38:07","modified_gmt":"2024-10-02T09:38:07","slug":"krouzek-ferda","status":"publish","type":"page","link":"https:\/\/bigycb.cz\/bigy\/aktivity-skoly\/charitativni-cinnost\/krouzek-ferda\/","title":{"rendered":"Krou\u017eek Ferda"},"content":{"rendered":"<h1>Krou\u017eek Ferda<\/h1>\n<div class=\"scp-block-quote-alt left scp_block_quote_alt-133f3ebee82d36a4ce241f6b4dc5df17\">\u010cAS S D\u011aTMI, SMYSLUPLNOST, DOBROVOLNICTV\u00cd<\/div>\n<ul>\n<li><strong>Uva\u017euje\u0161 do budoucna o pr\u00e1ci s d\u011btmi a chce\u0161 m\u00edt praxi k\u00a0nezaplacen\u00ed?<\/strong><\/li>\n<li><strong>Chce\u0161 se smyslupln\u011b vzd\u011bl\u00e1vat a posouvat se d\u00e1l?<\/strong><\/li>\n<li><strong>Uplat\u0148ovat sv\u00e9 v\u011bdomosti, schopnosti a kreativitu v\u00a0t\u00fdmu pracuj\u00edc\u00edm s d\u011btmi ze soci\u00e1ln\u011b znev\u00fdhodn\u011bn\u00e9ho prost\u0159ed\u00ed?<\/strong><\/li>\n<\/ul>\n<p style=\"text-align: left;\"><strong>\u00a0<\/strong><strong>JSI NA SPR\u00c1VN\u00c9M M\u00cdST\u011a! <\/strong><\/p>\n<p style=\"text-align: left;\">Hled\u00e1me dobrovoln\u00edky z \u0159ad st\u0159edo\u0161kol\u00e1k\u016f a vysoko\u0161kol\u00e1k\u016f do krou\u017eku <strong>Ferda pro d\u011bti ve v\u011bku 6-14 let, kter\u00fd vedou \u0161kolsk\u00e9 sestry v \u010cesk\u00fdch Bud\u011bjovic\u00edch. <\/strong><\/p>\n<h3>Co Ti m\u016f\u017eeme nab\u00eddnout?<\/h3>\n<ul>\n<li>Stabiln\u00ed a funguj\u00edc\u00ed t\u00fdm organiz\u00e1tor\u016f<\/li>\n<li>Lidsk\u00fd a laskav\u00fd p\u0159\u00edstup<\/li>\n<li>Kreativitu pro tv\u00e9 n\u00e1pady<\/li>\n<li>\u017divotn\u00ed zku\u0161enost<\/li>\n<li>Potvrzen\u00ed o praxi a dobrovolnictv\u00ed (m\u016f\u017ee\u0161 vyu\u017e\u00edt v r\u00e1mci CV, kdy\u017e bude\u0161 \u017e\u00e1dat o pr\u00e1ci\/brig\u00e1du, p\u0159\u00edpadn\u011b ve \u0161kole, u p\u0159ij\u00edmac\u00edch pohovor\u016f na V\u0160 apod.)<\/li>\n<\/ul>\n<h3>Co od Tebe pot\u0159ebujeme?<\/h3>\n<ul>\n<li>Ka\u017ed\u00fd t\u00fdden nebo alespo\u0148 jednou za dva t\u00fddny se \u00fa\u010dastnit setk\u00e1n\u00ed krou\u017eku (<strong>\u00fater\u00fd<\/strong> <strong>14:30- 17:00 star\u0161\u00ed d\u011bti, st\u0159eda 14:30- 17:00 mlad\u0161\u00ed d\u011bti<\/strong>); v p\u0159\u00edpad\u011b, \u017ee m\u00e1\u0161 del\u0161\u00ed \u0161kolu, je mo\u017en\u00e9 se p\u0159ipojit o n\u011bco pozd\u011bji<\/li>\n<li>Pozitivn\u00ed vztah k d\u011btem<\/li>\n<li>Chu\u0165 se u\u010dit a pracovat na sob\u011b<\/li>\n<li>Trp\u011blivost, nadhled a \u201epevn\u00e9 nervy\u201c<\/li>\n<li>Pozitivn\u00ed vztah k manu\u00e1ln\u00ed pr\u00e1ci<\/li>\n<li>Po\u010d\u00edtat s divokost\u00ed a n\u00e1ro\u010dnost\u00ed n\u011bkter\u00fdch d\u011bt\u00ed<\/li>\n<li>Vst\u0159\u00edcn\u00fd postoj ke k\u0159es\u0165ansk\u00fdm hodnot\u00e1m<\/li>\n<\/ul>\n<p>Jezd\u00edme t\u00e9\u017e na <strong>letn\u00ed t\u00e1bor, <\/strong>v\u00a0zim\u011b na <strong>b\u011b\u017eky <\/strong>a v pr\u016fb\u011bhu \u0161koln\u00edho roku ob\u010das na dal\u0161\u00ed v\u00fdlety. Kdy\u017e se spolupr\u00e1ce osv\u011bd\u010d\u00ed, r\u00e1di T\u011b vezmeme s sebou.<\/p>\n<p>M\u016f\u017eeme se potkat, sezn\u00e1mit a rozhodnout, jestli n\u00e1m bude spolupr\u00e1ce vyhovovat\u2026<\/p>\n<p>&nbsp;<\/p>\n<blockquote><p>Krou\u017eek prob\u00edh\u00e1 v are\u00e1lu \u0161kolsk\u00fdch sester U Sv. Josefa, <strong>Na Sadech 19 <\/strong><\/p>\n<p>Kontaktuj n\u00e1s: <strong>721 962 369, jaksicova@bigy-cb.cz<\/strong>, Dana Jak\u0161i\u010dov\u00e1 \u2013 sestra Fidelis<\/p><\/blockquote>\n","protected":false},"excerpt":{"rendered":"<p>Krou\u017eek Ferda Uva\u017euje\u0161 do budoucna o pr\u00e1ci s d\u011btmi a chce\u0161 m\u00edt praxi k\u00a0nezaplacen\u00ed? Chce\u0161 se smyslupln\u011b vzd\u011bl\u00e1vat a posouvat&nbsp;<a href=\"https:\/\/bigycb.cz\/bigy\/aktivity-skoly\/charitativni-cinnost\/krouzek-ferda\/\">&hellip;<\/a><\/p>\n","protected":false},"author":1,"featured_media":0,"parent":726,"menu_order":0,"comment_status":"closed","ping_status":"closed","template":"template-sidebar-right-childpages.php","meta":{"footnotes":""},"class_list":["post-8362","page","type-page","status-publish","hentry","odd"],"_links":{"self":[{"href":"https:\/\/bigycb.cz\/bigy\/wp-json\/wp\/v2\/pages\/8362","targetHints":{"allow":["GET"]}}],"collection":[{"href":"https:\/\/bigycb.cz\/bigy\/wp-json\/wp\/v2\/pages"}],"about":[{"href":"https:\/\/bigycb.cz\/bigy\/wp-json\/wp\/v2\/types\/page"}],"author":[{"embeddable":true,"href":"https:\/\/bigycb.cz\/bigy\/wp-json\/wp\/v2\/users\/1"}],"replies":[{"embeddable":true,"href":"https:\/\/bigycb.cz\/bigy\/wp-json\/wp\/v2\/comments?post=8362"}],"version-history":[{"count":3,"href":"https:\/\/bigycb.cz\/bigy\/wp-json\/wp\/v2\/pages\/8362\/revisions"}],"predecessor-version":[{"id":8365,"href":"https:\/\/bigycb.cz\/bigy\/wp-json\/wp\/v2\/pages\/8362\/revisions\/8365"}],"up":[{"embeddable":true,"href":"https:\/\/bigycb.cz\/bigy\/wp-json\/wp\/v2\/pages\/726"}],"wp:attachment":[{"href":"https:\/\/bigycb.cz\/bigy\/wp-json\/wp\/v2\/media?parent=8362"}],"curies":[{"name":"wp","href":"https:\/\/api.w.org\/{rel}","templated":true}]}}