{"id":8357,"date":"2024-10-02T11:25:37","date_gmt":"2024-10-02T09:25:37","guid":{"rendered":"https:\/\/bigycb.cz\/bigy\/?page_id=8357"},"modified":"2024-11-12T08:34:11","modified_gmt":"2024-11-12T07:34:11","slug":"animal-rescue","status":"publish","type":"page","link":"https:\/\/bigycb.cz\/bigy\/aktivity-skoly\/charitativni-cinnost\/animal-rescue\/","title":{"rendered":"Animal Rescue"},"content":{"rendered":"<h1>Animal Rescue<\/h1>\n<p><strong>1. Ven\u010den\u00ed ps\u016f \u2013 p\u0159\u00edle\u017eitostn\u00e9 akce<\/strong><\/p>\n<p>Pro v\u0161echny milovn\u00edky zv\u00ed\u0159at, p\u0159edev\u0161\u00edm ps\u016f a ko\u010dek je zde nab\u00eddka p\u0159\u00edle\u017eitostn\u00e9ho dobrovolnictv\u00ed v odchytov\u00e9 stanici a \u00fatulku Animal Rescue ve Star\u00fdch Hod\u011bjovic\u00edch. Proto\u017ee nejsou v\u017edy odchycen\u00ed psi tak \u201ekomunikativn\u00ed\u201c, aby je bylo mo\u017en\u00e9 ven\u010dit na vod\u00edtku, tak je nutn\u00e9 se v\u017edy p\u0159ed n\u00e1v\u0161t\u011bvou \u00fatulku domluvit s panem majitelem. Nyn\u00ed sice nemaj\u00ed v \u00fatulku \u017e\u00e1dn\u00e9 pejsky, kter\u00e9 by bylo mo\u017en\u00e9 ven\u010dit, ale situace se bude v pr\u016fb\u011bhu roku m\u011bnit \u2013 sleduj aktu\u00e1ln\u00ed informace na webu.<\/p>\n<p><strong>2. Pomoc s\u00a0\u00fadr\u017ebou, \u00faklidem a st\u011bhov\u00e1n\u00edm v\u00a0\u00fatulku \u2013 jednor\u00e1zov\u00e1 akce<\/strong><\/p>\n<p>Kdo se neboj\u00ed manu\u00e1ln\u00ed pr\u00e1ce a m\u00e1 s\u00edlu a odvahu pomoci opu\u0161t\u011bn\u00fdm zv\u00ed\u0159\u00e1tk\u016fm i jinak, ne\u017e jejich ven\u010den\u00edm, nab\u00edz\u00ed odchytov\u00e1 stanice Animal Rescue mo\u017enost jednor\u00e1zov\u00e9ho dobrovolnick\u00e9ho projektu, p\u0159i n\u011bm\u017e se provede celkov\u00e1 \u00fadr\u017eba \u00fatulku (\u00faklid kotc\u016f, st\u011bhov\u00e1n\u00ed n\u00e1bytku, nat\u00edr\u00e1n\u00ed ploch apod.). Kdy\u017e se\u017eeneme dostatek ochotn\u00fdch lid\u00ed (partu 5-10 student\u016f \u010di studentek), domluv\u00edme se na dni, kdy bychom do \u00fatulku p\u0159ijeli a pomohli s\u00a0t\u011bmito pracemi.<\/p>\n<p>&nbsp;<\/p>\n<blockquote><p>Zaujala v\u00e1s pr\u00e1v\u011b tato nab\u00eddka dobrovolnictv\u00ed a pot\u0159ebujete se dozv\u011bd\u011bt v\u00edce informac\u00ed? Kontaktujte pan\u00ed u\u010ditelku Veroniku Bla\u017eek I\u0148ovou (<a href=\"mailto:inova@bigy-cb.cz\">inova@bigy-cb.cz<\/a>, kabinet francouz\u0161tiny).<\/p><\/blockquote>\n<p>&nbsp;<\/p>\n<p>\u25b6 <strong><a href=\"https:\/\/www.animal-rescue.cz\/\" target=\"_blank\" rel=\"noopener\">www.animal-rescue.cz<\/a><\/strong><\/p>\n","protected":false},"excerpt":{"rendered":"<p>Animal Rescue 1. Ven\u010den\u00ed ps\u016f \u2013 p\u0159\u00edle\u017eitostn\u00e9 akce Pro v\u0161echny milovn\u00edky zv\u00ed\u0159at, p\u0159edev\u0161\u00edm ps\u016f a ko\u010dek je zde nab\u00eddka p\u0159\u00edle\u017eitostn\u00e9ho&nbsp;<a href=\"https:\/\/bigycb.cz\/bigy\/aktivity-skoly\/charitativni-cinnost\/animal-rescue\/\">&hellip;<\/a><\/p>\n","protected":false},"author":1,"featured_media":0,"parent":726,"menu_order":0,"comment_status":"closed","ping_status":"closed","template":"template-sidebar-right-childpages.php","meta":{"footnotes":""},"class_list":["post-8357","page","type-page","status-publish","hentry","odd"],"_links":{"self":[{"href":"https:\/\/bigycb.cz\/bigy\/wp-json\/wp\/v2\/pages\/8357","targetHints":{"allow":["GET"]}}],"collection":[{"href":"https:\/\/bigycb.cz\/bigy\/wp-json\/wp\/v2\/pages"}],"about":[{"href":"https:\/\/bigycb.cz\/bigy\/wp-json\/wp\/v2\/types\/page"}],"author":[{"embeddable":true,"href":"https:\/\/bigycb.cz\/bigy\/wp-json\/wp\/v2\/users\/1"}],"replies":[{"embeddable":true,"href":"https:\/\/bigycb.cz\/bigy\/wp-json\/wp\/v2\/comments?post=8357"}],"version-history":[{"count":4,"href":"https:\/\/bigycb.cz\/bigy\/wp-json\/wp\/v2\/pages\/8357\/revisions"}],"predecessor-version":[{"id":8360,"href":"https:\/\/bigycb.cz\/bigy\/wp-json\/wp\/v2\/pages\/8357\/revisions\/8360"}],"up":[{"embeddable":true,"href":"https:\/\/bigycb.cz\/bigy\/wp-json\/wp\/v2\/pages\/726"}],"wp:attachment":[{"href":"https:\/\/bigycb.cz\/bigy\/wp-json\/wp\/v2\/media?parent=8357"}],"curies":[{"name":"wp","href":"https:\/\/api.w.org\/{rel}","templated":true}]}}