{"id":8263,"date":"2024-09-23T14:42:58","date_gmt":"2024-09-23T12:42:58","guid":{"rendered":"https:\/\/bigycb.cz\/bigy\/?page_id=8263"},"modified":"2024-09-24T14:18:35","modified_gmt":"2024-09-24T12:18:35","slug":"sirotcinec-karibu","status":"publish","type":"page","link":"https:\/\/bigycb.cz\/bigy\/aktivity-skoly\/charitativni-cinnost\/sirotcinec-karibu\/","title":{"rendered":"Sirot\u010dinec Karibu"},"content":{"rendered":"<p>[vc_row][vc_column][vc_custom_heading text=&#8221;Sirot\u010dinec Karibu Nyumbani a Welcome Home School v Tanzanii&#8221; font_container=&#8221;tag:h1|text_align:left&#8221; use_theme_fonts=&#8221;yes&#8221;][vc_column_text]Finan\u010dn\u00ed, materi\u00e1ln\u00ed i osobn\u00ed podpora d\u011bt\u00ed v sirot\u010dinci a d\u011bt\u00ed z nemajetn\u00fdch rodin ve vsi Boko Temboni.\u00a0 Krom\u011b p\u0159\u00edle\u017eitostn\u00fdch v\u011bcn\u00fdch sb\u00edrek maj\u00ed t\u0159\u00eddy i pedagogov\u00e9 mo\u017enost \u201eadopce na d\u00e1lku\u201c, tj. placen\u00ed \u0161koln\u00e9ho konkr\u00e9tn\u00edmu d\u00edt\u011bti. \u0160koln\u00e9 a stravn\u00e9 ve Welcome Home School, co\u017e je soukrom\u00e1 mate\u0159sk\u00e1 a z\u00e1kladn\u00ed \u0161kola s anglick\u00fdm vyu\u010dovac\u00edm jazykem, vych\u00e1z\u00ed na 10 000 K\u010d na \u0161koln\u00ed rok. D\u011bti, kter\u00e9 do n\u00ed chod\u00ed, maj\u00ed \u0161anci na lep\u0161\u00ed vzd\u011bl\u00e1n\u00ed a pracovn\u00ed uplatn\u011bn\u00ed.<\/p>\n<p>\u25b6 <strong><a href=\"https:\/\/bigycb.cz\/bigy\/wp-content\/uploads\/tanzanie_deti_popis.pdf\" target=\"_blank\" rel=\"noopener\">Tyto d\u011bti by letos pot\u0159ebovaly podpo\u0159it.<\/a><\/strong><\/p>\n<p>Pro zletil\u00e9 studenty se nab\u00edz\u00ed mo\u017enost vyjet na n\u011bkolikam\u011bs\u00ed\u010dn\u00ed dobrovolnick\u00fd v\u00fdjezd p\u0159\u00edmo do Tanzanie, co\u017e je \u017eivotn\u00ed zku\u0161enost k\u00a0nezaplacen\u00ed. Zde je mo\u017en\u00e9 se zapojit do pr\u00e1ce s\u00a0d\u011btmi v\u00a0sirot\u010dinci nebo do v\u00fduky angli\u010dtiny ve \u0161kole a \u0161kolce.<\/p>\n<p>V\u00edce na\u00a0<a href=\"https:\/\/www.kntanzanie.cz\/\" target=\"_blank\" rel=\"noopener\">https:\/\/www.kntanzanie.cz<\/a>, na informa\u010dn\u00edm mailu\u00a0<a href=\"mailto:whtanzania@gmail.com\">whtanzania@gmail.com<\/a> nebo u pan\u00ed u\u010ditelky Dany Jak\u0161i\u010dov\u00e9 (<a href=\"mailto:jaksicova@bigy-cb.cz\">jaksicova@bigy-cb.cz<\/a>).[\/vc_column_text][\/vc_column][\/vc_row][vc_row css=&#8221;.vc_custom_1727087833944{padding: 15px !important;background-color: #f2f2f2 !important;}&#8221;][vc_column][vc_media_grid element_width=&#8221;2&#8243; item=&#8221;mediaGrid_SimpleOverlay&#8221; grid_id=&#8221;vc_gid:1727180295358-9b691bdb-218a-9&#8243; include=&#8221;8266,8267,8268,8269,8270,8271,8272,8273,8274,8275,8276,8277&#8243;][\/vc_column][\/vc_row]<\/p>\n","protected":false},"excerpt":{"rendered":"<p>[vc_row][vc_column][vc_custom_heading text=&#8221;Sirot\u010dinec Karibu Nyumbani a Welcome Home School v Tanzanii&#8221; font_container=&#8221;tag:h1|text_align:left&#8221; use_theme_fonts=&#8221;yes&#8221;][vc_column_text]Finan\u010dn\u00ed, materi\u00e1ln\u00ed i osobn\u00ed podpora d\u011bt\u00ed v sirot\u010dinci a&nbsp;<a href=\"https:\/\/bigycb.cz\/bigy\/aktivity-skoly\/charitativni-cinnost\/sirotcinec-karibu\/\">&hellip;<\/a><\/p>\n","protected":false},"author":1,"featured_media":0,"parent":726,"menu_order":0,"comment_status":"closed","ping_status":"closed","template":"template-sidebar-right-childpages.php","meta":{"footnotes":""},"class_list":["post-8263","page","type-page","status-publish","hentry","odd"],"_links":{"self":[{"href":"https:\/\/bigycb.cz\/bigy\/wp-json\/wp\/v2\/pages\/8263","targetHints":{"allow":["GET"]}}],"collection":[{"href":"https:\/\/bigycb.cz\/bigy\/wp-json\/wp\/v2\/pages"}],"about":[{"href":"https:\/\/bigycb.cz\/bigy\/wp-json\/wp\/v2\/types\/page"}],"author":[{"embeddable":true,"href":"https:\/\/bigycb.cz\/bigy\/wp-json\/wp\/v2\/users\/1"}],"replies":[{"embeddable":true,"href":"https:\/\/bigycb.cz\/bigy\/wp-json\/wp\/v2\/comments?post=8263"}],"version-history":[{"count":9,"href":"https:\/\/bigycb.cz\/bigy\/wp-json\/wp\/v2\/pages\/8263\/revisions"}],"predecessor-version":[{"id":8292,"href":"https:\/\/bigycb.cz\/bigy\/wp-json\/wp\/v2\/pages\/8263\/revisions\/8292"}],"up":[{"embeddable":true,"href":"https:\/\/bigycb.cz\/bigy\/wp-json\/wp\/v2\/pages\/726"}],"wp:attachment":[{"href":"https:\/\/bigycb.cz\/bigy\/wp-json\/wp\/v2\/media?parent=8263"}],"curies":[{"name":"wp","href":"https:\/\/api.w.org\/{rel}","templated":true}]}}