{"id":8244,"date":"2024-09-23T14:04:30","date_gmt":"2024-09-23T12:04:30","guid":{"rendered":"https:\/\/bigycb.cz\/bigy\/?page_id=8244"},"modified":"2024-11-12T08:34:58","modified_gmt":"2024-11-12T07:34:58","slug":"arpida","status":"publish","type":"page","link":"https:\/\/bigycb.cz\/bigy\/aktivity-skoly\/charitativni-cinnost\/arpida\/","title":{"rendered":"Arpida"},"content":{"rendered":"<p>[vc_row][vc_column][vc_custom_heading text=&#8221;ARPIDA, centrum pro rehabilitaci osob se zdravotn\u00edm posti\u017een\u00edm, z.\u00fa.&#8221; font_container=&#8221;tag:h1|text_align:left&#8221; use_theme_fonts=&#8221;yes&#8221;][vc_column_text]Centrum ARPIDA poskytuje komplexn\u00ed koordinovanou podporu v duchu ucelen\u00e9ho syst\u00e9mu rehabilitace (prost\u0159edky l\u00e9\u010debn\u00e9, soci\u00e1ln\u00ed, pedagogick\u00e9 a pracovn\u00ed) osob\u00e1m s t\u011blesn\u00fdm a kombinovan\u00fdm posti\u017een\u00edm.<\/p>\n<p><strong>Jednor\u00e1zov\u00e9 dobrovolnick\u00e9 akce pro v\u0161echny kreativn\u00ed studenty 18+:<\/strong> Pomoc s\u00a0p\u0159\u00edpravou materi\u00e1l\u016f, vyr\u00e1b\u011bn\u00ed p\u0159edm\u011bt\u016f samostatn\u011b i spole\u010dn\u011b s\u00a0klienty centra Arpida. V\u017edy v\u00a0odpoledn\u00edch hodin\u00e1ch (p\u0159ibli\u017en\u011b 6-7 akc\u00ed za rok). A\u010dkoli maj\u00ed v\u00a0Arpid\u011b aktu\u00e1ln\u011b kapacitu dobrovoln\u00edk\u016f napln\u011bnou, budou r\u00e1di za ka\u017ed\u00e9ho <em>n\u00e1hradn\u00edka <\/em>v\u00a0p\u0159\u00edpad\u011b, \u017ee jim zrovna n\u011bkdo z\u00a0t\u00fdmu vypadne.<\/p>\n<p>&nbsp;<\/p>\n<blockquote><p>Zaujala v\u00e1s pr\u00e1v\u011b tato nab\u00eddka dobrovolnictv\u00ed a pot\u0159ebujete se dozv\u011bd\u011bt v\u00edce informac\u00ed? Kontaktujte pan\u00ed u\u010ditelku Veroniku Bla\u017eek I\u0148ovou (<a href=\"mailto:inova@bigy-cb.cz\">inova@bigy-cb.cz<\/a>, kabinet francouz\u0161tiny).<\/p><\/blockquote>\n<p>[\/vc_column_text][vc_column_text]\u25b6 <strong><a href=\"https:\/\/www.arpida.cz\/nabizim-pomoc\">www.arpida.cz\/nabizim-pomoc<\/a><\/strong>[\/vc_column_text][\/vc_column][\/vc_row][vc_row css=&#8221;.vc_custom_1727087833944{padding: 15px !important;background-color: #f2f2f2 !important;}&#8221;][vc_column][vc_media_grid item=&#8221;mediaGrid_SimpleOverlay&#8221; grid_id=&#8221;vc_gid:1731396868660-588b5c38-9b23-7&#8243; include=&#8221;8248,8249,8250&#8243;][\/vc_column][\/vc_row]<\/p>\n","protected":false},"excerpt":{"rendered":"<p>[vc_row][vc_column][vc_custom_heading text=&#8221;ARPIDA, centrum pro rehabilitaci osob se zdravotn\u00edm posti\u017een\u00edm, z.\u00fa.&#8221; font_container=&#8221;tag:h1|text_align:left&#8221; use_theme_fonts=&#8221;yes&#8221;][vc_column_text]Centrum ARPIDA poskytuje komplexn\u00ed koordinovanou podporu v duchu ucelen\u00e9ho&nbsp;<a href=\"https:\/\/bigycb.cz\/bigy\/aktivity-skoly\/charitativni-cinnost\/arpida\/\">&hellip;<\/a><\/p>\n","protected":false},"author":1,"featured_media":0,"parent":726,"menu_order":0,"comment_status":"closed","ping_status":"closed","template":"template-sidebar-right-childpages.php","meta":{"footnotes":""},"class_list":["post-8244","page","type-page","status-publish","hentry","odd"],"_links":{"self":[{"href":"https:\/\/bigycb.cz\/bigy\/wp-json\/wp\/v2\/pages\/8244","targetHints":{"allow":["GET"]}}],"collection":[{"href":"https:\/\/bigycb.cz\/bigy\/wp-json\/wp\/v2\/pages"}],"about":[{"href":"https:\/\/bigycb.cz\/bigy\/wp-json\/wp\/v2\/types\/page"}],"author":[{"embeddable":true,"href":"https:\/\/bigycb.cz\/bigy\/wp-json\/wp\/v2\/users\/1"}],"replies":[{"embeddable":true,"href":"https:\/\/bigycb.cz\/bigy\/wp-json\/wp\/v2\/comments?post=8244"}],"version-history":[{"count":6,"href":"https:\/\/bigycb.cz\/bigy\/wp-json\/wp\/v2\/pages\/8244\/revisions"}],"predecessor-version":[{"id":8610,"href":"https:\/\/bigycb.cz\/bigy\/wp-json\/wp\/v2\/pages\/8244\/revisions\/8610"}],"up":[{"embeddable":true,"href":"https:\/\/bigycb.cz\/bigy\/wp-json\/wp\/v2\/pages\/726"}],"wp:attachment":[{"href":"https:\/\/bigycb.cz\/bigy\/wp-json\/wp\/v2\/media?parent=8244"}],"curies":[{"name":"wp","href":"https:\/\/api.w.org\/{rel}","templated":true}]}}