{"id":8229,"date":"2024-09-23T12:43:57","date_gmt":"2024-09-23T10:43:57","guid":{"rendered":"https:\/\/bigycb.cz\/bigy\/?page_id=8229"},"modified":"2024-11-12T08:36:43","modified_gmt":"2024-11-12T07:36:43","slug":"svaciny-na-dvorku","status":"publish","type":"page","link":"https:\/\/bigycb.cz\/bigy\/aktivity-skoly\/charitativni-cinnost\/svaciny-na-dvorku\/","title":{"rendered":"Sva\u010diny na dvorku"},"content":{"rendered":"<p>[vc_row][vc_column][vc_custom_heading text=&#8221;Sva\u010diny na dvorku&#8221; font_container=&#8221;tag:h1|text_align:left&#8221; use_theme_fonts=&#8221;yes&#8221;][vc_column_text]Na na\u0161em gymn\u00e1ziu se Sva\u010dina na dvorku stala ji\u017e zavedenou a obl\u00edbenou tradic\u00ed. Po\u0159\u00e1daj\u00edc\u00ed t\u0159\u00edda si ve spolupr\u00e1ci se sv\u00fdm t\u0159\u00eddn\u00edm u\u010ditelem (pop\u0159. s vyu\u010duj\u00edc\u00edmi etiky \u010di n\u00e1bo\u017eenstv\u00ed) krom\u011b p\u0159\u00edsp\u011bvku na sv\u016fj maturitn\u00ed \u00fa\u010det vol\u00ed tak\u00e9 libovolnou charitativn\u00ed organizaci \u010di dobro\u010dinn\u00fd \u00fa\u010del, na kter\u00fd p\u0159isp\u00edv\u00e1 minim\u00e1ln\u011b polovinou sv\u00e9ho v\u00fdd\u011blku. C\u00edlem akce nen\u00ed jen u\u017e\u00edt si dobr\u00e9 j\u00eddlo a z\u00edskat finan\u010dn\u00ed p\u0159\u00edsp\u011bvek na maturitn\u00ed ples, ale je to i skv\u011bl\u00e1 p\u0159\u00edle\u017eitost vykonat dobr\u00fd skutek, procvi\u010dit si t\u00fdmovou spolupr\u00e1ci a za\u017e\u00edt p\u0159\u00e1telskou atmosf\u00e9ru.<\/p>\n<blockquote><p>Pro v\u00edce informac\u00ed kontaktujte pan\u00ed u\u010ditelku Veroniku Bla\u017eek I\u0148ovou (<a href=\"mailto:inova@bigy-cb.cz\">inova@bigy-cb.cz<\/a>, kabinet francouz\u0161tiny).<\/p><\/blockquote>\n<p>[\/vc_column_text][vc_column_text]\u25b6 <strong><a href=\"https:\/\/bigycb.cz\/bigy\/wp-content\/uploads\/svacina_na_dvorku_navod_2024.pdf\">U\u017dITE\u010cN\u00c9 RADY A ZKU\u0160ENOSTI OD OSTATN\u00cdCH &#8220;SVA\u010cIN\u00c1\u0158\u016e&#8221;<\/a><\/strong><\/p>\n<p>\u25b6 <strong><a href=\"https:\/\/docs.google.com\/spreadsheets\/d\/1XWKXjkj7czy5zULor7UDOCdxImfVwDQdi-i_Gme1Hsk\/edit?usp=sharing\" target=\"_blank\" rel=\"noopener\">ONLINE TABULKA K P\u0158IHLA\u0160OV\u00c1N\u00cd<\/a><\/strong>[\/vc_column_text][\/vc_column][\/vc_row][vc_row css=&#8221;.vc_custom_1727087833944{padding: 15px !important;background-color: #f2f2f2 !important;}&#8221;][vc_column][vc_media_grid element_width=&#8221;2&#8243; item=&#8221;mediaGrid_SimpleOverlay&#8221; grid_id=&#8221;vc_gid:1731396995010-148c9d9d-3f87-9&#8243; include=&#8221;8235,8234,8233,8232,8231&#8243;][\/vc_column][\/vc_row]<\/p>\n","protected":false},"excerpt":{"rendered":"<p>[vc_row][vc_column][vc_custom_heading text=&#8221;Sva\u010diny na dvorku&#8221; font_container=&#8221;tag:h1|text_align:left&#8221; use_theme_fonts=&#8221;yes&#8221;][vc_column_text]Na na\u0161em gymn\u00e1ziu se Sva\u010dina na dvorku stala ji\u017e zavedenou a obl\u00edbenou tradic\u00ed. Po\u0159\u00e1daj\u00edc\u00ed t\u0159\u00edda&nbsp;<a href=\"https:\/\/bigycb.cz\/bigy\/aktivity-skoly\/charitativni-cinnost\/svaciny-na-dvorku\/\">&hellip;<\/a><\/p>\n","protected":false},"author":1,"featured_media":0,"parent":726,"menu_order":0,"comment_status":"closed","ping_status":"closed","template":"template-sidebar-right-childpages.php","meta":{"footnotes":""},"class_list":["post-8229","page","type-page","status-publish","hentry","odd"],"_links":{"self":[{"href":"https:\/\/bigycb.cz\/bigy\/wp-json\/wp\/v2\/pages\/8229","targetHints":{"allow":["GET"]}}],"collection":[{"href":"https:\/\/bigycb.cz\/bigy\/wp-json\/wp\/v2\/pages"}],"about":[{"href":"https:\/\/bigycb.cz\/bigy\/wp-json\/wp\/v2\/types\/page"}],"author":[{"embeddable":true,"href":"https:\/\/bigycb.cz\/bigy\/wp-json\/wp\/v2\/users\/1"}],"replies":[{"embeddable":true,"href":"https:\/\/bigycb.cz\/bigy\/wp-json\/wp\/v2\/comments?post=8229"}],"version-history":[{"count":9,"href":"https:\/\/bigycb.cz\/bigy\/wp-json\/wp\/v2\/pages\/8229\/revisions"}],"predecessor-version":[{"id":8612,"href":"https:\/\/bigycb.cz\/bigy\/wp-json\/wp\/v2\/pages\/8229\/revisions\/8612"}],"up":[{"embeddable":true,"href":"https:\/\/bigycb.cz\/bigy\/wp-json\/wp\/v2\/pages\/726"}],"wp:attachment":[{"href":"https:\/\/bigycb.cz\/bigy\/wp-json\/wp\/v2\/media?parent=8229"}],"curies":[{"name":"wp","href":"https:\/\/api.w.org\/{rel}","templated":true}]}}