{"id":726,"date":"2022-02-16T10:49:19","date_gmt":"2022-02-16T09:49:19","guid":{"rendered":"https:\/\/bigycb.cz\/demo\/?page_id=726"},"modified":"2024-11-20T13:18:45","modified_gmt":"2024-11-20T12:18:45","slug":"charitativni-cinnost","status":"publish","type":"page","link":"https:\/\/bigycb.cz\/bigy\/aktivity-skoly\/charitativni-cinnost\/","title":{"rendered":"Dobrovolnictv\u00ed a charitativn\u00ed \u010dinnost"},"content":{"rendered":"<p>[vc_row][vc_column css=&#8221;.vc_custom_1490017614850{margin-bottom: 30px !important;}&#8221;][vc_custom_heading text=&#8221;Dobrovolnictv\u00ed a charitativn\u00ed \u010dinnost&#8221; font_container=&#8221;tag:h1|text_align:left&#8221; use_theme_fonts=&#8221;yes&#8221; css=&#8221;.vc_custom_1726247904026{margin-top: 0px !important;margin-bottom: 20px !important;}&#8221;][vc_custom_heading text=&#8221;Kde pom\u00e1h\u00e1me:&#8221; font_container=&#8221;tag:h3|text_align:left|color:%232c7fb4&#8243; use_theme_fonts=&#8221;yes&#8221; css_animation=&#8221;bounceInLeft&#8221; css=&#8221;.vc_custom_1726432597007{padding-top: 10px !important;padding-bottom: 0px !important;}&#8221;][\/vc_column][\/vc_row][vc_row][vc_column width=&#8221;1\/3&#8243;]\t\t<div class=\"wh-content-box vc_custom_1727088337562  scp_content_box-9269ff4f4cbee99256c611c2990d6060\">\n\t\t\t\t\t\t\t\t\t\t\t\t\t<a class=\"wh-content-box-link\"\n\t\t\t\t   href=\"https:\/\/bigycb.cz\/bigy\/aktivity-skoly\/charitativni-cinnost\/svaciny-na-dvorku\/\"\n\t\t\t\t\t\t\t\t\t\t\t\t\t\t\t><\/a>\n\t\t\t\t\t\t[vc_single_image image=&#8221;8123&#8243; img_size=&#8221;full&#8221; onclick=&#8221;custom_link&#8221; css_animation=&#8221;fadeIn&#8221; css=&#8221;.vc_custom_1727092753244{margin-bottom: 0px !important;}&#8221; link=&#8221;https:\/\/bigycb.cz\/bigy\/aktivity-skoly\/charitativni-cinnost\/svaciny-na-dvorku\/&#8221;][vc_custom_heading text=&#8221;Sva\u010diny na dvorku&#8221; font_container=&#8221;tag:h4|text_align:left&#8221; use_theme_fonts=&#8221;yes&#8221; css=&#8221;.vc_custom_1726321843287{padding-top: 25px !important;padding-right: 15px !important;padding-bottom: 15px !important;padding-left: 15px !important;}&#8221;][vc_btn title=&#8221;V\u00edce informac\u00ed&#8221; style=&#8221;classic&#8221; shape=&#8221;square&#8221; color=&#8221;primary&#8221; size=&#8221;sm&#8221; link=&#8221;url:https%3A%2F%2Fbigycb.cz%2Fbigy%2Faktivity-skoly%2Fcharitativni-cinnost%2Fsvaciny-na-dvorku%2F&#8221; css=&#8221;.vc_custom_1727088608136{margin-bottom: 20px !important;margin-left: 15px !important;}&#8221;]\t\t<\/div>\n\t\t[\/vc_column][vc_column width=&#8221;1\/3&#8243;]\t\t<div class=\"wh-content-box vc_custom_1727094175147  scp_content_box-a6cfcf4022096fb21ab68e7bb6d2fbc0\">\n\t\t\t\t\t\t\t\t\t\t\t\t\t<a class=\"wh-content-box-link\"\n\t\t\t\t   href=\"https:\/\/bigycb.cz\/bigy\/aktivity-skoly\/charitativni-cinnost\/arpida\/\"\n\t\t\t\t\t\t\t\t\t\t\t\t\t\t\t><\/a>\n\t\t\t\t\t\t[vc_single_image image=&#8221;8127&#8243; img_size=&#8221;full&#8221; onclick=&#8221;custom_link&#8221; css_animation=&#8221;fadeIn&#8221; css=&#8221;.vc_custom_1727094184988{margin-bottom: 0px !important;}&#8221; link=&#8221;https:\/\/bigycb.cz\/bigy\/aktivity-skoly\/charitativni-cinnost\/arpida\/&#8221;][vc_custom_heading text=&#8221;Arpida&#8221; font_container=&#8221;tag:h4|text_align:left&#8221; use_theme_fonts=&#8221;yes&#8221; css=&#8221;.vc_custom_1726321850436{padding-top: 25px !important;padding-right: 15px !important;padding-bottom: 15px !important;padding-left: 15px !important;}&#8221;][vc_btn title=&#8221;V\u00edce informac\u00ed&#8221; style=&#8221;classic&#8221; shape=&#8221;square&#8221; color=&#8221;primary&#8221; size=&#8221;sm&#8221; link=&#8221;url:https%3A%2F%2Fbigycb.cz%2Fbigy%2Faktivity-skoly%2Fcharitativni-cinnost%2Farpida%2F&#8221; css=&#8221;.vc_custom_1727094199599{margin-bottom: 25px !important;margin-left: 15px !important;}&#8221;]\t\t<\/div>\n\t\t[\/vc_column][vc_column width=&#8221;1\/3&#8243;]\t\t<div class=\"wh-content-box vc_custom_1727094265634  scp_content_box-19d6cb471ef5ac128555385ebc4c39d9\">\n\t\t\t\t\t\t\t\t\t\t\t\t\t<a class=\"wh-content-box-link\"\n\t\t\t\t   href=\"https:\/\/bigycb.cz\/bigy\/aktivity-skoly\/charitativni-cinnost\/balicky-pro-bezdomovce\/\"\n\t\t\t\t\t\t\t\t\t\t\t\t\t\t\t><\/a>\n\t\t\t\t\t\t[vc_single_image image=&#8221;8133&#8243; img_size=&#8221;full&#8221; onclick=&#8221;custom_link&#8221; css_animation=&#8221;fadeIn&#8221; css=&#8221;.vc_custom_1727094273718{margin-bottom: 0px !important;}&#8221; link=&#8221;https:\/\/bigycb.cz\/bigy\/aktivity-skoly\/charitativni-cinnost\/balicky-pro-bezdomovce\/&#8221;][vc_custom_heading text=&#8221;Bal\u00ed\u010dky pro bezdomovce&#8221; font_container=&#8221;tag:h4|text_align:left&#8221; use_theme_fonts=&#8221;yes&#8221; css=&#8221;.vc_custom_1726321857299{padding-top: 25px !important;padding-right: 15px !important;padding-bottom: 15px !important;padding-left: 15px !important;}&#8221;][vc_btn title=&#8221;V\u00edce informac\u00ed&#8221; style=&#8221;classic&#8221; shape=&#8221;square&#8221; color=&#8221;primary&#8221; size=&#8221;sm&#8221; link=&#8221;url:https%3A%2F%2Fbigycb.cz%2Fbigy%2Faktivity-skoly%2Fcharitativni-cinnost%2Fbalicky-pro-bezdomovce%2F&#8221; css=&#8221;.vc_custom_1727094281896{margin-bottom: 25px !important;margin-left: 15px !important;}&#8221;]\t\t<\/div>\n\t\t[\/vc_column][\/vc_row][vc_row css=&#8221;.vc_custom_1726321944805{margin-top: 15px !important;}&#8221;][vc_column width=&#8221;1\/3&#8243;]\t\t<div class=\"wh-content-box vc_custom_1727180527106  scp_content_box-a963f5a09b564966e53e515f268a00c0\">\n\t\t\t\t\t\t\t\t\t\t\t\t\t<a class=\"wh-content-box-link\"\n\t\t\t\t   href=\"https:\/\/bigycb.cz\/bigy\/aktivity-skoly\/charitativni-cinnost\/sirotcinec-karibu\/\"\n\t\t\t\t\t\t\t\t\t\t\t\t\t\t\t><\/a>\n\t\t\t\t\t\t[vc_single_image image=&#8221;8131&#8243; img_size=&#8221;full&#8221; onclick=&#8221;custom_link&#8221; css_animation=&#8221;fadeIn&#8221; css=&#8221;.vc_custom_1727180426774{margin-bottom: 0px !important;}&#8221; link=&#8221;https:\/\/bigycb.cz\/bigy\/aktivity-skoly\/charitativni-cinnost\/sirotcinec-karibu\/&#8221;][vc_custom_heading text=&#8221;Sirot\u010dinec Karibu Nyumbani v Tanzanii&#8221; font_container=&#8221;tag:h4|text_align:left&#8221; use_theme_fonts=&#8221;yes&#8221; css=&#8221;.vc_custom_1726321818841{padding-top: 25px !important;padding-right: 15px !important;padding-bottom: 15px !important;padding-left: 15px !important;}&#8221;][vc_btn title=&#8221;V\u00edce informac\u00ed&#8221; style=&#8221;classic&#8221; shape=&#8221;square&#8221; color=&#8221;primary&#8221; size=&#8221;sm&#8221; link=&#8221;url:https%3A%2F%2Fbigycb.cz%2Fbigy%2Faktivity-skoly%2Fcharitativni-cinnost%2Fsirotcinec-karibu%2F&#8221; css=&#8221;.vc_custom_1727180434181{margin-bottom: 25px !important;margin-left: 15px !important;}&#8221;]\t\t<\/div>\n\t\t[\/vc_column][vc_column width=&#8221;1\/3&#8243;]\t\t<div class=\"wh-content-box vc_custom_1727859410592  scp_content_box-3eeff645db301bd718340f7b8beaad44\">\n\t\t\t\t\t\t\t\t\t\t\t\t\t<a class=\"wh-content-box-link\"\n\t\t\t\t   href=\"https:\/\/bigycb.cz\/bigy\/aktivity-skoly\/charitativni-cinnost\/charita\/\"\n\t\t\t\t\t\t\t\t\t\t\t\t\t\t\t><\/a>\n\t\t\t\t\t\t[vc_single_image image=&#8221;8135&#8243; img_size=&#8221;full&#8221; onclick=&#8221;custom_link&#8221; css_animation=&#8221;fadeIn&#8221; css=&#8221;.vc_custom_1727859421972{margin-bottom: 0px !important;}&#8221; link=&#8221;https:\/\/bigycb.cz\/bigy\/aktivity-skoly\/charitativni-cinnost\/charita\/&#8221;][vc_custom_heading text=&#8221;Charita&#8221; font_container=&#8221;tag:h4|text_align:left&#8221; use_theme_fonts=&#8221;yes&#8221; css=&#8221;.vc_custom_1726321864325{padding-top: 25px !important;padding-right: 15px !important;padding-bottom: 15px !important;padding-left: 15px !important;}&#8221;][vc_btn title=&#8221;V\u00edce informac\u00ed&#8221; style=&#8221;classic&#8221; shape=&#8221;square&#8221; color=&#8221;primary&#8221; size=&#8221;sm&#8221; link=&#8221;url:https%3A%2F%2Fbigycb.cz%2Fbigy%2Faktivity-skoly%2Fcharitativni-cinnost%2Fcharita%2F&#8221; css=&#8221;.vc_custom_1727859432619{margin-bottom: 25px !important;margin-left: 15px !important;}&#8221;]\t\t<\/div>\n\t\t[\/vc_column][\/vc_row][vc_row][vc_column css=&#8221;.vc_custom_1490017614850{margin-bottom: 30px !important;}&#8221;][vc_empty_space][vc_separator border_width=&#8221;4&#8243;][vc_empty_space height=&#8221;20px&#8221;][vc_custom_heading text=&#8221;Dal\u0161\u00ed nab\u00eddky dobrovolnictv\u00ed:&#8221; font_container=&#8221;tag:h3|text_align:left|color:%232c7fb4&#8243; use_theme_fonts=&#8221;yes&#8221; css_animation=&#8221;bounceInLeft&#8221;][\/vc_column][\/vc_row][vc_row][vc_column width=&#8221;1\/3&#8243;]\t\t<div class=\"wh-content-box vc_custom_1727861375585  scp_content_box-1aa8a2a424fc6e25065fbba83e7b40f3\">\n\t\t\t\t\t\t\t\t\t\t\t\t\t<a class=\"wh-content-box-link\"\n\t\t\t\t   href=\"https:\/\/bigycb.cz\/bigy\/aktivity-skoly\/charitativni-cinnost\/animal-rescue\/\"\n\t\t\t\t\t\t\t\t\t\t\t\t\t\t\t><\/a>\n\t\t\t\t\t\t[vc_single_image image=&#8221;8147&#8243; img_size=&#8221;full&#8221; onclick=&#8221;custom_link&#8221; css_animation=&#8221;fadeIn&#8221; css=&#8221;.vc_custom_1727861338481{margin-bottom: 0px !important;border-top-width: 3px !important;border-right-width: 3px !important;border-bottom-width: 3px !important;border-left-width: 3px !important;border-left-color: #f2f2f2 !important;border-left-style: solid !important;border-right-color: #f2f2f2 !important;border-right-style: solid !important;border-top-color: #f2f2f2 !important;border-top-style: solid !important;border-bottom-color: #f2f2f2 !important;border-bottom-style: solid !important;}&#8221; link=&#8221;https:\/\/bigycb.cz\/bigy\/aktivity-skoly\/charitativni-cinnost\/animal-rescue\/&#8221;][vc_custom_heading text=&#8221;Animal Rescue&#8221; font_container=&#8221;tag:h4|text_align:left&#8221; use_theme_fonts=&#8221;yes&#8221; css=&#8221;.vc_custom_1726345657344{padding-top: 25px !important;padding-right: 15px !important;padding-bottom: 15px !important;padding-left: 15px !important;}&#8221;][vc_btn title=&#8221;V\u00edce informac\u00ed&#8221; style=&#8221;classic&#8221; shape=&#8221;square&#8221; color=&#8221;primary&#8221; size=&#8221;sm&#8221; link=&#8221;url:https%3A%2F%2Fbigycb.cz%2Fbigy%2Faktivity-skoly%2Fcharitativni-cinnost%2Fanimal-rescue%2F&#8221; css=&#8221;.vc_custom_1727861347851{margin-bottom: 20px !important;margin-left: 15px !important;}&#8221;]\t\t<\/div>\n\t\t[\/vc_column][vc_column width=&#8221;1\/3&#8243;]\t\t<div class=\"wh-content-box vc_custom_1727862210177  scp_content_box-e51eb63bd01b73f00eff3a34b394c58e\">\n\t\t\t\t\t\t\t\t\t\t\t\t\t<a class=\"wh-content-box-link\"\n\t\t\t\t   href=\"https:\/\/bigycb.cz\/bigy\/aktivity-skoly\/charitativni-cinnost\/krouzek-ferda\/\"\n\t\t\t\t\t\t\t\t\t\t\t\t\t\t\t><\/a>\n\t\t\t\t\t\t[vc_single_image image=&#8221;8158&#8243; img_size=&#8221;full&#8221; onclick=&#8221;custom_link&#8221; css_animation=&#8221;fadeIn&#8221; css=&#8221;.vc_custom_1727862184992{margin-bottom: 0px !important;border-top-width: 3px !important;border-right-width: 3px !important;border-bottom-width: 3px !important;border-left-width: 3px !important;border-left-color: #f2f2f2 !important;border-left-style: solid !important;border-right-color: #f2f2f2 !important;border-right-style: solid !important;border-top-color: #f2f2f2 !important;border-top-style: solid !important;border-bottom-color: #f2f2f2 !important;border-bottom-style: solid !important;}&#8221; link=&#8221;https:\/\/bigycb.cz\/bigy\/aktivity-skoly\/charitativni-cinnost\/krouzek-ferda\/&#8221;][vc_custom_heading text=&#8221;Krou\u017eek Ferda&#8221; font_container=&#8221;tag:h4|text_align:left&#8221; use_theme_fonts=&#8221;yes&#8221; css=&#8221;.vc_custom_1726428724419{padding-top: 25px !important;padding-right: 15px !important;padding-bottom: 15px !important;padding-left: 15px !important;}&#8221;][vc_btn title=&#8221;V\u00edce informac\u00ed&#8221; style=&#8221;classic&#8221; shape=&#8221;square&#8221; color=&#8221;primary&#8221; size=&#8221;sm&#8221; link=&#8221;url:https%3A%2F%2Fbigycb.cz%2Fbigy%2Faktivity-skoly%2Fcharitativni-cinnost%2Fkrouzek-ferda%2F&#8221; css=&#8221;.vc_custom_1727862195208{margin-bottom: 25px !important;margin-left: 15px !important;}&#8221;]\t\t<\/div>\n\t\t[\/vc_column][vc_column width=&#8221;1\/3&#8243;]\t\t<div class=\"wh-content-box vc_custom_1727940752609  scp_content_box-f747083388e3babaad21c00a42f471ae\">\n\t\t\t\t\t\t\t\t\t\t\t\t\t<a class=\"wh-content-box-link\"\n\t\t\t\t   href=\"https:\/\/bigycb.cz\/bigy\/aktivity-skoly\/charitativni-cinnost\/doucovani-deti-ze-zs\/\"\n\t\t\t\t\t\t\t\t\t\t\t\t\t\t\t><\/a>\n\t\t\t\t\t\t[vc_single_image image=&#8221;8161&#8243; img_size=&#8221;full&#8221; onclick=&#8221;custom_link&#8221; css_animation=&#8221;fadeIn&#8221; css=&#8221;.vc_custom_1727940717869{margin-bottom: 0px !important;}&#8221; link=&#8221;https:\/\/bigycb.cz\/bigy\/aktivity-skoly\/charitativni-cinnost\/doucovani-deti-ze-zs\/&#8221;][vc_custom_heading text=&#8221;Dou\u010dov\u00e1n\u00ed d\u011bt\u00ed ze Z\u0160&#8221; font_container=&#8221;tag:h4|text_align:left&#8221; use_theme_fonts=&#8221;yes&#8221; css=&#8221;.vc_custom_1726345688318{padding-top: 25px !important;padding-right: 15px !important;padding-bottom: 15px !important;padding-left: 15px !important;}&#8221;][vc_btn title=&#8221;V\u00edce informac\u00ed&#8221; style=&#8221;classic&#8221; shape=&#8221;square&#8221; color=&#8221;primary&#8221; size=&#8221;sm&#8221; link=&#8221;url:https%3A%2F%2Fbigycb.cz%2Fbigy%2Faktivity-skoly%2Fcharitativni-cinnost%2Fdoucovani-deti-ze-zs%2F&#8221; css=&#8221;.vc_custom_1727940726277{margin-bottom: 25px !important;margin-left: 15px !important;}&#8221;]\t\t<\/div>\n\t\t[\/vc_column][\/vc_row][vc_row css=&#8221;.vc_custom_1726345646692{margin-top: 15px !important;}&#8221;][vc_column width=&#8221;1\/3&#8243;]\t\t<div class=\"wh-content-box vc_custom_1727940955542  scp_content_box-ace249b1909c70794a34e9629b29cdf2\">\n\t\t\t\t\t\t\t\t\t\t\t\t\t<a class=\"wh-content-box-link\"\n\t\t\t\t   href=\"https:\/\/bigycb.cz\/bigy\/aktivity-skoly\/charitativni-cinnost\/kytarovy-krouzek\/\"\n\t\t\t\t\t\t\t\t\t\t\t\t\t\t\t><\/a>\n\t\t\t\t\t\t[vc_single_image image=&#8221;8162&#8243; img_size=&#8221;full&#8221; onclick=&#8221;custom_link&#8221; css_animation=&#8221;fadeIn&#8221; css=&#8221;.vc_custom_1727940933283{margin-bottom: 0px !important;}&#8221; link=&#8221;https:\/\/bigycb.cz\/bigy\/aktivity-skoly\/charitativni-cinnost\/kytarovy-krouzek\/&#8221;][vc_custom_heading text=&#8221;Kytarov\u00fd krou\u017eek&#8221; font_container=&#8221;tag:h4|text_align:left&#8221; use_theme_fonts=&#8221;yes&#8221; css=&#8221;.vc_custom_1726345704845{padding-top: 25px !important;padding-right: 15px !important;padding-bottom: 15px !important;padding-left: 15px !important;}&#8221;][vc_btn title=&#8221;V\u00edce informac\u00ed&#8221; style=&#8221;classic&#8221; shape=&#8221;square&#8221; color=&#8221;primary&#8221; size=&#8221;sm&#8221; link=&#8221;url:https%3A%2F%2Fbigycb.cz%2Fbigy%2Faktivity-skoly%2Fcharitativni-cinnost%2Fkytarovy-krouzek%2F&#8221; css=&#8221;.vc_custom_1727940941327{margin-bottom: 20px !important;margin-left: 15px !important;}&#8221;]\t\t<\/div>\n\t\t[\/vc_column][vc_column width=&#8221;1\/3&#8243;]\t\t<div class=\"wh-content-box vc_custom_1727951927264  scp_content_box-2053c95070a0da2beefb62e9f9d27e49\">\n\t\t\t\t\t\t\t\t\t\t\t\t\t<a class=\"wh-content-box-link\"\n\t\t\t\t   href=\"https:\/\/bigycb.cz\/bigy\/aktivity-skoly\/charitativni-cinnost\/domov-pro-seniory-hvizdal\/\"\n\t\t\t\t\t\t\t\t\t\t\t\t\t\t\t><\/a>\n\t\t\t\t\t\t[vc_single_image image=&#8221;8156&#8243; img_size=&#8221;full&#8221; onclick=&#8221;custom_link&#8221; css_animation=&#8221;fadeIn&#8221; css=&#8221;.vc_custom_1727951879671{margin-bottom: 0px !important;}&#8221; link=&#8221;https:\/\/bigycb.cz\/bigy\/aktivity-skoly\/charitativni-cinnost\/domov-pro-seniory-hvizdal\/&#8221;][vc_custom_heading text=&#8221;Domov pro seniory Hv\u00edzdal&#8221; font_container=&#8221;tag:h4|text_align:left&#8221; use_theme_fonts=&#8221;yes&#8221; css=&#8221;.vc_custom_1726345726982{padding-top: 25px !important;padding-right: 15px !important;padding-bottom: 15px !important;padding-left: 15px !important;}&#8221;][vc_btn title=&#8221;V\u00edce informac\u00ed&#8221; style=&#8221;classic&#8221; shape=&#8221;square&#8221; color=&#8221;primary&#8221; size=&#8221;sm&#8221; link=&#8221;url:https%3A%2F%2Fbigycb.cz%2Fbigy%2Faktivity-skoly%2Fcharitativni-cinnost%2Fdomov-pro-seniory-hvizdal%2F&#8221; css=&#8221;.vc_custom_1727951888026{margin-bottom: 25px !important;margin-left: 15px !important;}&#8221;]\t\t<\/div>\n\t\t[\/vc_column][vc_column width=&#8221;1\/3&#8243;]\t\t<div class=\"wh-content-box vc_custom_1727952318599  scp_content_box-d5bb47f962763b384dbfe7cea8566dcd\">\n\t\t\t\t\t\t\t\t\t\t\t\t\t<a class=\"wh-content-box-link\"\n\t\t\t\t   href=\"https:\/\/bigycb.cz\/bigy\/aktivity-skoly\/charitativni-cinnost\/salesianske-stredisko-mladeze\/\"\n\t\t\t\t\t\t\t\t\t\t\t\t\t\t\t><\/a>\n\t\t\t\t\t\t[vc_single_image image=&#8221;8164&#8243; img_size=&#8221;full&#8221; onclick=&#8221;custom_link&#8221; css_animation=&#8221;fadeIn&#8221; css=&#8221;.vc_custom_1727952290064{margin-bottom: 0px !important;}&#8221; link=&#8221;https:\/\/bigycb.cz\/bigy\/aktivity-skoly\/charitativni-cinnost\/salesianske-stredisko-mladeze\/&#8221;][vc_custom_heading text=&#8221;Salesi\u00e1nsk\u00e9 st\u0159edisko ml\u00e1de\u017ee&#8221; font_container=&#8221;tag:h4|text_align:left&#8221; use_theme_fonts=&#8221;yes&#8221; css=&#8221;.vc_custom_1726345735527{padding-top: 25px !important;padding-right: 15px !important;padding-bottom: 15px !important;padding-left: 15px !important;}&#8221;][vc_btn title=&#8221;V\u00edce informac\u00ed&#8221; style=&#8221;classic&#8221; shape=&#8221;square&#8221; color=&#8221;primary&#8221; size=&#8221;sm&#8221; link=&#8221;url:https%3A%2F%2Fbigycb.cz%2Fbigy%2Faktivity-skoly%2Fcharitativni-cinnost%2Fsalesianske-stredisko-mladeze%2F&#8221; css=&#8221;.vc_custom_1727952298805{margin-bottom: 25px !important;margin-left: 15px !important;}&#8221;]\t\t<\/div>\n\t\t[\/vc_column][\/vc_row]<\/p>\n","protected":false},"excerpt":{"rendered":"<p>[vc_row][vc_column css=&#8221;.vc_custom_1490017614850{margin-bottom: 30px !important;}&#8221;][vc_custom_heading text=&#8221;Dobrovolnictv\u00ed a charitativn\u00ed \u010dinnost&#8221; font_container=&#8221;tag:h1|text_align:left&#8221; use_theme_fonts=&#8221;yes&#8221; css=&#8221;.vc_custom_1726247904026{margin-top: 0px !important;margin-bottom: 20px !important;}&#8221;][vc_custom_heading text=&#8221;Kde pom\u00e1h\u00e1me:&#8221; font_container=&#8221;tag:h3|text_align:left|color:%232c7fb4&#8243; use_theme_fonts=&#8221;yes&#8221; css_animation=&#8221;bounceInLeft&#8221;&nbsp;<a href=\"https:\/\/bigycb.cz\/bigy\/aktivity-skoly\/charitativni-cinnost\/\">&hellip;<\/a><\/p>\n","protected":false},"author":1,"featured_media":0,"parent":502,"menu_order":0,"comment_status":"closed","ping_status":"closed","template":"template-sidebar-right-childpages.php","meta":{"footnotes":""},"class_list":["post-726","page","type-page","status-publish","hentry","odd"],"_links":{"self":[{"href":"https:\/\/bigycb.cz\/bigy\/wp-json\/wp\/v2\/pages\/726","targetHints":{"allow":["GET"]}}],"collection":[{"href":"https:\/\/bigycb.cz\/bigy\/wp-json\/wp\/v2\/pages"}],"about":[{"href":"https:\/\/bigycb.cz\/bigy\/wp-json\/wp\/v2\/types\/page"}],"author":[{"embeddable":true,"href":"https:\/\/bigycb.cz\/bigy\/wp-json\/wp\/v2\/users\/1"}],"replies":[{"embeddable":true,"href":"https:\/\/bigycb.cz\/bigy\/wp-json\/wp\/v2\/comments?post=726"}],"version-history":[{"count":15,"href":"https:\/\/bigycb.cz\/bigy\/wp-json\/wp\/v2\/pages\/726\/revisions"}],"predecessor-version":[{"id":8655,"href":"https:\/\/bigycb.cz\/bigy\/wp-json\/wp\/v2\/pages\/726\/revisions\/8655"}],"up":[{"embeddable":true,"href":"https:\/\/bigycb.cz\/bigy\/wp-json\/wp\/v2\/pages\/502"}],"wp:attachment":[{"href":"https:\/\/bigycb.cz\/bigy\/wp-json\/wp\/v2\/media?parent=726"}],"curies":[{"name":"wp","href":"https:\/\/api.w.org\/{rel}","templated":true}]}}