{"id":724,"date":"2022-02-16T10:48:26","date_gmt":"2022-02-16T09:48:26","guid":{"rendered":"https:\/\/bigycb.cz\/demo\/?page_id=724"},"modified":"2022-04-21T16:23:18","modified_gmt":"2022-04-21T14:23:18","slug":"studentsky-parlament","status":"publish","type":"page","link":"https:\/\/bigycb.cz\/bigy\/aktivity-skoly\/studentsky-parlament\/","title":{"rendered":"Studentsk\u00fd parlament"},"content":{"rendered":"<h1>Studentsk\u00fd parlament<\/h1>\n<p>\u201eStudentsk\u00fd parlament Biskupsk\u00e9ho gymn\u00e1zia Jana Nepomuka Neumanna je org\u00e1nem studentsk\u00e9 samospr\u00e1vy, jen\u017e si klade za c\u00edl p\u0159isp\u00edvat svou \u010dinnost\u00ed k\u00a0pozitivn\u00ed atmosf\u00e9\u0159e ve \u0161kole, zejm\u00e9na zprost\u0159edkov\u00e1n\u00edm d\u016fstojn\u00e9 komunikace mezi studenty a veden\u00edm \u0161koly, organizac\u00ed studentsk\u00fdch aktivit, kter\u00e9 obohacuj\u00ed v\u00fdchovnou a vzd\u011bl\u00e1vac\u00ed \u010dinnost \u0161koly, a pomoc\u00ed i p\u0159i \u0159e\u0161en\u00ed probl\u00e9m\u016f ve studentsk\u00e9m kolektivu na \u00farovni jednotliv\u00fdch t\u0159\u00edd i cel\u00e9 \u0161koly.\u201c<\/p>\n<p><em>Preambule Stanov studentsk\u00e9ho parlamentu Bigy<\/em><\/p>\n<p>P\u0159edsednictvo SP Bigy m\u00e1 d\u016fle\u017eitou roli v\u00a0prosazov\u00e1n\u00ed n\u00e1vrh\u016f, kter\u00e9 zazn\u00edvaj\u00ed z\u00a0\u0159ad student\u016f. N\u00e1\u0161 pan \u0159editel Ing. Martin Mar\u0161\u00edk, Ph.D. n\u00e1m jde vst\u0159\u00edc ve v\u011bt\u0161in\u011b p\u0159\u00edpad\u016f, proto se m\u016f\u017eeme py\u0161nit skv\u011blou atmosf\u00e9rou na sch\u016fz\u00edch, kter\u00e9 b\u00fdvaj\u00ed mnohdy opravdu vydatn\u00e9 a pln\u00e9 debat. Na\u0161e n\u00e1zory a n\u00e1vrhy se n\u00e1m da\u0159\u00ed reflektovat do fungov\u00e1n\u00ed na\u0161eho gymn\u00e1zia. Ka\u017ed\u00fd student m\u016f\u017ee skrze sv\u00e9ho t\u0159\u00eddn\u00edho z\u00e1stupce studentsk\u00e9ho parlamentu Bigy zm\u011bnit \u010di vylep\u0161it prost\u0159ed\u00ed \u0161koly.<\/p>\n<p>N\u00e1\u0161 studentsk\u00fd parlament se skl\u00e1d\u00e1 ze dvou z\u00e1stupc\u016f z ka\u017ed\u00e9 t\u0159\u00eddy od tercie po okt\u00e1vu. Tito z\u00e1stupci si pak na za\u010d\u00e1tku \u0161koln\u00edho roku vol\u00ed sv\u00e9 p\u0159edsednictvo SP Bigy. P\u0159edsednictvo m\u00e1 za \u00fakol jedn\u00e1n\u00ed s panem \u0159editelem, p\u0159i kter\u00e9m nezastupuj\u00ed sv\u016fj pota\u017emo ani sv\u00e9 t\u0159\u00eddy, ale n\u00e1zor \u201ev\u0161ech\u201c student\u016f Bigy.<\/p>\n<p>Jestli bys cht\u011bl v\u011bd\u011bt v\u00edc o na\u0161em fungov\u00e1n\u00ed, sleduj n\u00e1s na Instagramu! Pokud bys cht\u011bl b\u00fdt jedn\u00edm z n\u00e1s, sta\u010d\u00ed z\u00edskat nejv\u00edce hlas\u016f od sv\u00e9 t\u0159\u00eddy na za\u010d\u00e1tku \u0161koln\u00edho roku. Budeme se na tebe t\u011b\u0161it.<\/p>\n","protected":false},"excerpt":{"rendered":"<p>Studentsk\u00fd parlament \u201eStudentsk\u00fd parlament Biskupsk\u00e9ho gymn\u00e1zia Jana Nepomuka Neumanna je org\u00e1nem studentsk\u00e9 samospr\u00e1vy, jen\u017e si klade za c\u00edl p\u0159isp\u00edvat svou&nbsp;<a href=\"https:\/\/bigycb.cz\/bigy\/aktivity-skoly\/studentsky-parlament\/\">&hellip;<\/a><\/p>\n","protected":false},"author":1,"featured_media":0,"parent":502,"menu_order":0,"comment_status":"closed","ping_status":"closed","template":"template-sidebar-right-childpages.php","meta":{"footnotes":""},"class_list":["post-724","page","type-page","status-publish","hentry","odd"],"_links":{"self":[{"href":"https:\/\/bigycb.cz\/bigy\/wp-json\/wp\/v2\/pages\/724","targetHints":{"allow":["GET"]}}],"collection":[{"href":"https:\/\/bigycb.cz\/bigy\/wp-json\/wp\/v2\/pages"}],"about":[{"href":"https:\/\/bigycb.cz\/bigy\/wp-json\/wp\/v2\/types\/page"}],"author":[{"embeddable":true,"href":"https:\/\/bigycb.cz\/bigy\/wp-json\/wp\/v2\/users\/1"}],"replies":[{"embeddable":true,"href":"https:\/\/bigycb.cz\/bigy\/wp-json\/wp\/v2\/comments?post=724"}],"version-history":[{"count":5,"href":"https:\/\/bigycb.cz\/bigy\/wp-json\/wp\/v2\/pages\/724\/revisions"}],"predecessor-version":[{"id":1942,"href":"https:\/\/bigycb.cz\/bigy\/wp-json\/wp\/v2\/pages\/724\/revisions\/1942"}],"up":[{"embeddable":true,"href":"https:\/\/bigycb.cz\/bigy\/wp-json\/wp\/v2\/pages\/502"}],"wp:attachment":[{"href":"https:\/\/bigycb.cz\/bigy\/wp-json\/wp\/v2\/media?parent=724"}],"curies":[{"name":"wp","href":"https:\/\/api.w.org\/{rel}","templated":true}]}}