{"id":722,"date":"2022-02-16T10:47:31","date_gmt":"2022-02-16T09:47:31","guid":{"rendered":"https:\/\/bigycb.cz\/demo\/?page_id=722"},"modified":"2025-11-13T15:37:02","modified_gmt":"2025-11-13T14:37:02","slug":"bigysbor","status":"publish","type":"page","link":"https:\/\/bigycb.cz\/bigy\/aktivity-skoly\/bigysbor\/","title":{"rendered":"Bigysbor"},"content":{"rendered":"<p>[vc_row][vc_column][vc_column_text]<\/p>\n<h1>Bigysbor<\/h1>\n<p>Bigysbor spojuje zhruba 40 student\u016f, kte\u0159\u00ed se ka\u017ed\u00e9 \u00fater\u00fd od 16:00 do 17:30 sch\u00e1zej\u00ed v\u00a0hudebn\u011b Biskupsk\u00e9ho gymn\u00e1zia. Na pravideln\u00fdch zkou\u0161k\u00e1ch i v\u00edkendov\u00fdch soust\u0159ed\u011bn\u00edch p\u0159ipravuj\u00ed reperto\u00e1r na sout\u011b\u017ee (<em>Gymnasia cantant &#8211; ka\u017edoro\u010dn\u011b, Venezia in Musica &#8211; 2023, International Choir Competition and\u00a0Festival Bad Ischl &#8211; 2024<\/em>), z\u00e1jezdy (<em>\u0158\u00edm &#8211; 2022, Chorvatsko \u2013 2024<\/em>), koncerty a \u0161koln\u00ed m\u0161e. Studenti se zde mohou realizovat jako \u0159adov\u00ed zp\u011bv\u00e1ci, s\u00f3list\u00e9 i jako p\u0159\u00edle\u017eitostn\u00ed instrumentalist\u00e9. Bigysbor poskytuje prostor pro spont\u00e1nn\u00ed muzic\u00edrov\u00e1n\u00ed a sna\u017e\u00ed se ukazovat, \u017ee v hudb\u011b nen\u00ed nutn\u00e9 m\u00edt strach z\u00a0chyby.<\/p>\n<p>Sbor vede Anna Vo\u0159\u00ed\u0161kov\u00e1 a Jitka Kadlecov\u00e1.<\/p>\n<p>[\/vc_column_text][\/vc_column][\/vc_row][vc_row css=&#8221;.vc_custom_1726481359947{padding: 10px !important;background-color: #f2f2f2 !important;}&#8221;][vc_column width=&#8221;1\/2&#8243;][vc_video link=&#8221;https:\/\/www.youtube.com\/watch?v=wr0_9poIrK0&#8243;][vc_video link=&#8221;https:\/\/www.youtube.com\/watch?v=OyCm_G5M3Ts&#8221;][vc_video link=&#8221;https:\/\/www.youtube.com\/watch?v=6ExVijEvwfs&#8221;][vc_video link=&#8221;https:\/\/www.youtube.com\/watch?v=h2tlWoTBL-M&#8221;][vc_video link=&#8221;https:\/\/www.youtube.com\/watch?v=g0EsGjEEkXU&#8221;][vc_video link=&#8221;https:\/\/www.youtube.com\/embed\/sxP0WKAH-VY&#8221;][vc_video link=&#8221;https:\/\/www.youtube.com\/embed\/iTv3CRwDxxg&#8221;][\/vc_column][vc_column width=&#8221;1\/2&#8243;][vc_video link=&#8221;https:\/\/www.youtube.com\/embed\/uiCm8Ib9lUM&#8221;][vc_video link=&#8221;https:\/\/www.youtube.com\/embed\/9UWlX2YYeQY&#8221;][vc_video link=&#8221;https:\/\/www.youtube.com\/embed\/Xg7YZf03XFg&#8221;][vc_video link=&#8221;https:\/\/www.youtube.com\/embed\/haEFEBniFtg&#8221;][vc_video link=&#8221;https:\/\/www.youtube.com\/embed\/gyQZn_ekCnk&#8221;][vc_video link=&#8221;https:\/\/www.youtube.com\/embed\/d-R6GqDhUIk&#8221;][vc_video link=&#8221;https:\/\/www.youtube.com\/embed\/URkxHqVSIDQ&#8221;][\/vc_column][\/vc_row]<\/p>\n","protected":false},"excerpt":{"rendered":"<p>[vc_row][vc_column][vc_column_text] Bigysbor Bigysbor spojuje zhruba 40 student\u016f, kte\u0159\u00ed se ka\u017ed\u00e9 \u00fater\u00fd od 16:00 do 17:30 sch\u00e1zej\u00ed v\u00a0hudebn\u011b Biskupsk\u00e9ho gymn\u00e1zia. Na&nbsp;<a href=\"https:\/\/bigycb.cz\/bigy\/aktivity-skoly\/bigysbor\/\">&hellip;<\/a><\/p>\n","protected":false},"author":1,"featured_media":0,"parent":502,"menu_order":0,"comment_status":"closed","ping_status":"closed","template":"template-sidebar-right-childpages.php","meta":{"footnotes":""},"class_list":["post-722","page","type-page","status-publish","hentry","odd"],"_links":{"self":[{"href":"https:\/\/bigycb.cz\/bigy\/wp-json\/wp\/v2\/pages\/722","targetHints":{"allow":["GET"]}}],"collection":[{"href":"https:\/\/bigycb.cz\/bigy\/wp-json\/wp\/v2\/pages"}],"about":[{"href":"https:\/\/bigycb.cz\/bigy\/wp-json\/wp\/v2\/types\/page"}],"author":[{"embeddable":true,"href":"https:\/\/bigycb.cz\/bigy\/wp-json\/wp\/v2\/users\/1"}],"replies":[{"embeddable":true,"href":"https:\/\/bigycb.cz\/bigy\/wp-json\/wp\/v2\/comments?post=722"}],"version-history":[{"count":6,"href":"https:\/\/bigycb.cz\/bigy\/wp-json\/wp\/v2\/pages\/722\/revisions"}],"predecessor-version":[{"id":10694,"href":"https:\/\/bigycb.cz\/bigy\/wp-json\/wp\/v2\/pages\/722\/revisions\/10694"}],"up":[{"embeddable":true,"href":"https:\/\/bigycb.cz\/bigy\/wp-json\/wp\/v2\/pages\/502"}],"wp:attachment":[{"href":"https:\/\/bigycb.cz\/bigy\/wp-json\/wp\/v2\/media?parent=722"}],"curies":[{"name":"wp","href":"https:\/\/api.w.org\/{rel}","templated":true}]}}