{"id":720,"date":"2022-02-16T10:47:14","date_gmt":"2022-02-16T09:47:14","guid":{"rendered":"https:\/\/bigycb.cz\/demo\/?page_id=720"},"modified":"2022-04-02T00:37:45","modified_gmt":"2022-04-01T22:37:45","slug":"ekoskola","status":"publish","type":"page","link":"https:\/\/bigycb.cz\/bigy\/aktivity-skoly\/ekoskola\/","title":{"rendered":"Eko\u0161kola"},"content":{"rendered":"<p>[vc_row][vc_column][vc_column_text]<\/p>\n<h1>Eko\u0161kola<\/h1>\n<p><img loading=\"lazy\" decoding=\"async\" class=\"alignright wp-image-1147\" src=\"https:\/\/bigycb.cz\/bigy\/wp-content\/uploads\/ekotym_logo-147x150-1.png\" alt=\"\" width=\"122\" height=\"124\" \/>Ahoj, u\u017e jste sly\u0161eli o projektu Eko\u0161kola? Jde o mezin\u00e1rodn\u00ed program, v r\u00e1mci kter\u00e9ho se studenti sna\u017e\u00ed sn\u00ed\u017eit dopad provozu \u0161koly \u010di sv\u00e9ho jedn\u00e1n\u00ed na \u017eivotn\u00ed prost\u0159ed\u00ed a zlep\u0161it tak \u017eivot na \u0161kole a v\u00a0jej\u00edm okol\u00ed. Vede ke spolupr\u00e1ci student\u016f, profesor\u016f, veden\u00ed \u0161koly i m\u00edstn\u00ed komunity.<\/p>\n<p>Kde se my\u0161lenka uveden\u00ed projektu u n\u00e1s na gymn\u00e1ziu zrodila? Prvn\u00ed vla\u0161tovkou bylo prosazen\u00ed n\u00e1vrhu na zaveden\u00ed ko\u0161\u016f na t\u0159\u00edd\u011bn\u00fd odpad na ka\u017ed\u00e9m pat\u0159e. To se povedlo na p\u016fd\u011b \u0161koln\u00edho parlamentu studentovi Lubo\u0161i Petr\u00e1\u0148ovi, kter\u00fd pot\u00e9 za\u010dal prosazovat my\u0161lenku Eko\u0161koly na Bigy. \u201eM\u00e1m sv\u00e9 zku\u0161enosti s Eko\u0161kolou z dob, kdy jsem nav\u0161t\u011bvoval Z\u0160 a ZU\u0160 Bezdrevsk\u00e1. Tato \u0161kola byla a je v programu Eko\u0161kola velmi aktivn\u00ed, co\u017e se projevuje d\u016frazem na environment\u00e1ln\u00ed t\u00e9mata od t\u0159\u00edd\u011bn\u00ed odpadu p\u0159es \u0161et\u0159en\u00ed energiemi a\u017e po p\u011bstov\u00e1n\u00ed rostlin na \u0161koln\u00ed zahrad\u011b. \u0158ekl jsem si, \u017ee bychom mohli spole\u010dn\u011b doc\u00edlit ekologi\u010dt\u011bj\u0161\u00edho provozu \u0161koly i na Bigy. Mimo jin\u00e9 i proto, \u017ee chod\u00edme na Biskupsk\u00e9 gymn\u00e1zium, bychom m\u011bli \u017e\u00edt v souladu s p\u0159\u00edrodou,\u201c sd\u011bluje Lubo\u0161. S my\u0161lenkou zapojit na\u0161e gymn\u00e1zium do programu Eko\u0161kola pak sezn\u00e1mil \u0161koln\u00ed parlament a n\u00e1sledn\u011b po n\u011bkolika sch\u016fz\u00edch s panem \u0159editelem Ing. Martinem Mar\u0161\u00edkem, Ph.D. byla na\u0161e \u0161kola zaregistrov\u00e1na do programu.<\/p>\n<p>&nbsp;<\/p>\n<p><img loading=\"lazy\" decoding=\"async\" class=\"alignright size-full wp-image-1148\" src=\"https:\/\/bigycb.cz\/bigy\/wp-content\/uploads\/ekoskola-2020-logo-123x150-1.png\" alt=\"\" width=\"123\" height=\"150\" \/>V r\u00e1mci projektu mus\u00ed b\u00fdt spln\u011bno a dodr\u017eeno sedm krok\u016f, z nich\u017e prvn\u00edm je zalo\u017een\u00ed Ekot\u00fdmu. A tak n\u00e1s tu m\u00e1te, jak\u00e9hosi hybatele aktivit Eko\u0161koly. Ten se skl\u00e1d\u00e1 ze student\u016f z r\u016fzn\u00fdch t\u0159\u00edd, kte\u0159\u00ed se staraj\u00ed o spln\u011bn\u00ed zb\u00fdvaj\u00edc\u00edch krok\u016f. O projektu Eko\u0161kola se v\u00edc do\u010dtete zde:\u00a0<u><a href=\"https:\/\/ekoskola.cz\/cz\" target=\"_blank\" rel=\"noopener noreferrer\">https:\/\/ekoskola.cz\/cz<\/a><\/u>.<\/p>\n<p>&nbsp;<\/p>\n<p>Pokud se budete cht\u00edt n\u011bjak zapojit do d\u011bn\u00ed Ekot\u00fdmu, m\u016f\u017eete n\u00e1m napsat na n\u00e1\u0161 e-mail nebo n\u00e1s najdete na soci\u00e1ln\u00edch s\u00edt\u00edch:<\/p>\n<p>&nbsp;<\/p>\n<span class=\"scp-icon scp-icon-background pull-left scp_icon-f5c906da25a52c27b8072c1caa166f41\"><i class=\"fa fa-regular fa-envelope\"><\/i><\/span> <a href=\"mailto:ekotym.bigy@gmail.com\">ekotym.bigy@gmail.com<\/a><\/p>\n<span class=\"scp-icon scp-icon-background pull-left scp_icon-1f8788532b76f3e226f90e396a679bab\"><i class=\"fa fa-brands fa-facebook\"><\/i><\/span> <a href=\"https:\/\/www.facebook.com\/ekotymbigy\/\">https:\/\/www.facebook.com\/ekotymbigy\/<\/a><\/p>\n<span class=\"scp-icon scp-icon-background pull-left scp_icon-29dc2568d4764146e64132d36109edae\"><i class=\"fa fa-brands fa-instagram\"><\/i><\/span> <a href=\"https:\/\/www.instagram.com\/ekotym_bigy\/\">https:\/\/www.instagram.com\/ekotym_bigy\/<\/a>[\/vc_column_text][\/vc_column][\/vc_row]<\/p>\n","protected":false},"excerpt":{"rendered":"<p>[vc_row][vc_column][vc_column_text] Eko\u0161kola Ahoj, u\u017e jste sly\u0161eli o projektu Eko\u0161kola? Jde o mezin\u00e1rodn\u00ed program, v r\u00e1mci kter\u00e9ho se studenti sna\u017e\u00ed sn\u00ed\u017eit&nbsp;<a href=\"https:\/\/bigycb.cz\/bigy\/aktivity-skoly\/ekoskola\/\">&hellip;<\/a><\/p>\n","protected":false},"author":1,"featured_media":0,"parent":502,"menu_order":0,"comment_status":"closed","ping_status":"closed","template":"template-sidebar-right-childpages.php","meta":{"footnotes":""},"class_list":["post-720","page","type-page","status-publish","hentry","odd"],"_links":{"self":[{"href":"https:\/\/bigycb.cz\/bigy\/wp-json\/wp\/v2\/pages\/720","targetHints":{"allow":["GET"]}}],"collection":[{"href":"https:\/\/bigycb.cz\/bigy\/wp-json\/wp\/v2\/pages"}],"about":[{"href":"https:\/\/bigycb.cz\/bigy\/wp-json\/wp\/v2\/types\/page"}],"author":[{"embeddable":true,"href":"https:\/\/bigycb.cz\/bigy\/wp-json\/wp\/v2\/users\/1"}],"replies":[{"embeddable":true,"href":"https:\/\/bigycb.cz\/bigy\/wp-json\/wp\/v2\/comments?post=720"}],"version-history":[{"count":5,"href":"https:\/\/bigycb.cz\/bigy\/wp-json\/wp\/v2\/pages\/720\/revisions"}],"predecessor-version":[{"id":1748,"href":"https:\/\/bigycb.cz\/bigy\/wp-json\/wp\/v2\/pages\/720\/revisions\/1748"}],"up":[{"embeddable":true,"href":"https:\/\/bigycb.cz\/bigy\/wp-json\/wp\/v2\/pages\/502"}],"wp:attachment":[{"href":"https:\/\/bigycb.cz\/bigy\/wp-json\/wp\/v2\/media?parent=720"}],"curies":[{"name":"wp","href":"https:\/\/api.w.org\/{rel}","templated":true}]}}