{"id":717,"date":"2022-02-16T10:46:46","date_gmt":"2022-02-16T09:46:46","guid":{"rendered":"https:\/\/bigycb.cz\/demo\/?page_id=717"},"modified":"2022-04-02T00:42:03","modified_gmt":"2022-04-01T22:42:03","slug":"spanelske-divadlo","status":"publish","type":"page","link":"https:\/\/bigycb.cz\/bigy\/aktivity-skoly\/spanelske-divadlo\/","title":{"rendered":"\u0160pan\u011blsk\u00e9 divadlo"},"content":{"rendered":"<h1>\u0160pan\u011blsk\u00e9 divadlo<\/h1>\n<p>V r\u00e1mci \u0161pan\u011blsk\u00e9 sekce na Biskupsk\u00e9m gymn\u00e1ziu J. N. Neumanna u\u017e t\u00e9m\u011b\u0159 sedm let funguje diva-deln\u00ed soubor \u201eLas RATAS\u201c, krysy. Jedn\u00e1 se o dobrovoln\u00fd krou\u017eek pro \u017e\u00e1ky prvn\u00edho, druh\u00e9ho a t\u0159et\u00edho stupn\u011b vy\u0161\u0161\u00edho gymn\u00e1zia, kte\u0159\u00ed maj\u00ed z\u00e1jem spojit sv\u00e9 znalosti \u0161pan\u011blsk\u00e9ho jazyka s divadlem. Krou\u017eek mimo jin\u00e9 pom\u00e1h\u00e1 i zlep\u0161it v\u00fdslovnost, intonaci a porozum\u011bn\u00ed jazyku.<\/p>\n<p>\u201eLas RATAS\u201c byly zalo\u017eeny roku 2007 \u0161pan\u011blsk\u00fdmi lektory Luisem Jaraquemadou a Davidem Linaresem. V roce 2008 m\u011bla skupina premi\u00e9ru hry \u201eLas RATAS\u201c, podle kter\u00e9 se jmenuje. U\u017e o rok pozd\u011bji se z\u00fa\u010dastnila n\u00e1rodn\u00edch festival\u016f. Jedn\u00e1 se o festivaly ur\u010den\u00e9 pro divadeln\u00ed soubory ze v\u0161ech \u0161pan\u011blsk\u00fdch sekc\u00ed v \u010cesk\u00e9 republice. Ka\u017ed\u00fd rok tak\u00e9 prob\u00edh\u00e1 festival mezin\u00e1rodn\u00ed, kde na\u0161i zemi re-prezentuj\u00ed v\u017edy dva soubory. \u201eLas RATAS\u201c m\u011bli tu mo\u017enost si zahr\u00e1t nap\u0159\u00edklad v Ma\u010farsku, Slovin-sku, Rusku, \u0160pan\u011blsku a loni na ja\u0159e v Bulharsku.<\/p>\n<p>Velkou p\u0159idanou hodnotou cel\u00e9ho divadla je i p\u0159\u00e1telsk\u00e1 atmosf\u00e9ra, kter\u00e1 d\u00edky divadlu vznik\u00e1 jak u\u017e ve \u0161kole mezi studenty a lektory, tak i na festivalech. Studenti tak maj\u00ed mo\u017enost poznat skrze \u0161pan\u011bl\u0161tinu nov\u00e9 kamar\u00e1dy nejen v \u010cesk\u00e9 republice, ale po cel\u00e9 Evrop\u011b.<\/p>\n<p>\u201eMotivem pro zalo\u017een\u00ed \u201aLas RATAS\u2019 byla nejen mo\u017enost \u00fa\u010dastnit se n\u00e1rodn\u00edch a mezin\u00e1rod-n\u00edch festival\u016f, ale tak\u00e9 vytvo\u0159it skupinu mlad\u00fdch lid\u00ed hraj\u00edc\u00edch pro studenty \u0161pan\u011bl\u0161tiny. Hr\u00e1t takov\u00e1 p\u0159edstaven\u00ed, aby jim studenti dob\u0159e rozum\u011bli a hry je bavily. Aby se t\u00fdkaly v\u011bc\u00ed, o kter\u00e9 se mlad\u00ed zaj\u00ed-maj\u00ed, a dot\u00fdkaly se i ot\u00e1zek lidsk\u00fdch hodnot, jako je nap\u0159\u00edklad svoboda, sny, l\u00e1ska,\u201c vysv\u011btluje smysl divadla Luis Jaraquemada.<\/p>\n<p><em>Veronika \u0160m\u00eddov\u00e1<\/em><\/p>\n<hr \/>\n\n\t\t<style type=\"text\/css\">\n\t\t\t#gallery-1 {\n\t\t\t\tmargin: auto;\n\t\t\t}\n\t\t\t#gallery-1 .gallery-item {\n\t\t\t\tfloat: left;\n\t\t\t\tmargin-top: 10px;\n\t\t\t\ttext-align: center;\n\t\t\t\twidth: 25%;\n\t\t\t}\n\t\t\t#gallery-1 img {\n\t\t\t\tborder: 2px solid #cfcfcf;\n\t\t\t}\n\t\t\t#gallery-1 .gallery-caption {\n\t\t\t\tmargin-left: 0;\n\t\t\t}\n\t\t\t\/* see gallery_shortcode() in wp-includes\/media.php *\/\n\t\t<\/style>\n\t\t<div id='gallery-1' class='gallery galleryid-717 gallery-columns-4 gallery-size-thumbnail'><dl class='gallery-item'>\n\t\t\t<dt class='gallery-icon landscape'>\n\t\t\t\t<a href='https:\/\/bigycb.cz\/bigy\/wp-content\/uploads\/522617_482454351808291_1684461087_n-1.jpg' rel=\"lightbox[717]\"><img loading=\"lazy\" decoding=\"async\" width=\"150\" height=\"150\" src=\"https:\/\/bigycb.cz\/bigy\/wp-content\/uploads\/522617_482454351808291_1684461087_n-1-150x150.jpg\" class=\"attachment-thumbnail size-thumbnail\" alt=\"\" \/><\/a>\n\t\t\t<\/dt><\/dl><dl class='gallery-item'>\n\t\t\t<dt class='gallery-icon landscape'>\n\t\t\t\t<a href='https:\/\/bigycb.cz\/bigy\/wp-content\/uploads\/559753_483124621741264_1127044821_n.jpg' rel=\"lightbox[717]\"><img loading=\"lazy\" decoding=\"async\" width=\"150\" height=\"150\" src=\"https:\/\/bigycb.cz\/bigy\/wp-content\/uploads\/559753_483124621741264_1127044821_n-150x150.jpg\" class=\"attachment-thumbnail size-thumbnail\" alt=\"\" \/><\/a>\n\t\t\t<\/dt><\/dl><dl class='gallery-item'>\n\t\t\t<dt class='gallery-icon landscape'>\n\t\t\t\t<a href='https:\/\/bigycb.cz\/bigy\/wp-content\/uploads\/625584_483123991741327_360649206_n.jpg' rel=\"lightbox[717]\"><img loading=\"lazy\" decoding=\"async\" width=\"150\" height=\"150\" src=\"https:\/\/bigycb.cz\/bigy\/wp-content\/uploads\/625584_483123991741327_360649206_n-150x150.jpg\" class=\"attachment-thumbnail size-thumbnail\" alt=\"\" \/><\/a>\n\t\t\t<\/dt><\/dl><dl class='gallery-item'>\n\t\t\t<dt class='gallery-icon landscape'>\n\t\t\t\t<a href='https:\/\/bigycb.cz\/bigy\/wp-content\/uploads\/IMG_0069.jpg' rel=\"lightbox[717]\"><img loading=\"lazy\" decoding=\"async\" width=\"150\" height=\"150\" src=\"https:\/\/bigycb.cz\/bigy\/wp-content\/uploads\/IMG_0069-150x150.jpg\" class=\"attachment-thumbnail size-thumbnail\" alt=\"\" \/><\/a>\n\t\t\t<\/dt><\/dl><br style=\"clear: both\" \/>\n\t\t<\/div>\n\n","protected":false},"excerpt":{"rendered":"<p>\u0160pan\u011blsk\u00e9 divadlo V r\u00e1mci \u0161pan\u011blsk\u00e9 sekce na Biskupsk\u00e9m gymn\u00e1ziu J. N. Neumanna u\u017e t\u00e9m\u011b\u0159 sedm let funguje diva-deln\u00ed soubor \u201eLas&nbsp;<a href=\"https:\/\/bigycb.cz\/bigy\/aktivity-skoly\/spanelske-divadlo\/\">&hellip;<\/a><\/p>\n","protected":false},"author":1,"featured_media":0,"parent":502,"menu_order":0,"comment_status":"closed","ping_status":"closed","template":"template-sidebar-right-childpages.php","meta":{"footnotes":""},"class_list":["post-717","page","type-page","status-publish","hentry","odd"],"_links":{"self":[{"href":"https:\/\/bigycb.cz\/bigy\/wp-json\/wp\/v2\/pages\/717","targetHints":{"allow":["GET"]}}],"collection":[{"href":"https:\/\/bigycb.cz\/bigy\/wp-json\/wp\/v2\/pages"}],"about":[{"href":"https:\/\/bigycb.cz\/bigy\/wp-json\/wp\/v2\/types\/page"}],"author":[{"embeddable":true,"href":"https:\/\/bigycb.cz\/bigy\/wp-json\/wp\/v2\/users\/1"}],"replies":[{"embeddable":true,"href":"https:\/\/bigycb.cz\/bigy\/wp-json\/wp\/v2\/comments?post=717"}],"version-history":[{"count":3,"href":"https:\/\/bigycb.cz\/bigy\/wp-json\/wp\/v2\/pages\/717\/revisions"}],"predecessor-version":[{"id":1754,"href":"https:\/\/bigycb.cz\/bigy\/wp-json\/wp\/v2\/pages\/717\/revisions\/1754"}],"up":[{"embeddable":true,"href":"https:\/\/bigycb.cz\/bigy\/wp-json\/wp\/v2\/pages\/502"}],"wp:attachment":[{"href":"https:\/\/bigycb.cz\/bigy\/wp-json\/wp\/v2\/media?parent=717"}],"curies":[{"name":"wp","href":"https:\/\/api.w.org\/{rel}","templated":true}]}}