{"id":715,"date":"2022-02-16T10:46:29","date_gmt":"2022-02-16T09:46:29","guid":{"rendered":"https:\/\/bigycb.cz\/demo\/?page_id=715"},"modified":"2025-10-02T18:06:32","modified_gmt":"2025-10-02T16:06:32","slug":"ddm-a-skolni-klub","status":"publish","type":"page","link":"https:\/\/bigycb.cz\/bigy\/aktivity-skoly\/ddm-a-skolni-klub\/","title":{"rendered":"DDM a \u0160koln\u00ed klub"},"content":{"rendered":"<p>[vc_row][vc_column][vc_column_text]<\/p>\n<h4><strong>Nab\u00eddka z\u00e1jmov\u00fdch \u00fatvar\u016f St\u0159ediska voln\u00e9ho \u010dasu p\u0159i Bigy (DDM a \u0160koln\u00ed klub)<\/strong><\/h4>\n<table>\n<tbody>\n<tr>\n<td width=\"179\"><strong>Z\u00e1jmov\u00fd \u00fatvar<\/strong><\/td>\n<td width=\"180\"><strong>garant<\/strong><\/td>\n<td width=\"170\"><strong>term\u00edn<\/strong><\/td>\n<td width=\"75\"><strong>u\u010debna<\/strong><\/td>\n<\/tr>\n<tr>\n<td width=\"179\">P\u011bveck\u00fd sbor<\/td>\n<td width=\"180\">Mgr. Vo\u0159\u00ed\u0161kov\u00e1<\/td>\n<td width=\"170\">\u00dater\u00fd 16,30-18,30<\/td>\n<td width=\"75\">215<\/td>\n<\/tr>\n<tr>\n<td width=\"179\">P\u011bveck\u00fd sbor<\/td>\n<td width=\"180\">Mgr. Kadlecov\u00e1<\/td>\n<td width=\"170\">\u00dater\u00fd 16,30-18,30<\/td>\n<td width=\"75\">215<\/td>\n<\/tr>\n<tr>\n<td width=\"179\">Alleluja \u2013 sbor ZU\u0160<\/td>\n<td width=\"180\">Mgr. Pe\u0161kov\u00e1<\/td>\n<td width=\"170\">St\u0159eda 15,45-17,45<\/td>\n<td width=\"75\">CZ\u0160<\/td>\n<\/tr>\n<tr>\n<td width=\"179\">Orchestr BIGY<\/td>\n<td width=\"180\">Mgr. Pe\u0161ek + Mgr. Pe\u0161kov\u00e1<\/td>\n<td width=\"170\">\u010ctvrtek 16,45-17,45<\/td>\n<td width=\"75\">ZU\u0160<\/td>\n<\/tr>\n<tr>\n<td width=\"179\">Sbor ZU\u0160<\/td>\n<td width=\"180\">Mgr. Tomandlov\u00e1<\/p>\n<p>Mgr. \u0160mardov\u00e1<\/td>\n<td width=\"170\">Pond\u011bl\u00ed 16,45-17,45<\/td>\n<td width=\"75\">CZ\u0160<\/td>\n<\/tr>\n<tr>\n<td width=\"179\">P\u0159\u00edprava na DSD I sk. 5.A<\/td>\n<td width=\"180\">Mgr. Moravcov\u00e1<\/td>\n<td width=\"170\">Pond\u011bl\u00ed 14,00 \u2013 15,00<\/td>\n<td width=\"75\">P26<\/td>\n<\/tr>\n<tr>\n<td width=\"179\">P\u0159\u00edprava na DSD I \u2013 sk. 4.F<\/td>\n<td width=\"180\">Mgr. Hesounov\u00e1<\/td>\n<td width=\"170\">\u00dater\u00fd 13,50 -14,50<\/td>\n<td width=\"75\">304<\/td>\n<\/tr>\n<tr>\n<td width=\"179\">P\u0159\u00edprava na DSD I \u2013 sk. 4.N<\/td>\n<td width=\"180\">Mgr. \u0160truncov\u00e1<\/td>\n<td width=\"170\">\u010ctvrtek 13,30 \u2013 14,30<\/td>\n<td width=\"75\">202<\/td>\n<\/tr>\n<tr>\n<td width=\"179\">Konverzace n\u011bmeck\u00fd jazyk<\/td>\n<td width=\"180\">Mgr. Vejskrabov\u00e1<\/td>\n<td width=\"170\">Pond\u011bl\u00ed 7,00 &#8211; 8,00<\/td>\n<td width=\"75\">P20<\/td>\n<\/tr>\n<tr>\n<td width=\"179\">Konverzace n\u011bmeck\u00fd jazyk<\/td>\n<td width=\"180\">Mgr. \u0160truncov\u00e1<\/td>\n<td width=\"170\">\u010ctvrtek 7,00 &#8211; 8,00<\/td>\n<td width=\"75\">205<\/td>\n<\/tr>\n<tr>\n<td width=\"179\">Konverzace anglick\u00fd jazyk<\/td>\n<td width=\"180\">Mgr. Volf<\/td>\n<td width=\"170\">\u00dater\u00fd 14,45-15,45<\/td>\n<td width=\"75\">P08<\/td>\n<\/tr>\n<tr>\n<td width=\"179\">Konverzace \u0161pan\u011blsk\u00fd jazyk<\/td>\n<td width=\"180\">Mgr. Djoa Muskov\u00e1<\/td>\n<td width=\"170\">P\u00e1tek 14,00-15,00<\/td>\n<td width=\"75\">P02<\/td>\n<\/tr>\n<tr>\n<td width=\"179\">Rusk\u00fd jazyk<\/td>\n<td width=\"180\">PaeDr. Korostensk\u00e1<\/td>\n<td width=\"170\">P\u00e1tek 7,00-8,00<\/td>\n<td width=\"75\">P20<\/td>\n<\/tr>\n<tr>\n<td width=\"179\">Divadlo ve \u0161pan\u011bl\u0161tin\u011b<\/td>\n<td width=\"180\">Lic. Jimen\u00e9z\/Lic. Alvaro<\/td>\n<td width=\"170\">P\u00e1tek 13,30-15,00<\/td>\n<td width=\"75\">104<\/td>\n<\/tr>\n<tr>\n<td width=\"179\">Biologick\u00fd krou\u017eek I<\/td>\n<td width=\"180\">Mgr. Zimov\u00e1<\/td>\n<td width=\"170\">P\u00e1tek 7,00 &#8211; 8,00<\/td>\n<td width=\"75\">207<\/td>\n<\/tr>\n<tr>\n<td width=\"179\">Biologick\u00fd krou\u017eek II<\/td>\n<td width=\"180\">RNDr. Srokov\u00e1, Ph.D.<\/td>\n<td width=\"170\">\u00dater\u00fd 7,00 &#8211; 8,00<\/td>\n<td width=\"75\">207<\/td>\n<\/tr>\n<tr>\n<td width=\"179\">Ekot\u00fdm<\/td>\n<td width=\"180\">Mgr. Zimov\u00e1<\/td>\n<td width=\"170\">Lich\u00fd p\u00e1tek 14,00-16,00<\/td>\n<td width=\"75\">122<\/td>\n<\/tr>\n<tr>\n<td width=\"179\">V\u00fdtvarn\u00fd krou\u017eek<\/td>\n<td width=\"180\">Mgr. Pelik\u00e1nov\u00e1<\/td>\n<td width=\"170\">Lich\u00e9 pond\u011bl\u00ed 14,30-16,30<\/td>\n<td width=\"75\">203<\/td>\n<\/tr>\n<tr>\n<td width=\"179\">Model\u00e1\u0159sk\u00fd krou\u017eek<\/td>\n<td width=\"180\">Ing. Form\u00e1nek\/Mgr. Vacek<\/td>\n<td width=\"170\">\u010ctvrtek 14,30-16,30<\/td>\n<td width=\"75\">301<\/td>\n<\/tr>\n<tr>\n<td width=\"179\">In\u017een\u00fdrsko-podnikatelsk\u00fd k.<\/td>\n<td width=\"180\">Mgr. \u0160louf, Ph.D.<\/td>\n<td width=\"170\">Sud\u00fd p\u00e1tek 14,00-16,00<\/td>\n<td width=\"75\">120<\/td>\n<\/tr>\n<tr>\n<td width=\"179\">Fotografick\u00fd krou\u017eek<\/p>\n<p>&nbsp;<\/td>\n<td width=\"180\">M. Binder<\/p>\n<p>&nbsp;<\/td>\n<td width=\"170\">P\u00e1tek 14,00-16,00<\/p>\n<p>&nbsp;<\/td>\n<td width=\"75\">Ext<\/p>\n<p>&nbsp;<\/td>\n<\/tr>\n<tr>\n<td width=\"179\">Ryb\u00e1\u0159sk\u00fd krou\u017eek<\/td>\n<td width=\"180\">R. Kole\u0161<\/td>\n<td width=\"170\">\u00dater\u00fd 14,00 \u2013 16,00<\/p>\n<p>St\u0159eda 14,00-16,00<\/p>\n<p>St\u0159eda 16,00-18,00<\/td>\n<td width=\"75\">P20<\/p>\n<p>P20<\/p>\n<p>P20<\/td>\n<\/tr>\n<tr>\n<td width=\"179\">Mezin\u00e1rodn\u00ed kuchyn\u011b<\/td>\n<td width=\"180\">Z. Turkov\u00e1<\/td>\n<td width=\"170\">\u00dater\u00fd 15,20-16,40<\/td>\n<td width=\"75\">Kuchy\u0148ka<\/td>\n<\/tr>\n<tr>\n<td width=\"179\">Horolezeck\u00e1 st\u011bna<\/td>\n<td width=\"180\">Mgr. Vondr\u00e1k<\/td>\n<td width=\"170\">\u010ctvrtek 16,15-17,15<\/p>\n<p>\u010ctvrtek 17,15-18,15<\/td>\n<td width=\"75\">TV<\/p>\n<p>TV<\/td>\n<\/tr>\n<tr>\n<td width=\"179\">Florbal<\/td>\n<td width=\"180\">Mgr. Peka\u0159<\/td>\n<td width=\"170\">P\u00e1tek 13,30-15,00<\/td>\n<td width=\"75\">TV<\/td>\n<\/tr>\n<tr>\n<td width=\"179\">Studentsk\u00e9 st\u0159edy<\/td>\n<td width=\"180\">P. Mike\u0161<\/td>\n<td width=\"170\">St\u0159eda 17,00-19,00<\/td>\n<td width=\"75\">Kostel sv. Rodiny<\/td>\n<\/tr>\n<\/tbody>\n<\/table>\n<p>[\/vc_column_text][\/vc_column][\/vc_row][vc_row][vc_column][vc_column_text]<\/p>\n<h4><strong>St\u0159edisko voln\u00e9ho \u010dasu \u2013 z\u00e1jmov\u00e9 \u00fatvary pro p\u0159edmaturitn\u00ed a maturitn\u00ed t\u0159\u00eddy\u00a0<\/strong><\/h4>\n<table>\n<tbody>\n<tr>\n<td width=\"179\"><strong>Z\u00e1jmov\u00fd \u00fatvar<\/strong><\/td>\n<td width=\"198\"><strong>garant<\/strong><\/td>\n<td width=\"151\"><strong>term\u00edn<\/strong><\/td>\n<td width=\"75\"><strong>u\u010debna<\/strong><\/td>\n<\/tr>\n<tr>\n<td width=\"179\">Cvi\u010den\u00ed z\u00a0biologie p I<\/td>\n<td width=\"198\">Mgr. Drboutov\u00e1<\/td>\n<td width=\"151\">Po 15,30-16,30<\/td>\n<td width=\"75\">205<\/td>\n<\/tr>\n<tr>\n<td width=\"179\">Cvi\u010den\u00ed z\u00a0biologie p II<\/td>\n<td width=\"198\">PaeDr. Nygr\u00fdnov\u00e1<\/td>\n<td width=\"151\">St 13,30-14,30<\/td>\n<td width=\"75\">203<\/td>\n<\/tr>\n<tr>\n<td width=\"179\">Cvi\u010den\u00ed z\u00a0biologie m I<\/td>\n<td width=\"198\">PaeDr. Nygr\u00fdnov\u00e1<\/td>\n<td width=\"151\">\u00dat 13,30-14,30<\/td>\n<td width=\"75\">205<\/td>\n<\/tr>\n<tr>\n<td width=\"179\">Cvi\u010den\u00ed z\u00a0biologie m II<\/td>\n<td width=\"198\">Mgr. Zimov\u00e1<\/td>\n<td width=\"151\">\u00dat 13,30-14,30<\/td>\n<td width=\"75\">203<\/td>\n<\/tr>\n<tr>\n<td width=\"179\">Cvi\u010den\u00ed z\u00a0chemie p I<\/td>\n<td width=\"198\">Mgr. Drboutov\u00e1<\/td>\n<td width=\"151\">St 15,30-16,30<\/td>\n<td width=\"75\">306<\/td>\n<\/tr>\n<tr>\n<td width=\"179\">Cvi\u010den\u00ed z\u00a0chemie p II<\/td>\n<td width=\"198\">RNDr. Herdov\u00e1<\/td>\n<td width=\"151\">St 15,30-16,30<\/td>\n<td width=\"75\">205<\/td>\n<\/tr>\n<tr>\n<td width=\"179\">Cvi\u010den\u00ed z\u00a0chemie m I<\/td>\n<td width=\"198\">Mgr. Bittov\u00e1, Ph.D.<\/td>\n<td width=\"151\">\u010ct 14,30-15,30<\/td>\n<td width=\"75\">205<\/td>\n<\/tr>\n<tr>\n<td width=\"179\">Cvi\u010den\u00ed z\u00a0chemie m II<\/td>\n<td width=\"198\">Mgr. Vacek<\/td>\n<td width=\"151\">\u010ct 13,30\u201314,30<\/td>\n<td width=\"75\">306<\/td>\n<\/tr>\n<tr>\n<td width=\"179\">Cvi\u010den\u00ed z\u00a0matematiky p I<\/td>\n<td width=\"198\">Mgr. Br\u00e1zdov\u00e1<\/td>\n<td width=\"151\">Po 14,30-15,30<\/td>\n<td width=\"75\">204<\/td>\n<\/tr>\n<tr>\n<td width=\"179\">Cvi\u010den\u00ed z\u00a0matematiky p II<\/td>\n<td width=\"198\">Mgr. Layerov\u00e1<\/td>\n<td width=\"151\">Po 15,30-16,30<\/td>\n<td width=\"75\">103<\/td>\n<\/tr>\n<tr>\n<td width=\"179\">Cvi\u010den\u00ed z\u00a0matematiky m I<\/td>\n<td width=\"198\">Mgr. Kukr\u00e1lov\u00e1<\/td>\n<td width=\"151\">St 13,45-14,45<\/td>\n<td width=\"75\">103<\/td>\n<\/tr>\n<tr>\n<td width=\"179\">Cvi\u010den\u00ed z\u00a0matematiky m II<\/td>\n<td width=\"198\">Mgr. Layerov\u00e1<\/td>\n<td width=\"151\">St 14,30-15,30<\/td>\n<td width=\"75\">P26<\/td>\n<\/tr>\n<tr>\n<td width=\"179\">OSP<\/td>\n<td width=\"198\">Mgr. Layerov\u00e1<\/td>\n<td width=\"151\">St 15,30-16,30<\/td>\n<td width=\"75\">103<\/td>\n<\/tr>\n<tr>\n<td width=\"179\">OSP<\/td>\n<td width=\"198\">Mgr. Volf<\/td>\n<td width=\"151\">\u00dat 12,45\u201314,45<\/td>\n<td width=\"75\">P08<\/td>\n<\/tr>\n<tr>\n<td width=\"179\">Cvi\u010den\u00ed z\u00a0fyziky p<\/td>\n<td width=\"198\">Mgr. \u0160louf, Ph.D.<\/td>\n<td width=\"151\">\u00dat 15,30-16,30<\/td>\n<td width=\"75\">120<\/td>\n<\/tr>\n<tr>\n<td width=\"179\">Cvi\u010den\u00ed z\u00a0fyziky m<\/td>\n<td width=\"198\">Mgr. \u0160louf, Ph.D.<\/td>\n<td width=\"151\">Po 7,50-8,50<\/td>\n<td width=\"75\">120<\/td>\n<\/tr>\n<tr>\n<td width=\"179\">Aplikovan\u00e1 psychologie<\/td>\n<td width=\"198\">Mgr. Heller<\/td>\n<td width=\"151\">\u010ct 14,30-16,30<\/td>\n<td width=\"75\">P12<\/td>\n<\/tr>\n<tr>\n<td width=\"179\">P\u0159\u00edprava na DSD II p<\/td>\n<td width=\"198\">Mag. Meyer\/Mag. Bauer<\/td>\n<td width=\"151\">St 14,30 \u2013 16,30 lich\u00fd<\/td>\n<td width=\"75\">217<\/td>\n<\/tr>\n<tr>\n<td width=\"179\">P\u0159\u00edprava na DSD II m<\/td>\n<td width=\"198\">Mag. Meyer\/Mag.Bauer<\/td>\n<td width=\"151\">St 14,30-16,30 sud\u00fd<\/td>\n<td width=\"75\">204<\/td>\n<\/tr>\n<tr>\n<td width=\"179\">P\u0159\u00edprava na DSD II p<\/td>\n<td width=\"198\">Mag. Meyer\/Mgr.Gutwirthov\u00e1<\/td>\n<td width=\"151\">\u010ct 7,00 &#8211; 8,00<\/td>\n<td width=\"75\">P03<\/td>\n<\/tr>\n<\/tbody>\n<\/table>\n<p>[\/vc_column_text][\/vc_column][\/vc_row][vc_row][vc_column][vc_column_text]<\/p>\n<blockquote><p>Bli\u017e\u0161\u00ed informace u vyu\u010duj\u00edc\u00edch nebo v kancel\u00e1\u0159i v 1. pat\u0159e u M. Kudl\u00e1\u010dkov\u00e9, tel. 380 420 218<\/p><\/blockquote>\n<p><a class=\"file_button\" href=\"https:\/\/bigycb.cz\/bigy\/wp-content\/uploads\/prihlaska_SVC_A4.pdf\" target=\"_blank\" rel=\"noopener\"><img loading=\"lazy\" decoding=\"async\" src=\"https:\/\/bigycb.cz\/bigy\/wp-content\/uploads\/icopdf-25x25.png\" alt=\"\" width=\"25\" height=\"25\" \/>P\u0159ihl\u00e1\u0161ka ke sta\u017een\u00ed<\/a><\/p>\n<p><a class=\"file_button\" href=\"https:\/\/bigycb.cz\/bigy\/wp-content\/uploads\/DDM_vnitrni_rad.pdf\" target=\"_blank\" rel=\"noopener\"><img loading=\"lazy\" decoding=\"async\" src=\"https:\/\/bigycb.cz\/bigy\/wp-content\/uploads\/icopdf-25x25.png\" alt=\"\" width=\"25\" height=\"25\" \/>Vnit\u0159n\u00ed \u0159\u00e1d DDM<\/a>[\/vc_column_text][\/vc_column][\/vc_row]<\/p>\n","protected":false},"excerpt":{"rendered":"<p>[vc_row][vc_column][vc_column_text] Nab\u00eddka z\u00e1jmov\u00fdch \u00fatvar\u016f St\u0159ediska voln\u00e9ho \u010dasu p\u0159i Bigy (DDM a \u0160koln\u00ed klub) Z\u00e1jmov\u00fd \u00fatvar garant term\u00edn u\u010debna P\u011bveck\u00fd sbor&nbsp;<a href=\"https:\/\/bigycb.cz\/bigy\/aktivity-skoly\/ddm-a-skolni-klub\/\">&hellip;<\/a><\/p>\n","protected":false},"author":1,"featured_media":0,"parent":502,"menu_order":0,"comment_status":"closed","ping_status":"closed","template":"template-sidebar-right-childpages.php","meta":{"footnotes":""},"class_list":["post-715","page","type-page","status-publish","hentry","odd"],"_links":{"self":[{"href":"https:\/\/bigycb.cz\/bigy\/wp-json\/wp\/v2\/pages\/715","targetHints":{"allow":["GET"]}}],"collection":[{"href":"https:\/\/bigycb.cz\/bigy\/wp-json\/wp\/v2\/pages"}],"about":[{"href":"https:\/\/bigycb.cz\/bigy\/wp-json\/wp\/v2\/types\/page"}],"author":[{"embeddable":true,"href":"https:\/\/bigycb.cz\/bigy\/wp-json\/wp\/v2\/users\/1"}],"replies":[{"embeddable":true,"href":"https:\/\/bigycb.cz\/bigy\/wp-json\/wp\/v2\/comments?post=715"}],"version-history":[{"count":28,"href":"https:\/\/bigycb.cz\/bigy\/wp-json\/wp\/v2\/pages\/715\/revisions"}],"predecessor-version":[{"id":10340,"href":"https:\/\/bigycb.cz\/bigy\/wp-json\/wp\/v2\/pages\/715\/revisions\/10340"}],"up":[{"embeddable":true,"href":"https:\/\/bigycb.cz\/bigy\/wp-json\/wp\/v2\/pages\/502"}],"wp:attachment":[{"href":"https:\/\/bigycb.cz\/bigy\/wp-json\/wp\/v2\/media?parent=715"}],"curies":[{"name":"wp","href":"https:\/\/api.w.org\/{rel}","templated":true}]}}