{"id":713,"date":"2022-02-16T10:45:59","date_gmt":"2022-02-16T09:45:59","guid":{"rendered":"https:\/\/bigycb.cz\/demo\/?page_id=713"},"modified":"2026-04-01T12:18:55","modified_gmt":"2026-04-01T10:18:55","slug":"fotogalerie","status":"publish","type":"page","link":"https:\/\/bigycb.cz\/bigy\/o-skole\/fotogalerie\/","title":{"rendered":"Fotogalerie"},"content":{"rendered":"<p>[vc_row][vc_column][vc_custom_heading text=&#8221;Fotogalerie&#8221; font_container=&#8221;tag:h1|text_align:left&#8221; use_theme_fonts=&#8221;yes&#8221; css=&#8221;.vc_custom_1645432140259{margin-bottom: 30px !important;}&#8221;][\/vc_column][\/vc_row][vc_row][vc_column][vc_custom_heading text=&#8221;2025\/2026&#8243; font_container=&#8221;tag:h3|text_align:left|color:%23377ea8&#8243; use_theme_fonts=&#8221;yes&#8221; css=&#8221;.vc_custom_1757510432808{margin-top: 15px !important;margin-bottom: 15px !important;}&#8221;][\/vc_column][vc_column][vc_tta_accordion active_section=&#8221;&#8221; collapsible_all=&#8221;true&#8221;][vc_tta_section title=&#8221;Velikono\u010dn\u00ed \u0161koln\u00ed m\u0161e svat\u00e1&#8221; tab_id=&#8221;1775038440165-f3e4eabd-7c34&#8243;][vc_gallery type=&#8221;image_grid&#8221; images=&#8221;11443,11444,11445,11446,11447,11448,11449,11450,11451,11452,11453,11454,11455,11456,11457,11458,11459,11460,11461,11462,11463,11464,11465,11466,11467,11468,11469,11470,11471&#8243;][\/vc_tta_section][vc_tta_section title=&#8221;Veletrh vysok\u00fdch \u0161kol&#8221; tab_id=&#8221;1773154955171-074b2134-9857&#8243;][vc_gallery type=&#8221;image_grid&#8221; images=&#8221;11268,11269,11270,11271,11272,11273,11274,11275,11276,11277,11278,11279,11280,11281,11282,11283,11284,11285,11286,11287,11288,11289,11290,11291,11292,11293,11294,11295,11296,11297&#8243;][\/vc_tta_section][vc_tta_section title=&#8221;Bigyschody 2026&#8243; tab_id=&#8221;17556580613-cf587-4f9c&#8221;][vc_gallery type=&#8221;image_grid&#8221; images=&#8221;11073,11074,11075,11076,11077,11078,11079,11080,11081,11082,11083,11084,11085,11086,11087,11088,11089,11090,11091,11092,11093,11094,11095,11096,11097,11098,11099,11100&#8243;][\/vc_tta_section][vc_tta_section title=&#8221;Den otev\u0159en\u00fdch dve\u0159\u00ed&#8221; tab_id=&#8221;1770127727529-861abe62-a1c8&#8243;][vc_gallery type=&#8221;image_grid&#8221; images=&#8221;10881,10882,10883,10884,10885,10886,10887,10888,10889,10890,10891,10892,10893,10894,10895,10896,10897,10898,10899,10900,10901,10902,10903,10904,10905,10906,10907,10908,10909,10910,10911,10912,10913,10914,10915,10916,10917,10918,10919&#8243;][\/vc_tta_section][vc_tta_section title=&#8221;Turistick\u00fd kurz Tatry&#8221; tab_id=&#8221;1767961697623-54be9058-83ea&#8221;][vc_gallery type=&#8221;image_grid&#8221; images=&#8221;10280,10279,10278,10277,10275,10274,10262,10261,10260,10259,10258,10256,10255,10252,10251,10250,10249,10248,10247,10246,10245,10244,10242,10241,10240,10239,10238,10237,10235,10234,10233,10232&#8243;][\/vc_tta_section][vc_tta_section title=&#8221;Prvn\u00ed \u0161koln\u00ed den nov\u011b nastupuj\u00edc\u00edch t\u0159\u00edd&#8221; tab_id=&#8221;1718691078851-a5746-e743&#8243;][vc_gallery type=&#8221;image_grid&#8221; images=&#8221;10104,10103,10102,10101,10100&#8243;][\/vc_tta_section][\/vc_tta_accordion][\/vc_column][\/vc_row][vc_row][vc_column][vc_custom_heading text=&#8221;2024\/2025&#8243; font_container=&#8221;tag:h3|text_align:left|color:%23377ea8&#8243; use_theme_fonts=&#8221;yes&#8221; css=&#8221;.vc_custom_1736755367005{margin-top: 15px !important;margin-bottom: 15px !important;}&#8221;][\/vc_column][vc_column][vc_tta_accordion active_section=&#8221;&#8221; collapsible_all=&#8221;true&#8221;][vc_tta_section title=&#8221;Z\u00e1v\u011bre\u010dn\u00e1 m\u0161e sv.&#8221; tab_id=&#8221;1757510386049-4598e3af-a835&#8243;][vc_gallery type=&#8221;image_grid&#8221; images=&#8221;10027,10028,10029,10030,10031,10032,10033,10034,10035,10036,10037,10038&#8243;][\/vc_tta_section][vc_tta_section title=&#8221;\u0160koln\u00ed pou\u0165 2025 na \u0158\u00edmov&#8221; tab_id=&#8221;1757510386083-7743d283-addb&#8221;][vc_gallery type=&#8221;image_grid&#8221; images=&#8221;9885,9884,9883,9882,9881,9880,9879,9878,9877,9876,9875,9874,9873,9872&#8243;][\/vc_tta_section][vc_tta_section title=&#8221;Absolventsk\u00fd ve\u010der&#8221; tab_id=&#8221;1757510386118-226bd3eb-b99d&#8221;][vc_gallery type=&#8221;image_grid&#8221; images=&#8221;9734,9735,9736,9737,9738,9739,9740,9741,9742,9743,9744,9745,9746,9747,9748,9749,9750,9751,9752,9753,9754,9755,9756,9757,9758,9759,9760,9761,9762,9763,9764,9766,9767,9768,9769,9770,9771,9772,9773,9774,9775,9776,9777,9778,9779,9780,9781,9782,9783,9784&#8243; img_size=&#8221;&#8221;][\/vc_tta_section][vc_tta_section title=&#8221;Den otev\u0159en\u00fdch dve\u0159\u00ed&#8221; tab_id=&#8221;1757510386153-a1dfde5d-7fc8&#8243;][vc_gallery type=&#8221;image_grid&#8221; images=&#8221;8948,8947,8946,8945,8944,8943,8942,8941,8940,8939,8938,8937,8936,8935,8934,8933,8932,8931,8930,8929&#8243; img_size=&#8221;&#8221;][\/vc_tta_section][\/vc_tta_accordion][\/vc_column][\/vc_row][vc_row][vc_column][vc_custom_heading text=&#8221;2023\/2024&#8243; font_container=&#8221;tag:h3|text_align:left|color:%23377ea8&#8243; use_theme_fonts=&#8221;yes&#8221; css=&#8221;.vc_custom_1704885239416{margin-top: 15px !important;margin-bottom: 15px !important;}&#8221;][\/vc_column][vc_column][vc_tta_accordion active_section=&#8221;&#8221; collapsible_all=&#8221;true&#8221;][vc_tta_section title=&#8221;Absolventsk\u00fd koncert&#8221; tab_id=&#8221;1736755322839-e3e682e7-b6d1&#8243;][vc_gallery type=&#8221;image_grid&#8221; images=&#8221;7804,7803,7802,7801,7800,7799,7798,7797,7796,7795,7794&#8243; img_size=&#8221;&#8221;][\/vc_tta_section][vc_tta_section title=&#8221;Den otev\u0159en\u00fdch dve\u0159\u00ed&#8221; tab_id=&#8221;1736755322871-6182a8d9-7f55&#8243;][vc_gallery type=&#8221;image_grid&#8221; images=&#8221;6179,6178,6177,6176,6175,6174,6173,6172,6171,6170,6169,6168,6167,6166,6165,6164,6163,6162,6161,6160,6159&#8243; img_size=&#8221;&#8221;][\/vc_tta_section][\/vc_tta_accordion][\/vc_column][\/vc_row][vc_row][vc_column][vc_custom_heading text=&#8221;2022\/2023&#8243; font_container=&#8221;tag:h3|text_align:left|color:%23377ea8&#8243; use_theme_fonts=&#8221;yes&#8221; css=&#8221;.vc_custom_1665226044891{margin-top: 15px !important;margin-bottom: 15px !important;}&#8221;][\/vc_column][vc_column][vc_tta_accordion active_section=&#8221;&#8221; collapsible_all=&#8221;true&#8221;][vc_tta_section title=&#8221;Absolventsk\u00fd koncert&#8221; tab_id=&#8221;1704885203068-56e08452-e47f&#8221;][vc_media_grid style=&#8221;lazy&#8221; element_width=&#8221;3&#8243; grid_id=&#8221;vc_gid:1775038695095-ba622861-b317-5&#8243; include=&#8221;5131,5132,5133,5134,5136,5137,5138,5140,5141,5142,5143,5144,5145,5146,5148,5149,5150,5151&#8243;][\/vc_tta_section][vc_tta_section title=&#8221;MaSo&#8221; tab_id=&#8221;1704885203099-a8ed2925-f2c7&#8243;][vc_media_grid style=&#8221;load-more&#8221; btn_style=&#8221;modern&#8221; btn_color=&#8221;default&#8221; btn_size=&#8221;xs&#8221; grid_id=&#8221;vc_gid:1775038695095-a099b48c-0dc4-8&#8243; include=&#8221;4869,4870,4871,4872,4873,4874,4875,4876,4877,4878,4879,4880,4881,4882,4883,4884,4885,4886,4887,4888,4889,4890,4891,4892,4893,4894,4895,4896,4897,4898,4899,4900,4901,4902,4903,4904,4905,4906,4907,4908,4909,4910,4911,4912,4913,4914,4915,4916,4917,4918&#8243;][\/vc_tta_section][vc_tta_section title=&#8221;Posledn\u00ed zvon\u011bn\u00ed 28.4.2023&#8243; tab_id=&#8221;1704885203127-a1db520a-6aea&#8221;][vc_media_grid style=&#8221;load-more&#8221; items_per_page=&#8221;8&#8243; element_width=&#8221;3&#8243; btn_style=&#8221;modern&#8221; btn_color=&#8221;default&#8221; btn_size=&#8221;xs&#8221; grid_id=&#8221;vc_gid:1775038695096-d25fcc09-269d-5&#8243; include=&#8221;4634,4635,4636,4637,4638,4639,4640,4641,4642,4643,4644,4645,4646,4647,4648,4649,4650,4651,4652,4653,4654,4655,4656,4657,4658,4659,4660,4661,4662,4663,4664,4665,4666,4667,4668,4669,4670,4671,4672,4673,4674,4675,4676,4677&#8243;][\/vc_tta_section][vc_tta_section title=&#8221;Sva\u010dina v t\u011blocvi\u010dn\u011b (5.N + Ekot\u00fdm)&#8221; tab_id=&#8221;1704885203158-fb31b60b-78bb&#8221;][vc_media_grid style=&#8221;lazy&#8221; items_per_page=&#8221;8&#8243; element_width=&#8221;3&#8243; grid_id=&#8221;vc_gid:1775038695096-f6a1915c-4dc5-7&#8243; include=&#8221;4509,4510,4511,4512,4513,4514,4515,4516,4517,4518,4519,4520,4521,4522,4523,4524,4525,4526,4527,4528,4529,4530,4531,4532,4533,4534,4535,4536,4537,4538,4539,4444,4443,4442,4500,4508,4507,4506,4505,4503&#8243;][\/vc_tta_section][vc_tta_section title=&#8221;V\u00e1no\u010dn\u00ed florbalov\u00fd turnaj&#8221; tab_id=&#8221;1704885203209-b793dda3-86f0&#8243;][vc_media_grid grid_id=&#8221;vc_gid:1775038695096-9f441e6b-af17-5&#8243; include=&#8221;4220,4221,4222,4223,4224,4225,4226,4227,4228,4229,4230,4231,4232,4233,4234,4235,4237,4238,4239,4240,4241,4242,4243,4244,4245,4246,4247,4248,4249,4250,4251,4252,4253,4254,4255&#8243;][vc_media_grid grid_id=&#8221;vc_gid:1775038695096-db04f5b5-0d26-2&#8243;][\/vc_tta_section][vc_tta_section title=&#8221;Volba kr\u00e1le Bigy &#8211; displ\u00edny&#8221; tab_id=&#8221;1704885203263-80c9c27e-f15f&#8221;][vc_media_grid grid_id=&#8221;vc_gid:1775038695096-6e9b316a-9d22-1&#8243; include=&#8221;4061,4062,4063,4064,4065,4066,4067,4068,4069,4070,4071,4072,4073,4074,4075,4076,4077,4078,4079,4080,4081,4082,4083,4084,4086,4087,4089,4090,4091,4092,4093,4094,4095,4096,4097,4098&#8243;][vc_media_grid grid_id=&#8221;vc_gid:1775038695096-668e60c0-9e19-5&#8243;][\/vc_tta_section][vc_tta_section title=&#8221;Sva\u010dina na dvorku 2.N&#8221; tab_id=&#8221;1704885203321-bdb7b419-6062&#8243;][vc_media_grid grid_id=&#8221;vc_gid:1775038695096-2db743d1-796f-10&#8243; include=&#8221;3995,3996,3997,3998,3999,4000,4001,4002,4003,4004,4005,4006,4007,4008,4009&#8243;][\/vc_tta_section][vc_tta_section title=&#8221;\u0160achov\u00fd turnaj&#8221; tab_id=&#8221;1704885203359-6e407edb-03bc&#8221;][vc_media_grid grid_id=&#8221;vc_gid:1775038695096-afb09aa2-89a6-9&#8243; include=&#8221;3973,3988,3987,3986,3985,3984,3983,3982,3981,3980,3979,3978,3977,3976,3975,3974&#8243;][\/vc_tta_section][vc_tta_section title=&#8221;Pi\u0161kvorkov\u00fd turnaj 1.11.2022&#8243; tab_id=&#8221;1704885203394-4d0e9bb9-a17d&#8221;][vc_media_grid grid_id=&#8221;vc_gid:1775038695096-53e59903-0018-8&#8243; include=&#8221;3451,3452,3453,3454,3455,3456,3457,3458,3459,3460,3461,3462,3463,3464,3465,3466,3467&#8243;][\/vc_tta_section][vc_tta_section title=&#8221;Sva\u010dina na dvorku 24.10.2022&#8243; tab_id=&#8221;1704885203432-9d33c0e4-6b62&#8243;][vc_media_grid grid_id=&#8221;vc_gid:1775038695096-7548818f-5903-6&#8243; include=&#8221;3396,3397,3398,3399,3400,3401,3402,3403,3404,3405,3406,3407,3408,3409,3410,3411,3412,3413,3414,3415,3416,3417,3418,3419,3420,3421,3422,3423,3424,3425,3426,3427,3428,3429,3430,3431,3432,3433,3434,3435,3436,3437,3438,3439,3440,3441,3442,3443,3444,3445,3446,3447,3448,3449&#8243;][\/vc_tta_section][vc_tta_section title=&#8221;Turistick\u00fd kurz &#8211; Slovensko (Tatry)&#8221; tab_id=&#8221;1704885203471-9f13f4c2-5857&#8243;][vc_media_grid style=&#8221;lazy&#8221; element_width=&#8221;3&#8243; grid_id=&#8221;vc_gid:1775038695096-d2bbd59e-1208-8&#8243; include=&#8221;3223,3224,3225,3226,3227,3228,3229,3230,3231,3232,3233,3234,3235,3236,3237,3238,3239,3240,3241,3242,3243,3244,3245,3246,3247,3248,3249,3250,3251,3252&#8243;][\/vc_tta_section][vc_tta_section title=&#8221;Charitativn\u00ed sva\u010dina na dvorku&#8221; tab_id=&#8221;1704885203507-fde5bb3f-8e4a&#8221;][vc_media_grid style=&#8221;lazy&#8221; element_width=&#8221;3&#8243; grid_id=&#8221;vc_gid:1775038695096-369c0d15-e847-2&#8243; include=&#8221;3032,3067,3066,3065,3064,3062,3061,3060,3059,3058,3057,3056,3055,3054,3053,3052,3051,3050,3049,3048,3047,3046,3045,3044,3043,3042,3041,3039,3038,3037,3036,3035,3034,3033&#8243;][\/vc_tta_section][\/vc_tta_accordion][\/vc_column][\/vc_row][vc_row][vc_column][vc_custom_heading text=&#8221;2021\/2022&#8243; font_container=&#8221;tag:h3|text_align:left|color:%23377ea8&#8243; use_theme_fonts=&#8221;yes&#8221; css=&#8221;.vc_custom_1645432880762{margin-top: 15px !important;margin-bottom: 15px !important;}&#8221;][\/vc_column][\/vc_row][vc_row][vc_column][vc_tta_accordion style=&#8221;flat&#8221; active_section=&#8221;&#8221; collapsible_all=&#8221;true&#8221;][vc_tta_section title=&#8221;P\u0159ed\u00e1v\u00e1n\u00ed maturitn\u00edho vysv\u011bd\u010den\u00ed &#8211; Dominik\u00e1nsk\u00fd kl\u00e1\u0161ter 1. 6. 2022&#8243; tab_id=&#8221;1665226081692-bc149233-2b3b&#8221;][vc_media_grid style=&#8221;lazy&#8221; element_width=&#8221;3&#8243; grid_id=&#8221;vc_gid:1775038695097-a18c2a5c-aff5-1&#8243; include=&#8221;2532,2533,2534,2535,2536,2537,2538,2539,2540,2541,2542,2543,2544,2545,2546,2547,2548,2549,2550,2551,2552,2554,2555,2556,2557,2558,2559,2560,2561,2562,2564,2565,2566,2567,2568,2569,2570,2572,2573,2574,2575,2576,2577,2578,2580,2581,2582,2583,2584,2585,2586,2587,2588,2589,2590,2591,2592,2593,2594,2595,2596,2597,2598,2599,2600,2601,2602,2603,2604,2605,2606,2607,2608,2609,2610,2613,2614,2615,2616,2617,2618,2619,2620,2621,2622,2627,2628&#8243;][\/vc_tta_section][vc_tta_section title=&#8221;Pou\u0165 na Lomec 28.6.2022&#8243; tab_id=&#8221;1656829662232-5d3e5bb6-e2ff&#8221;][vc_media_grid style=&#8221;lazy&#8221; element_width=&#8221;3&#8243; grid_id=&#8221;vc_gid:1775038695097-e2cfcd75-139b-6&#8243; include=&#8221;2330,2409,2408,2407,2406,2405,2404,2403,2402,2401,2400,2399,2398,2397,2396,2395,2394,2393,2392,2391,2390,2389,2388,2387,2386,2385,2384,2383,2382,2381,2380,2379,2378,2377,2376,2375,2374,2373,2372,2371,2370,2369,2368,2367,2366,2365,2364,2363,2362,2361,2360,2359,2358,2357,2356,2355,2354,2353,2352,2351,2350,2348,2347,2346,2345,2344,2343,2342,2341,2340,2339,2338,2337,2336,2335,2334,2333,2332,2331&#8243;][\/vc_tta_section][vc_tta_section title=&#8221;Den otev\u0159en\u00fdch dve\u0159\u00ed 2022&#8243; tab_id=&#8221;1645015060998-5efb651d-36f9&#8243;][vc_media_grid style=&#8221;lazy&#8221; items_per_page=&#8221;12&#8243; element_width=&#8221;2&#8243; gap=&#8221;10&#8243; item=&#8221;mediaGrid_SimpleOverlay&#8221; initial_loading_animation=&#8221;none&#8221; grid_id=&#8221;vc_gid:1775038695097-e2896fc3-7949-3&#8243; include=&#8221;831,832,833,834,835,836,837,838,839&#8243;][\/vc_tta_section][vc_tta_section title=&#8221;Cyklistick\u00fd kurz 2021&#8243; tab_id=&#8221;1645015060995-1af3aa32-24dc&#8221;][vc_media_grid style=&#8221;lazy&#8221; items_per_page=&#8221;12&#8243; element_width=&#8221;2&#8243; gap=&#8221;10&#8243; item=&#8221;mediaGrid_SimpleOverlay&#8221; initial_loading_animation=&#8221;none&#8221; grid_id=&#8221;vc_gid:1775038695097-bf28243c-7888-6&#8243; include=&#8221;811,812,813,814,815,816,817,818,819,820,821,822,823,824,825,826,827,828,829,830&#8243;][\/vc_tta_section][vc_tta_section title=&#8221;M\u0161e pod \u0161ir\u00fdm nebem &#8211; letn\u00ed kino H\u00e1je\u010dek 2021&#8243; tab_id=&#8221;1660060798379-e7f00403-fbe4&#8243;][vc_media_grid grid_id=&#8221;vc_gid:1775038695097-e3d259d7-fba8-0&#8243; include=&#8221;2631,2632,2633,2634,2635,2636,2637,2638,2639,2640,2641,2642,2643,2644,2645,2646,2647,2648,2649,2650,2651,2652,2653,2654,2655,2656,2657,2658,2659,2660,2661,2662,2663,2664,2665,2666,2667,2668,2669,2670,2671,2672,2673,2674,2675,2676,2677,2678&#8243;][\/vc_tta_section][\/vc_tta_accordion][\/vc_column][\/vc_row][vc_row][vc_column][vc_custom_heading text=&#8221;2019\/2020&#8243; font_container=&#8221;tag:h3|text_align:left|color:%23377ea8&#8243; use_theme_fonts=&#8221;yes&#8221; css=&#8221;.vc_custom_1645432889283{margin-top: 15px !important;margin-bottom: 15px !important;}&#8221;][\/vc_column][\/vc_row][vc_row][vc_column][vc_tta_accordion style=&#8221;flat&#8221; active_section=&#8221;&#8221; collapsible_all=&#8221;true&#8221;][vc_tta_section title=&#8221;Den otev\u0159en\u00fdch dve\u0159\u00ed 2020&#8243; tab_id=&#8221;1645432290729-24249231-94e4&#8243;][vc_media_grid style=&#8221;lazy&#8221; items_per_page=&#8221;12&#8243; element_width=&#8221;2&#8243; gap=&#8221;10&#8243; item=&#8221;mediaGrid_SimpleOverlay&#8221; initial_loading_animation=&#8221;none&#8221; grid_id=&#8221;vc_gid:1775038695097-c45d951d-0a20-8&#8243; include=&#8221;841,842,843,844,845,846,847,848,849,850,851,852,853,854,855,856,857,858,859,860,861,862,863,864,865,866,867,868,869,870,871&#8243;][\/vc_tta_section][vc_tta_section title=&#8221;Rozhoduj o Evrop\u011b 2019&#8243; tab_id=&#8221;1645432290746-826d0279-4975&#8243;][vc_media_grid style=&#8221;lazy&#8221; items_per_page=&#8221;12&#8243; element_width=&#8221;2&#8243; gap=&#8221;10&#8243; item=&#8221;mediaGrid_SimpleOverlay&#8221; initial_loading_animation=&#8221;none&#8221; grid_id=&#8221;vc_gid:1775038695097-02f8cdc4-1a68-6&#8243; include=&#8221;872,873,874,875,876,877,878,879,880,881,882,883&#8243;][\/vc_tta_section][\/vc_tta_accordion][\/vc_column][\/vc_row]<\/p>\n","protected":false},"excerpt":{"rendered":"<p>[vc_row][vc_column][vc_custom_heading text=&#8221;Fotogalerie&#8221; font_container=&#8221;tag:h1|text_align:left&#8221; use_theme_fonts=&#8221;yes&#8221; css=&#8221;.vc_custom_1645432140259{margin-bottom: 30px !important;}&#8221;][\/vc_column][\/vc_row][vc_row][vc_column][vc_custom_heading text=&#8221;2025\/2026&#8243; font_container=&#8221;tag:h3|text_align:left|color:%23377ea8&#8243; use_theme_fonts=&#8221;yes&#8221; css=&#8221;.vc_custom_1757510432808{margin-top: 15px !important;margin-bottom: 15px !important;}&#8221;][\/vc_column][vc_column][vc_tta_accordion active_section=&#8221;&#8221; collapsible_all=&#8221;true&#8221;][vc_tta_section title=&#8221;Velikono\u010dn\u00ed \u0161koln\u00ed m\u0161e&nbsp;<a href=\"https:\/\/bigycb.cz\/bigy\/o-skole\/fotogalerie\/\">&hellip;<\/a><\/p>\n","protected":false},"author":1,"featured_media":0,"parent":494,"menu_order":0,"comment_status":"closed","ping_status":"closed","template":"template-fullwidth.php","meta":{"footnotes":""},"class_list":["post-713","page","type-page","status-publish","hentry","odd"],"_links":{"self":[{"href":"https:\/\/bigycb.cz\/bigy\/wp-json\/wp\/v2\/pages\/713","targetHints":{"allow":["GET"]}}],"collection":[{"href":"https:\/\/bigycb.cz\/bigy\/wp-json\/wp\/v2\/pages"}],"about":[{"href":"https:\/\/bigycb.cz\/bigy\/wp-json\/wp\/v2\/types\/page"}],"author":[{"embeddable":true,"href":"https:\/\/bigycb.cz\/bigy\/wp-json\/wp\/v2\/users\/1"}],"replies":[{"embeddable":true,"href":"https:\/\/bigycb.cz\/bigy\/wp-json\/wp\/v2\/comments?post=713"}],"version-history":[{"count":72,"href":"https:\/\/bigycb.cz\/bigy\/wp-json\/wp\/v2\/pages\/713\/revisions"}],"predecessor-version":[{"id":11474,"href":"https:\/\/bigycb.cz\/bigy\/wp-json\/wp\/v2\/pages\/713\/revisions\/11474"}],"up":[{"embeddable":true,"href":"https:\/\/bigycb.cz\/bigy\/wp-json\/wp\/v2\/pages\/494"}],"wp:attachment":[{"href":"https:\/\/bigycb.cz\/bigy\/wp-json\/wp\/v2\/media?parent=713"}],"curies":[{"name":"wp","href":"https:\/\/api.w.org\/{rel}","templated":true}]}}