{"id":708,"date":"2022-02-16T10:44:57","date_gmt":"2022-02-16T09:44:57","guid":{"rendered":"https:\/\/bigycb.cz\/demo\/?page_id=708"},"modified":"2026-01-11T20:28:15","modified_gmt":"2026-01-11T19:28:15","slug":"prijimaci-zkousky-nanecisto","status":"publish","type":"page","link":"https:\/\/bigycb.cz\/bigy\/uchazeci\/prijimaci-zkousky-nanecisto\/","title":{"rendered":"P\u0159ij\u00edmac\u00ed zkou\u0161ky nane\u010disto"},"content":{"rendered":"<p>[vc_row][vc_column][vc_custom_heading text=&#8221;P\u0159ij\u00edmac\u00ed zkou\u0161ky nane\u010disto&#8221; font_container=&#8221;tag:h1|text_align:left&#8221; use_theme_fonts=&#8221;yes&#8221;][\/vc_column][\/vc_row][vc_row][vc_column][vc_btn title=&#8221;V\u00fdsledky p\u0159ij\u00edmac\u00edch zkou\u0161ek nane\u010disto&#8221; style=&#8221;classic&#8221; shape=&#8221;square&#8221; color=&#8221;success&#8221; i_icon_fontawesome=&#8221;fas fa-file-pdf&#8221; add_icon=&#8221;true&#8221; link=&#8221;url:https%3A%2F%2Fbigycb.cz%2Fbigy%2Fwp-content%2Fuploads%2Fvysledky_pzn_2026.pdf|target:_blank&#8221;][\/vc_column][\/vc_row][vc_row disable_element=&#8221;yes&#8221;][vc_column][vc_custom_heading text=&#8221;P\u0159ij\u00edmac\u00ed zkou\u0161ky nane\u010disto&#8221; font_container=&#8221;tag:h1|text_align:left&#8221; use_theme_fonts=&#8221;yes&#8221;][vc_column_text]P\u0159ij\u00edmac\u00ed zkou\u0161ky nane\u010disto pro z\u00e1jemce o osmilet\u00e9, \u0161estilet\u00e9 a \u010dty\u0159let\u00e9 studium budou prob\u00edhat v sobotu <strong>10. ledna 2026<\/strong> na Biskupsk\u00e9m gymn\u00e1ziu J. N. Neumanna, Jirs\u00edkova 5, \u010cesk\u00e9 Bud\u011bjovice.<\/p>\n<p>Cena: <strong>400 K\u010d<\/strong><\/p>\n<p>P\u0159ihl\u00e1\u0161ky k test\u016fm se budou p\u0159ij\u00edmat od 13. \u0159\u00edjna 2025 do 7. ledna 2026.[\/vc_column_text][\/vc_column][\/vc_row][vc_row disable_element=&#8221;yes&#8221;][vc_column][vc_btn title=&#8221;P\u0159ihla\u0161ovac\u00ed formul\u00e1\u0159&#8221; style=&#8221;classic&#8221; shape=&#8221;square&#8221; color=&#8221;success&#8221; i_icon_fontawesome=&#8221;fab fa-wpforms&#8221; add_icon=&#8221;true&#8221; link=&#8221;url:https%3A%2F%2Fdocs.google.com%2Fforms%2Fd%2Fe%2F1FAIpQLSdObnMnRUZ7wuYVw6fCGOQ8KmjuSi&#8211;pxt_V8HZIbX5yoZy9Q%2Fviewform%3Fusp%3Dsf_link|target:_blank&#8221;][\/vc_column][\/vc_row][vc_row disable_element=&#8221;yes&#8221; css=&#8221;.vc_custom_1768159588502{padding-top: 15px !important;padding-right: 15px !important;padding-bottom: 15px !important;padding-left: 15px !important;background-color: #f9f9f9 !important;}&#8221;][vc_column width=&#8221;3\/4&#8243; css=&#8221;.vc_custom_1760945200058{margin-top: 0px !important;padding-top: 0px !important;}&#8221;][vc_column_text]<\/p>\n<h3>Platebn\u00ed pokyny k \u00fahrad\u011b<\/h3>\n<ul>\n<li>\u010d\u00e1stka: <strong>400 K\u010d<\/strong><\/li>\n<li>\u010d. \u00fa: <strong>131-2218420277\/0100<\/strong><\/li>\n<li>variabiln\u00ed symbol: <strong>11<\/strong><\/li>\n<li>zpr\u00e1va pro p\u0159\u00edjemce: <strong>p\u0159\u00edjmen\u00ed a jm\u00e9no \u00fa\u010dastn\u00edka<\/strong><\/li>\n<li>term\u00edn splatnosti: <strong>9. 1. 2026<\/strong><\/li>\n<\/ul>\n<p><span style=\"color: #800000;\"><strong>V p\u0159\u00edpad\u011b QR platby nezapome\u0148te doplnit variabiln\u00ed symbol + p\u0159\u00edjmen\u00ed a jm\u00e9no \u00fa\u010dastn\u00edka!<\/strong><\/span>[\/vc_column_text][\/vc_column][vc_column width=&#8221;1\/4&#8243; css=&#8221;.vc_custom_1760944315109{padding: 15px !important;}&#8221;][vc_single_image image=&#8221;10490&#8243; img_size=&#8221;full&#8221;][\/vc_column][\/vc_row][vc_row disable_element=&#8221;yes&#8221;][vc_column][vc_column_text]<\/p>\n<h3>Harmonogram<\/h3>\n<ul>\n<li>9:30 otev\u0159en\u00ed \u0161koly<\/li>\n<li>9:45 za\u010d\u00e1tek zkou\u0161ky<\/li>\n<li>10:00 matematika<\/li>\n<li>11:10 p\u0159est\u00e1vka<\/li>\n<li>11:30 \u010desk\u00fd jazyk<\/li>\n<li>12:35 z\u00e1v\u011bre\u010dn\u00e9 informace, konec zkou\u0161ky<\/li>\n<\/ul>\n<p>[\/vc_column_text][\/vc_column][\/vc_row][vc_row][vc_column][vc_column_text]<\/p>\n<blockquote><p><strong>Pro z\u00e1jemce o studium po\u0159\u00e1d\u00e1me <\/strong><a href=\"https:\/\/bigycb.cz\/bigy\/uchazeci\/pripravne-kurzy\/\"><strong>p\u0159\u00edpravn\u00e9 kurzy na p\u0159ij\u00edmac\u00ed zkou\u0161ky.<\/strong><\/a><\/p><\/blockquote>\n<p>[\/vc_column_text][\/vc_column][\/vc_row]<\/p>\n","protected":false},"excerpt":{"rendered":"<p>[vc_row][vc_column][vc_custom_heading text=&#8221;P\u0159ij\u00edmac\u00ed zkou\u0161ky nane\u010disto&#8221; font_container=&#8221;tag:h1|text_align:left&#8221; use_theme_fonts=&#8221;yes&#8221;][\/vc_column][\/vc_row][vc_row][vc_column][vc_btn title=&#8221;V\u00fdsledky p\u0159ij\u00edmac\u00edch zkou\u0161ek nane\u010disto&#8221; style=&#8221;classic&#8221; shape=&#8221;square&#8221; color=&#8221;success&#8221; i_icon_fontawesome=&#8221;fas fa-file-pdf&#8221; add_icon=&#8221;true&#8221; link=&#8221;url:https%3A%2F%2Fbigycb.cz%2Fbigy%2Fwp-content%2Fuploads%2Fvysledky_pzn_2026.pdf|target:_blank&#8221;][\/vc_column][\/vc_row][vc_row disable_element=&#8221;yes&#8221;][vc_column][vc_custom_heading text=&#8221;P\u0159ij\u00edmac\u00ed zkou\u0161ky&nbsp;<a href=\"https:\/\/bigycb.cz\/bigy\/uchazeci\/prijimaci-zkousky-nanecisto\/\">&hellip;<\/a><\/p>\n","protected":false},"author":1,"featured_media":0,"parent":496,"menu_order":0,"comment_status":"closed","ping_status":"closed","template":"template-sidebar-right-childpages.php","meta":{"footnotes":""},"class_list":["post-708","page","type-page","status-publish","hentry","odd"],"_links":{"self":[{"href":"https:\/\/bigycb.cz\/bigy\/wp-json\/wp\/v2\/pages\/708","targetHints":{"allow":["GET"]}}],"collection":[{"href":"https:\/\/bigycb.cz\/bigy\/wp-json\/wp\/v2\/pages"}],"about":[{"href":"https:\/\/bigycb.cz\/bigy\/wp-json\/wp\/v2\/types\/page"}],"author":[{"embeddable":true,"href":"https:\/\/bigycb.cz\/bigy\/wp-json\/wp\/v2\/users\/1"}],"replies":[{"embeddable":true,"href":"https:\/\/bigycb.cz\/bigy\/wp-json\/wp\/v2\/comments?post=708"}],"version-history":[{"count":45,"href":"https:\/\/bigycb.cz\/bigy\/wp-json\/wp\/v2\/pages\/708\/revisions"}],"predecessor-version":[{"id":10923,"href":"https:\/\/bigycb.cz\/bigy\/wp-json\/wp\/v2\/pages\/708\/revisions\/10923"}],"up":[{"embeddable":true,"href":"https:\/\/bigycb.cz\/bigy\/wp-json\/wp\/v2\/pages\/496"}],"wp:attachment":[{"href":"https:\/\/bigycb.cz\/bigy\/wp-json\/wp\/v2\/media?parent=708"}],"curies":[{"name":"wp","href":"https:\/\/api.w.org\/{rel}","templated":true}]}}