{"id":706,"date":"2022-02-16T10:44:32","date_gmt":"2022-02-16T09:44:32","guid":{"rendered":"https:\/\/bigycb.cz\/demo\/?page_id=706"},"modified":"2026-02-04T10:48:13","modified_gmt":"2026-02-04T09:48:13","slug":"pripravne-kurzy","status":"publish","type":"page","link":"https:\/\/bigycb.cz\/bigy\/uchazeci\/pripravne-kurzy\/","title":{"rendered":"P\u0159\u00edpravn\u00e9 kurzy k p\u0159ij\u00edmac\u00edm zkou\u0161k\u00e1m"},"content":{"rendered":"<p>[vc_row][vc_column][vc_custom_heading text=&#8221;P\u0159\u00edpravn\u00e9 kurzy k p\u0159ij\u00edmac\u00edm zkou\u0161k\u00e1m&#8221; font_container=&#8221;tag:h1|text_align:left&#8221; use_theme_fonts=&#8221;yes&#8221;][vc_column_text]P\u0159\u00edpravn\u00e9 kurzy pro z\u00e1jemce o osmilet\u00e9, \u0161estilet\u00e9 a \u010dty\u0159let\u00e9 studium budou prob\u00edhat v p\u00e1tek odpoledne nebo v sobotu dopoledne. Ka\u017ed\u00fd kurz zahrnuje 7 lekc\u00ed po 1,5 hod. matematiky (2 \u00d7 45 min) a 1,5 hod. \u010desk\u00e9ho jazyka (2 \u00d7 45 min). Uchaze\u010di z 5. t\u0159\u00eddy budou ps\u00e1t v sedm\u00e9 lekci z\u00e1v\u011bre\u010dn\u00fd test, kter\u00fd simuluje p\u0159ij\u00edmac\u00ed zkou\u0161ky. V osm\u00e9 lekci jej spole\u010dn\u011b projdou s vyu\u010duj\u00edc\u00edm.<br \/>\nUchaze\u010di ze 7. a 9. t\u0159\u00eddy budou ps\u00e1t z\u00e1v\u011bre\u010dn\u00fd test simuluj\u00edc\u00ed p\u0159ij\u00edmac\u00ed zkou\u0161ky v osm\u00e9 lekci, \u0159e\u0161en\u00ed s sebou dostanou dom\u016f.<\/p>\n<h3>Za\u010d\u00e1tky kurz\u016f<\/h3>\n<ul>\n<li>v p\u00e1tek 16. ledna 2026 od 15:00 do 18:30 hod., nebo<\/li>\n<li>v sobotu 17. ledna 2026 od 9:00 do 12:30 hod.<\/li>\n<\/ul>\n<p>Cena kurzu: <strong>3 800 K\u010d<\/strong> (cena je v\u010detn\u011b u\u010debnic, kter\u00e9 uchaze\u010di obdr\u017e\u00ed na prvn\u00ed lekci)<\/p>\n<p>V\u00fduka bude prob\u00edhat v prostor\u00e1ch Biskupsk\u00e9ho gymn\u00e1zia J. N. Neumanna, Jirs\u00edkova 5, \u010cesk\u00e9 Bud\u011bjovice.<\/p>\n<p>P\u0159ihl\u00e1\u0161ky se budou p\u0159ij\u00edmat od 13. \u0159\u00edjna 2025 do napln\u011bn\u00ed jednotliv\u00fdch kurz\u016f, nejpozd\u011bji ale do 12. ledna 2026.[\/vc_column_text][vc_btn title=&#8221;P\u0159ihla\u0161ovac\u00ed formul\u00e1\u0159&#8221; style=&#8221;classic&#8221; shape=&#8221;square&#8221; color=&#8221;success&#8221; i_icon_fontawesome=&#8221;fab fa-wpforms&#8221; add_icon=&#8221;true&#8221; link=&#8221;url:https%3A%2F%2Fdocs.google.com%2Fforms%2Fd%2Fe%2F1FAIpQLScqS-TDKmGfRAVH_cgANSffRtgZJIu2cUZ5d9h_YksCXWsaEA%2Fviewform%3Fusp%3Dsf_link|target:_blank&#8221;][\/vc_column][\/vc_row][vc_row css=&#8221;.vc_custom_1760944921397{padding: 10px !important;background-color: #f7f7f7 !important;}&#8221;][vc_column width=&#8221;3\/4&#8243; css=&#8221;.vc_custom_1760944951955{margin-top: 0px !important;padding-top: 0px !important;}&#8221;][vc_column_text]<\/p>\n<h3>Platebn\u00ed pokyny k \u00fahrad\u011b<\/h3>\n<ul>\n<li>\u010d\u00e1stka: <strong>3 800\u00a0K\u010d<\/strong><\/li>\n<li>\u010d. \u00fa: <strong>131-2218620287\/0100<\/strong><\/li>\n<li>variabiln\u00ed symbol: <strong>12<\/strong><\/li>\n<li>zpr\u00e1va pro p\u0159\u00edjemce: <strong>p\u0159\u00edjmen\u00ed a jm\u00e9no \u00fa\u010dastn\u00edka<\/strong><\/li>\n<li>term\u00edn splatnosti: <strong>14. 1. 2026<\/strong><\/li>\n<\/ul>\n<p><span style=\"color: #800000;\"><strong>V p\u0159\u00edpad\u011b QR platby nezapome\u0148te doplnit variabiln\u00ed symbol + p\u0159\u00edjmen\u00ed a jm\u00e9no \u00fa\u010dastn\u00edka!<\/strong><\/span>[\/vc_column_text][\/vc_column][vc_column width=&#8221;1\/4&#8243; css=&#8221;.vc_custom_1760944853000{padding: 15px !important;}&#8221;][vc_single_image image=&#8221;10495&#8243; img_size=&#8221;full&#8221;][\/vc_column][\/vc_row][vc_row][vc_column][vc_column_text]<\/p>\n<h3>Term\u00edny jednotliv\u00fdch lekc\u00ed<\/h3>\n<ol>\n<li>lekce: 16. 1. (p\u00e1tek) nebo 17. 1. (sobota)<\/li>\n<li>lekce: 23. 1. (p\u00e1tek) nebo 24. 1. (sobota)<\/li>\n<li>lekce: 20. 2. (p\u00e1tek) nebo 21. 2. (sobota)<\/li>\n<li>lekce: 27. 2. (p\u00e1tek) nebo 28. 2. (sobota)<\/li>\n<li>lekce: 6. 3. (p\u00e1tek) nebo 7. 3. (sobota)<\/li>\n<li>lekce: 13. 3. (p\u00e1tek) nebo 14. 3. (sobota)<\/li>\n<li>lekce: 20. 3. (p\u00e1tek) nebo 21. 3. (sobota)<\/li>\n<li>lekce (test): 27. 3. (p\u00e1tek) nebo 28. 3. (sobota)<\/li>\n<\/ol>\n<p><em>(pozn.: 30. ledna 2026 \u2013 pololetn\u00ed pr\u00e1zdniny, 9. \u00fanora \u2013 15. \u00fanora 2026 \u2013 jarn\u00ed pr\u00e1zdniny)<\/em>[\/vc_column_text][vc_column_text]<\/p>\n<blockquote><p><strong>Nab\u00edz\u00edme tak\u00e9 mo\u017enost vyzkou\u0161et si <a href=\"https:\/\/bigycb.cz\/bigy\/uchazeci\/prijimaci-zkousky-nanecisto\/\">p\u0159ij\u00edmac\u00ed zkou\u0161ky nane\u010disto<\/a>.<\/strong><\/p><\/blockquote>\n<p>[\/vc_column_text][\/vc_column][\/vc_row]<\/p>\n","protected":false},"excerpt":{"rendered":"<p>[vc_row][vc_column][vc_custom_heading text=&#8221;P\u0159\u00edpravn\u00e9 kurzy k p\u0159ij\u00edmac\u00edm zkou\u0161k\u00e1m&#8221; font_container=&#8221;tag:h1|text_align:left&#8221; use_theme_fonts=&#8221;yes&#8221;][vc_column_text]P\u0159\u00edpravn\u00e9 kurzy pro z\u00e1jemce o osmilet\u00e9, \u0161estilet\u00e9 a \u010dty\u0159let\u00e9 studium budou prob\u00edhat v&nbsp;<a href=\"https:\/\/bigycb.cz\/bigy\/uchazeci\/pripravne-kurzy\/\">&hellip;<\/a><\/p>\n","protected":false},"author":1,"featured_media":0,"parent":496,"menu_order":0,"comment_status":"closed","ping_status":"closed","template":"template-sidebar-right-childpages.php","meta":{"footnotes":""},"class_list":["post-706","page","type-page","status-publish","hentry","odd"],"_links":{"self":[{"href":"https:\/\/bigycb.cz\/bigy\/wp-json\/wp\/v2\/pages\/706","targetHints":{"allow":["GET"]}}],"collection":[{"href":"https:\/\/bigycb.cz\/bigy\/wp-json\/wp\/v2\/pages"}],"about":[{"href":"https:\/\/bigycb.cz\/bigy\/wp-json\/wp\/v2\/types\/page"}],"author":[{"embeddable":true,"href":"https:\/\/bigycb.cz\/bigy\/wp-json\/wp\/v2\/users\/1"}],"replies":[{"embeddable":true,"href":"https:\/\/bigycb.cz\/bigy\/wp-json\/wp\/v2\/comments?post=706"}],"version-history":[{"count":43,"href":"https:\/\/bigycb.cz\/bigy\/wp-json\/wp\/v2\/pages\/706\/revisions"}],"predecessor-version":[{"id":11102,"href":"https:\/\/bigycb.cz\/bigy\/wp-json\/wp\/v2\/pages\/706\/revisions\/11102"}],"up":[{"embeddable":true,"href":"https:\/\/bigycb.cz\/bigy\/wp-json\/wp\/v2\/pages\/496"}],"wp:attachment":[{"href":"https:\/\/bigycb.cz\/bigy\/wp-json\/wp\/v2\/media?parent=706"}],"curies":[{"name":"wp","href":"https:\/\/api.w.org\/{rel}","templated":true}]}}