{"id":704,"date":"2022-02-16T10:44:09","date_gmt":"2022-02-16T09:44:09","guid":{"rendered":"https:\/\/bigycb.cz\/demo\/?page_id=704"},"modified":"2026-05-15T12:15:21","modified_gmt":"2026-05-15T10:15:21","slug":"prijimaci-rizeni","status":"publish","type":"page","link":"https:\/\/bigycb.cz\/bigy\/uchazeci\/prijimaci-rizeni\/","title":{"rendered":"P\u0159ij\u00edmac\u00ed \u0159\u00edzen\u00ed"},"content":{"rendered":"<p>[vc_row][vc_column][vc_column_text]<\/p>\n<h1>P\u0159ij\u00edmac\u00ed \u0159\u00edzen\u00ed pro \u0161koln\u00ed rok 2026\/2027<\/h1>\n<p>[\/vc_column_text][\/vc_column][\/vc_row][vc_row css=&#8221;.vc_custom_1747211441511{margin-bottom: 0px !important;padding-bottom: 0px !important;}&#8221;][vc_column][vc_column_text]<\/p>\n<h2>V\u00fdsledky 1. kola p\u0159ij\u00edmac\u00edho \u0159\u00edzen\u00ed<\/h2>\n<p>V\u00fdsledky p\u0159ij\u00edmac\u00edho \u0159\u00edzen\u00ed zjist\u00edte po zad\u00e1n\u00ed registra\u010dn\u00edho \u010d\u00edsla \u017e\u00e1ka (uvedeno v syst\u00e9mu DiPSy nebo na pozv\u00e1nce k p\u0159ij\u00edmac\u00edm zkou\u0161k\u00e1m) pod n\u00ed\u017ee uveden\u00fdm odkazem:[\/vc_column_text][\/vc_column][\/vc_row][vc_row css=&#8221;.vc_custom_1747211431539{margin-top: 0px !important;padding-top: 0px !important;}&#8221;][vc_column][vc_btn title=&#8221;Vyhledat v\u00fdsledek v syst\u00e9mu DiPSy \u00bb&#8221; style=&#8221;flat&#8221; shape=&#8221;square&#8221; color=&#8221;peacoc&#8221; size=&#8221;lg&#8221; align=&#8221;left&#8221; link=&#8221;url:https%3A%2F%2Fdipsy.gov.cz%2Fprihlaska%2Fintro|target:_blank&#8221; css=&#8221;.vc_custom_1747211563481{margin-top: 0px !important;margin-left: 0px !important;}&#8221;][\/vc_column][\/vc_row][vc_row disable_element=&#8221;yes&#8221; css=&#8221;.vc_custom_1778840118474{margin-top: 35px !important;}&#8221;][vc_column][vc_column_text]V\u00fdsledek p\u0159ij\u00edmac\u00edho \u0159\u00edzen\u00ed m\u016f\u017eete vyhledat i v n\u00ed\u017ee uveden\u00fdch v\u00fdsledkov\u00fdch listin\u00e1ch:<\/p>\n<p><a class=\"file_button\" href=\"https:\/\/bigycb.cz\/bigy\/wp-content\/uploads\/vysl_listina_4L_2026_web-signed.pdf\"><img loading=\"lazy\" decoding=\"async\" src=\"https:\/\/bigycb.cz\/bigy\/wp-content\/uploads\/icopdf-25x25.png\" alt=\"\" width=\"25\" height=\"25\" \/>V\u00fdsledkov\u00e1 listina 4let\u00e9 studium<\/a><\/p>\n<p><a class=\"file_button\" href=\"https:\/\/bigycb.cz\/bigy\/wp-content\/uploads\/vysl_listina_LYC_2026_web-signed.pdf\"><img loading=\"lazy\" decoding=\"async\" src=\"https:\/\/bigycb.cz\/bigy\/wp-content\/uploads\/icopdf-25x25.png\" alt=\"\" width=\"25\" height=\"25\" \/>V\u00fdsledkov\u00e1 listina pedagogick\u00e9 lyceum<\/a><\/p>\n<p><a class=\"file_button\" href=\"https:\/\/bigycb.cz\/bigy\/wp-content\/uploads\/vysl_listina_8L_2026_web-signed.pdf\"><img loading=\"lazy\" decoding=\"async\" src=\"https:\/\/bigycb.cz\/bigy\/wp-content\/uploads\/icopdf-25x25.png\" alt=\"\" width=\"25\" height=\"25\" \/>V\u00fdsledkov\u00e1 listina 8let\u00e9 studium<\/a><\/p>\n<p><a class=\"file_button\" href=\"https:\/\/bigycb.cz\/bigy\/wp-content\/uploads\/vysl_listina_6L_2026_web-signed.pdf\"><img loading=\"lazy\" decoding=\"async\" src=\"https:\/\/bigycb.cz\/bigy\/wp-content\/uploads\/icopdf-25x25.png\" alt=\"\" width=\"25\" height=\"25\" \/>V\u00fdsledkov\u00e1 listina 6let\u00e9 studium<\/a><\/p>\n<p><a class=\"file_button\" href=\"https:\/\/bigycb.cz\/bigy\/wp-content\/uploads\/vysl_listina_6LB_2026_web-signed.pdf\"><img loading=\"lazy\" decoding=\"async\" src=\"https:\/\/bigycb.cz\/bigy\/wp-content\/uploads\/icopdf-25x25.png\" alt=\"\" width=\"25\" height=\"25\" \/>V\u00fdsledkov\u00e1 listina 6let\u00e9 bilingvn\u00ed studium<\/a>[\/vc_column_text][\/vc_column][\/vc_row][vc_row css=&#8221;.vc_custom_1747211725388{margin-top: 15px !important;margin-right: 0px !important;margin-bottom: 15px !important;margin-left: 0px !important;padding-top: 10px !important;padding-right: 10px !important;padding-bottom: 10px !important;padding-left: 10px !important;background-color: #f4f4f4 !important;}&#8221;][vc_column][vc_column_text]V p\u0159\u00edpad\u011b, \u017ee se p\u0159ijat\u00fd uchaze\u010d rozhodne na \u0161kolu nenastoupit (vzd\u00e1 se pr\u00e1va na p\u0159ijet\u00ed), bez odkladu o tom p\u00edsemn\u011b zprav\u00ed \u0159editele p\u0159\u00edslu\u0161n\u00e9 \u0161koly. \u0158editel \u0161koly zad\u00e1 tuto skute\u010dnost do syst\u00e9mu Dipsy a v term\u00ednu p\u0159\u00edpadn\u011b vyhl\u00e1s\u00ed dal\u0161\u00ed kolo p\u0159ij\u00edmac\u00edho \u0159\u00edzen\u00ed. Uchaze\u010d se m\u016f\u017ee p\u0159ihl\u00e1sit do dal\u0161\u00edho kola p\u0159ij\u00edmac\u00edho \u0159\u00edzen\u00ed do jin\u00e9ho oboru.<\/p>\n<h5><strong>Pou\u010den\u00ed o odvol\u00e1n\u00ed proti v\u00fdsledku p\u0159ij\u00edmac\u00edho \u0159\u00edzen\u00ed: <\/strong><\/h5>\n<ul>\n<li>Proti tomuto rozhodnut\u00ed se lze odvolat do 3 pracovn\u00edch dn\u016f ode dne jeho zve\u0159ejn\u011bn\u00ed, tedy od 15. kv\u011btna 2026, ke Krajsk\u00e9mu \u00fa\u0159adu Jiho\u010desk\u00e9ho kraje, odboru \u0161kolstv\u00ed, ml\u00e1de\u017ee a t\u011blov\u00fdchovy, pod\u00e1n\u00edm u\u010din\u011bn\u00fdm u \u0159editele Biskupsk\u00e9ho gymn\u00e1zia J. N. Neumanna, c\u00edrkevn\u00ed z\u00e1kladn\u00ed \u0161koly a z\u00e1kladn\u00ed um\u011bleck\u00e9 \u0161koly \u010cesk\u00e9 Bud\u011bjovice.<\/li>\n<li>Pod\u00e1n\u00ed odvol\u00e1n\u00ed se \u0159\u00edd\u00ed pravidly z\u00e1kona \u010d. 500\/2004 Sb., spr\u00e1vn\u00ed \u0159\u00e1d, ve zn\u011bn\u00ed pozd\u011bj\u0161\u00edch p\u0159edpis\u016f. Odvol\u00e1n\u00ed nelze podat prost\u0159ednictv\u00edm syst\u00e9mu DiPSy.<\/li>\n<li>Proti nep\u0159ijet\u00ed z d\u016fvodu napln\u011bn\u00ed kapacity s o\u010dek\u00e1v\u00e1n\u00edm posunu na uvoln\u011bn\u00e9 m\u00edsto je v sou\u010dasn\u00e9m syst\u00e9mu bezp\u0159edm\u011btn\u00e9.<\/li>\n<\/ul>\n<p>[\/vc_column_text][\/vc_column][\/vc_row][vc_row][vc_column][vc_separator][vc_column_text]<\/p>\n<h3>Pro \u0161koln\u00ed rok 2026\/27 budeme p\u0159ij\u00edmat:<\/h3>\n<ul>\n<li><strong>1 t\u0159\u00eddu \u010dty\u0159let\u00e9ho studia <\/strong>(obor 79-41-K\/41) &#8211; maxim\u00e1ln\u011b 28 \u017e\u00e1k\u016f<\/li>\n<li><strong>2 t\u0159\u00eddy pedagogick\u00e9ho lycea<\/strong> (obor 78-42-M\/03) &#8211; maxim\u00e1ln\u011b 44 \u017e\u00e1k\u016f<\/li>\n<li><strong>1 t\u0159\u00eddu osmilet\u00e9ho studia <\/strong>(obor 79-41-K\/81) &#8211; maxim\u00e1ln\u011b 30 \u017e\u00e1k\u016f<\/li>\n<li><strong>2 t\u0159\u00eddy \u0161estilet\u00e9ho studia <\/strong>(po 7. t\u0159\u00edd\u011b Z\u0160, obor 79-41-K\/61) &#8211; maxim\u00e1ln\u011b 44 \u017e\u00e1k\u016f<\/li>\n<li><strong>1 t\u0159\u00eddu bilingvn\u00edho typu <\/strong>(po 7. t\u0159\u00edd\u011b Z\u0160, obor 79-43-K\/61) &#8211; maxim\u00e1ln\u011b 20 \u017e\u00e1k\u016f<\/li>\n<\/ul>\n<p>Preferovanou jazykovou kombinaci sd\u011bl\u00ed rodi\u010de po p\u0159ijet\u00ed \u017e\u00e1ka ke studiu, \u0161kola je bude s bli\u017e\u0161\u00edmi informacemi kontaktovat. P\u0159ednostn\u00ed pr\u00e1vo na zvolenou jazykovou kombinaci maj\u00ed \u017e\u00e1ci s vy\u0161\u0161\u00edm bodov\u00fdm ohodnocen\u00edm u p\u0159ij\u00edmac\u00ed zkou\u0161ky.<\/p>\n<p><strong>Informace o jazykov\u00fdch kombinac\u00edch v\u00a0jednotliv\u00fdch t\u0159\u00edd\u00e1ch:<\/strong><\/p>\n<ul>\n<li>\u010dty\u0159let\u00e9 studium, gymn\u00e1zium: <strong>anglick\u00fd jazyk<\/strong>\/francouzsk\u00fd jazyk, <strong>n\u011bmeck\u00fd jazyk<\/strong>\/anglick\u00fd jazyk<\/li>\n<li>\u010dty\u0159let\u00e9 studium, pedagogick\u00e9 lyceum: <strong>anglick\u00fd jazyk<\/strong>\/ n\u011bmeck\u00fd jazyk<\/li>\n<li>\u0161estilet\u00e9 studium: <strong>anglick\u00fd jazyk<\/strong>\/francouzsk\u00fd jazyk, <strong>n\u011bmeck\u00fd jazyk<\/strong>\/anglick\u00fd jazyk<\/li>\n<li>bilingvn\u00ed studium: <strong>\u0161pan\u011blsk\u00fd jazyk<\/strong>\/anglick\u00fd jazyk<\/li>\n<li>osmilet\u00e9 studium: <strong>anglick\u00fd jazyk<\/strong>\/\u0161pan\u011blsk\u00fd jazyk, <strong>n\u011bmeck\u00fd jazyk<\/strong>\/anglick\u00fd jazyk<\/li>\n<\/ul>\n<p>Tu\u010dn\u011b je vyzna\u010den\u00fd hlavn\u00ed jazyk s vy\u0161\u0161\u00ed hodinovou dotac\u00ed.[\/vc_column_text][\/vc_column][\/vc_row][vc_row][vc_column][vc_separator][vc_column_text]<\/p>\n<h3>Adresa \u0161koly, kontaktn\u00ed \u00fadaje<\/h3>\n<blockquote>\n<p><strong>Biskupsk\u00e9 gymn\u00e1zium J. N. Neumanna, CZ\u0160 a ZU\u0160 \u010cesk\u00e9 Bud\u011bjovice<\/strong><br \/>\n<strong>Jirs\u00edkova 5<\/strong><br \/>\n<strong>370 01 \u010cesk\u00e9 Bud\u011bjovice<\/strong><\/p>\n<\/blockquote>\n<p>V p\u0159\u00edpad\u011b dotazu m\u016f\u017eete kontaktovat \u0159editelstv\u00ed \u0161koly na tel. <a href=\"tel:+420380420218\"><strong>380 420 218<\/strong><\/a> nebo <a href=\"tel:+420380420211\"><strong>380 420 211<\/strong><\/a>.[\/vc_column_text][\/vc_column][\/vc_row]<\/p>\n","protected":false},"excerpt":{"rendered":"<p>[vc_row][vc_column][vc_column_text] P\u0159ij\u00edmac\u00ed \u0159\u00edzen\u00ed pro \u0161koln\u00ed rok 2026\/2027 [\/vc_column_text][\/vc_column][\/vc_row][vc_row css=&#8221;.vc_custom_1747211441511{margin-bottom: 0px !important;padding-bottom: 0px !important;}&#8221;][vc_column][vc_column_text] V\u00fdsledky 1. kola p\u0159ij\u00edmac\u00edho \u0159\u00edzen\u00ed V\u00fdsledky p\u0159ij\u00edmac\u00edho&nbsp;<a href=\"https:\/\/bigycb.cz\/bigy\/uchazeci\/prijimaci-rizeni\/\">&hellip;<\/a><\/p>\n","protected":false},"author":1,"featured_media":0,"parent":496,"menu_order":2,"comment_status":"closed","ping_status":"closed","template":"template-sidebar-right-childpages.php","meta":{"footnotes":""},"class_list":["post-704","page","type-page","status-publish","hentry","odd"],"_links":{"self":[{"href":"https:\/\/bigycb.cz\/bigy\/wp-json\/wp\/v2\/pages\/704","targetHints":{"allow":["GET"]}}],"collection":[{"href":"https:\/\/bigycb.cz\/bigy\/wp-json\/wp\/v2\/pages"}],"about":[{"href":"https:\/\/bigycb.cz\/bigy\/wp-json\/wp\/v2\/types\/page"}],"author":[{"embeddable":true,"href":"https:\/\/bigycb.cz\/bigy\/wp-json\/wp\/v2\/users\/1"}],"replies":[{"embeddable":true,"href":"https:\/\/bigycb.cz\/bigy\/wp-json\/wp\/v2\/comments?post=704"}],"version-history":[{"count":89,"href":"https:\/\/bigycb.cz\/bigy\/wp-json\/wp\/v2\/pages\/704\/revisions"}],"predecessor-version":[{"id":11796,"href":"https:\/\/bigycb.cz\/bigy\/wp-json\/wp\/v2\/pages\/704\/revisions\/11796"}],"up":[{"embeddable":true,"href":"https:\/\/bigycb.cz\/bigy\/wp-json\/wp\/v2\/pages\/496"}],"wp:attachment":[{"href":"https:\/\/bigycb.cz\/bigy\/wp-json\/wp\/v2\/media?parent=704"}],"curies":[{"name":"wp","href":"https:\/\/api.w.org\/{rel}","templated":true}]}}