{"id":695,"date":"2022-02-16T10:36:24","date_gmt":"2022-02-16T09:36:24","guid":{"rendered":"https:\/\/bigycb.cz\/demo\/?page_id=695"},"modified":"2025-10-14T08:50:31","modified_gmt":"2025-10-14T06:50:31","slug":"sportovni-kurzy","status":"publish","type":"page","link":"https:\/\/bigycb.cz\/bigy\/studenti-a-rodice\/sportovni-kurzy\/","title":{"rendered":"Sportovn\u00ed kurzy"},"content":{"rendered":"<p>[vc_row][vc_column][vc_custom_heading text=&#8221;Sportovn\u00ed kurzy&#8221; font_container=&#8221;tag:h1|text_align:left&#8221; use_theme_fonts=&#8221;yes&#8221;][\/vc_column][\/vc_row][vc_row][vc_column][vc_column_text]<\/p>\n<h3>Ly\u017ea\u0159sk\u00e9 kurzy<\/h3>\n<p><a class=\"file_button\" href=\"https:\/\/bigycb.cz\/bigy\/wp-content\/uploads\/Ski_Amade_2026_final.pdf\" target=\"_blank\" rel=\"noopener\"><img loading=\"lazy\" decoding=\"async\" src=\"https:\/\/bigycb.cz\/bigy\/wp-content\/uploads\/icopdf-25x25.png\" alt=\"\" width=\"25\" height=\"25\" \/>Ski amad\u00e9 &#8211; leden 2026 (3.N + 3.F)<\/a><\/p>\n<p><a class=\"file_button\" href=\"https:\/\/bigycb.cz\/bigy\/wp-content\/uploads\/Tauplitz_leden_2026_final.pdf\" target=\"_blank\" rel=\"noopener\"><img loading=\"lazy\" decoding=\"async\" src=\"https:\/\/bigycb.cz\/bigy\/wp-content\/uploads\/icopdf-25x25.png\" alt=\"\" width=\"25\" height=\"25\" \/>Tauplitz &#8211; leden 2026 (1.C + 5.A)<\/a><\/p>\n<p><a class=\"file_button\" href=\"https:\/\/bigycb.cz\/bigy\/wp-content\/uploads\/Tauplitz_prosinec_2025_final.pdf\" target=\"_blank\" rel=\"noopener\"><img loading=\"lazy\" decoding=\"async\" src=\"https:\/\/bigycb.cz\/bigy\/wp-content\/uploads\/icopdf-25x25.png\" alt=\"\" width=\"25\" height=\"25\" \/>Tauplitz &#8211; prosinec 2025 (2.A + 3.E)<\/a>[\/vc_column_text][\/vc_column][\/vc_row][vc_row][vc_column][vc_column_text]<\/p>\n<hr \/>\n<p><a class=\"file_button\" href=\"https:\/\/bigycb.cz\/bigy\/wp-content\/uploads\/bezinfekcnost.docx\" target=\"_blank\" rel=\"noopener\"><img loading=\"lazy\" decoding=\"async\" src=\"https:\/\/bigycb.cz\/bigy\/wp-content\/uploads\/icodoc-25x25.png\" alt=\"\" width=\"25\" height=\"25\" \/>Prohl\u00e1\u0161en\u00ed o bezinfek\u010dnosti<\/a><\/p>\n<p><a class=\"file_button\" href=\"https:\/\/bigycb.cz\/bigy\/wp-content\/uploads\/zdravotni_zpusobilost.doc\" target=\"_blank\" rel=\"noopener\"><img loading=\"lazy\" decoding=\"async\" src=\"https:\/\/bigycb.cz\/bigy\/wp-content\/uploads\/icodoc-25x25.png\" alt=\"\" width=\"25\" height=\"25\" \/>Posudek o zdravotn\u00ed zp\u016fsobilosti<\/a><\/p>\n<p><a class=\"file_button\" href=\"https:\/\/bigycb.cz\/bigy\/wp-content\/uploads\/pouceni_bozp.pdf\" target=\"_blank\" rel=\"noopener\"><img loading=\"lazy\" decoding=\"async\" src=\"https:\/\/bigycb.cz\/bigy\/wp-content\/uploads\/icopdf-25x25.png\" alt=\"\" width=\"25\" height=\"25\" \/>Pou\u010den\u00ed o bezpe\u010dnostn\u00edch pravidlech<\/a><\/p>\n<hr \/>\n<p><a class=\"file_button\" href=\"https:\/\/bigycb.cz\/bigy\/wp-content\/uploads\/pojisteni_csob_ck5-2021.pdf\" target=\"_blank\" rel=\"noopener\"><img loading=\"lazy\" decoding=\"async\" src=\"https:\/\/bigycb.cz\/bigy\/wp-content\/uploads\/icopdf-25x25.png\" alt=\"\" width=\"25\" height=\"25\" \/>Pojistn\u00e9 \u010d\u00e1stky<\/a><\/p>\n<p><a class=\"file_button\" href=\"https:\/\/bigycb.cz\/bigy\/wp-content\/uploads\/Pojistka1.pdf\" target=\"_blank\" rel=\"noopener\"><img loading=\"lazy\" decoding=\"async\" src=\"https:\/\/bigycb.cz\/bigy\/wp-content\/uploads\/icopdf-25x25.png\" alt=\"\" width=\"25\" height=\"25\" \/>Informace o poji\u0161t\u011bn\u00ed \u2013 1. \u010d\u00e1st<\/a><\/p>\n<p><a class=\"file_button\" href=\"https:\/\/bigycb.cz\/bigy\/wp-content\/uploads\/Pojistka2.pdf\" target=\"_blank\" rel=\"noopener\"><img loading=\"lazy\" decoding=\"async\" src=\"https:\/\/bigycb.cz\/bigy\/wp-content\/uploads\/icopdf-25x25.png\" alt=\"\" width=\"25\" height=\"25\" \/>Informace o poji\u0161t\u011bn\u00ed \u2013 2. \u010d\u00e1st<\/a>[\/vc_column_text][\/vc_column][\/vc_row]<\/p>\n","protected":false},"excerpt":{"rendered":"<p>[vc_row][vc_column][vc_custom_heading text=&#8221;Sportovn\u00ed kurzy&#8221; font_container=&#8221;tag:h1|text_align:left&#8221; use_theme_fonts=&#8221;yes&#8221;][\/vc_column][\/vc_row][vc_row][vc_column][vc_column_text] Ly\u017ea\u0159sk\u00e9 kurzy Ski amad\u00e9 &#8211; leden 2026 (3.N + 3.F) Tauplitz &#8211; leden 2026 (1.C&nbsp;<a href=\"https:\/\/bigycb.cz\/bigy\/studenti-a-rodice\/sportovni-kurzy\/\">&hellip;<\/a><\/p>\n","protected":false},"author":1,"featured_media":0,"parent":500,"menu_order":4,"comment_status":"closed","ping_status":"closed","template":"template-sidebar-right-childpages.php","meta":{"footnotes":""},"class_list":["post-695","page","type-page","status-publish","hentry","odd"],"_links":{"self":[{"href":"https:\/\/bigycb.cz\/bigy\/wp-json\/wp\/v2\/pages\/695","targetHints":{"allow":["GET"]}}],"collection":[{"href":"https:\/\/bigycb.cz\/bigy\/wp-json\/wp\/v2\/pages"}],"about":[{"href":"https:\/\/bigycb.cz\/bigy\/wp-json\/wp\/v2\/types\/page"}],"author":[{"embeddable":true,"href":"https:\/\/bigycb.cz\/bigy\/wp-json\/wp\/v2\/users\/1"}],"replies":[{"embeddable":true,"href":"https:\/\/bigycb.cz\/bigy\/wp-json\/wp\/v2\/comments?post=695"}],"version-history":[{"count":46,"href":"https:\/\/bigycb.cz\/bigy\/wp-json\/wp\/v2\/pages\/695\/revisions"}],"predecessor-version":[{"id":10401,"href":"https:\/\/bigycb.cz\/bigy\/wp-json\/wp\/v2\/pages\/695\/revisions\/10401"}],"up":[{"embeddable":true,"href":"https:\/\/bigycb.cz\/bigy\/wp-json\/wp\/v2\/pages\/500"}],"wp:attachment":[{"href":"https:\/\/bigycb.cz\/bigy\/wp-json\/wp\/v2\/media?parent=695"}],"curies":[{"name":"wp","href":"https:\/\/api.w.org\/{rel}","templated":true}]}}