{"id":693,"date":"2022-02-16T10:36:01","date_gmt":"2022-02-16T09:36:01","guid":{"rendered":"https:\/\/bigycb.cz\/demo\/?page_id=693"},"modified":"2026-04-07T07:08:01","modified_gmt":"2026-04-07T05:08:01","slug":"maturitni-zkouska","status":"publish","type":"page","link":"https:\/\/bigycb.cz\/bigy\/studenti-a-rodice\/maturitni-zkouska\/","title":{"rendered":"Maturitn\u00ed zkou\u0161ka"},"content":{"rendered":"<h1>Maturitn\u00ed zkou\u0161ka 2026<\/h1>\n<p><a class=\"file_button\" href=\"https:\/\/bigycb.cz\/bigy\/wp-content\/uploads\/Organizace_MZ_2026_final.pdf\" target=\"_blank\" rel=\"noopener\"><img loading=\"lazy\" decoding=\"async\" src=\"https:\/\/bigycb.cz\/bigy\/wp-content\/uploads\/icopdf-25x25.png\" alt=\"\" width=\"25\" height=\"25\" \/>Organizace maturitn\u00edch zkou\u0161ek<\/a><\/p>\n<p><a class=\"file_button\" href=\"https:\/\/bigycb.cz\/bigy\/wp-content\/uploads\/maturitni_kalendar_2026_final.pdf\" target=\"_blank\" rel=\"noopener\"><img loading=\"lazy\" decoding=\"async\" src=\"https:\/\/bigycb.cz\/bigy\/wp-content\/uploads\/icopdf-25x25.png\" alt=\"\" width=\"25\" height=\"25\" \/>Maturitn\u00ed kalend\u00e1\u0159<\/a><\/p>\n<p>&nbsp;<\/p>\n<p><a class=\"file_button\" href=\"https:\/\/bigycb.cz\/bigy\/wp-content\/uploads\/Skolsky-zakon_561_2004_01092017.pdf\"><img loading=\"lazy\" decoding=\"async\" src=\"https:\/\/bigycb.cz\/bigy\/wp-content\/uploads\/icopdf-25x25.png\" alt=\"\" width=\"25\" height=\"25\" \/>\u0160kolsk\u00fd z\u00e1kon<\/a><\/p>\n<p><a class=\"file_button\" href=\"https:\/\/bigycb.cz\/bigy\/wp-content\/uploads\/177-2009-15.10.2020.pdf\"><img loading=\"lazy\" decoding=\"async\" src=\"https:\/\/bigycb.cz\/bigy\/wp-content\/uploads\/icopdf-25x25.png\" alt=\"\" width=\"25\" height=\"25\" \/>Maturitn\u00ed vyhl\u00e1\u0161ka (\u010d. 177\/2009 Sb.)<\/a><\/p>\n<p>&nbsp;<\/p>\n<p><a href=\"https:\/\/maturita.cermat.cz\/\" target=\"_blank\" rel=\"noopener\">Ofici\u00e1ln\u00ed maturitn\u00ed web \u00bb<\/a><\/p>\n<hr \/>\n<h3>Hodnocen\u00ed maturitn\u00edch prac\u00ed<\/h3>\n<p><a class=\"file_button\" href=\"https:\/\/bigycb.cz\/bigy\/wp-content\/uploads\/hodnoceni_MZ_SJL.pdf\"><img loading=\"lazy\" decoding=\"async\" src=\"https:\/\/bigycb.cz\/bigy\/wp-content\/uploads\/icopdf-25x25.png\" alt=\"\" width=\"25\" height=\"25\" \/>Hodnocen\u00ed maturitn\u00ed zkou\u0161ky ze \u0161pan\u011blsk\u00e9ho jazyka a literatury<\/a><\/p>\n<p><a class=\"file_button\" href=\"https:\/\/bigycb.cz\/bigy\/wp-content\/uploads\/hodnoceni_PP_cesky_jazyk.pdf\"><img loading=\"lazy\" decoding=\"async\" src=\"https:\/\/bigycb.cz\/bigy\/wp-content\/uploads\/icopdf-25x25.png\" alt=\"\" width=\"25\" height=\"25\" \/>Hodnocen\u00ed p\u00edsemn\u00e9 pr\u00e1ce z \u010desk\u00e9ho jazyka<\/a><\/p>\n<p><a class=\"file_button\" href=\"https:\/\/bigycb.cz\/bigy\/wp-content\/uploads\/hodnoceni_PP_z_CIZJ_2026.pdf\"><img loading=\"lazy\" decoding=\"async\" src=\"https:\/\/bigycb.cz\/bigy\/wp-content\/uploads\/icopdf-25x25.png\" alt=\"\" width=\"25\" height=\"25\" \/>Hodnocen\u00ed p\u00edsemn\u00e9 pr\u00e1ce z ciz\u00edho jazyka<\/a><\/p>\n<p><a class=\"file_button\" href=\"https:\/\/bigycb.cz\/bigy\/wp-content\/uploads\/cizi_jazyk_kriteria_hodnoceni_PP.pdf\"><img loading=\"lazy\" decoding=\"async\" src=\"https:\/\/bigycb.cz\/bigy\/wp-content\/uploads\/icopdf-25x25.png\" alt=\"\" width=\"25\" height=\"25\" \/>Krit\u00e9ria hodnocen\u00ed p\u00edsemn\u00fdch prac\u00ed z ciz\u00edho jazyka<\/a><\/p>\n<p>&nbsp;<\/p>\n<h3>Maturitn\u00ed \u010detba<\/h3>\n<p><a class=\"file_button\" href=\"https:\/\/bigycb.cz\/bigy\/wp-content\/uploads\/skolni_seznam_maturitni_cetby_2026.pdf\"><img loading=\"lazy\" decoding=\"async\" src=\"https:\/\/bigycb.cz\/bigy\/wp-content\/uploads\/icopdf-25x25.png\" alt=\"\" width=\"25\" height=\"25\" \/>\u0160koln\u00ed seznam maturitn\u00ed \u010detby<\/a><\/p>\n<p>&nbsp;<\/p>\n<h3>Seznam uzn\u00e1van\u00fdch jazykov\u00fdch certifik\u00e1t\u016f<\/h3>\n<p><a class=\"file_button\" href=\"https:\/\/bigycb.cz\/bigy\/wp-content\/uploads\/seznam_standardizovanych_jazykovych_zkousek.pdf\"><img loading=\"lazy\" decoding=\"async\" src=\"https:\/\/bigycb.cz\/bigy\/wp-content\/uploads\/icopdf-25x25.png\" alt=\"\" width=\"25\" height=\"25\" \/>Seznam standardizovan\u00fdch jazykov\u00fdch zkou\u0161ek<\/a><\/p>\n<p>&nbsp;<\/p>\n<h3>Maturitn\u00ed t\u00e9mata profilov\u00e9 \u010d\u00e1sti maturitn\u00ed zkou\u0161ky<\/h3>\n<p><a class=\"file_button\" href=\"https:\/\/bigycb.cz\/bigy\/wp-content\/uploads\/MT_AJ_2023.pdf\"><img loading=\"lazy\" decoding=\"async\" src=\"https:\/\/bigycb.cz\/bigy\/wp-content\/uploads\/icopdf-25x25.png\" alt=\"\" width=\"25\" height=\"25\" \/>Anglick\u00fd jazyk<\/a><\/p>\n<p><a class=\"file_button\" href=\"https:\/\/bigycb.cz\/bigy\/wp-content\/uploads\/MT_BI_2023.pdf\"><img loading=\"lazy\" decoding=\"async\" src=\"https:\/\/bigycb.cz\/bigy\/wp-content\/uploads\/icopdf-25x25.png\" alt=\"\" width=\"25\" height=\"25\" \/>Biologie<\/a><\/p>\n<p><a class=\"file_button\" href=\"https:\/\/bigycb.cz\/bigy\/wp-content\/uploads\/MT_D_2023.pdf\"><img loading=\"lazy\" decoding=\"async\" src=\"https:\/\/bigycb.cz\/bigy\/wp-content\/uploads\/icopdf-25x25.png\" alt=\"\" width=\"25\" height=\"25\" \/>D\u011bjepis<\/a><\/p>\n<p><a class=\"file_button\" href=\"https:\/\/bigycb.cz\/bigy\/wp-content\/uploads\/MT_DSP_2023_2.pdf\"><img loading=\"lazy\" decoding=\"async\" src=\"https:\/\/bigycb.cz\/bigy\/wp-content\/uploads\/icopdf-25x25.png\" alt=\"\" width=\"25\" height=\"25\" \/>D\u011bjepis (bilingvn\u00ed studium)<\/a><\/p>\n<p><a class=\"file_button\" href=\"https:\/\/bigycb.cz\/bigy\/wp-content\/uploads\/MT_EV_2023.pdf\"><img loading=\"lazy\" decoding=\"async\" src=\"https:\/\/bigycb.cz\/bigy\/wp-content\/uploads\/icopdf-25x25.png\" alt=\"\" width=\"25\" height=\"25\" \/>Estetick\u00e1 v\u00fdchova<\/a><\/p>\n<p><a class=\"file_button\" href=\"https:\/\/bigycb.cz\/bigy\/wp-content\/uploads\/MT_FJ_2023.pdf\"><img loading=\"lazy\" decoding=\"async\" src=\"https:\/\/bigycb.cz\/bigy\/wp-content\/uploads\/icopdf-25x25.png\" alt=\"\" width=\"25\" height=\"25\" \/>Francouzsk\u00fd jazyk<\/a><\/p>\n<p><a class=\"file_button\" href=\"https:\/\/bigycb.cz\/bigy\/wp-content\/uploads\/MT_FY_2025.pdf\"><img loading=\"lazy\" decoding=\"async\" src=\"https:\/\/bigycb.cz\/bigy\/wp-content\/uploads\/icopdf-25x25.png\" alt=\"\" width=\"25\" height=\"25\" \/>Fyzika<\/a><\/p>\n<p><a class=\"file_button\" href=\"https:\/\/bigycb.cz\/bigy\/wp-content\/uploads\/MT_FYSP_2023.pdf\"><img loading=\"lazy\" decoding=\"async\" src=\"https:\/\/bigycb.cz\/bigy\/wp-content\/uploads\/icopdf-25x25.png\" alt=\"\" width=\"25\" height=\"25\" \/>Fyzika (bilingvn\u00ed studium)<\/a><\/p>\n<p><a class=\"file_button\" href=\"https:\/\/bigycb.cz\/bigy\/wp-content\/uploads\/MT_CH_2023.pdf\"><img loading=\"lazy\" decoding=\"async\" src=\"https:\/\/bigycb.cz\/bigy\/wp-content\/uploads\/icopdf-25x25.png\" alt=\"\" width=\"25\" height=\"25\" \/>Chemie<\/a><\/p>\n<p><a class=\"file_button\" href=\"https:\/\/bigycb.cz\/bigy\/wp-content\/uploads\/MT_CHSP_2023.pdf\"><img loading=\"lazy\" decoding=\"async\" src=\"https:\/\/bigycb.cz\/bigy\/wp-content\/uploads\/icopdf-25x25.png\" alt=\"\" width=\"25\" height=\"25\" \/>Chemie (bilingvn\u00ed studium)<\/a><\/p>\n<p><a class=\"file_button\" href=\"https:\/\/bigycb.cz\/bigy\/wp-content\/uploads\/MT_INF_2026.pdf\"><img loading=\"lazy\" decoding=\"async\" src=\"https:\/\/bigycb.cz\/bigy\/wp-content\/uploads\/icopdf-25x25.png\" alt=\"\" width=\"25\" height=\"25\" \/>Informatika<\/a><\/p>\n<p><a class=\"file_button\" href=\"https:\/\/bigycb.cz\/bigy\/wp-content\/uploads\/MT_M_2023.pdf\"><img loading=\"lazy\" decoding=\"async\" src=\"https:\/\/bigycb.cz\/bigy\/wp-content\/uploads\/icopdf-25x25.png\" alt=\"\" width=\"25\" height=\"25\" \/>Matematika<\/a><\/p>\n<p><a class=\"file_button\" href=\"https:\/\/bigycb.cz\/bigy\/wp-content\/uploads\/MT_MSP_2023.pdf\"><img loading=\"lazy\" decoding=\"async\" src=\"https:\/\/bigycb.cz\/bigy\/wp-content\/uploads\/icopdf-25x25.png\" alt=\"\" width=\"25\" height=\"25\" \/>Matematika (bilingvn\u00ed studium)<\/a><\/p>\n<p><a class=\"file_button\" href=\"https:\/\/bigycb.cz\/bigy\/wp-content\/uploads\/MT_NJ_2023.pdf\"><img loading=\"lazy\" decoding=\"async\" src=\"https:\/\/bigycb.cz\/bigy\/wp-content\/uploads\/icopdf-25x25.png\" alt=\"\" width=\"25\" height=\"25\" \/>N\u011bmeck\u00fd jazyk<\/a><\/p>\n<p><a class=\"file_button\" href=\"https:\/\/bigycb.cz\/bigy\/wp-content\/uploads\/MT_REL_2026.pdf\"><img loading=\"lazy\" decoding=\"async\" src=\"https:\/\/bigycb.cz\/bigy\/wp-content\/uploads\/icopdf-25x25.png\" alt=\"\" width=\"25\" height=\"25\" \/>Religionistika<\/a><\/p>\n<p><a class=\"file_button\" href=\"https:\/\/bigycb.cz\/bigy\/wp-content\/uploads\/MT_SJ_2023-24.pdf\"><img loading=\"lazy\" decoding=\"async\" src=\"https:\/\/bigycb.cz\/bigy\/wp-content\/uploads\/icopdf-25x25.png\" alt=\"\" width=\"25\" height=\"25\" \/>\u0160pan\u011blsk\u00fd jazyk<\/a><\/p>\n<p><a class=\"file_button\" href=\"https:\/\/bigycb.cz\/bigy\/wp-content\/uploads\/MT_SJL_2023.pdf\"><img loading=\"lazy\" decoding=\"async\" src=\"https:\/\/bigycb.cz\/bigy\/wp-content\/uploads\/icopdf-25x25.png\" alt=\"\" width=\"25\" height=\"25\" \/>\u0160pan\u011blsk\u00fd jazyk a literatura<\/a><\/p>\n<p><a class=\"file_button\" href=\"https:\/\/bigycb.cz\/bigy\/wp-content\/uploads\/MT_Z_2023.pdf\"><img loading=\"lazy\" decoding=\"async\" src=\"https:\/\/bigycb.cz\/bigy\/wp-content\/uploads\/icopdf-25x25.png\" alt=\"\" width=\"25\" height=\"25\" \/>Zem\u011bpis<\/a><\/p>\n<p><a class=\"file_button\" href=\"https:\/\/bigycb.cz\/bigy\/wp-content\/uploads\/MT_ZB_2026.pdf\"><img loading=\"lazy\" decoding=\"async\" src=\"https:\/\/bigycb.cz\/bigy\/wp-content\/uploads\/icopdf-25x25.png\" alt=\"\" width=\"25\" height=\"25\" \/>Zem\u011bpis (bilingvn\u00ed studium)<\/a><\/p>\n<p><a class=\"file_button\" href=\"https:\/\/bigycb.cz\/bigy\/wp-content\/uploads\/MT_ZSV_2023.pdf\"><img loading=\"lazy\" decoding=\"async\" src=\"https:\/\/bigycb.cz\/bigy\/wp-content\/uploads\/icopdf-25x25.png\" alt=\"\" width=\"25\" height=\"25\" \/>Z\u00e1klady spole\u010densk\u00fdch v\u011bd<\/a><\/p>\n<hr \/>\n<h3>Kontakt<\/h3>\n<blockquote><p><strong>Mgr. Alena Markov\u00e1<\/strong>, markova@bigy-cb.cz, 380 420 214<\/p><\/blockquote>\n","protected":false},"excerpt":{"rendered":"<p>Maturitn\u00ed zkou\u0161ka 2026 Organizace maturitn\u00edch zkou\u0161ek Maturitn\u00ed kalend\u00e1\u0159 &nbsp; \u0160kolsk\u00fd z\u00e1kon Maturitn\u00ed vyhl\u00e1\u0161ka (\u010d. 177\/2009 Sb.) &nbsp; Ofici\u00e1ln\u00ed maturitn\u00ed web&nbsp;<a href=\"https:\/\/bigycb.cz\/bigy\/studenti-a-rodice\/maturitni-zkouska\/\">&hellip;<\/a><\/p>\n","protected":false},"author":1,"featured_media":0,"parent":500,"menu_order":2,"comment_status":"closed","ping_status":"closed","template":"template-sidebar-right-childpages.php","meta":{"footnotes":""},"class_list":["post-693","page","type-page","status-publish","hentry","odd"],"_links":{"self":[{"href":"https:\/\/bigycb.cz\/bigy\/wp-json\/wp\/v2\/pages\/693","targetHints":{"allow":["GET"]}}],"collection":[{"href":"https:\/\/bigycb.cz\/bigy\/wp-json\/wp\/v2\/pages"}],"about":[{"href":"https:\/\/bigycb.cz\/bigy\/wp-json\/wp\/v2\/types\/page"}],"author":[{"embeddable":true,"href":"https:\/\/bigycb.cz\/bigy\/wp-json\/wp\/v2\/users\/1"}],"replies":[{"embeddable":true,"href":"https:\/\/bigycb.cz\/bigy\/wp-json\/wp\/v2\/comments?post=693"}],"version-history":[{"count":52,"href":"https:\/\/bigycb.cz\/bigy\/wp-json\/wp\/v2\/pages\/693\/revisions"}],"predecessor-version":[{"id":11477,"href":"https:\/\/bigycb.cz\/bigy\/wp-json\/wp\/v2\/pages\/693\/revisions\/11477"}],"up":[{"embeddable":true,"href":"https:\/\/bigycb.cz\/bigy\/wp-json\/wp\/v2\/pages\/500"}],"wp:attachment":[{"href":"https:\/\/bigycb.cz\/bigy\/wp-json\/wp\/v2\/media?parent=693"}],"curies":[{"name":"wp","href":"https:\/\/api.w.org\/{rel}","templated":true}]}}