{"id":691,"date":"2022-02-16T10:35:21","date_gmt":"2022-02-16T09:35:21","guid":{"rendered":"https:\/\/bigycb.cz\/demo\/?page_id=691"},"modified":"2026-03-31T12:07:11","modified_gmt":"2026-03-31T10:07:11","slug":"plan-prace","status":"publish","type":"page","link":"https:\/\/bigycb.cz\/bigy\/studenti-a-rodice\/plan-prace\/","title":{"rendered":"Harmonogram \u0161k. roku"},"content":{"rendered":"<p>[vc_row][vc_column][vc_custom_heading text=&#8221;R\u00e1mcov\u00fd harmonogram \u0161koln\u00edho roku 2025\/2026&#8243; use_theme_fonts=&#8221;yes&#8221; css=&#8221;.vc_custom_1756230427481{padding-bottom: 30px !important;}&#8221;][\/vc_column][\/vc_row][vc_row][vc_column width=&#8221;2\/3&#8243; css=&#8221;.vc_custom_1727764932633{margin: 5px !important;padding: 10px !important;background-color: #f2f2f2 !important;border-radius: 5px !important;}&#8221;][vc_column_text css=&#8221;.vc_custom_1727764845522{margin: 0px !important;padding: 0px !important;}&#8221;]<em>Pozn.: uveden\u00e9 term\u00edny akc\u00ed se mohou zm\u011bnit, p\u0159\u00edpadn\u011b akce m\u016f\u017ee b\u00fdt i zru\u0161ena.<\/em>[\/vc_column_text][\/vc_column][vc_column width=&#8221;1\/3&#8243;][vc_btn title=&#8221;Zobrazit kalend\u00e1\u0159 akc\u00ed \u00bb&#8221; style=&#8221;classic&#8221; color=&#8221;primary&#8221; align=&#8221;right&#8221; i_icon_fontawesome=&#8221;fas fa-calendar-alt&#8221; add_icon=&#8221;true&#8221; link=&#8221;url:https%3A%2F%2Fbigycb.cz%2Fbigy%2Fkalendar%2F&#8221;][\/vc_column][\/vc_row][vc_row][vc_column][vc_column_text]<strong>DUBEN<\/strong><\/p>\n<table width=\"614\">\n<tbody>\n<tr>\n<td width=\"121\">1. 4.<\/td>\n<td width=\"494\">Matematick\u00e1 olympi\u00e1da (Z6, Z7, Z8) &#8211; okresn\u00ed kolo (v budov\u011b Bigy!)<\/td>\n<\/tr>\n<tr>\n<td width=\"121\">\u00a0\u00a0 1. 4.<\/td>\n<td width=\"494\"><strong>\u0160koln\u00ed m\u0161e svat\u00e1<\/strong><\/td>\n<\/tr>\n<tr>\n<td width=\"121\">2. 4.<\/td>\n<td width=\"494\"><strong>Velikono\u010dn\u00ed pr\u00e1zdniny<\/strong><\/td>\n<\/tr>\n<tr>\n<td width=\"121\">3. 4.<\/td>\n<td width=\"494\"><strong>St\u00e1tn\u00ed sv\u00e1tek &#8211; Velk\u00fd p\u00e1tek<\/strong><\/td>\n<\/tr>\n<tr>\n<td width=\"121\">6. 4.<\/td>\n<td width=\"494\"><strong>St\u00e1tn\u00ed sv\u00e1tek &#8211; Velikono\u010dn\u00ed pond\u011bl\u00ed<\/strong><\/td>\n<\/tr>\n<tr>\n<td width=\"121\">7. &#8211; 9. 4.<\/td>\n<td width=\"494\">Velk\u00e1 d\u011bjepisn\u00e1 exkurze (6.A, 4.F, 4.N, 4.E, 2.C)<\/td>\n<\/tr>\n<tr>\n<td width=\"121\">8. 4.<\/td>\n<td width=\"494\"><strong>Maturitn\u00ed zkou\u0161ka &#8211; profilov\u00e1 \u010d\u00e1st: p\u00edsemn\u00e9 pr\u00e1ce <\/strong>(comentario, n\u011bmeck\u00fd jazyk, francouzsk\u00fd jazyk, \u0161pan\u011blsk\u00fd jazyk)<\/td>\n<\/tr>\n<tr>\n<td width=\"121\">9. 4.<\/td>\n<td width=\"494\">Biologick\u00e1 olympi\u00e1da, kat. D &#8211; krajsk\u00e9 kolo<\/td>\n<\/tr>\n<tr>\n<td width=\"121\">10. 4.<\/td>\n<td width=\"494\"><strong>\u0158editelsk\u00e9 volno<\/strong><\/td>\n<\/tr>\n<tr>\n<td width=\"121\">10. 4.<\/td>\n<td width=\"494\"><strong>JPZ &#8211; 1. \u0159\u00e1dn\u00fd term\u00edn pro \u010dty\u0159let\u00e9 studium a lyceum<\/strong><\/td>\n<\/tr>\n<tr>\n<td width=\"121\">10. 4.<\/td>\n<td width=\"494\"><strong>Maturitn\u00ed zkou\u0161ka &#8211; profilov\u00e1 \u010d\u00e1st: p\u00edsemn\u00e1 pr\u00e1ce<\/strong> (\u010desk\u00fd jazyk)<\/td>\n<\/tr>\n<tr>\n<td width=\"121\">12. &#8211; 18. 4.<\/td>\n<td width=\"494\">Erasmus+: skupinov\u00e1 mobilita &#8211; p\u0159\u00edjezd stduent\u016f ze \u0160pan\u011blska (5.A)<\/td>\n<\/tr>\n<tr>\n<td width=\"121\">13. 4.<\/td>\n<td width=\"494\"><strong>JPZ &#8211; 2. \u0159\u00e1dn\u00fd term\u00edn pro \u010dty\u0159let\u00e9 studium a lyceum<\/strong><\/td>\n<\/tr>\n<tr>\n<td width=\"121\">13. 4.<\/td>\n<td width=\"494\"><strong>Maturitn\u00ed zkou\u0161ka &#8211; profilov\u00e1 \u010d\u00e1st: p\u00edsemn\u00e1 pr\u00e1ce (anglick\u00fd jazyk)<\/strong><\/td>\n<\/tr>\n<tr>\n<td width=\"121\">14. 4.<\/td>\n<td width=\"494\"><strong>JPZ &#8211; 1. \u0159\u00e1dn\u00fd term\u00edn pro \u0161estilet\u00e9 a osmilet\u00e9 studium<\/strong><\/td>\n<\/tr>\n<tr>\n<td width=\"121\">14. 4.<\/td>\n<td width=\"494\">Filmov\u00e9 p\u0159edstaven\u00ed (Cinestar) pro ni\u017e\u0161\u00ed gymn\u00e1zium<\/td>\n<\/tr>\n<tr>\n<td width=\"121\">15. 4.<\/td>\n<td width=\"494\"><strong>JPZ &#8211; 2. \u0159\u00e1dn\u00fd term\u00edn pro \u0161estilet\u00e9 a osmilet\u00e9 studium<\/strong><\/td>\n<\/tr>\n<tr>\n<td width=\"121\">15. 4.<\/td>\n<td width=\"494\">Projektov\u00fd den pro vy\u0161\u0161\u00ed gymn\u00e1zium<\/td>\n<\/tr>\n<tr>\n<td width=\"121\">17. 4.<\/td>\n<td width=\"494\">M\u0161e svat\u00e1 za maturanty a maturitn\u00ed komise<\/td>\n<\/tr>\n<tr>\n<td width=\"121\">17. 4.<\/td>\n<td width=\"494\">Biologick\u00e1 olympi\u00e1da, kat. B &#8211; krajsk\u00e9 kolo<\/td>\n<\/tr>\n<tr>\n<td width=\"121\">21. 4.<\/td>\n<td width=\"494\"><strong>\u010ctvrtletn\u00ed pedagogick\u00e1 porada<\/strong><\/td>\n<\/tr>\n<tr>\n<td width=\"121\">21. 4.<\/td>\n<td width=\"494\"><strong>Konzulta\u010dn\u00ed odpoledne od 16 do 18 hodin<\/strong><\/td>\n<\/tr>\n<tr>\n<td width=\"121\">22. 4.<\/td>\n<td width=\"494\">Planeta 3000 &#8211; Ganga (2.C, 4. F, 4 .N, 6. A, 4. E?, 2. A?)<\/td>\n<\/tr>\n<tr>\n<td width=\"121\">24. 4.<\/td>\n<td width=\"494\">M\u0161e svat\u00e1 pro t\u0159\u00eddy 3.E a 4.E<\/td>\n<\/tr>\n<tr>\n<td width=\"121\">29. a 30. 4.<\/td>\n<td width=\"494\">JPZ &#8211; n\u00e1hradn\u00ed term\u00edny pro v\u0161echny obory<\/td>\n<\/tr>\n<tr>\n<td width=\"121\">30. 4.<\/td>\n<td width=\"494\"><strong>Ukon\u010den\u00ed studia v maturitn\u00edm ro\u010dn\u00edku &#8211; ro\u010dn\u00edkov\u00e9 vysv\u011bd\u010den\u00ed<\/strong><\/td>\n<\/tr>\n<tr>\n<td width=\"121\">Dal\u0161\u00ed akce:<\/td>\n<td width=\"494\">V\u00fdroba plech\u00e1\u010dk\u016f &#8211; Belis (2.A, 1.F, 1.N)<\/td>\n<\/tr>\n<tr>\n<td width=\"121\"><\/td>\n<td width=\"494\">Biologick\u00e1 exkurze do ZOO Praha (5.A, 3.E, 3.F, 3.N, 1.C)<\/td>\n<\/tr>\n<tr>\n<td width=\"121\"><\/td>\n<td width=\"494\">Poslaneck\u00e1 sn\u011bmovna, Praha (7.A)<\/td>\n<\/tr>\n<tr>\n<td width=\"121\"><\/td>\n<td width=\"494\">Beseda s europoslancem &#8211; Mlad\u00ed demokrat\u00e9 (7.A, 5.N, 5.E)<\/td>\n<\/tr>\n<tr>\n<td width=\"121\"><\/td>\n<td width=\"494\">Anglick\u00e9 divadlo &#8211; dle nab\u00eddky<\/td>\n<\/tr>\n<tr>\n<td width=\"121\"><\/td>\n<td width=\"494\">Komiks (program v JVK, 1.F)<\/td>\n<\/tr>\n<tr>\n<td width=\"121\"><\/td>\n<td width=\"494\">Turnaj v p\u00e9tanque (2.F)<\/td>\n<\/tr>\n<tr>\n<td width=\"121\"><\/td>\n<td width=\"494\">N\u00e1v\u0161t\u011bva Francouzsk\u00e9ho institutu, Praha (3.F)<\/td>\n<\/tr>\n<tr>\n<td width=\"121\"><\/td>\n<td width=\"494\">Exkurze do psychiatrick\u00e9 l\u00e9\u010debny v Bohnic\u00edch (6.A)<\/td>\n<\/tr>\n<tr>\n<td width=\"121\"><\/td>\n<td width=\"494\">N\u00e1v\u0161t\u011bva soudn\u00edho jedn\u00e1n\u00ed (ZSV &#8211; 2.F)<\/td>\n<\/tr>\n<tr>\n<td width=\"121\"><\/td>\n<td width=\"494\">Beseda s pr\u00e1vn\u00edkem (4.F, 2.C)<\/td>\n<\/tr>\n<tr>\n<td width=\"121\"><\/td>\n<td width=\"494\">D\u011bjepisn\u00fd v\u00fdlet &#8211; t\u00e1bor Vojna v P\u0159\u00edbrami, Svat\u00e1 Hora (2.N)<\/td>\n<\/tr>\n<tr>\n<td width=\"121\"><\/td>\n<td width=\"494\">Rolni\u010dkov\u00e9 dny &#8211; charitativn\u00ed sb\u00edrka (4.N)<\/td>\n<\/tr>\n<tr>\n<td width=\"121\"><\/td>\n<td width=\"494\">Bigysbor &#8211; Gymnasia cantant (republikov\u00e9 kolo v Brn\u011b)<\/td>\n<\/tr>\n<tr>\n<td width=\"121\"><\/td>\n<td width=\"494\">Olympi\u00e1da ve francouz\u0161tin\u011b &#8211; krajsk\u00e9\u00ed kolo<\/td>\n<\/tr>\n<tr>\n<td width=\"121\"><\/td>\n<td width=\"494\">Olympi\u00e1da v angli\u010dtin\u011b &#8211; krajsk\u00e1 kola<\/td>\n<\/tr>\n<tr>\n<td width=\"121\"><\/td>\n<td width=\"494\">Olympi\u00e1da v n\u011bm\u010din\u011b &#8211; krajsk\u00e1 kola<\/td>\n<\/tr>\n<tr>\n<td width=\"121\"><\/td>\n<td width=\"494\">Techm\u00e1nie Plze\u0148 (2.A)<\/td>\n<\/tr>\n<tr>\n<td width=\"121\"><\/td>\n<td width=\"494\">Fyzik\u00e1ln\u00ed olympi\u00e1da, kat. B &#8211; E\u00a0 &#8211; krajsk\u00e1 kola<\/td>\n<\/tr>\n<tr>\n<td width=\"121\"><\/td>\n<td width=\"494\">Exkurze pro SZ p\u0159edmaturitn\u00ed (vila Tugendhat Brno, orloj, Jo\u0161t Moravsk\u00fd, \u0160pilberk, Petrov)<\/td>\n<\/tr>\n<\/tbody>\n<\/table>\n<p>&nbsp;<\/p>\n<p><strong>KV\u011aTEN<\/strong><\/p>\n<table width=\"618\">\n<tbody>\n<tr>\n<td width=\"121\">1. 5.<\/td>\n<td width=\"497\"><strong>St\u00e1tn\u00ed sv\u00e1tek \u2013 Sv\u00e1tek pr\u00e1ce<\/strong><\/td>\n<\/tr>\n<tr>\n<td width=\"121\">1.- 8. 5.<\/td>\n<td width=\"497\">Erasmus+: skupinov\u00e1 mobilita &#8211; v\u00fdjezd \u017e\u00e1k\u016f do Le Mans (3.F, 2.C S1B)<\/td>\n<\/tr>\n<tr>\n<td width=\"121\">4. &#8211; 6. 5.<\/td>\n<td width=\"497\"><strong>Maturitn\u00ed zkou\u0161ka &#8211; spole\u010dn\u00e1 \u010d\u00e1st<\/strong>: didaktick\u00e9 testy<\/td>\n<\/tr>\n<tr>\n<td width=\"121\">4. &#8211; 8. 5.<\/td>\n<td width=\"497\">Erasmus+: v\u00fdjezd Bigysboru do Le Mans<\/td>\n<\/tr>\n<tr>\n<td width=\"121\">8. 5.<\/td>\n<td width=\"497\"><strong>St\u00e1tn\u00ed sv\u00e1tek &#8211; Den v\u00edt\u011bzstv\u00ed<\/strong><\/td>\n<\/tr>\n<tr>\n<td width=\"121\">15. 5.<\/td>\n<td width=\"497\">M\u0161e svat\u00e1 pro t\u0159\u00eddu 4.N<\/td>\n<\/tr>\n<tr>\n<td width=\"121\">15. 5.<\/td>\n<td width=\"497\">Srd\u00ed\u010dkov\u00e9 dny &#8211; charita (5.A)<\/td>\n<\/tr>\n<tr>\n<td width=\"121\">18. &#8211; 22. 5.<\/td>\n<td width=\"497\"><strong>Maturitn\u00ed zkou\u0161ka &#8211; profilov\u00e1 \u010d\u00e1st: \u00fastn\u00ed zkou\u0161ky<\/strong> (8.A, 4.C. 6.E)<\/td>\n<\/tr>\n<tr>\n<td width=\"121\">18. 5.<\/td>\n<td width=\"497\"><strong>Absolventsk\u00fd ve\u010der a vernis\u00e1\u017e v\u00fdtvarn\u00fdch prac\u00ed <\/strong>(praktick\u00e1 \u010d\u00e1st maturitn\u00ed zkou\u0161ky)<\/td>\n<\/tr>\n<tr>\n<td width=\"121\">22. 5.<\/td>\n<td width=\"497\">M\u0161e svat\u00e1 pro t\u0159\u00eddu 4.F<\/td>\n<\/tr>\n<tr>\n<td width=\"121\">25. &#8211; 27. 5.<\/td>\n<td width=\"497\"><strong>Maturitn\u00ed zkou\u0161ka &#8211; profilov\u00e1 \u010d\u00e1st: \u00fastn\u00ed zkou\u0161ky<\/strong> (6.F, 6.N)<\/td>\n<\/tr>\n<tr>\n<td width=\"121\">29. 5.<\/td>\n<td width=\"497\">Slavnostn\u00ed p\u0159ed\u00e1n\u00ed maturitn\u00edho vysv\u011bd\u010den\u00ed v kl\u00e1\u0161te\u0159e na Piaristick\u00e9m n\u00e1m\u011bst\u00ed<\/td>\n<\/tr>\n<tr>\n<td width=\"121\">Dal\u0161\u00ed akce:<\/td>\n<td width=\"497\">Zoo Hlubok\u00e1 nad Vltavou (1.A)<\/td>\n<\/tr>\n<tr>\n<td width=\"121\"><\/td>\n<td width=\"497\">Geologick\u00e9 sb\u00edrky Jiho\u010desk\u00e9ho muzea (3.A, 1.F, 1.N, 1.E)<\/td>\n<\/tr>\n<tr>\n<td width=\"121\"><\/td>\n<td width=\"497\">Botanick\u00e1 exkurze (4.A, 2.F, 2.N, 2.E)<\/td>\n<\/tr>\n<tr>\n<td width=\"121\"><\/td>\n<td width=\"497\">Praha &#8211; \u017eidovsk\u00e9 muzeum a synagogy (6.A)<\/td>\n<\/tr>\n<tr>\n<td width=\"121\"><\/td>\n<td width=\"497\">P\u0159edn\u00e1\u0161ka o hospicov\u00e9 p\u00e9\u010di (v hodin\u011b etiky a n\u00e1bo\u017eenstv\u00ed, 7.A, 5.F, 5.N, 5.E, 2.C)<\/td>\n<\/tr>\n<tr>\n<td width=\"121\"><\/td>\n<td width=\"497\">M\u011bsto, kde \u017eijeme (projekt ZSV &#8211; 2.A)<\/td>\n<\/tr>\n<tr>\n<td width=\"121\"><\/td>\n<td width=\"497\">P\u0159edn\u00e1\u0161ka &#8211; cizinci mezi n\u00e1mi (b\u011bhem maturit, 3.A, 1.F, 1.N, 1.E)<\/td>\n<\/tr>\n<tr>\n<td width=\"121\"><\/td>\n<td width=\"497\">P\u0159edn\u00e1\u0161ka &#8211; n\u00e1sil\u00ed do vztahu nepat\u0159\u00ed (b\u011bhem maturit, 4.A, 2.F, 2.N, 2.E)<\/td>\n<\/tr>\n<tr>\n<td width=\"121\"><\/td>\n<td width=\"497\">D\u011bjepisn\u00fd v\u00fdlet (m\u00edsto bude up\u0159esn\u011bno &#8211; 2.F a 2.E)<\/td>\n<\/tr>\n<tr>\n<td width=\"121\"><\/td>\n<td width=\"497\">N\u00e1v\u0161t\u011bva kostela sv. V\u00edta a Prelatury v \u010cesk\u00e9m Krumlov\u011b (v dob\u011b maturit &#8211; 3.F)<\/td>\n<\/tr>\n<tr>\n<td width=\"121\"><\/td>\n<td width=\"497\">Den proti rakovin\u011b (celodenn\u00ed sb\u00edrka &#8211; 4.F)<\/td>\n<\/tr>\n<tr>\n<td width=\"121\"><\/td>\n<td width=\"497\">Pou\u0165 do \u0158\u00edmova (3.E sk. n\u00e1bo\u017eenstv\u00ed)<\/td>\n<\/tr>\n<tr>\n<td width=\"121\"><\/td>\n<td width=\"497\">Azylov\u00fd d\u016fm; Jiho\u010desk\u00e9 muzeum (3.E sk. etika)<\/td>\n<\/tr>\n<tr>\n<td width=\"121\"><\/td>\n<td width=\"497\">Katedr\u00e1la sv. V\u00edta &#8211; eduka\u010dn\u00ed program (2.C)<\/td>\n<\/tr>\n<tr>\n<td width=\"121\"><\/td>\n<td width=\"497\">Olympi\u00e1da ve francouz\u0161tin\u011b &#8211; n\u00e1rodn\u00ed kolo<\/td>\n<\/tr>\n<tr>\n<td width=\"121\"><\/td>\n<td width=\"497\">Olympi\u00e1da v angli\u010dtin\u011b &#8211; \u00fast\u0159edn\u00ed kolo<\/td>\n<\/tr>\n<tr>\n<td width=\"121\"><\/td>\n<td width=\"497\">Olympi\u00e1da v n\u011bm\u010din\u011b &#8211; \u00fast\u0159edn\u00ed kola<\/td>\n<\/tr>\n<tr>\n<td width=\"121\"><\/td>\n<td width=\"497\">Olympi\u00e1da ve \u0161pan\u011bl\u0161tin\u011b &#8211; \u00fast\u0159edn\u00ed kolo<\/td>\n<\/tr>\n<\/tbody>\n<\/table>\n<p>&nbsp;<\/p>\n<p><strong>\u010cERVEN<\/strong><\/p>\n<table width=\"614\">\n<tbody>\n<tr>\n<td width=\"121\">6. &#8211; 13. 6.<\/td>\n<td width=\"494\">Sportovn\u011b relaxa\u010dn\u00ed kurz v Chorvatsku (p\u0159edmaturitn\u00ed ro\u010dn\u00edk)<\/td>\n<\/tr>\n<tr>\n<td width=\"121\">6. &#8211; 12. 6.<\/td>\n<td width=\"494\">Z\u00e1jezd do Anglie (4.A a 2.N)<\/td>\n<\/tr>\n<tr>\n<td width=\"121\">8. &#8211; 19. 6.<\/td>\n<td width=\"494\">\u0160koln\u00ed v\u00fdlety<\/td>\n<\/tr>\n<tr>\n<td width=\"121\">14. &#8211; 20. 6.<\/td>\n<td width=\"494\">Z\u00e1jezd do Anglie (2.F, 2.C a 4.E)<\/td>\n<\/tr>\n<tr>\n<td width=\"121\">18. 6.<\/td>\n<td width=\"494\">TEPfaktor (v\u00fdlet 2.A a 1.F)<\/td>\n<\/tr>\n<tr>\n<td width=\"121\">22. 6.<\/td>\n<td width=\"494\"><strong>Uzav\u0159en\u00ed zn\u00e1mek za 2. pololet\u00ed \u0161koln\u00edho roku do 15 hodin.<\/strong><\/td>\n<\/tr>\n<tr>\n<td width=\"121\">23. 6.<\/td>\n<td width=\"494\"><strong>Z\u00e1v\u011bre\u010dn\u00e1 klasifika\u010dn\u00ed porada<\/strong><\/td>\n<\/tr>\n<tr>\n<td width=\"121\">25. 6.<\/td>\n<td width=\"494\"><strong>\u0160koln\u00ed m\u0161e svat\u00e1<\/strong><\/td>\n<\/tr>\n<tr>\n<td width=\"121\">26. 6.<\/td>\n<td width=\"494\">Vyd\u00e1n\u00ed z\u00e1v\u011bre\u010dn\u00e9ho vysv\u011bd\u010den\u00ed<\/td>\n<\/tr>\n<tr>\n<td width=\"121\">29. a 30. 6.<\/td>\n<td width=\"494\"><strong>\u0158editelsk\u00e9 volno<\/strong><\/td>\n<\/tr>\n<tr>\n<td width=\"121\">Dal\u0161\u00ed akce:<\/td>\n<td width=\"494\">Celo\u0161koln\u00ed pou\u0165<\/td>\n<\/tr>\n<tr>\n<td width=\"121\"><\/td>\n<td width=\"494\">D\u011bjepisno-biologick\u00e1 exkurze (pravd\u011bpodobn\u011b Nov\u00e9 Hrady, 3.A)<\/td>\n<\/tr>\n<tr>\n<td width=\"121\"><\/td>\n<td width=\"494\">Den s chemi\u00ed, P\u0159F JU (4.A, 2.F, 2.N, 2.E)<\/td>\n<\/tr>\n<tr>\n<td width=\"121\"><\/td>\n<td width=\"494\">\u0160koln\u00ed v\u00fdlet do Berl\u00edna (1.N, 4.N)<\/td>\n<\/tr>\n<tr>\n<td width=\"121\"><\/td>\n<td width=\"494\">Cyklobotanick\u00e1 exkurze Nov\u00e9 Hrady (SBi1 p\u0159edmaturitn\u00ed)<\/td>\n<\/tr>\n<tr>\n<td width=\"121\"><\/td>\n<td width=\"494\">Botanick\u00e1 a zoologick\u00e1 exkurze (SBi2 p\u0159edmaturitn\u00ed)<\/td>\n<\/tr>\n<tr>\n<td width=\"121\"><\/td>\n<td width=\"494\">Topografick\u00fd kurz &#8211; orientace a navigace na Lipn\u011b (1.C, 5.A)<\/td>\n<\/tr>\n<tr>\n<td width=\"121\"><\/td>\n<td width=\"494\">Kurz orientace, botaniky a zoologie na Lipn\u011b (3.F, 3.N, 3.E)<\/td>\n<\/tr>\n<tr>\n<td width=\"121\"><\/td>\n<td width=\"494\">Exkurze Velk\u00fd Blan\u00edk a S\u00e1zavsk\u00fd kl\u00e1\u0161ter (3.A, 1.F)<\/td>\n<\/tr>\n<tr>\n<td width=\"121\"><\/td>\n<td width=\"494\">Exkurze do Znojma (rotunda, podzem\u00ed), hr\u00e1z n\u00e1dr\u017ee Dale\u0161ice &#8211; Mohelno (1.N, 1.E)<\/td>\n<\/tr>\n<tr>\n<td width=\"121\"><\/td>\n<td width=\"494\"><strong>\u00a0<\/strong><\/td>\n<\/tr>\n<tr>\n<td width=\"121\">1.7. \u2013 31. 8.<\/td>\n<td width=\"494\"><strong>Hlavn\u00ed pr\u00e1zdniny.<\/strong><\/td>\n<\/tr>\n<tr>\n<td width=\"121\"><\/td>\n<td width=\"494\">Obdob\u00ed \u0161koln\u00edho vyu\u010dov\u00e1n\u00ed ve \u0161koln\u00edm roce 2026\/2027 za\u010dne<\/p>\n<p>v pond\u011bl\u00ed 1. z\u00e1\u0159\u00ed 2026.<\/td>\n<\/tr>\n<\/tbody>\n<\/table>\n<p>&nbsp;<\/p>\n<p><strong>Term\u00edn akc\u00ed v ro\u010dn\u00edm pl\u00e1nu je zp\u0159es\u0148ov\u00e1n pl\u00e1ny m\u011bs\u00ed\u010dn\u00edmi. Akce mohou b\u00fdt p\u0159esunuty i zru\u0161eny, mohou se b\u011bhem roku objevit i dal\u0161\u00ed akce, kter\u00fdch se \u017e\u00e1ci z\u00fa\u010dastn\u00ed.<\/strong>[\/vc_column_text][\/vc_column][\/vc_row]<\/p>\n","protected":false},"excerpt":{"rendered":"<p>[vc_row][vc_column][vc_custom_heading text=&#8221;R\u00e1mcov\u00fd harmonogram \u0161koln\u00edho roku 2025\/2026&#8243; use_theme_fonts=&#8221;yes&#8221; css=&#8221;.vc_custom_1756230427481{padding-bottom: 30px !important;}&#8221;][\/vc_column][\/vc_row][vc_row][vc_column width=&#8221;2\/3&#8243; css=&#8221;.vc_custom_1727764932633{margin: 5px !important;padding: 10px !important;background-color: #f2f2f2 !important;border-radius: 5px !important;}&#8221;][vc_column_text&nbsp;<a href=\"https:\/\/bigycb.cz\/bigy\/studenti-a-rodice\/plan-prace\/\">&hellip;<\/a><\/p>\n","protected":false},"author":1,"featured_media":0,"parent":500,"menu_order":1,"comment_status":"closed","ping_status":"closed","template":"template-sidebar-right-childpages.php","meta":{"footnotes":""},"class_list":["post-691","page","type-page","status-publish","hentry","odd"],"_links":{"self":[{"href":"https:\/\/bigycb.cz\/bigy\/wp-json\/wp\/v2\/pages\/691","targetHints":{"allow":["GET"]}}],"collection":[{"href":"https:\/\/bigycb.cz\/bigy\/wp-json\/wp\/v2\/pages"}],"about":[{"href":"https:\/\/bigycb.cz\/bigy\/wp-json\/wp\/v2\/types\/page"}],"author":[{"embeddable":true,"href":"https:\/\/bigycb.cz\/bigy\/wp-json\/wp\/v2\/users\/1"}],"replies":[{"embeddable":true,"href":"https:\/\/bigycb.cz\/bigy\/wp-json\/wp\/v2\/comments?post=691"}],"version-history":[{"count":56,"href":"https:\/\/bigycb.cz\/bigy\/wp-json\/wp\/v2\/pages\/691\/revisions"}],"predecessor-version":[{"id":11424,"href":"https:\/\/bigycb.cz\/bigy\/wp-json\/wp\/v2\/pages\/691\/revisions\/11424"}],"up":[{"embeddable":true,"href":"https:\/\/bigycb.cz\/bigy\/wp-json\/wp\/v2\/pages\/500"}],"wp:attachment":[{"href":"https:\/\/bigycb.cz\/bigy\/wp-json\/wp\/v2\/media?parent=691"}],"curies":[{"name":"wp","href":"https:\/\/api.w.org\/{rel}","templated":true}]}}