{"id":683,"date":"2022-02-16T10:31:31","date_gmt":"2022-02-16T09:31:31","guid":{"rendered":"https:\/\/bigycb.cz\/demo\/?page_id=683"},"modified":"2024-09-19T11:43:16","modified_gmt":"2024-09-19T09:43:16","slug":"domov-mladeze","status":"publish","type":"page","link":"https:\/\/bigycb.cz\/bigy\/o-skole\/zazemi-skoly\/domov-mladeze\/","title":{"rendered":"Domov ml\u00e1de\u017ee"},"content":{"rendered":"<p>[vc_row][vc_column][vc_column_text]<\/p>\n<h1>Domov ml\u00e1de\u017ee<\/h1>\n<div class=\"scp-block-quote-alt left scp_block_quote_alt-133f3ebee82d36a4ce241f6b4dc5df17\">Domov ml\u00e1de\u017ee slou\u017e\u00ed k ubytov\u00e1n\u00ed student\u016f Biskupsk\u00e9ho gymn\u00e1zia, ale i jin\u00fdch st\u0159edn\u00edch a vysok\u00fdch \u0161kol. Podm\u00ednkou je dodr\u017eov\u00e1n\u00ed provozn\u00edho \u0159\u00e1du DM.<\/div>\n<h4>Ubytov\u00e1n\u00ed:<\/h4>\n<p>Domov ml\u00e1de\u017ee se nach\u00e1z\u00ed v p\u0159ilehl\u00e9m traktu Biskupsk\u00e9ho gymn\u00e1zia. Je s n\u00edm propojen chodbou, ale m\u00e1 z\u00e1rove\u0148 sv\u016fj vlastn\u00ed vchod z ulice Karla IV.<\/p>\n<p>Kapacita domova ml\u00e1de\u017ee je 83 l\u016f\u017eek. Dvoul\u016f\u017ekov\u00e9 a\u017e \u010dty\u0159l\u016f\u017ekov\u00e9 pokoje jsou vkusn\u011b za\u0159\u00edzeny psac\u00edmi stoly, v\u00e1lendami s \u00falo\u017en\u00fdm prostorem a uzamykateln\u00fdmi sk\u0159\u00edn\u011bmi a no\u010dn\u00edmi stolky. Spl\u0148uj\u00ed b\u011b\u017en\u00fd standard sou\u010dasn\u00e9 doby. Nezbytnou sou\u010d\u00e1st\u00ed domova jsou klubovny d\u011bv\u010dat a chlapc\u016f. Dv\u011b t\u0159etiny ubytovan\u00fdch jsou d\u00edvky. Chlapci maj\u00ed vyhrazenou \u010d\u00e1st DM. Na ka\u017ed\u00e9m pat\u0159e se nach\u00e1z\u00ed sprchy a toalety. V 1. pat\u0159e je kuchy\u0148ka vybaven\u00e1 z\u00e1kladn\u00edm za\u0159\u00edzen\u00edm \u2013 kuchy\u0148sk\u00e1 linka, el. spor\u00e1k, mikrovlnka a ledni\u010dka. Studenti maj\u00ed tak\u00e9 k dispozici dal\u0161\u00ed t\u0159i lednice um\u00edst\u011bn\u00e9 na chodb\u00e1ch. K zap\u016fj\u010den\u00ed je \u017eehli\u010dka a \u017eehlic\u00ed prkno. P\u0159ipojen\u00ed k internetu p\u0159es Wi-Fi je v cen\u011b za ubytov\u00e1n\u00ed. Ve vychovateln\u011b je mo\u017enost tisku a kop\u00edrov\u00e1n\u00ed.<\/p>\n<p>Z prostor DM je p\u0159\u00edstup na k\u016fr n\u00e1dhern\u011b nov\u011b zrekonstruovan\u00e9ho\u00a0<a href=\"https:\/\/bigycb.cz\/bigy\/o-skole\/zazemi-skoly\/studentsky-kostel\/\" target=\"_blank\" rel=\"noopener noreferrer\">kostela Svat\u00e9 Rodiny<\/a>. Studenti se tak mohou z\u00fa\u010dastnit bohoslu\u017eeb, \u010di dal\u0161\u00edch aktivit v n\u011bm po\u0159\u00e1dan\u00fdch, nebo jen tak posed\u011bt.<\/p>\n<p>V budov\u011b DM je pro ubytovan\u00e9 studenty velmi snadno dostupn\u00e1\u00a0\u0161koln\u00ed j\u00eddelna, kter\u00e1 zaji\u0161\u0165uje celodenn\u00ed stravov\u00e1n\u00ed.<\/p>\n<p>Ve voln\u00e9m \u010dase je pro studenty v odpoledn\u00edch hodin\u00e1ch k dispozici t\u011blocvi\u010dna. Pro v\u0161echny slou\u017e\u00ed v klubovn\u011b d\u011bv\u010dat klav\u00edr, v klubovn\u011b chlapc\u016f pingpongov\u00fd st\u016fl. K zap\u016fj\u010den\u00ed jsou spole\u010densk\u00e9 hry. Pro kreativn\u00ed \u010dinnosti je vyu\u017e\u00edv\u00e1n nov\u00fd \u0161ic\u00ed stroj.<\/p>\n<p>B\u011bhem \u0161koln\u00edho roku maj\u00ed studenti mo\u017enost vybrat si ze \u0161irok\u00e9 nab\u00eddky v\u00fdtvarn\u00e9, estetick\u00e9 a pracovn\u00ed \u010dinnosti (nap\u0159. malov\u00e1n\u00ed tri\u010dek, pe\u010den\u00ed cukrov\u00ed, v\u00fdroba dekorac\u00ed, h\u00e1\u010dkov\u00e1n\u00ed a ji\u017e zm\u00edn\u011bn\u00e9 \u0161it\u00ed). Je zde praktikov\u00e1n individu\u00e1ln\u00ed p\u0159\u00edstup ke ka\u017ed\u00e9mu studentovi. V na\u0161em domov\u011b je vytvo\u0159ena p\u0159\u00edzniv\u00e1 atmosf\u00e9ra vz\u00e1jemn\u00e9 d\u016fv\u011bry, \u00facty a spolupr\u00e1ce. Aktivity, ze kter\u00fdch si mohou ubytovan\u00ed vyb\u00edrat, sm\u011b\u0159uj\u00ed nejen ke smyslupln\u00e9mu vypln\u011bn\u00ed voln\u00e9ho \u010dasu, ale tak\u00e9 k rozvoji talent\u016f v nejr\u016fzn\u011bj\u0161\u00edch oblastech.<\/p>\n<h4>Ubytovac\u00ed provoz:<\/h4>\n<ul>\n<li>\u0159\u00edd\u00ed se provozn\u00edm \u0159\u00e1dem ubytovac\u00edho za\u0159\u00edzen\u00ed (viz Dokumenty)<\/li>\n<li>domov ml\u00e1de\u017ee je v provozu od ned\u011ble 18:00 do p\u00e1tku 15:00<\/li>\n<\/ul>\n<h4>Kontakty:<\/h4>\n<p>[\/vc_column_text]\t\t<div class=\"wh-content-box  scp_content_box-716f785a7c59b3e25f12687df041c960\">\n\t\t\t\t\t\t\t\t\t\t\t\t[vc_column_text css=&#8221;.vc_custom_1726737438953{padding-top: 15px !important;padding-right: 25px !important;padding-bottom: 25px !important;padding-left: 25px !important;background-color: #f9f9f9 !important;}&#8221;]<strong>Ing. Ji\u0159\u00ed Tu\u010dek (vedouc\u00ed): tucek@bigy-cb.cz<\/strong><\/p>\n<p>Daniela Vyoralov\u00e1: vyoralova@bigy-cb.cz<\/p>\n<p>Pavl\u00edna Dobrovsk\u00e1: dobrovska@bigy-cb.cz<\/p>\n<hr \/>\n<ul>\n<li>e-mail:\u00a0<strong>dm@bigy-cb.cz<\/strong>\u00a0(omluvenky, spole\u010dn\u00e9 informace)<\/li>\n<li>telefon:\u00a0<strong>602 147 154<\/strong><\/li>\n<\/ul>\n<p>[\/vc_column_text]\t\t<\/div>\n\t\t[vc_column_text]<\/p>\n<h4>Dokumenty:<\/h4>\n<p><a class=\"file_button\" href=\"https:\/\/bigycb.cz\/bigy\/wp-content\/uploads\/provozni_rad_DM_2024.pdf\"><img loading=\"lazy\" decoding=\"async\" src=\"https:\/\/bigycb.cz\/bigy\/wp-content\/uploads\/icopdf-25x25.png\" alt=\"\" width=\"25\" height=\"25\" \/>Provozn\u00ed \u0159\u00e1d DM<\/a><\/p>\n<p><a class=\"file_button\" href=\"https:\/\/bigycb.cz\/bigy\/wp-content\/uploads\/prihlaska_DM.doc\"><img loading=\"lazy\" decoding=\"async\" class=\"ico_file\" src=\"https:\/\/bigycb.cz\/bigy\/wp-content\/uploads\/icodoc-25x25.png\" alt=\"\" width=\"25\" height=\"25\" \/>P\u0159ihl\u00e1\u0161ka do DM<\/a><\/p>\n<p><a class=\"file_button\" href=\"https:\/\/bigycb.cz\/bigy\/wp-content\/uploads\/prihlaska_DM-1.pdf\"><img loading=\"lazy\" decoding=\"async\" src=\"https:\/\/bigycb.cz\/bigy\/wp-content\/uploads\/icopdf-25x25.png\" alt=\"\" width=\"25\" height=\"25\" \/>P\u0159ihl\u00e1\u0161ka do DM<\/a><\/p>\n<hr \/>\n<p><strong>P\u0159ihl\u00e1\u0161ky do domov\u00e1 ml\u00e1d\u011b\u017ee<\/strong>\u00a0si pros\u00edm st\u00e1hn\u011bte, vypl\u0148te a za\u0161lete na e-mail vedouc\u00ed DM nebo po\u0161tou na\u00a0<a href=\"https:\/\/bigycb.cz\/bigy\/kontakty\/\">adresu \u0161koly<\/a>.<\/p>\n<p>Pokud nem\u00e1te mo\u017enost si p\u0159ihl\u00e1\u0161ku vytisknout nebo vyplnit elektronicky, budou tiskopisy k vyzvednut\u00ed v p\u0159\u00edzem\u00ed \u0161koly u recepce.<\/p>\n<p>Kone\u010dn\u00e9 datum odevzd\u00e1n\u00ed vypln\u011bn\u00fdch p\u0159ihl\u00e1\u0161ek je<strong> 31. 5.<\/strong>\u00a0Vyrozum\u011bn\u00ed o um\u00edst\u011bn\u00ed studenta v DM pro nov\u00fd \u0161koln\u00ed rok budou k dispozici k vyzvednut\u00ed v kancel\u00e1\u0159i \u0161koly posledn\u00ed \u010dervnov\u00fd t\u00fdden. Kdo nem\u00e1 mo\u017enost si rozhodnut\u00ed vyzvednout osobn\u011b, m\u016f\u017ee tuto skute\u010dnost zapsat do p\u0159ihl\u00e1\u0161ky. Sd\u011blen\u00ed mu bude doru\u010deno po\u0161tou.[\/vc_column_text][\/vc_column][\/vc_row]<\/p>\n","protected":false},"excerpt":{"rendered":"<p>[vc_row][vc_column][vc_column_text] Domov ml\u00e1de\u017ee Ubytov\u00e1n\u00ed: Domov ml\u00e1de\u017ee se nach\u00e1z\u00ed v p\u0159ilehl\u00e9m traktu Biskupsk\u00e9ho gymn\u00e1zia. Je s n\u00edm propojen chodbou, ale m\u00e1&nbsp;<a href=\"https:\/\/bigycb.cz\/bigy\/o-skole\/zazemi-skoly\/domov-mladeze\/\">&hellip;<\/a><\/p>\n","protected":false},"author":1,"featured_media":0,"parent":681,"menu_order":0,"comment_status":"closed","ping_status":"closed","template":"template-sidebar-right-childpages.php","meta":{"footnotes":""},"class_list":["post-683","page","type-page","status-publish","hentry","odd"],"_links":{"self":[{"href":"https:\/\/bigycb.cz\/bigy\/wp-json\/wp\/v2\/pages\/683","targetHints":{"allow":["GET"]}}],"collection":[{"href":"https:\/\/bigycb.cz\/bigy\/wp-json\/wp\/v2\/pages"}],"about":[{"href":"https:\/\/bigycb.cz\/bigy\/wp-json\/wp\/v2\/types\/page"}],"author":[{"embeddable":true,"href":"https:\/\/bigycb.cz\/bigy\/wp-json\/wp\/v2\/users\/1"}],"replies":[{"embeddable":true,"href":"https:\/\/bigycb.cz\/bigy\/wp-json\/wp\/v2\/comments?post=683"}],"version-history":[{"count":18,"href":"https:\/\/bigycb.cz\/bigy\/wp-json\/wp\/v2\/pages\/683\/revisions"}],"predecessor-version":[{"id":8222,"href":"https:\/\/bigycb.cz\/bigy\/wp-json\/wp\/v2\/pages\/683\/revisions\/8222"}],"up":[{"embeddable":true,"href":"https:\/\/bigycb.cz\/bigy\/wp-json\/wp\/v2\/pages\/681"}],"wp:attachment":[{"href":"https:\/\/bigycb.cz\/bigy\/wp-json\/wp\/v2\/media?parent=683"}],"curies":[{"name":"wp","href":"https:\/\/api.w.org\/{rel}","templated":true}]}}