{"id":681,"date":"2022-02-16T10:31:01","date_gmt":"2022-02-16T09:31:01","guid":{"rendered":"https:\/\/bigycb.cz\/demo\/?page_id=681"},"modified":"2022-04-01T23:24:59","modified_gmt":"2022-04-01T21:24:59","slug":"zazemi-skoly","status":"publish","type":"page","link":"https:\/\/bigycb.cz\/bigy\/o-skole\/zazemi-skoly\/","title":{"rendered":"Z\u00e1zem\u00ed \u0161koly"},"content":{"rendered":"<p>[vc_row][vc_column][vc_custom_heading text=&#8221;Z\u00e1zem\u00ed \u0161koly&#8221; font_container=&#8221;tag:h1|text_align:left&#8221; use_theme_fonts=&#8221;yes&#8221; css=&#8221;.vc_custom_1646289273102{margin-bottom: 20px !important;}&#8221;][\/vc_column][\/vc_row][vc_row][vc_column width=&#8221;1\/3&#8243;][vc_single_image image=&#8221;1068&#8243; img_size=&#8221;medium&#8221; style=&#8221;vc_box_border&#8221; onclick=&#8221;custom_link&#8221; link=&#8221;https:\/\/bigycb.cz\/bigy\/o-skole\/zazemi-skoly\/skolni-jidelna\/&#8221;][vc_custom_heading text=&#8221;\u0160koln\u00ed j\u00eddelna&#8221; font_container=&#8221;tag:h3|text_align:left&#8221; use_theme_fonts=&#8221;yes&#8221; css=&#8221;.vc_custom_1648848180500{margin-top: -10px !important;}&#8221; link=&#8221;url:https%3A%2F%2Fbigycb.cz%2Fbigy%2Fo-skole%2Fzazemi-skoly%2Fskolni-jidelna%2F|title:%C5%A0koln%C3%AD%20j%C3%ADdelna&#8221;][vc_column_text]\u0160koln\u00ed j\u00eddelna se nach\u00e1z\u00ed v budov\u011b domova ml\u00e1de\u017ee. Je spojena pr\u016fchodem se \u0161kolou, \u010d\u00edm\u017e je zaji\u0161t\u011bn bezprobl\u00e9mov\u00fd p\u0159\u00edstup pro studenty gymn\u00e1zia.[\/vc_column_text][\/vc_column][vc_column width=&#8221;1\/3&#8243;][vc_single_image image=&#8221;1072&#8243; img_size=&#8221;medium&#8221; style=&#8221;vc_box_border&#8221; onclick=&#8221;custom_link&#8221; link=&#8221;https:\/\/bigycb.cz\/bigy\/o-skole\/zazemi-skoly\/domov-mladeze\/&#8221;][vc_custom_heading text=&#8221;Domov ml\u00e1de\u017ee&#8221; font_container=&#8221;tag:h3|text_align:left&#8221; use_theme_fonts=&#8221;yes&#8221; css=&#8221;.vc_custom_1648848191790{margin-top: -10px !important;}&#8221; link=&#8221;url:https%3A%2F%2Fbigycb.cz%2Fbigy%2Fo-skole%2Fzazemi-skoly%2Fdomov-mladeze%2F|title:Domov%20ml%C3%A1de%C5%BEe&#8221;][vc_column_text]Domov ml\u00e1de\u017ee slou\u017e\u00ed k ubytov\u00e1n\u00ed student\u016f Biskupsk\u00e9ho gymn\u00e1zia, ale i jin\u00fdch st\u0159edn\u00edch a vysok\u00fdch \u0161kol.[\/vc_column_text][\/vc_column][vc_column width=&#8221;1\/3&#8243;][vc_single_image image=&#8221;1073&#8243; img_size=&#8221;medium&#8221; style=&#8221;vc_box_border&#8221; onclick=&#8221;custom_link&#8221; link=&#8221;https:\/\/bigycb.cz\/bigy\/o-skole\/zazemi-skoly\/studentsky-kostel\/&#8221;][vc_custom_heading text=&#8221;Studentsk\u00fd kostel&#8221; font_container=&#8221;tag:h3|text_align:left&#8221; use_theme_fonts=&#8221;yes&#8221; css=&#8221;.vc_custom_1648848204461{margin-top: -10px !important;}&#8221; link=&#8221;url:https%3A%2F%2Fbigycb.cz%2Fbigy%2Fo-skole%2Fzazemi-skoly%2Fstudentsky-kostel%2F|title:Studentsk%C3%BD%20kostel&#8221;][vc_column_text]Obnoven\u00fd kostel sv. Rodiny p\u016fvodn\u011b zkonfiskovan\u00fd komunistick\u00fdm re\u017eimem slou\u017e\u00ed nyn\u00ed nejen Biskupsk\u00e9mu gymn\u00e1ziu, ale i \u0161irok\u00e9 ve\u0159ejnosti.[\/vc_column_text][\/vc_column][\/vc_row]<\/p>\n","protected":false},"excerpt":{"rendered":"<p>[vc_row][vc_column][vc_custom_heading text=&#8221;Z\u00e1zem\u00ed \u0161koly&#8221; font_container=&#8221;tag:h1|text_align:left&#8221; use_theme_fonts=&#8221;yes&#8221; css=&#8221;.vc_custom_1646289273102{margin-bottom: 20px !important;}&#8221;][\/vc_column][\/vc_row][vc_row][vc_column width=&#8221;1\/3&#8243;][vc_single_image image=&#8221;1068&#8243; img_size=&#8221;medium&#8221; style=&#8221;vc_box_border&#8221; onclick=&#8221;custom_link&#8221; link=&#8221;https:\/\/bigycb.cz\/bigy\/o-skole\/zazemi-skoly\/skolni-jidelna\/&#8221;][vc_custom_heading text=&#8221;\u0160koln\u00ed j\u00eddelna&#8221; font_container=&#8221;tag:h3|text_align:left&#8221; use_theme_fonts=&#8221;yes&#8221; css=&#8221;.vc_custom_1648848180500{margin-top: -10px&nbsp;<a href=\"https:\/\/bigycb.cz\/bigy\/o-skole\/zazemi-skoly\/\">&hellip;<\/a><\/p>\n","protected":false},"author":1,"featured_media":0,"parent":494,"menu_order":0,"comment_status":"closed","ping_status":"closed","template":"template-sidebar-right-childpages.php","meta":{"footnotes":""},"class_list":["post-681","page","type-page","status-publish","hentry","odd"],"_links":{"self":[{"href":"https:\/\/bigycb.cz\/bigy\/wp-json\/wp\/v2\/pages\/681","targetHints":{"allow":["GET"]}}],"collection":[{"href":"https:\/\/bigycb.cz\/bigy\/wp-json\/wp\/v2\/pages"}],"about":[{"href":"https:\/\/bigycb.cz\/bigy\/wp-json\/wp\/v2\/types\/page"}],"author":[{"embeddable":true,"href":"https:\/\/bigycb.cz\/bigy\/wp-json\/wp\/v2\/users\/1"}],"replies":[{"embeddable":true,"href":"https:\/\/bigycb.cz\/bigy\/wp-json\/wp\/v2\/comments?post=681"}],"version-history":[{"count":13,"href":"https:\/\/bigycb.cz\/bigy\/wp-json\/wp\/v2\/pages\/681\/revisions"}],"predecessor-version":[{"id":1723,"href":"https:\/\/bigycb.cz\/bigy\/wp-json\/wp\/v2\/pages\/681\/revisions\/1723"}],"up":[{"embeddable":true,"href":"https:\/\/bigycb.cz\/bigy\/wp-json\/wp\/v2\/pages\/494"}],"wp:attachment":[{"href":"https:\/\/bigycb.cz\/bigy\/wp-json\/wp\/v2\/media?parent=681"}],"curies":[{"name":"wp","href":"https:\/\/api.w.org\/{rel}","templated":true}]}}