{"id":679,"date":"2022-02-16T10:30:41","date_gmt":"2022-02-16T09:30:41","guid":{"rendered":"https:\/\/bigycb.cz\/demo\/?page_id=679"},"modified":"2025-11-11T15:53:36","modified_gmt":"2025-11-11T14:53:36","slug":"historie-skoly","status":"publish","type":"page","link":"https:\/\/bigycb.cz\/bigy\/o-skole\/historie-skoly\/","title":{"rendered":"Historie \u0161koly"},"content":{"rendered":"<p>[vc_row][vc_column css=&#8221;.vc_custom_1490017810346{margin-bottom: 0px !important;}&#8221;][vc_custom_heading text=&#8221;Z historie na\u0161\u00ed \u0161koly&#8221; font_container=&#8221;tag:h1|text_align:left&#8221; use_theme_fonts=&#8221;yes&#8221; css=&#8221;.vc_custom_1762791778820{margin-top: 0px !important;margin-bottom: 20px !important;}&#8221;][\/vc_column][\/vc_row][vc_row][vc_column css=&#8221;.vc_custom_1490017810346{margin-bottom: 0px !important;}&#8221;][vc_column_text]Je v\u0161eobecn\u011b zn\u00e1mo, \u017ee na\u0161e gymn\u00e1zium zalo\u017eil \u010deskobud\u011bjovick\u00fd biskup Miloslav Vlk za vydatn\u00e9 pomoci tehdej\u0161\u00edho gener\u00e1ln\u00edho vik\u00e1\u0159e V\u00e1clava Dvo\u0159\u00e1ka.<\/p>\n<p>Prvn\u00ed \u017e\u00e1ky osmilet\u00e9ho studia p\u0159iv\u00edtala na\u0161e \u0161kola v\u00a0z\u00e1\u0159\u00ed roku 1990. Rozjezd to byl ve velk\u00e9m stylu, proto\u017ee gymn\u00e1zium otev\u0159elo a naplnilo hned \u010dty\u0159i t\u0159\u00eddy. \u0160kola ale nem\u011bla v\u00a0t\u00e9 dob\u011b vlastn\u00ed prostory a v\u00a0\u201ebytov\u00e9\u201c nouzi pomohl \u010deskobud\u011bjovick\u00fd magistr\u00e1t. Ten zap\u016fj\u010dil t\u0159\u00eddy v\u00a0Z\u00e1kladn\u00ed \u0161kole Nov\u00e1 a v Z\u00e1kladn\u00ed \u0161kole Such\u00e9 Vrbn\u00e9. Tehdej\u0161\u00ed \u0159editel gymn\u00e1zia Vojt\u011bch Janda tedy nem\u011bl sv\u00e9 \u201eove\u010dky\u201c pod jednou st\u0159echou. V\u00a0n\u00e1sleduj\u00edc\u00edm \u0161koln\u00edm roce ji\u017e gymn\u00e1zium vedl Zden\u011bk Dvo\u0159\u00e1k a \u0161kole p\u0159ibyly dal\u0161\u00ed dv\u011b nov\u00e9 t\u0159\u00eddy osmilet\u00e9ho studia a jedna t\u0159\u00edda \u010dty\u0159let\u00e9ho studia. Magistr\u00e1t m\u011bsta op\u011bt pomohl a tentokr\u00e1te uvolnil hned sedm t\u0159\u00edd, pro zm\u011bnu v Z\u0160 Ro\u017enov. Cel\u00e9 gymn\u00e1zium tedy \u010dekalo st\u011bhov\u00e1n\u00ed, ale v\u0161echny t\u0159\u00eddy byly alespo\u0148 pohromad\u011b. Jen\u017ee jen jeden rok. Ve \u0161koln\u00edm roce 1992\/93 se situace s\u00a0um\u00edst\u011bn\u00edm \u0161koly stala mimo\u0159\u00e1dn\u011b komplikovanou. P\u0159ibyly t\u0159i nov\u00e9 t\u0159\u00eddy, dv\u011b \u010desko-n\u011bmeck\u00e9 p\u011btilet\u00e9ho studia a jedna t\u0159\u00edda \u010dty\u0159let\u00e9ho studia. Kde gymn\u00e1zium v\u00a0tomto roce s\u00eddlilo? Z\u00a0dne\u0161n\u00edho pohledu je to a\u017e neuv\u011b\u0159iteln\u00e9. Pova\u017ete. Z\u016fstaly t\u0159\u00eddy v\u00a0Z\u0160 Ro\u017enov a nav\u00edc p\u0159ibyly u\u010debny v Dominik\u00e1nsk\u00e9m kl\u00e1\u0161te\u0159e (dne\u0161n\u00ed ZU\u0160), d\u00e1le \u0161kola vyu\u017e\u00edvala i budovu Kongregace brat\u0159\u00ed nejsv\u011bt\u011bj\u0161\u00ed Sv\u00e1tosti (dne\u0161n\u00ed Vysok\u00e1 \u0161kola evropsk\u00fdch a region\u00e1ln\u00edch studi\u00ed) a uvolnilo se druh\u00e9 patro na\u0161eho sou\u010dasn\u00e9ho gymn\u00e1zia. \u0160kola tedy m\u011bla celkem pobo\u010dky na \u010dty\u0159ech m\u00edstech v\u00a0r\u016fzn\u00fdch \u010d\u00e1stech m\u011bsta. Klobouk dol\u016f p\u0159ed panem \u0159editelem Dvo\u0159\u00e1kem a pedagogy, kte\u0159\u00ed museli p\u0159eb\u00edhat o p\u0159est\u00e1vk\u00e1ch mezi jednotliv\u00fdmi budovami. Pomalu se ale za\u010dal bl\u00ed\u017eil rok 1995 a za\u010dalo se bl\u00fdskat na lep\u0161\u00ed \u010dasy.<\/p>\n<p>Rok 1995 byl rokem zlomov\u00fdm v\u00a0historii na\u0161eho gymn\u00e1zia, proto\u017ee \u0161kola kone\u010dn\u011b z\u00edskala d\u016fstojnou budovu. Zaslou\u017eily se o to sest\u0159i\u010dky boromejky, kter\u00e9 ji \u0161kole darovaly. Sest\u0159i\u010dky, je\u0161t\u011b jednou d\u011bkujeme. Jak ji\u017e bylo v\u00a0minul\u00fdch d\u00edlech pops\u00e1no, prostory v\u00a0Jirs\u00edkov\u011b ulici d\u0159\u00edve slou\u017eily pro m\u011bstskou z\u00e1kladn\u00ed \u0161kolu, kter\u00e9 se od nepam\u011bti \u0159\u00edkalo sirot\u010dinec. Kone\u010dn\u011b byla cel\u00e1 \u0161kola pohromad\u011b a u\u010ditel\u00e9 nemuseli p\u0159ej\u00ed\u017ed\u011bt mezi jednotliv\u00fdmi \u010d\u00e1stmi \u0161koly.<\/p>\n<p>Z\u00edskan\u00e1 budova byla ov\u0161em ve \u0161patn\u00e9m stavu, prostory nespl\u0148ovaly hygienick\u00e9 standardy, a proto bylo nutn\u00e9 p\u0159ikro\u010dit k\u00a0radik\u00e1ln\u00ed rekonstrukci. Vybudovala se nov\u00e1 soci\u00e1ln\u00ed za\u0159\u00edzen\u00ed, t\u0159\u00eddy dostaly nov\u00e9 podlahy a opravily se elektrick\u00e9 rozvody. Sou\u010dasn\u011b s\u00a0t\u00edm se prov\u00e1d\u011bly i nezbytn\u00e9 \u00fapravy \u0161koln\u00ed j\u00eddelny a domova ml\u00e1de\u017ee. \u0160kola tak mohla nab\u00edzet v\u00fduku, stravov\u00e1n\u00ed i ubytov\u00e1n\u00ed v\u00a0jednom komplexu v\u00a0centru m\u011bsta. Gymn\u00e1zium ale st\u00e1le zvy\u0161ovalo svou kapacitu, a tak byly vytvo\u0159eny nov\u00e9 u\u010debny v\u00a0nevyu\u017eit\u00e9m podkrov\u00ed. Sou\u010d\u00e1st\u00ed t\u00e9to etapy bylo i vybudov\u00e1n\u00ed nov\u00e9 \u0161koln\u00ed kaple, kam byla symbolicky um\u00edst\u011bna kopie obrazu patronky na\u0161eho m\u011bsta Panny Marie Bud\u011bjovick\u00e9. \u0160kola t\u00edm z\u00edskala i pot\u0159ebn\u00fd prostor pro slavnostn\u00ed ud\u00e1losti.<\/p>\n<p>V\u00fdznamn\u00fdm rokem pro na\u0161e gymn\u00e1zium byl \u0161koln\u00ed rok 2002\/03, kdy byla \u0161kole ud\u011blena akreditace pro \u0161estilet\u00e9 studium. Za\u017e\u00e1dat o tuto formu studia bylo od minul\u00e9ho veden\u00ed \u0161koly t\u00e9m\u011b\u0159 vizion\u00e1\u0159sk\u00fd krok, proto\u017ee v\u00a0tomto sm\u011bru jsme z\u00edskali v\u00a0\u010cesk\u00fdch Bud\u011bjovic\u00edch exkluzivitu.<\/p>\n<p>O rok pozd\u011bji se povedlo ve spolupr\u00e1ci se \u0161pan\u011blsk\u00fdm velvyslanectv\u00edm otev\u0159\u00edt tzv. bilingvn\u00ed \u0161pan\u011blsk\u00e9 studium.<\/p>\n<p>Dal\u0161\u00edm zlomov\u00fdm krokem byl rok 2017, kdy d\u00edky opera\u010dn\u00edm program\u016fm IROP byly z\u00edsk\u00e1ny finan\u010dn\u00ed prost\u0159edky pro vyu\u017eit\u00ed podkrovn\u00edch prostor nad intern\u00e1tem. D\u00edky t\u00e9to dotaci bylo mo\u017en\u00e9 postavit dv\u011b modern\u00ed u\u010debny pro v\u00fdpo\u010detn\u00ed techniku, sklad chemik\u00e1li\u00ed, nov\u00e9 kabinety a \u0161kola se stala bezbari\u00e9rovou. Stinnou str\u00e1nkou t\u00e9to akce bylo to, \u017ee jsme p\u0159ipravili velk\u00e9 mno\u017estv\u00ed netop\u00fdr\u016f o jejich p\u0159irozen\u00e9 bydlen\u00ed. Do \u0161koln\u00edch chodeb se tak dostaly stovky t\u011bchto \u017eivo\u010dich\u016f a pracovn\u00edci zoologick\u00e9 zahrady z Hlubok\u00e9 u n\u00e1s prov\u00e1d\u011bli pravideln\u011b odchyt. Nakonec jsme v\u0161e zvl\u00e1dli a u\u010debny byly zkolaudov\u00e1ny a netop\u00fd\u0159i si na\u0161li nov\u00e9 bydli\u0161t\u011b.<\/p>\n<p>O rok pozd\u011bji za vydatn\u00e9 finan\u010dn\u00ed pomoci na\u0161eho z\u0159izovatele se poda\u0159ilo ve \u0161kole roz\u0161\u00ed\u0159it po\u010det u\u010deben o dal\u0161\u00ed t\u0159i, kter\u00e9 vznikly v\u00a0m\u00edstech tzv. \u0161kolnick\u00e9ho bytu. \u00dakolem ka\u017ed\u00e9 \u0161koly je nejenom mlad\u00e9 lidi vzd\u011bl\u00e1vat, ale tak\u00e9 jim nab\u00eddnout mo\u017enost smyslupln\u00e9ho tr\u00e1ven\u00ed voln\u00e9ho \u010dasu.<\/p>\n<p>V\u00a0roce 2019 se poda\u0159ilo zalo\u017eit D\u016fm d\u011bt\u00ed a ml\u00e1de\u017ee p\u0159i Biskupsk\u00e9m gymn\u00e1ziu. V\u00a0sou\u010dasn\u00e9 dob\u011b tak nab\u00edz\u00edme \u201ena\u0161im \u017e\u00e1k\u016fm\u201c na t\u0159icet r\u016fzn\u00fdch krou\u017ek\u016f a to zdarma. Od stejn\u00e9ho \u0161koln\u00edho roku si mohou studenti d\u011blat \u0159idi\u010dsk\u00e9 pr\u016fkazy na automobil v\u00a0na\u0161\u00ed vlastn\u00ed auto\u0161kole, a to za velmi v\u00fdhodn\u00fdch finan\u010dn\u00edch podm\u00ednek.<\/p>\n<p>V\u00fdznamn\u00fdm rokem pro biskupsk\u00e9 gymn\u00e1zium byl rok 2021, kdy byla zalo\u017eena vlastn\u00ed z\u00e1kladn\u00ed um\u011bleck\u00e1 \u0161kola. V\u00a0sou\u010dasn\u00e9 dob\u011b je kapacita ZU\u0160 180 \u017e\u00e1k\u016f a vyu\u010duj\u00ed se zde n\u00e1sleduj\u00edc\u00ed n\u00e1stroje: klav\u00edr, varhany, housle, klarinet, saxofon, fl\u00e9tny zobcov\u00e9 a p\u0159\u00ed\u010dn\u00e9 a kytara.<\/p>\n<p>Posledn\u00edm v\u00fdznamnou ud\u00e1lost\u00ed bylo z\u00edsk\u00e1n\u00ed akreditace pro nov\u00fd obor pedagogick\u00e9 lyceum. Ka\u017ed\u00fd rok od z\u00e1\u0159\u00ed 2026 je v\u00a0pl\u00e1nu otev\u00edrat dv\u011b t\u0159\u00eddy o celkov\u00e9 kapacit\u011b 48 \u017e\u00e1k\u016f v\u00a0ka\u017ed\u00e9m ro\u010dn\u00edku. Pedagogick\u00e9 lyceum bude s\u00eddlit v\u00a0prostor\u00e1ch Kongregace brat\u0159\u00ed Nejsv\u011bt\u011bj\u0161\u00ed Sv\u00e1tosti v\u00a0\u017di\u017ekov\u011b ulici. Tyto prostory se za\u010d\u00ednaj\u00ed rekonstruovat, \u010deho\u017e se ujal z\u0159izovatel na\u0161\u00ed organizace Biskupstv\u00ed \u010deskobud\u011bjovick\u00e9.[\/vc_column_text][\/vc_column][\/vc_row][vc_row][vc_column width=&#8221;1\/3&#8243;][vc_single_image image=&#8221;10675&#8243; img_size=&#8221;full&#8221; add_caption=&#8221;yes&#8221; onclick=&#8221;link_image&#8221;][\/vc_column][vc_column width=&#8221;1\/3&#8243;][vc_single_image image=&#8221;10676&#8243; img_size=&#8221;full&#8221; add_caption=&#8221;yes&#8221; onclick=&#8221;link_image&#8221;][\/vc_column][vc_column width=&#8221;1\/3&#8243;][vc_single_image image=&#8221;10677&#8243; img_size=&#8221;full&#8221; add_caption=&#8221;yes&#8221; onclick=&#8221;link_image&#8221;][\/vc_column][\/vc_row][vc_row disable_element=&#8221;yes&#8221; css=&#8221;.vc_custom_1648850003457{margin-top: 30px !important;}&#8221;][vc_column css=&#8221;.vc_custom_1491470665529{margin-bottom: 0px !important;padding-top: 0px !important;background-color: #ffffff !important;}&#8221;][vc_tta_tabs style=&#8221;flat&#8221; shape=&#8221;square&#8221; color=&#8221;blue&#8221; spacing=&#8221;2&#8243; active_section=&#8221;1&#8243; no_fill_content_area=&#8221;true&#8221; el_class=&#8221;wh-custom-tabs&#8221; css=&#8221;.vc_custom_1491470821956{margin-bottom: 0px !important;}&#8221;][vc_tta_section title=&#8221;Maturity&#8221; tab_id=&#8221;1487596796925-637e0a36-dabc&#8221;][vc_row_inner css=&#8221;.vc_custom_1487940391449{padding-top: 15px !important;}&#8221;][vc_column_inner width=&#8221;1\/2&#8243; css=&#8221;.vc_custom_1487850585695{margin-bottom: 0px !important;}&#8221;][vc_line_chart tooltips=&#8221;&#8221; x_values=&#8221;1983; 1987; 1991; 1998; 2001&#8243; values=&#8221;%5B%7B%22title%22%3A%22Students%22%2C%22y_values%22%3A%2210%3B%2015%3B%2020%3B%2025%3B%2027%22%2C%22color%22%3A%22violet%22%7D%2C%7B%22title%22%3A%22Alumni%22%2C%22y_values%22%3A%2225%3B%2018%3B%2016%3B%2017%3B%2020%3B%2025%3B%22%2C%22color%22%3A%22blue%22%7D%5D&#8221; animation=&#8221;easeOutBounce&#8221; css_animation=&#8221;bounceIn&#8221;][vc_round_chart stroke_width=&#8221;2&#8243; values=&#8221;%5B%7B%22title%22%3A%22One%22%2C%22value%22%3A%2260%22%2C%22color%22%3A%22sky%22%7D%2C%7B%22title%22%3A%22Two%22%2C%22value%22%3A%2240%22%2C%22color%22%3A%22orange%22%7D%5D&#8221;][\/vc_column_inner][vc_column_inner width=&#8221;1\/2&#8243; css=&#8221;.vc_custom_1487850582023{margin-bottom: 0px !important;}&#8221;]\n\t\t\t\t\t<div class=\"wh-theme-icon vc_custom_1487079174674  scp_theme_icon-a21b78d7248bbb9a7a0fd3a4b079a3e1\">\n\t\t\t\t<i class=\"icon-edclock-one\"><\/i>\n\t\t\t<\/div>\n\t\t\t\t[vc_custom_heading text=&#8221;Students Graduate Empowered&#8221; font_container=&#8221;tag:h6|font_size:14px|text_align:left|color:%23000000&#8243; use_theme_fonts=&#8221;yes&#8221; css=&#8221;.vc_custom_1487941272829{margin-bottom: 10px !important;padding-left: 18px !important;}&#8221;][vc_column_text css=&#8221;.vc_custom_1487079478710{padding-left: 18px !important;}&#8221;]<\/p>\n<p>It started out as a preschool with five students in a church located in the heart of Princeton. Growing rapidly, the school moved into a larger church.<\/p>\n<p>[\/vc_column_text]\n\t\t\t\t\t<div class=\"wh-theme-icon vc_custom_1487079174674  scp_theme_icon-a21b78d7248bbb9a7a0fd3a4b079a3e1\">\n\t\t\t\t<i class=\"icon-edclock-one\"><\/i>\n\t\t\t<\/div>\n\t\t\t\t[vc_custom_heading text=&#8221;Students are Prepared&#8221; font_container=&#8221;tag:h6|font_size:14px|text_align:left|color:%23000000&#8243; use_theme_fonts=&#8221;yes&#8221; css=&#8221;.vc_custom_1487941284197{margin-bottom: 10px !important;padding-left: 18px !important;}&#8221;][vc_column_text css=&#8221;.vc_custom_1487079478710{padding-left: 18px !important;}&#8221;]<\/p>\n<p>It started out as a preschool with five students in a church located in the heart of Princeton. Growing rapidly, the school moved into a larger church.<\/p>\n<p>[\/vc_column_text][\/vc_column_inner][\/vc_row_inner][\/vc_tta_section][vc_tta_section title=&#8221;Obory studia&#8221; tab_id=&#8221;1487598336060-a72ddeb1-8bcd&#8221;][vc_row_inner css=&#8221;.vc_custom_1487941187036{padding-top: 15px !important;}&#8221;][vc_column_inner width=&#8221;1\/2&#8243; css=&#8221;.vc_custom_1491470451324{margin-bottom: 0px !important;}&#8221;]\n\t\t\t\t\t<div class=\"wh-theme-icon vc_custom_1487079952092  scp_theme_icon-f86c8bb15c0ca9e9d160c152d6e05637\">\n\t\t\t\t<i class=\"icon-edclock-one\"><\/i>\n\t\t\t<\/div>\n\t\t\t\t[vc_custom_heading text=&#8221;National Association of Independent Schools&#8221; font_container=&#8221;tag:h6|font_size:14px|text_align:left|color:%23020202&#8243; use_theme_fonts=&#8221;yes&#8221; css=&#8221;.vc_custom_1487941100575{margin-top: 10px !important;margin-bottom: 10px !important;padding-left: 18px !important;}&#8221;]\n\t\t\t\t\t<div class=\"wh-theme-icon vc_custom_1487079952092  scp_theme_icon-f86c8bb15c0ca9e9d160c152d6e05637\">\n\t\t\t\t<i class=\"icon-edclock-one\"><\/i>\n\t\t\t<\/div>\n\t\t\t\t[vc_custom_heading text=&#8221;Association of the French Schools&#8221; font_container=&#8221;tag:h6|font_size:14px|text_align:left|color:%23020202&#8243; use_theme_fonts=&#8221;yes&#8221; css=&#8221;.vc_custom_1487941106835{margin-top: 10px !important;margin-bottom: 10px !important;padding-left: 18px !important;}&#8221;]\n\t\t\t\t\t<div class=\"wh-theme-icon vc_custom_1487079952092  scp_theme_icon-f86c8bb15c0ca9e9d160c152d6e05637\">\n\t\t\t\t<i class=\"icon-edclock-one\"><\/i>\n\t\t\t<\/div>\n\t\t\t\t[vc_custom_heading text=&#8221;New Jersey Association&#8221; font_container=&#8221;tag:h6|font_size:14px|text_align:left|color:%23020202&#8243; use_theme_fonts=&#8221;yes&#8221; css=&#8221;.vc_custom_1491470549632{margin-top: 10px !important;margin-bottom: 0px !important;padding-left: 18px !important;}&#8221;][\/vc_column_inner][vc_column_inner width=&#8221;1\/2&#8243; css=&#8221;.vc_custom_1491470616499{margin-bottom: 0px !important;}&#8221;]\n\t\t\t\t\t<div class=\"wh-theme-icon vc_custom_1487079952092  scp_theme_icon-f86c8bb15c0ca9e9d160c152d6e05637\">\n\t\t\t\t<i class=\"icon-edclock-one\"><\/i>\n\t\t\t<\/div>\n\t\t\t\t[vc_custom_heading text=&#8221;National Association of Independent Schools&#8221; font_container=&#8221;tag:h6|font_size:14px|text_align:left|color:%23020202&#8243; use_theme_fonts=&#8221;yes&#8221; css=&#8221;.vc_custom_1487941100575{margin-top: 10px !important;margin-bottom: 10px !important;padding-left: 18px !important;}&#8221;]\n\t\t\t\t\t<div class=\"wh-theme-icon vc_custom_1487079952092  scp_theme_icon-f86c8bb15c0ca9e9d160c152d6e05637\">\n\t\t\t\t<i class=\"icon-edclock-one\"><\/i>\n\t\t\t<\/div>\n\t\t\t\t[vc_custom_heading text=&#8221;Association of the French Schools&#8221; font_container=&#8221;tag:h6|font_size:14px|text_align:left|color:%23020202&#8243; use_theme_fonts=&#8221;yes&#8221; css=&#8221;.vc_custom_1487941106835{margin-top: 10px !important;margin-bottom: 10px !important;padding-left: 18px !important;}&#8221;]\n\t\t\t\t\t<div class=\"wh-theme-icon vc_custom_1487079952092  scp_theme_icon-f86c8bb15c0ca9e9d160c152d6e05637\">\n\t\t\t\t<i class=\"icon-edclock-one\"><\/i>\n\t\t\t<\/div>\n\t\t\t\t[vc_custom_heading text=&#8221;Association of the French Schools&#8221; font_container=&#8221;tag:h6|font_size:14px|text_align:left|color:%23020202&#8243; use_theme_fonts=&#8221;yes&#8221; css=&#8221;.vc_custom_1487941106835{margin-top: 10px !important;margin-bottom: 10px !important;padding-left: 18px !important;}&#8221;][\/vc_column_inner][\/vc_row_inner][\/vc_tta_section][vc_tta_section title=&#8221;\u0158editel\u00e9&#8221; tab_id=&#8221;1487598351544-a08c4956-1874&#8243;][vc_row_inner css=&#8221;.vc_custom_1488199011893{padding-top: 15px !important;}&#8221;][vc_column_inner css=&#8221;.vc_custom_1491470691025{margin-bottom: 0px !important;}&#8221;]\t\t<div class=\"vc_row scp-teachers \">\n\t\t\t\t\t\t<div class=\"teacher one third wh-padding\">\n\t\t\t\t<div class=\"inner-wrap\">\n\t\t\t\t\t<div class=\"thumbnail\">\n\t\t\t\t\t\t\t\t\t\t\t<\/div>\n\t\t\t\t\t<div class=\"item\">\n\t\t\t\t\t\t<h5 class=\"entry-title\"><a\n\t\t\t\t\t\t\t\thref=\"https:\/\/bigycb.cz\/bigy\/teachers\/lucie-sobotova\/\">Lucie Sobotov\u00e1<\/a>\n\t\t\t\t\t\t<\/h5>\n\t\t\t\t\t\t\t\t\t\t\t\t\t\t\t\t\t\t\t\t\t\t\t\t\t\t\t\t\t\t\t<div class=\"summary\">[vc_row][vc_column css=&#8221;.vc_custom_1490017810346{margin-bottom: 0px !important;}&#8221;][vc_custom_heading text=&#8221;Z historie na\u0161\u00ed \u0161koly&#8221; font_container=&#8221;tag:h1|text_align:left&#8221; use_theme_fonts=&#8221;yes&#8221; css=&#8221;.vc_custom_1762791778820{margin-top: 0px !important;margin-bottom: 20px !important;}&#8221;][\/vc_column][\/vc_row][vc_row][vc_column css=&#8221;.vc_custom_1490017810346{margin-bottom: 0px !important;}&#8221;][vc_column_text]Je v\u0161eobecn\u011b zn\u00e1mo,&nbsp;<a href=\"https:\/\/bigycb.cz\/bigy\/o-skole\/historie-skoly\/\">&hellip;<\/a><\/div>\n\t\t\t\t\t\t\n\t\t\t\t\t\t\t\t\t\t\t\t\t\t\t\t\t<\/div>\n\t\t\t\t<\/div>\n\t\t\t<\/div>\n\t\t\t\t\t<\/div>\n\t\t[\/vc_column_inner][\/vc_row_inner][\/vc_tta_section][\/vc_tta_tabs][\/vc_column][\/vc_row]<\/p>\n","protected":false},"excerpt":{"rendered":"<p>[vc_row][vc_column css=&#8221;.vc_custom_1490017810346{margin-bottom: 0px !important;}&#8221;][vc_custom_heading text=&#8221;Z historie na\u0161\u00ed \u0161koly&#8221; font_container=&#8221;tag:h1|text_align:left&#8221; use_theme_fonts=&#8221;yes&#8221; css=&#8221;.vc_custom_1762791778820{margin-top: 0px !important;margin-bottom: 20px !important;}&#8221;][\/vc_column][\/vc_row][vc_row][vc_column css=&#8221;.vc_custom_1490017810346{margin-bottom: 0px !important;}&#8221;][vc_column_text]Je v\u0161eobecn\u011b zn\u00e1mo,&nbsp;<a href=\"https:\/\/bigycb.cz\/bigy\/o-skole\/historie-skoly\/\">&hellip;<\/a><\/p>\n","protected":false},"author":1,"featured_media":0,"parent":494,"menu_order":0,"comment_status":"closed","ping_status":"closed","template":"template-sidebar-right-childpages.php","meta":{"footnotes":""},"class_list":["post-679","page","type-page","status-publish","hentry","odd"],"_links":{"self":[{"href":"https:\/\/bigycb.cz\/bigy\/wp-json\/wp\/v2\/pages\/679","targetHints":{"allow":["GET"]}}],"collection":[{"href":"https:\/\/bigycb.cz\/bigy\/wp-json\/wp\/v2\/pages"}],"about":[{"href":"https:\/\/bigycb.cz\/bigy\/wp-json\/wp\/v2\/types\/page"}],"author":[{"embeddable":true,"href":"https:\/\/bigycb.cz\/bigy\/wp-json\/wp\/v2\/users\/1"}],"replies":[{"embeddable":true,"href":"https:\/\/bigycb.cz\/bigy\/wp-json\/wp\/v2\/comments?post=679"}],"version-history":[{"count":11,"href":"https:\/\/bigycb.cz\/bigy\/wp-json\/wp\/v2\/pages\/679\/revisions"}],"predecessor-version":[{"id":10679,"href":"https:\/\/bigycb.cz\/bigy\/wp-json\/wp\/v2\/pages\/679\/revisions\/10679"}],"up":[{"embeddable":true,"href":"https:\/\/bigycb.cz\/bigy\/wp-json\/wp\/v2\/pages\/494"}],"wp:attachment":[{"href":"https:\/\/bigycb.cz\/bigy\/wp-json\/wp\/v2\/media?parent=679"}],"curies":[{"name":"wp","href":"https:\/\/api.w.org\/{rel}","templated":true}]}}