{"id":677,"date":"2022-02-16T10:29:50","date_gmt":"2022-02-16T09:29:50","guid":{"rendered":"https:\/\/bigycb.cz\/demo\/?page_id=677"},"modified":"2025-11-13T11:20:15","modified_gmt":"2025-11-13T10:20:15","slug":"skolska-rada","status":"publish","type":"page","link":"https:\/\/bigycb.cz\/bigy\/o-skole\/skolska-rada\/","title":{"rendered":"\u0160kolsk\u00e1 rada"},"content":{"rendered":"<h1>\u0160kolsk\u00e1 rada<\/h1>\n<p>\u0160kolsk\u00e1 rada je org\u00e1n \u0161koly umo\u017e\u0148uj\u00edc\u00ed z\u00e1konn\u00fdm z\u00e1stupc\u016fm nezletil\u00fdch \u017e\u00e1k\u016f, pedagogick\u00fdm pracovn\u00edk\u016fm \u0161koly, z\u0159izovateli a dal\u0161\u00edm osob\u00e1m pod\u00edlet se na spr\u00e1v\u011b \u0161koly.<\/p>\n<p>Dotazy, p\u0159ipom\u00ednky a n\u00e1m\u011bty m\u016f\u017eete pos\u00edlat na e-mail: <strong>skolskarada@bigy-cb.cz<\/strong><\/p>\n<p>\u0160kolsk\u00e1 rada p\u016fsob\u00ed ve slo\u017een\u00ed:<\/p>\n<p><strong>Z\u00e1stupce pedagogick\u00fdch pracovn\u00edk\u016f:<\/strong><\/p>\n<ul>\n<li>Mgr. Pavel Vondr\u00e1k<\/li>\n<li>Mgr. Ond\u0159ej Z\u00e1lesk\u00fd (p\u0159edseda)<\/li>\n<\/ul>\n<p><strong>Z\u00e1stupce zletil\u00fdch \u017e\u00e1k\u016f:<\/strong><\/p>\n<ul>\n<li>Terezie Pufferov\u00e1<\/li>\n<\/ul>\n<p><strong>Z\u00e1stupce z\u00e1konn\u00fdch z\u00e1stupc\u016f nezletil\u00fdch \u017e\u00e1k\u016f:<\/strong><\/p>\n<ul>\n<li>Doc. Ing. Jarmila Strakov\u00e1, Ph.D., MBA<\/li>\n<\/ul>\n<p><strong>Z\u00e1stupce z\u0159izovatele:<\/strong><\/p>\n<ul>\n<li>Mons. David Henzl<\/li>\n<li>Ing. Franti\u0161ek Mrosko<\/li>\n<\/ul>\n<hr \/>\n<h3>Dokumenty:<\/h3>\n<p><a class=\"file_button\" href=\"https:\/\/bigycb.cz\/bigy\/wp-content\/uploads\/jednaci_rad_skolske_rady.pdf\"><img loading=\"lazy\" decoding=\"async\" src=\"https:\/\/bigycb.cz\/bigy\/wp-content\/uploads\/icopdf-25x25.png\" alt=\"\" width=\"25\" height=\"25\" \/>Jednac\u00ed \u0159\u00e1d \u0161kolsk\u00e9 rady<\/a><\/p>\n<p><a class=\"file_button\" href=\"https:\/\/bigycb.cz\/bigy\/wp-content\/uploads\/volebni_rad_2023.pdf\"><img loading=\"lazy\" decoding=\"async\" src=\"https:\/\/bigycb.cz\/bigy\/wp-content\/uploads\/icopdf-25x25.png\" alt=\"\" width=\"25\" height=\"25\" \/>Volebn\u00ed \u0159\u00e1d pro volby \u010dlen\u016f \u0161kolsk\u00e9 rady<\/a><\/p>\n<p><a class=\"file_button\" href=\"https:\/\/bigycb.cz\/bigy\/wp-content\/uploads\/skolska_rada_dle_zakona.pdf\"><img loading=\"lazy\" decoding=\"async\" src=\"https:\/\/bigycb.cz\/bigy\/wp-content\/uploads\/icopdf-25x25.png\" alt=\"\" width=\"25\" height=\"25\" \/>P\u016fsobnost \u0161kolsk\u00e9 rady dle \u0161kolsk\u00e9ho z\u00e1kona<\/a><\/p>\n<h3>Z\u00e1pisy:<\/h3>\n<p><a class=\"file_button\" href=\"https:\/\/bigycb.cz\/bigy\/wp-content\/uploads\/zapis-2-2025.pdf\"><img loading=\"lazy\" decoding=\"async\" src=\"https:\/\/bigycb.cz\/bigy\/wp-content\/uploads\/icopdf-25x25.png\" alt=\"\" width=\"25\" height=\"25\" \/>Z\u00e1pis ze sch\u016fze 4. 11. 2025<\/a><\/p>\n<p><a class=\"file_button\" href=\"https:\/\/bigycb.cz\/bigy\/wp-content\/uploads\/zapis-3-2024.pdf\"><img loading=\"lazy\" decoding=\"async\" src=\"https:\/\/bigycb.cz\/bigy\/wp-content\/uploads\/icopdf-25x25.png\" alt=\"\" width=\"25\" height=\"25\" \/>Z\u00e1pis ze sch\u016fze 23. 10. 2024<\/a><\/p>\n<p><a class=\"file_button\" href=\"https:\/\/bigycb.cz\/bigy\/wp-content\/uploads\/zapis-2-2024.pdf\"><img loading=\"lazy\" decoding=\"async\" src=\"https:\/\/bigycb.cz\/bigy\/wp-content\/uploads\/icopdf-25x25.png\" alt=\"\" width=\"25\" height=\"25\" \/>Z\u00e1pis ze sch\u016fze 20. 6. 2024<\/a><\/p>\n<p><a class=\"file_button\" href=\"https:\/\/bigycb.cz\/bigy\/wp-content\/uploads\/zapis-4-2023.pdf\"><img loading=\"lazy\" decoding=\"async\" src=\"https:\/\/bigycb.cz\/bigy\/wp-content\/uploads\/icopdf-25x25.png\" alt=\"\" width=\"25\" height=\"25\" \/>Z\u00e1pis ze sch\u016fze 31. 1. 2024<\/a><\/p>\n<p><a class=\"file_button\" href=\"https:\/\/bigycb.cz\/bigy\/wp-content\/uploads\/zapis-3-2023.pdf\"><img loading=\"lazy\" decoding=\"async\" src=\"https:\/\/bigycb.cz\/bigy\/wp-content\/uploads\/icopdf-25x25.png\" alt=\"\" width=\"25\" height=\"25\" \/>Z\u00e1pis ze sch\u016fze 18. 12. 2023<\/a><\/p>\n<p><a class=\"file_button\" href=\"https:\/\/bigycb.cz\/bigy\/wp-content\/uploads\/zapis-2-2023.pdf\"><img loading=\"lazy\" decoding=\"async\" src=\"https:\/\/bigycb.cz\/bigy\/wp-content\/uploads\/icopdf-25x25.png\" alt=\"\" width=\"25\" height=\"25\" \/>Z\u00e1pis ze sch\u016fze 7. 6. 2023<\/a><\/p>\n<p><a class=\"file_button\" href=\"https:\/\/bigycb.cz\/bigy\/wp-content\/uploads\/zapis-1-2023.pdf\"><img loading=\"lazy\" decoding=\"async\" src=\"https:\/\/bigycb.cz\/bigy\/wp-content\/uploads\/icopdf-25x25.png\" alt=\"\" width=\"25\" height=\"25\" \/>Z\u00e1pis ze sch\u016fze 15. 2. 2023<\/a><\/p>\n<p><a class=\"file_button\" href=\"https:\/\/bigycb.cz\/bigy\/wp-content\/uploads\/zapis-3-2022.pdf\"><img loading=\"lazy\" decoding=\"async\" src=\"https:\/\/bigycb.cz\/bigy\/wp-content\/uploads\/icopdf-25x25.png\" alt=\"\" width=\"25\" height=\"25\" \/>Z\u00e1pis ze sch\u016fze 5. 10. 2022<\/a><\/p>\n<p><a class=\"file_button\" href=\"https:\/\/bigycb.cz\/bigy\/wp-content\/uploads\/zapis-2-2022.pdf\"><img loading=\"lazy\" decoding=\"async\" src=\"https:\/\/bigycb.cz\/bigy\/wp-content\/uploads\/icopdf-25x25.png\" alt=\"\" width=\"25\" height=\"25\" \/>Z\u00e1pis ze sch\u016fze 8. 6. 2022<\/a><\/p>\n<p><a class=\"file_button\" href=\"https:\/\/bigycb.cz\/bigy\/wp-content\/uploads\/zapis-1-2022.pdf\"><img loading=\"lazy\" decoding=\"async\" src=\"https:\/\/bigycb.cz\/bigy\/wp-content\/uploads\/icopdf-25x25.png\" alt=\"\" width=\"25\" height=\"25\" \/>Z\u00e1pis ze sch\u016fze 23. 2. 2022<\/a><\/p>\n","protected":false},"excerpt":{"rendered":"<p>\u0160kolsk\u00e1 rada \u0160kolsk\u00e1 rada je org\u00e1n \u0161koly umo\u017e\u0148uj\u00edc\u00ed z\u00e1konn\u00fdm z\u00e1stupc\u016fm nezletil\u00fdch \u017e\u00e1k\u016f, pedagogick\u00fdm pracovn\u00edk\u016fm \u0161koly, z\u0159izovateli a dal\u0161\u00edm osob\u00e1m pod\u00edlet&nbsp;<a href=\"https:\/\/bigycb.cz\/bigy\/o-skole\/skolska-rada\/\">&hellip;<\/a><\/p>\n","protected":false},"author":1,"featured_media":0,"parent":494,"menu_order":0,"comment_status":"closed","ping_status":"closed","template":"template-sidebar-right-childpages.php","meta":{"footnotes":""},"class_list":["post-677","page","type-page","status-publish","hentry","odd"],"_links":{"self":[{"href":"https:\/\/bigycb.cz\/bigy\/wp-json\/wp\/v2\/pages\/677","targetHints":{"allow":["GET"]}}],"collection":[{"href":"https:\/\/bigycb.cz\/bigy\/wp-json\/wp\/v2\/pages"}],"about":[{"href":"https:\/\/bigycb.cz\/bigy\/wp-json\/wp\/v2\/types\/page"}],"author":[{"embeddable":true,"href":"https:\/\/bigycb.cz\/bigy\/wp-json\/wp\/v2\/users\/1"}],"replies":[{"embeddable":true,"href":"https:\/\/bigycb.cz\/bigy\/wp-json\/wp\/v2\/comments?post=677"}],"version-history":[{"count":23,"href":"https:\/\/bigycb.cz\/bigy\/wp-json\/wp\/v2\/pages\/677\/revisions"}],"predecessor-version":[{"id":10693,"href":"https:\/\/bigycb.cz\/bigy\/wp-json\/wp\/v2\/pages\/677\/revisions\/10693"}],"up":[{"embeddable":true,"href":"https:\/\/bigycb.cz\/bigy\/wp-json\/wp\/v2\/pages\/494"}],"wp:attachment":[{"href":"https:\/\/bigycb.cz\/bigy\/wp-json\/wp\/v2\/media?parent=677"}],"curies":[{"name":"wp","href":"https:\/\/api.w.org\/{rel}","templated":true}]}}