{"id":672,"date":"2022-02-16T10:11:54","date_gmt":"2022-02-16T09:11:54","guid":{"rendered":"https:\/\/bigycb.cz\/demo\/?page_id=672"},"modified":"2024-09-20T08:35:36","modified_gmt":"2024-09-20T06:35:36","slug":"duchovni-zivot","status":"publish","type":"page","link":"https:\/\/bigycb.cz\/bigy\/o-skole\/duchovni-zivot\/","title":{"rendered":"Duchovn\u00ed \u017eivot"},"content":{"rendered":"<p>[vc_row][vc_column][vc_column_text]<\/p>\n<h1>Duchovn\u00ed \u017eivot<\/h1>\n<p>[\/vc_column_text][\/vc_column][\/vc_row][vc_row][vc_column][vc_custom_heading text=&#8221;Spiritu\u00e1l:&#8221; font_container=&#8221;tag:h3|text_align:left&#8221; use_theme_fonts=&#8221;yes&#8221;]\t\t<div class=\"wh-content-box vc_custom_1645611687798  scp_content_box-18c7a21b7b3a6c29914fd2fd73c49f76\">\n\t\t\t\t\t\t\t\t\t\t\t\t[vc_column_text css=&#8221;.vc_custom_1726814133447{padding-top: 10px !important;padding-right: 20px !important;padding-bottom: 20px !important;padding-left: 20px !important;background-color: #f9f9f9 !important;}&#8221;]<\/p>\n<h4>P. Jan Mike\u0161<img loading=\"lazy\" decoding=\"async\" class=\" wp-image-905 alignright\" src=\"https:\/\/bigycb.cz\/bigy\/wp-content\/uploads\/avatar_m-123x155.png\" alt=\"\" width=\"92\" height=\"116\" \/><\/h4>\n<ul>\n<li>\u010d. kabinetu: 208<\/li>\n<li><a href=\"mailto:mikes@bigy-cb.cz\">mikes@bigy-cb.cz<\/a><\/li>\n<li>konzultace: st\u0159eda od 8:00 do 11:00<\/li>\n<\/ul>\n<p>[\/vc_column_text]\t\t<\/div>\n\t\t[vc_column_text]<\/p>\n<ul>\n<li>nab\u00edz\u00ed pomocnou ruku v pot\u00ed\u017e\u00edch a \u017eivotn\u00edch hled\u00e1n\u00edch \u010di kriz\u00edch<\/li>\n<li>hled\u00e1n\u00ed odpov\u011bd\u00ed na ot\u00e1zky t\u00fdkaj\u00edc\u00ed se duchovn\u00edho \u017eivota a n\u00e1bo\u017eenstv\u00ed<\/li>\n<li>sv\u00e1tost sm\u00ed\u0159en\u00ed<\/li>\n<li>duchovn\u00ed rozhovor<\/li>\n<li>p\u0159\u00edpravu na k\u0159est a bi\u0159mov\u00e1n\u00ed<\/li>\n<\/ul>\n<blockquote><p>Chci b\u00fdt pro studenty t\u00edm, kdo je prov\u00e1z\u00ed na cest\u011b b\u011bhem studia. Kde m\u011b najdete? Kabinet spiritu\u00e1la je ve 2. pat\u0159e (\u010d. 208, vedle biologie).<\/p><\/blockquote>\n<p>[\/vc_column_text][\/vc_column][\/vc_row][vc_row][vc_column][vc_custom_heading text=&#8221;Pravideln\u00e9 programy:&#8221; font_container=&#8221;tag:h3|text_align:left&#8221; use_theme_fonts=&#8221;yes&#8221;][vc_toggle title=&#8221;St\u0159eda&#8221; color=&#8221;orange&#8221; css=&#8221;.vc_custom_1645546948988{background-color: #f9f9f9 !important;}&#8221;]<\/p>\n<ul>\n<li>Modlitba uprost\u0159ed t\u00fddne o velk\u00e9 p\u0159est\u00e1vce v 9:40 v kapli Bigy.<\/li>\n<li>P\u0159\u00edprava na sv\u00e1tosti ka\u017edou st\u0159edu od 17 h v kl\u00e1\u0161te\u0159e na piaristick\u00e9m n\u00e1m\u011bst\u00ed.<\/li>\n<li>Studentsk\u00e1 m\u0161e sv. v kl\u00e1\u0161tern\u00edm kostele v 18 h<\/li>\n<li>Studentsk\u00e1 st\u0159eda (spole\u010denstv\u00ed, setk\u00e1n\u00ed, pov\u00edd\u00e1n\u00ed, z\u00e1\u017eitky, hry, Cyklus teologie, sport, duchovn\u00ed rozhovory, \u010dajovna, \u201eBez vyt\u00e1\u010dek o k\u0159es\u0165anstv\u00ed\u201c atd.). V\u00edce informac\u00ed na\u00a0<a href=\"http:\/\/www.studentskestredy.cz\/\" target=\"_blank\" rel=\"noopener noreferrer\">www.studentskestredy.cz<\/a><\/li>\n<\/ul>\n<p>[\/vc_toggle][vc_toggle title=&#8221;\u010ctvrtek&#8221; color=&#8221;orange&#8221; css=&#8221;.vc_custom_1645598634864{background-color: #f9f9f9 !important;}&#8221;]Modlitba ve\u010dern\u00edch chval (ne\u0161por) od 17:30 v kostele sv. Rodiny, po nich adorace a mo\u017enost zti\u0161en\u00ed, duchovn\u00edch rozhovor\u016f \u010di sv\u00e1tosti sm\u00ed\u0159en\u00ed.[\/vc_toggle][vc_toggle title=&#8221;P\u00e1tek&#8221; color=&#8221;orange&#8221; css=&#8221;.vc_custom_1645598645500{background-color: #f9f9f9 !important;}&#8221;]Rann\u00ed \u0161koln\u00ed m\u0161e svat\u00e1 v 7:07 nejen pro studenty, za jednotliv\u00e9 t\u0159\u00eddy BiGy a r\u016fzn\u00e9 \u0161koly v \u010cB[\/vc_toggle][vc_column_text]Spiritu\u00e1l po\u0159\u00e1d\u00e1 t\u00e9\u017e dvoudenn\u00ed kurzy pro studenty jednotliv\u00fdch ro\u010dn\u00edk\u016f zam\u011b\u0159en\u00e9 na sebepozn\u00e1n\u00ed a sebep\u0159ijet\u00ed (Kdo jsem?), t\u00fdmovou spolupr\u00e1ci a vztahy v kolektivu (Kdo jsme?) a hled\u00e1n\u00ed m\u00edsta v \u017eivot\u011b (Kam pat\u0159\u00edm?).[\/vc_column_text][\/vc_column][\/vc_row][vc_row][vc_column][vc_btn title=&#8221;Instagram&#8221; color=&#8221;pink&#8221; i_icon_fontawesome=&#8221;fab fa-instagram&#8221; add_icon=&#8221;true&#8221; link=&#8221;url:https%3A%2F%2Fwww.instagram.com%2Fstudentskestredy%2F|target:_blank&#8221;][\/vc_column][\/vc_row]<\/p>\n","protected":false},"excerpt":{"rendered":"<p>[vc_row][vc_column][vc_column_text] Duchovn\u00ed \u017eivot [\/vc_column_text][\/vc_column][\/vc_row][vc_row][vc_column][vc_custom_heading text=&#8221;Spiritu\u00e1l:&#8221; font_container=&#8221;tag:h3|text_align:left&#8221; use_theme_fonts=&#8221;yes&#8221;][vc_column_text] nab\u00edz\u00ed pomocnou ruku v pot\u00ed\u017e\u00edch a \u017eivotn\u00edch hled\u00e1n\u00edch \u010di kriz\u00edch hled\u00e1n\u00ed odpov\u011bd\u00ed na&nbsp;<a href=\"https:\/\/bigycb.cz\/bigy\/o-skole\/duchovni-zivot\/\">&hellip;<\/a><\/p>\n","protected":false},"author":1,"featured_media":0,"parent":494,"menu_order":0,"comment_status":"closed","ping_status":"closed","template":"template-sidebar-right-childpages.php","meta":{"footnotes":""},"class_list":["post-672","page","type-page","status-publish","hentry","odd"],"_links":{"self":[{"href":"https:\/\/bigycb.cz\/bigy\/wp-json\/wp\/v2\/pages\/672","targetHints":{"allow":["GET"]}}],"collection":[{"href":"https:\/\/bigycb.cz\/bigy\/wp-json\/wp\/v2\/pages"}],"about":[{"href":"https:\/\/bigycb.cz\/bigy\/wp-json\/wp\/v2\/types\/page"}],"author":[{"embeddable":true,"href":"https:\/\/bigycb.cz\/bigy\/wp-json\/wp\/v2\/users\/1"}],"replies":[{"embeddable":true,"href":"https:\/\/bigycb.cz\/bigy\/wp-json\/wp\/v2\/comments?post=672"}],"version-history":[{"count":13,"href":"https:\/\/bigycb.cz\/bigy\/wp-json\/wp\/v2\/pages\/672\/revisions"}],"predecessor-version":[{"id":8225,"href":"https:\/\/bigycb.cz\/bigy\/wp-json\/wp\/v2\/pages\/672\/revisions\/8225"}],"up":[{"embeddable":true,"href":"https:\/\/bigycb.cz\/bigy\/wp-json\/wp\/v2\/pages\/494"}],"wp:attachment":[{"href":"https:\/\/bigycb.cz\/bigy\/wp-json\/wp\/v2\/media?parent=672"}],"curies":[{"name":"wp","href":"https:\/\/api.w.org\/{rel}","templated":true}]}}