{"id":6477,"date":"2024-03-05T10:49:51","date_gmt":"2024-03-05T09:49:51","guid":{"rendered":"https:\/\/bigycb.cz\/bigy\/?page_id=6477"},"modified":"2026-03-22T13:27:22","modified_gmt":"2026-03-22T12:27:22","slug":"zaklady-spolecenskych-ved","status":"publish","type":"page","link":"https:\/\/bigycb.cz\/bigy\/predmetove-komise\/zaklady-spolecenskych-ved\/","title":{"rendered":"Z\u00e1klady spole\u010densk\u00fdch v\u011bd"},"content":{"rendered":"<p>[vc_row][vc_column css=&#8221;.vc_custom_1490017614850{margin-bottom: 30px !important;}&#8221;][vc_custom_heading text=&#8221;Z\u00e1klady spole\u010densk\u00fdch v\u011bd&#8221; font_container=&#8221;tag:h1|text_align:left&#8221; use_theme_fonts=&#8221;yes&#8221; css=&#8221;.vc_custom_1708691755721{margin-top: 0px !important;margin-bottom: 20px !important;}&#8221;][\/vc_column][\/vc_row][vc_row css=&#8221;.vc_custom_1701531047147{background-color: #f2f2f2 !important;}&#8221;][vc_column width=&#8221;1\/2&#8243; css=&#8221;.vc_custom_1701859770904{margin-top: 0px !important;margin-right: 0px !important;margin-bottom: 0px !important;margin-left: 0px !important;padding-top: 0px !important;padding-right: 0px !important;padding-bottom: 0px !important;padding-left: 0px !important;}&#8221;]\n\t\t\t\t\t<div class=\"wh-theme-icon vc_custom_1699217723581  scp_theme_icon-0389e141ec2f1da1df14850ff1304d8f\">\n\t\t\t\t<i class=\"icon-edic_supervisor_account\"><\/i>\n\t\t\t<\/div>\n\t\t\t\t[vc_custom_heading text=&#8221;Vyu\u010duj\u00edc\u00ed&#8221; font_container=&#8221;tag:h4|text_align:left&#8221; use_theme_fonts=&#8221;yes&#8221; css=&#8221;.vc_custom_1699218683435{margin-bottom: 20px !important;padding-top: 10px !important;padding-left: 55px !important;}&#8221;][vc_column_text css=&#8221;.vc_custom_1774182434999{margin-bottom: 0px !important;padding-top: 0px !important;padding-right: 15px !important;padding-bottom: 0px !important;padding-left: 15px !important;}&#8221;]<\/p>\n<ul>\n<li><strong>Mgr. Ji\u0159\u00ed Heller (p\u0159edseda)<\/strong><\/li>\n<li>Mgr. Veronika Bla\u017eek I\u0148ov\u00e1, PhD.<\/li>\n<li>Ing. Martin Mar\u0161\u00edk, PhD.<\/li>\n<li>Mgr. Ji\u0159\u00ed \u0160est\u00e1k, PhD.<\/li>\n<li><span class=\"abcfslSpanMP1\">Mgr. <\/span><span class=\"abcfslSpanMP2\">David\u00a0<\/span><span class=\"abcfslSpanMP3\">Vesel\u00fd<\/span><\/li>\n<li>Mgr. Filip Volf<\/li>\n<\/ul>\n<p>[\/vc_column_text][vc_btn title=&#8221;Zobrazit kontakty \u00bb&#8221; style=&#8221;flat&#8221; shape=&#8221;square&#8221; color=&#8221;peacoc&#8221; size=&#8221;sm&#8221; align=&#8221;left&#8221; link=&#8221;url:https%3A%2F%2Fbigycb.cz%2Fbigy%2Fo-skole%2Fzamestnanci-skoly%2F%3Fstaff-category%3Ducitele&#8221; css=&#8221;.vc_custom_1708681070329{margin-top: 30px !important;margin-left: 25px !important;}&#8221;][\/vc_column][vc_column width=&#8221;1\/2&#8243; css=&#8221;.vc_custom_1701859666388{margin-bottom: 0px !important;padding-bottom: 0px !important;}&#8221; offset=&#8221;vc_col-sm-offset-0&#8243;][vc_single_image image=&#8221;7552&#8243; img_size=&#8221;full&#8221; alignment=&#8221;right&#8221; css=&#8221;.vc_custom_1716459638905{margin-bottom: 0px !important;padding-bottom: 0px !important;}&#8221;][\/vc_column][\/vc_row][vc_row css=&#8221;.vc_custom_1701531638223{margin-top: 35px !important;margin-bottom: 35px !important;}&#8221;][vc_column width=&#8221;1\/2&#8243;]\n\t\t\t\t\t<div class=\"wh-theme-icon vc_custom_1701531593973  scp_theme_icon-cdaeaa8bed73aa5874b9d289a0ab8a8d\">\n\t\t\t\t<i class=\"icon-edflask\"><\/i>\n\t\t\t<\/div>\n\t\t\t\t[vc_custom_heading text=&#8221;Charakteristika p\u0159edm\u011btu&#8221; font_container=&#8221;tag:h5|text_align:left|color:%23000000&#8243; use_theme_fonts=&#8221;yes&#8221; css=&#8221;.vc_custom_1699215631709{margin-bottom: 20px !important;padding-top: 10px !important;padding-left: 55px !important;}&#8221;][vc_column_text]V p\u0159edm\u011btu se studenti seznamuj\u00ed s jednotliv\u00fdmi spole\u010densk\u00fdmi v\u011bdami &#8211; od psychologie p\u0159es sociologii, pr\u00e1vo, politologii, mezin\u00e1rodn\u00ed vztahy, ekonomii, a\u017e po filozofii. Na za\u010d\u00e1tku studia tedy klademe d\u016fraz na individu\u00e1ln\u00ed rysy osobnosti \u010dlov\u011bka, na jeho sebepozn\u00e1v\u00e1n\u00ed a sebehodnocen\u00ed. \u010clov\u011bk ale nen\u00ed izolovan\u00fd ostrov, je sou\u010d\u00e1st\u00ed r\u016fzn\u00fdch soci\u00e1ln\u00edch vazeb. Ka\u017ed\u00fd z n\u00e1s se nav\u00edc pohybuje v ur\u010dit\u00e9m pr\u00e1vn\u00edm r\u00e1mci, ve vztahu ke st\u00e1tu vystupuje jako ob\u010dan, n\u00e1\u0161 st\u00e1t je zapojen do r\u016fzn\u00fdch mezin\u00e1rodn\u00edch vztah\u016f. Klademe d\u016fraz na rozvoj finan\u010dn\u00ed gramotnosti i pochopen\u00ed slo\u017eit\u00fdch vztah\u016f v sou\u010dasn\u00e9 spole\u010dnosti. V posledn\u00edm roce studia pak studenty vedeme k hlub\u0161\u00edmu pochopen\u00ed na\u0161eho sv\u011bta skrze filozofickou reflexi. V\u00fduka prob\u00edh\u00e1 formou projekt\u016f a diskuz\u00ed, p\u0159i kter\u00fdch studenti formuluj\u00ed sv\u00e9 n\u00e1zory a stanoviska. Ty pak mohou porov\u00e1vnat s ostatn\u00edmi spolu\u017e\u00e1ky. V pr\u016fb\u011bhu studia organizujeme r\u016fzn\u00e9 exkurze, kter\u00e9 slou\u017e\u00ed k propojen\u00ed v\u00fduky s prax\u00ed. C\u00edlem studia z\u00e1klad\u016f spole\u010densk\u00fdch v\u011bd je tak\u00e9 \u00fasp\u011b\u0161n\u00e1 p\u0159\u00edprava student\u016f na vysok\u00e9 \u0161koly, v p\u0159edmaturitn\u00edm a maturitn\u00edm ro\u010dn\u00edku studenti mohou absolvovat roz\u0161i\u0159uj\u00edc\u00ed semin\u00e1\u0159e, kde se zab\u00fdv\u00e1me jednotliv\u00fdmi t\u00e9maty hloub\u011bji, zejm\u00e9na z historick\u00e9 perspektivy.[\/vc_column_text][\/vc_column][vc_column width=&#8221;1\/2&#8243; css=&#8221;.vc_custom_1491471836694{margin-bottom: 0px !important;}&#8221;]\n\t\t\t\t\t<div class=\"wh-theme-icon vc_custom_1699215662014  scp_theme_icon-489ccd5d6db9029c39767ab7910ee91f\">\n\t\t\t\t<i class=\"icon-edtime\"><\/i>\n\t\t\t<\/div>\n\t\t\t\t[vc_custom_heading text=&#8221;\u010casov\u00e1 t\u00fddenn\u00ed dotace p\u0159edm\u011btu&#8221; font_container=&#8221;tag:h5|text_align:left|color:%23000000&#8243; use_theme_fonts=&#8221;yes&#8221; css=&#8221;.vc_custom_1709117327352{margin-bottom: 20px !important;padding-top: 10px !important;padding-left: 55px !important;}&#8221;][vc_tta_accordion shape=&#8221;square&#8221; color=&#8221;white&#8221; active_section=&#8221;&#8221; collapsible_all=&#8221;true&#8221;][vc_tta_section title=&#8221;Osmilet\u00e9 studium&#8221; tab_id=&#8221;1699217027004-c0215e8d-2aad&#8221;][vc_column_text]<\/p>\n<table>\n<tbody>\n<tr>\n<td width=\"63\"><strong>ro\u010d.<\/strong><\/td>\n<td width=\"68\">I.<\/td>\n<td width=\"68\">II.<\/td>\n<td width=\"68\">III.<\/td>\n<td width=\"68\">IV.<\/td>\n<td width=\"68\">V.<\/td>\n<td width=\"68\">VI.<\/td>\n<td width=\"68\">VII.<\/td>\n<td width=\"68\">VIII.<\/td>\n<\/tr>\n<tr>\n<td width=\"63\"><strong>hod.<\/strong><\/td>\n<td width=\"68\">1<\/td>\n<td width=\"68\">1<\/td>\n<td width=\"68\">1<\/td>\n<td width=\"68\">1<\/td>\n<td width=\"68\">1<\/td>\n<td width=\"68\">2<\/td>\n<td width=\"68\">2<\/td>\n<td width=\"68\">2<\/td>\n<\/tr>\n<\/tbody>\n<\/table>\n<p>[\/vc_column_text][\/vc_tta_section][vc_tta_section title=&#8221;\u0160estilet\u00e9 studium&#8221; tab_id=&#8221;1699217027021-fa992823-9822&#8243;][vc_column_text]<\/p>\n<table>\n<tbody>\n<tr>\n<td width=\"63\"><strong>ro\u010d.<\/strong><\/td>\n<td width=\"68\">I.<\/td>\n<td width=\"68\">II.<\/td>\n<td width=\"68\">III.<\/td>\n<td width=\"68\">IV.<\/td>\n<td width=\"68\">V.<\/td>\n<td width=\"68\">VI.<\/td>\n<\/tr>\n<tr>\n<td width=\"63\"><strong>hod.<\/strong><\/td>\n<td width=\"68\">1<\/td>\n<td width=\"68\">1<\/td>\n<td width=\"68\">1<\/td>\n<td width=\"68\">2<\/td>\n<td width=\"68\">2<\/td>\n<td width=\"68\">2<\/td>\n<\/tr>\n<\/tbody>\n<\/table>\n<p>[\/vc_column_text][\/vc_tta_section][vc_tta_section title=&#8221;\u0160estilet\u00e9 bilingvn\u00ed studium&#8221; tab_id=&#8221;1709117428141-d145c6c8-8be7&#8243;][vc_column_text]<\/p>\n<table>\n<tbody>\n<tr>\n<td width=\"63\"><strong>ro\u010d.<\/strong><\/td>\n<td width=\"68\">I.<\/td>\n<td width=\"68\">II.<\/td>\n<td width=\"68\">III.<\/td>\n<td width=\"68\">IV.<\/td>\n<td width=\"68\">V.<\/td>\n<td width=\"68\">VI.<\/td>\n<\/tr>\n<tr>\n<td width=\"63\"><strong>hod.<\/strong><\/td>\n<td width=\"68\">1<\/td>\n<td width=\"68\">1<\/td>\n<td width=\"68\">1<\/td>\n<td width=\"68\">2<\/td>\n<td width=\"68\">2<\/td>\n<td width=\"68\">1<\/td>\n<\/tr>\n<\/tbody>\n<\/table>\n<p>[\/vc_column_text][\/vc_tta_section][vc_tta_section title=&#8221;\u010cty\u0159let\u00e9 studium&#8221; tab_id=&#8221;1699217284386-919907dc-43e3&#8243;][vc_column_text]<\/p>\n<table>\n<tbody>\n<tr>\n<td width=\"63\"><strong>ro\u010d.<\/strong><\/td>\n<td width=\"68\">I.<\/td>\n<td width=\"68\">II.<\/td>\n<td width=\"68\">III.<\/td>\n<td width=\"68\">IV.<\/td>\n<\/tr>\n<tr>\n<td width=\"63\"><strong>hod.<\/strong><\/td>\n<td width=\"68\">1<\/td>\n<td width=\"68\">2<\/td>\n<td width=\"68\">2<\/td>\n<td width=\"68\">2<\/td>\n<\/tr>\n<\/tbody>\n<\/table>\n<p>[\/vc_column_text][\/vc_tta_section][\/vc_tta_accordion][vc_empty_space][vc_row_inner][vc_column_inner width=&#8221;1\/2&#8243;][vc_btn title=&#8221;Voliteln\u00fd semin\u00e1\u0159&#8221; style=&#8221;classic&#8221; shape=&#8221;square&#8221; align=&#8221;left&#8221; i_icon_fontawesome=&#8221;fas fa-caret-right&#8221; button_block=&#8221;true&#8221; add_icon=&#8221;true&#8221; link=&#8221;url:https%3A%2F%2Fbigycb.cz%2Fbigy%2Fstudenti-a-rodice%2Fvolitelne-seminare%2F%23szsv&#8221; css=&#8221;.vc_custom_1709291162756{margin-top: 0px !important;margin-left: 0px !important;}&#8221;][\/vc_column_inner][vc_column_inner width=&#8221;1\/2&#8243;][vc_btn title=&#8221;Maturitn\u00ed zkou\u0161ka&#8221; style=&#8221;classic&#8221; shape=&#8221;square&#8221; align=&#8221;left&#8221; i_icon_fontawesome=&#8221;fas fa-caret-right&#8221; button_block=&#8221;true&#8221; add_icon=&#8221;true&#8221; link=&#8221;url:https%3A%2F%2Fbigycb.cz%2Fbigy%2Fstudenti-a-rodice%2Fmaturitni-zkouska%2F|title:Maturitn%C3%AD%20zkou%C5%A1ka&#8221; css=&#8221;.vc_custom_1709291169265{margin-top: 0px !important;margin-left: 0px !important;}&#8221;][\/vc_column_inner][\/vc_row_inner][\/vc_column][\/vc_row][vc_row css=&#8221;.vc_custom_1488897097455{padding-top: 10px !important;}&#8221;][vc_column][vc_separator color=&#8221;white&#8221; border_width=&#8221;4&#8243; css=&#8221;.vc_custom_1699218140987{margin-bottom: 0px !important;}&#8221;][\/vc_column][\/vc_row][vc_row full_width=&#8221;stretch_row&#8221; css=&#8221;.vc_custom_1708689380532{background-color: #ededed !important;}&#8221;][vc_column css=&#8221;.vc_custom_1491470191130{margin-bottom: 0px !important;}&#8221;]\n\t\t\t\t\t<div class=\"wh-theme-icon vc_custom_1699218736388  scp_theme_icon-ad1c0f310d2ac00fa6e13d2e1d46b86d\">\n\t\t\t\t<i class=\"icon-edopen-book\"><\/i>\n\t\t\t<\/div>\n\t\t\t\t[vc_custom_heading text=&#8221;U\u010debnice, v\u00fdukov\u00e9 zdroje&#8221; font_container=&#8221;tag:h4|text_align:left&#8221; use_theme_fonts=&#8221;yes&#8221; css=&#8221;.vc_custom_1699217933988{margin-bottom: 20px !important;padding-top: 10px !important;padding-left: 55px !important;}&#8221;][vc_media_grid element_width=&#8221;2&#8243; gap=&#8221;10&#8243; item=&#8221;mediaGrid_SimpleOverlay&#8221; grid_id=&#8221;vc_gid:1774182417544-4c4f0742-e2d5-10&#8243; include=&#8221;7314,7315,7316,7317,7318,7319&#8243; css=&#8221;.vc_custom_1714472220665{padding: 15px !important;}&#8221;][\/vc_column][\/vc_row][vc_row css=&#8221;.vc_custom_1488897097455{padding-top: 10px !important;}&#8221;][vc_column css=&#8221;.vc_custom_1699219691642{padding: 20px !important;}&#8221;][vc_separator color=&#8221;white&#8221; border_width=&#8221;4&#8243; css=&#8221;.vc_custom_1699218140987{margin-bottom: 0px !important;}&#8221;][\/vc_column][\/vc_row][vc_row][vc_column width=&#8221;1\/2&#8243; css=&#8221;.vc_custom_1491470191130{margin-bottom: 0px !important;}&#8221;]\n\t\t\t\t\t<div class=\"wh-theme-icon vc_custom_1699219217176  scp_theme_icon-7d46c3c53898bc3e3c6e0067b81b72a4\">\n\t\t\t\t<i class=\"icon-edcup\"><\/i>\n\t\t\t<\/div>\n\t\t\t\t[vc_custom_heading text=&#8221;Projekty a sout\u011b\u017ee&#8221; font_container=&#8221;tag:h4|text_align:left&#8221; use_theme_fonts=&#8221;yes&#8221; css=&#8221;.vc_custom_1699219137756{margin-bottom: 20px !important;padding-top: 10px !important;padding-left: 55px !important;}&#8221;][vc_column_text]<strong>Projekty:<\/strong><\/p>\n<ul>\n<li>P\u0159\u00edb\u011bhy na\u0161ich soused\u016f &#8211; badatelsk\u00fd dokument\u00e1rn\u00ed projekt<\/li>\n<li>Jeden sv\u011bt &#8211; festival film\u016f o lidsk\u00fdch pr\u00e1vech<\/li>\n<li>Eutis &#8211; Rozhoduj o Evrop\u011b<\/li>\n<\/ul>\n<p><strong>Sout\u011b\u017ee:<\/strong><\/p>\n<ul>\n<li>St\u0159edo\u0161kolsk\u00e1 odborn\u00e1 \u010dinnost (SO\u010c) &#8211; sout\u011b\u017e student\u016f st\u0159edn\u00edch \u0161kol, na kter\u00e9 prezentuj\u00ed sv\u00e9 v\u011bdeck\u00e9 pr\u00e1ce<\/li>\n<li>Ekonomick\u00e1 olympi\u00e1da<\/li>\n<\/ul>\n<p>[\/vc_column_text][\/vc_column][vc_column width=&#8221;1\/2&#8243;]\n\t\t\t\t\t<div class=\"wh-theme-icon vc_custom_1699219452175  scp_theme_icon-74ec9114453c2a71fe77e48fa0050817\">\n\t\t\t\t<i class=\"icon-edforest\"><\/i>\n\t\t\t<\/div>\n\t\t\t\t[vc_custom_heading text=&#8221;Exkurze&#8221; font_container=&#8221;tag:h4|text_align:left&#8221; use_theme_fonts=&#8221;yes&#8221; css=&#8221;.vc_custom_1699219397656{margin-bottom: 20px !important;padding-top: 10px !important;padding-left: 55px !important;}&#8221;][vc_column_text]<\/p>\n<ul>\n<li>\u0158\u00edm &#8211; antick\u00fd, k\u0159es\u0165ansk\u00fd i sou\u010dasn\u00fd<\/li>\n<li>Poslaneck\u00e1 sn\u011bmovna a Sen\u00e1t Parlamentu \u010cR<\/li>\n<li>\u010cesk\u00e1 n\u00e1rodn\u00ed banka<\/li>\n<li>Psychiatrick\u00e1 nemocnice Bohnice, Neviditeln\u00e1 v\u00fdstava, n\u00e1v\u0161t\u011bva divadeln\u00edho p\u0159edstaven\u00ed<\/li>\n<\/ul>\n<p>[\/vc_column_text][\/vc_column][\/vc_row][vc_row full_width=&#8221;stretch_row_content&#8221;][vc_column][vc_separator border_width=&#8221;4&#8243; css=&#8221;.vc_custom_1699219561915{padding: 20px !important;}&#8221;][\/vc_column][\/vc_row][vc_row][vc_column][vc_column_text]<\/p>\n<h3>\u010cl\u00e1nky z kategorie Z\u00e1klady spole\u010densk\u00fdch v\u011bd<\/h3>\n<p>[\/vc_column_text][\/vc_column][\/vc_row][vc_row][vc_column][vc_basic_grid post_type=&#8221;post&#8221; max_items=&#8221;9&#8243; item=&#8221;basicGrid_ScaleInWithRotation&#8221; grid_id=&#8221;vc_gid:1774182417545-bc760abd-c13d-9&#8243; taxonomies=&#8221;55&#8243;][\/vc_column][\/vc_row]<\/p>\n","protected":false},"excerpt":{"rendered":"<p>[vc_row][vc_column css=&#8221;.vc_custom_1490017614850{margin-bottom: 30px !important;}&#8221;][vc_custom_heading text=&#8221;Z\u00e1klady spole\u010densk\u00fdch v\u011bd&#8221; font_container=&#8221;tag:h1|text_align:left&#8221; use_theme_fonts=&#8221;yes&#8221; css=&#8221;.vc_custom_1708691755721{margin-top: 0px !important;margin-bottom: 20px !important;}&#8221;][\/vc_column][\/vc_row][vc_row css=&#8221;.vc_custom_1701531047147{background-color: #f2f2f2 !important;}&#8221;][vc_column width=&#8221;1\/2&#8243; css=&#8221;.vc_custom_1701859770904{margin-top: 0px&nbsp;<a href=\"https:\/\/bigycb.cz\/bigy\/predmetove-komise\/zaklady-spolecenskych-ved\/\">&hellip;<\/a><\/p>\n","protected":false},"author":1,"featured_media":0,"parent":5796,"menu_order":0,"comment_status":"closed","ping_status":"closed","template":"template-sidebar-right-childpages.php","meta":{"footnotes":""},"class_list":["post-6477","page","type-page","status-publish","hentry","odd"],"_links":{"self":[{"href":"https:\/\/bigycb.cz\/bigy\/wp-json\/wp\/v2\/pages\/6477","targetHints":{"allow":["GET"]}}],"collection":[{"href":"https:\/\/bigycb.cz\/bigy\/wp-json\/wp\/v2\/pages"}],"about":[{"href":"https:\/\/bigycb.cz\/bigy\/wp-json\/wp\/v2\/types\/page"}],"author":[{"embeddable":true,"href":"https:\/\/bigycb.cz\/bigy\/wp-json\/wp\/v2\/users\/1"}],"replies":[{"embeddable":true,"href":"https:\/\/bigycb.cz\/bigy\/wp-json\/wp\/v2\/comments?post=6477"}],"version-history":[{"count":15,"href":"https:\/\/bigycb.cz\/bigy\/wp-json\/wp\/v2\/pages\/6477\/revisions"}],"predecessor-version":[{"id":11366,"href":"https:\/\/bigycb.cz\/bigy\/wp-json\/wp\/v2\/pages\/6477\/revisions\/11366"}],"up":[{"embeddable":true,"href":"https:\/\/bigycb.cz\/bigy\/wp-json\/wp\/v2\/pages\/5796"}],"wp:attachment":[{"href":"https:\/\/bigycb.cz\/bigy\/wp-json\/wp\/v2\/media?parent=6477"}],"curies":[{"name":"wp","href":"https:\/\/api.w.org\/{rel}","templated":true}]}}