{"id":647,"date":"2022-02-16T08:13:53","date_gmt":"2022-02-16T07:13:53","guid":{"rendered":"https:\/\/bigycb.cz\/demo\/?page_id=647"},"modified":"2026-04-13T15:01:20","modified_gmt":"2026-04-13T13:01:20","slug":"dulezite-dokumenty","status":"publish","type":"page","link":"https:\/\/bigycb.cz\/bigy\/o-skole\/dulezite-dokumenty\/","title":{"rendered":"D\u016fle\u017eit\u00e9 dokumenty"},"content":{"rendered":"<h1>D\u016fle\u017eit\u00e9 dokumenty<\/h1>\n<p><a class=\"file_button\" href=\"https:\/\/bigycb.cz\/bigy\/wp-content\/uploads\/skolni_a_klasifikacni_rad_1_9_2025.pdf\" target=\"_blank\" rel=\"noopener\"><img loading=\"lazy\" decoding=\"async\" src=\"https:\/\/bigycb.cz\/bigy\/wp-content\/uploads\/icopdf-25x25.png\" alt=\"\" width=\"25\" height=\"25\" \/>\u0160koln\u00ed a klasifika\u010dn\u00ed \u0159\u00e1d (od 1. 9. 2025)<\/a><\/p>\n<hr \/>\n<h3>Vzory formul\u00e1\u0159\u016f<\/h3>\n<p><a class=\"file_button\" href=\"https:\/\/bigycb.cz\/bigy\/wp-content\/uploads\/zadost_o_zruseni_komis_zk.pdf\" target=\"_blank\" rel=\"noopener\"><img loading=\"lazy\" decoding=\"async\" src=\"https:\/\/bigycb.cz\/bigy\/wp-content\/uploads\/icopdf-25x25.png\" alt=\"\" width=\"25\" height=\"25\" \/>\u017d\u00e1dost o zru\u0161en\u00ed komision\u00e1ln\u00ed zkou\u0161ky<\/a><\/p>\n<p><a class=\"file_button\" href=\"https:\/\/bigycb.cz\/bigy\/wp-content\/uploads\/zadost_o_uvolneni_z_vyucovani.pdf\" target=\"_blank\" rel=\"noopener\"><img loading=\"lazy\" decoding=\"async\" src=\"https:\/\/bigycb.cz\/bigy\/wp-content\/uploads\/icopdf-25x25.png\" alt=\"\" width=\"25\" height=\"25\" \/>\u017d\u00e1dost o uvoln\u011bn\u00ed z vyu\u010dov\u00e1n\u00ed<\/a><\/p>\n<p><a class=\"file_button\" href=\"https:\/\/bigycb.cz\/bigy\/wp-content\/uploads\/zadost_o_prestup_2025.pdf\" target=\"_blank\" rel=\"noopener\"><img loading=\"lazy\" decoding=\"async\" src=\"https:\/\/bigycb.cz\/bigy\/wp-content\/uploads\/icopdf-25x25.png\" alt=\"\" width=\"25\" height=\"25\" \/>\u017d\u00e1dost o p\u0159estup<\/a><\/p>\n<p><a class=\"file_button\" href=\"https:\/\/bigycb.cz\/bigy\/wp-content\/uploads\/darovaci_smlouva_bigy25.pdf\" target=\"_blank\" rel=\"noopener\"><img loading=\"lazy\" decoding=\"async\" src=\"https:\/\/bigycb.cz\/bigy\/wp-content\/uploads\/icopdf-25x25.png\" alt=\"\" width=\"25\" height=\"25\" \/>Darovac\u00ed smlouva<\/a><\/p>\n<p><a class=\"file_button\" href=\"https:\/\/bigycb.cz\/bigy\/wp-content\/uploads\/darovaci_smlouva_bigy25.docx\" target=\"_blank\" rel=\"noopener\"><img loading=\"lazy\" decoding=\"async\" src=\"https:\/\/bigycb.cz\/bigy\/wp-content\/uploads\/icodoc-25x25.png\" alt=\"\" width=\"25\" height=\"25\" \/>Darovac\u00ed smlouva<\/a><\/p>\n<p><a class=\"file_button\" href=\"https:\/\/bigycb.cz\/bigy\/wp-content\/uploads\/zadost_o_duplikat.pdf\" target=\"_blank\" rel=\"noopener\"><img loading=\"lazy\" decoding=\"async\" src=\"https:\/\/bigycb.cz\/bigy\/wp-content\/uploads\/icopdf-25x25.png\" alt=\"\" width=\"25\" height=\"25\" \/>\u017d\u00e1dost o vyhotoven\u00ed duplik\u00e1tu vysv\u011bd\u010den\u00ed<\/a><\/p>\n<p><a class=\"file_button\" href=\"https:\/\/bigycb.cz\/bigy\/wp-content\/uploads\/zadost_o_duplikat.doc\" target=\"_blank\" rel=\"noopener\"><img loading=\"lazy\" decoding=\"async\" src=\"https:\/\/bigycb.cz\/bigy\/wp-content\/uploads\/icodoc-25x25.png\" alt=\"\" width=\"25\" height=\"25\" \/>\u017d\u00e1dost o vyhotoven\u00ed duplik\u00e1tu vysv\u011bd\u010den\u00ed<\/a><\/p>\n<hr \/>\n<h3>\u0160koln\u00ed vzd\u011bl\u00e1vac\u00ed programy<\/h3>\n<p><a class=\"file_button\" href=\"https:\/\/bigycb.cz\/bigy\/wp-content\/uploads\/SVP_4L_2023.pdf\" target=\"_blank\" rel=\"noopener\"><img loading=\"lazy\" decoding=\"async\" src=\"https:\/\/bigycb.cz\/bigy\/wp-content\/uploads\/icopdf-25x25.png\" alt=\"\" width=\"25\" height=\"25\" \/>\u010cty\u0159let\u00e9 studium a vy\u0161\u0161\u00ed stupe\u0148 \u0161estilet\u00e9ho a osmilet\u00e9ho studia<\/a><\/p>\n<p>\u0160VP \u010dty\u0159let\u00e9ho studia pro ro\u010dn\u00edk s n\u00e1stupem ve \u0161k. r. 2022\/23 je k nahl\u00e9dnut\u00ed na sekretari\u00e1tu \u0161koly.<\/p>\n<p><a class=\"file_button\" href=\"https:\/\/bigycb.cz\/bigy\/wp-content\/uploads\/SVP_6L_23.pdf\" target=\"_blank\" rel=\"noopener\"><img loading=\"lazy\" decoding=\"async\" src=\"https:\/\/bigycb.cz\/bigy\/wp-content\/uploads\/icopdf-25x25.png\" alt=\"\" width=\"25\" height=\"25\" \/>\u0160estilet\u00e9 studium (ni\u017e\u0161\u00ed stupe\u0148)<\/a><\/p>\n<p><a class=\"file_button\" href=\"https:\/\/bigycb.cz\/bigy\/wp-content\/uploads\/SVP_6LB_25.pdf\" target=\"_blank\" rel=\"noopener\"><img loading=\"lazy\" decoding=\"async\" src=\"https:\/\/bigycb.cz\/bigy\/wp-content\/uploads\/icopdf-25x25.png\" alt=\"\" width=\"25\" height=\"25\" \/>\u0160estilet\u00e9 bilingvn\u00ed studium<\/a><\/p>\n<p>\u0160VP bilingvn\u00edho studia s n\u00e1stupem ve \u0161k. r. 2021\/22 je k nahl\u00e9dnut\u00ed na sekretari\u00e1tu \u0161koly.<\/p>\n<p><a class=\"file_button\" href=\"https:\/\/bigycb.cz\/bigy\/wp-content\/uploads\/SVP_8L_23_final.pdf\" target=\"_blank\" rel=\"noopener\"><img loading=\"lazy\" decoding=\"async\" src=\"https:\/\/bigycb.cz\/bigy\/wp-content\/uploads\/icopdf-25x25.png\" alt=\"\" width=\"25\" height=\"25\" \/>Osmilet\u00e9 studium (ni\u017e\u0161\u00ed stupe\u0148)<\/a><\/p>\n<hr id=\"ucebni_plany\" \/>\n<h3>U\u010debn\u00ed pl\u00e1ny studijn\u00edch obor\u016f<\/h3>\n<p><a class=\"file_button\" href=\"https:\/\/bigycb.cz\/bigy\/wp-content\/uploads\/ucebni_plany_4L_final.pdf\" target=\"_blank\" rel=\"noopener\"><img loading=\"lazy\" decoding=\"async\" src=\"https:\/\/bigycb.cz\/bigy\/wp-content\/uploads\/icopdf-25x25.png\" alt=\"\" width=\"25\" height=\"25\" \/>\u010cty\u0159let\u00e9 studium<\/a><\/p>\n<p><a class=\"file_button\" href=\"https:\/\/bigycb.cz\/bigy\/wp-content\/uploads\/ucebni_plany_6L_final.pdf\" target=\"_blank\" rel=\"noopener\"><img loading=\"lazy\" decoding=\"async\" src=\"https:\/\/bigycb.cz\/bigy\/wp-content\/uploads\/icopdf-25x25.png\" alt=\"\" width=\"25\" height=\"25\" \/>\u0160estilet\u00e9 studium<\/a><\/p>\n<p><a class=\"file_button\" href=\"https:\/\/bigycb.cz\/bigy\/wp-content\/uploads\/ucebni_plany_6LB_final.pdf\" target=\"_blank\" rel=\"noopener\"><img loading=\"lazy\" decoding=\"async\" src=\"https:\/\/bigycb.cz\/bigy\/wp-content\/uploads\/icopdf-25x25.png\" alt=\"\" width=\"25\" height=\"25\" \/>\u0160estilet\u00e9 bilingvn\u00ed studium<\/a><\/p>\n<p><a class=\"file_button\" href=\"https:\/\/bigycb.cz\/bigy\/wp-content\/uploads\/ucebni_plany_8L_final.pdf\" target=\"_blank\" rel=\"noopener\"><img loading=\"lazy\" decoding=\"async\" src=\"https:\/\/bigycb.cz\/bigy\/wp-content\/uploads\/icopdf-25x25.png\" alt=\"\" width=\"25\" height=\"25\" \/>Osmilet\u00e9 studium<\/a><\/p>\n<hr \/>\n<h3>Osobn\u00ed \u00fadaje<\/h3>\n<p><a class=\"file_button\" href=\"https:\/\/bigycb.cz\/bigy\/wp-content\/uploads\/informacni_povinnost_25_26.pdf\"><img loading=\"lazy\" decoding=\"async\" src=\"https:\/\/bigycb.cz\/bigy\/wp-content\/uploads\/icopdf-25x25.png\" alt=\"\" width=\"25\" height=\"25\" \/>Informa\u010dn\u00ed povinnost ke zpracov\u00e1n\u00ed osobn\u00edch \u00fadaj\u016f<\/a><\/p>\n<p><a class=\"file_button\" href=\"https:\/\/bigycb.cz\/bigy\/wp-content\/uploads\/info_o_zprac_osob_udaju_3_2026.pdf\" target=\"_blank\" rel=\"noopener\"><img loading=\"lazy\" decoding=\"async\" src=\"https:\/\/bigycb.cz\/bigy\/wp-content\/uploads\/icopdf-25x25.png\" alt=\"\" width=\"25\" height=\"25\" \/>Informace o zpracov\u00e1n\u00ed osobn\u00edch \u00fadaj\u016f<\/a><\/p>\n<hr \/>\n<h3>V\u00fdro\u010dn\u00ed zpr\u00e1vy<\/h3>\n<p><a class=\"file_button\" href=\"https:\/\/bigycb.cz\/bigy\/wp-content\/uploads\/BIGY_vyrocni_zprava_2025.pdf\" target=\"_blank\" rel=\"noopener\"><img loading=\"lazy\" decoding=\"async\" src=\"https:\/\/bigycb.cz\/bigy\/wp-content\/uploads\/icopdf-25x25.png\" alt=\"\" width=\"25\" height=\"25\" \/>V\u00fdro\u010dn\u00ed zpr\u00e1va za \u0161k. r. 2024\/2025<\/a><\/p>\n<p><a class=\"file_button\" href=\"https:\/\/bigycb.cz\/bigy\/wp-content\/uploads\/vyrocni_zprava_2024_prilohy.zip\" target=\"_blank\" rel=\"noopener\"><img loading=\"lazy\" decoding=\"async\" src=\"https:\/\/bigycb.cz\/bigy\/wp-content\/uploads\/icozip-25x25.png\" alt=\"\" width=\"25\" height=\"25\" \/>V\u00fdro\u010dn\u00ed zpr\u00e1va za \u0161k. r. 2023\/2024<\/a><\/p>\n<p><a class=\"file_button\" href=\"https:\/\/bigycb.cz\/bigy\/wp-content\/uploads\/vyrocni_zprava_2023_prilohy_final.zip\" target=\"_blank\" rel=\"noopener\"><img loading=\"lazy\" decoding=\"async\" src=\"https:\/\/bigycb.cz\/bigy\/wp-content\/uploads\/icozip-25x25.png\" alt=\"\" width=\"25\" height=\"25\" \/>V\u00fdro\u010dn\u00ed zpr\u00e1va za \u0161k. r. 2022\/2023<\/a><\/p>\n<p><a class=\"file_button\" href=\"https:\/\/bigycb.cz\/bigy\/wp-content\/uploads\/vyrocni_zprava_21_22.pdf\" target=\"_blank\" rel=\"noopener\"><img loading=\"lazy\" decoding=\"async\" src=\"https:\/\/bigycb.cz\/bigy\/wp-content\/uploads\/icopdf-25x25.png\" alt=\"\" width=\"25\" height=\"25\" \/>V\u00fdro\u010dn\u00ed zpr\u00e1va za \u0161k. r. 2021\/2022<\/a><\/p>\n<p><a class=\"file_button\" href=\"https:\/\/bigycb.cz\/bigy\/wp-content\/uploads\/vyrocni_zprava_20_21.pdf\" target=\"_blank\" rel=\"noopener\"><img loading=\"lazy\" decoding=\"async\" src=\"https:\/\/bigycb.cz\/bigy\/wp-content\/uploads\/icopdf-25x25.png\" alt=\"\" width=\"25\" height=\"25\" \/>V\u00fdro\u010dn\u00ed zpr\u00e1va za \u0161k. r. 2020\/2021<\/a><\/p>\n<p><a class=\"file_button\" href=\"https:\/\/bigycb.cz\/bigy\/wp-content\/uploads\/vyrocni_zprava_2019_2020.pdf\" target=\"_blank\" rel=\"noopener\"><img loading=\"lazy\" decoding=\"async\" src=\"https:\/\/bigycb.cz\/bigy\/wp-content\/uploads\/icopdf-25x25.png\" alt=\"\" width=\"25\" height=\"25\" \/>V\u00fdro\u010dn\u00ed zpr\u00e1va za \u0161k. r. 2019\/2020<\/a><\/p>\n<p><a class=\"file_button\" href=\"https:\/\/bigycb.cz\/bigy\/wp-content\/uploads\/vyrocni_zprava_2018_2019.pdf\" target=\"_blank\" rel=\"noopener\"><img loading=\"lazy\" decoding=\"async\" src=\"https:\/\/bigycb.cz\/bigy\/wp-content\/uploads\/icopdf-25x25.png\" alt=\"\" width=\"25\" height=\"25\" \/>V\u00fdro\u010dn\u00ed zpr\u00e1va za \u0161k. r. 2018\/2019<\/a><\/p>\n<hr \/>\n<h3>Inspek\u010dn\u00ed zpr\u00e1vy<\/h3>\n<p><a class=\"file_button\" href=\"https:\/\/bigycb.cz\/bigy\/wp-content\/uploads\/inspekcni_zprava_12_2022.pdf\" target=\"_blank\" rel=\"noopener\"><img loading=\"lazy\" decoding=\"async\" src=\"https:\/\/bigycb.cz\/bigy\/wp-content\/uploads\/icopdf-25x25.png\" alt=\"\" width=\"25\" height=\"25\" \/>Inspek\u010dn\u00ed zpr\u00e1va (prosinec 2022)<\/a><\/p>\n<p><a class=\"file_button\" href=\"https:\/\/bigycb.cz\/bigy\/wp-content\/uploads\/protokol_o_kontrole_12_2022.pdf\" target=\"_blank\" rel=\"noopener\"><img loading=\"lazy\" decoding=\"async\" src=\"https:\/\/bigycb.cz\/bigy\/wp-content\/uploads\/icopdf-25x25.png\" alt=\"\" width=\"25\" height=\"25\" \/>Protokol o kontrole (prosinec 2022)<\/a><\/p>\n","protected":false},"excerpt":{"rendered":"<p>D\u016fle\u017eit\u00e9 dokumenty \u0160koln\u00ed a klasifika\u010dn\u00ed \u0159\u00e1d (od 1. 9. 2025) Vzory formul\u00e1\u0159\u016f \u017d\u00e1dost o zru\u0161en\u00ed komision\u00e1ln\u00ed zkou\u0161ky \u017d\u00e1dost o uvoln\u011bn\u00ed&nbsp;<a href=\"https:\/\/bigycb.cz\/bigy\/o-skole\/dulezite-dokumenty\/\">&hellip;<\/a><\/p>\n","protected":false},"author":1,"featured_media":0,"parent":494,"menu_order":0,"comment_status":"closed","ping_status":"closed","template":"template-sidebar-right-childpages.php","meta":{"footnotes":""},"class_list":["post-647","page","type-page","status-publish","hentry","odd"],"_links":{"self":[{"href":"https:\/\/bigycb.cz\/bigy\/wp-json\/wp\/v2\/pages\/647","targetHints":{"allow":["GET"]}}],"collection":[{"href":"https:\/\/bigycb.cz\/bigy\/wp-json\/wp\/v2\/pages"}],"about":[{"href":"https:\/\/bigycb.cz\/bigy\/wp-json\/wp\/v2\/types\/page"}],"author":[{"embeddable":true,"href":"https:\/\/bigycb.cz\/bigy\/wp-json\/wp\/v2\/users\/1"}],"replies":[{"embeddable":true,"href":"https:\/\/bigycb.cz\/bigy\/wp-json\/wp\/v2\/comments?post=647"}],"version-history":[{"count":72,"href":"https:\/\/bigycb.cz\/bigy\/wp-json\/wp\/v2\/pages\/647\/revisions"}],"predecessor-version":[{"id":11555,"href":"https:\/\/bigycb.cz\/bigy\/wp-json\/wp\/v2\/pages\/647\/revisions\/11555"}],"up":[{"embeddable":true,"href":"https:\/\/bigycb.cz\/bigy\/wp-json\/wp\/v2\/pages\/494"}],"wp:attachment":[{"href":"https:\/\/bigycb.cz\/bigy\/wp-json\/wp\/v2\/media?parent=647"}],"curies":[{"name":"wp","href":"https:\/\/api.w.org\/{rel}","templated":true}]}}