{"id":6467,"date":"2024-03-05T10:38:59","date_gmt":"2024-03-05T09:38:59","guid":{"rendered":"https:\/\/bigycb.cz\/bigy\/?page_id=6467"},"modified":"2024-05-24T13:32:59","modified_gmt":"2024-05-24T11:32:59","slug":"telesna-vychova","status":"publish","type":"page","link":"https:\/\/bigycb.cz\/bigy\/predmetove-komise\/telesna-vychova\/","title":{"rendered":"T\u011blesn\u00e1 v\u00fdchova"},"content":{"rendered":"<p>[vc_row][vc_column css=&#8221;.vc_custom_1490017614850{margin-bottom: 30px !important;}&#8221;][vc_custom_heading text=&#8221;T\u011blesn\u00e1 v\u00fdchova&#8221; font_container=&#8221;tag:h1|text_align:left&#8221; use_theme_fonts=&#8221;yes&#8221; css=&#8221;.vc_custom_1708685599620{margin-top: 0px !important;margin-bottom: 20px !important;}&#8221;][\/vc_column][\/vc_row][vc_row css=&#8221;.vc_custom_1701531047147{background-color: #f2f2f2 !important;}&#8221;][vc_column width=&#8221;1\/2&#8243; css=&#8221;.vc_custom_1701859770904{margin-top: 0px !important;margin-right: 0px !important;margin-bottom: 0px !important;margin-left: 0px !important;padding-top: 0px !important;padding-right: 0px !important;padding-bottom: 0px !important;padding-left: 0px !important;}&#8221;]\n\t\t\t\t\t<div class=\"wh-theme-icon vc_custom_1699217723581  scp_theme_icon-0389e141ec2f1da1df14850ff1304d8f\">\n\t\t\t\t<i class=\"icon-edic_supervisor_account\"><\/i>\n\t\t\t<\/div>\n\t\t\t\t[vc_custom_heading text=&#8221;Vyu\u010duj\u00edc\u00ed&#8221; font_container=&#8221;tag:h4|text_align:left&#8221; use_theme_fonts=&#8221;yes&#8221; css=&#8221;.vc_custom_1699218683435{margin-bottom: 20px !important;padding-top: 10px !important;padding-left: 55px !important;}&#8221;][vc_column_text css=&#8221;.vc_custom_1716370243491{margin-bottom: 0px !important;padding-top: 0px !important;padding-right: 15px !important;padding-bottom: 0px !important;padding-left: 15px !important;}&#8221;]<\/p>\n<ul>\n<li><strong>Mgr. Zden\u011bk Peka\u0159 (p\u0159edseda)<\/strong><\/li>\n<li>Mgr. Pavl\u00edna Heppnerov\u00e1<\/li>\n<li>Mgr. Martina Ka\u0148kov\u00e1<\/li>\n<li>Bc. Tereza Loosov\u00e1<\/li>\n<li>Mgr. Ji\u0159\u00ed Teringl<\/li>\n<li>Mgr. Pavel Vondr\u00e1k<\/li>\n<\/ul>\n<p>[\/vc_column_text][vc_btn title=&#8221;Zobrazit kontakty \u00bb&#8221; style=&#8221;flat&#8221; shape=&#8221;square&#8221; color=&#8221;peacoc&#8221; size=&#8221;sm&#8221; align=&#8221;left&#8221; link=&#8221;url:https%3A%2F%2Fbigycb.cz%2Fbigy%2Fo-skole%2Fzamestnanci-skoly%2F%3Fstaff-category%3Ducitele&#8221; css=&#8221;.vc_custom_1708681070329{margin-top: 30px !important;margin-left: 25px !important;}&#8221;][\/vc_column][vc_column width=&#8221;1\/2&#8243; css=&#8221;.vc_custom_1701859666388{margin-bottom: 0px !important;padding-bottom: 0px !important;}&#8221; offset=&#8221;vc_col-sm-offset-0&#8243;][vc_single_image image=&#8221;7547&#8243; img_size=&#8221;full&#8221; alignment=&#8221;right&#8221; css=&#8221;.vc_custom_1716458952484{margin-right: 20px !important;margin-bottom: 0px !important;padding-bottom: 0px !important;}&#8221;][\/vc_column][\/vc_row][vc_row css=&#8221;.vc_custom_1701531638223{margin-top: 35px !important;margin-bottom: 35px !important;}&#8221;][vc_column width=&#8221;1\/2&#8243;]\n\t\t\t\t\t<div class=\"wh-theme-icon vc_custom_1701531593973  scp_theme_icon-cdaeaa8bed73aa5874b9d289a0ab8a8d\">\n\t\t\t\t<i class=\"icon-edflask\"><\/i>\n\t\t\t<\/div>\n\t\t\t\t[vc_custom_heading text=&#8221;Charakteristika p\u0159edm\u011btu&#8221; font_container=&#8221;tag:h5|text_align:left|color:%23000000&#8243; use_theme_fonts=&#8221;yes&#8221; css=&#8221;.vc_custom_1699215631709{margin-bottom: 20px !important;padding-top: 10px !important;padding-left: 55px !important;}&#8221;][vc_column_text]P\u0159edm\u011bt vych\u00e1z\u00ed z obsahu vzd\u011bl\u00e1vac\u00edho oboru T\u011blesn\u00e1 v\u00fdchova a ze vzd\u011bl\u00e1vac\u00ed oblasti \u010clov\u011bk a zdrav\u00ed. Vzd\u011bl\u00e1vac\u00ed obor p\u0159edstavuje komplexn\u011bj\u0161\u00ed pohled na problematiku zdrav\u00ed, t\u011blesnou a psychickou zdatnost, du\u0161evn\u00ed a soci\u00e1ln\u00ed pohodu. P\u0159isp\u00edv\u00e1 k funk\u010dn\u00edmu rozvoji z\u00e1kladn\u00edch pohybov\u00fdch schopnost\u00ed, rozv\u00edj\u00ed pohybov\u00e9 dovednosti a n\u00e1vyky, vytv\u00e1\u0159\u00ed pozitivn\u00ed vztah k t\u011blesn\u00e9 kultu\u0159e, kompenzuje jednostrann\u00e9 zat\u00ed\u017een\u00ed \u017e\u00e1k\u016f, upev\u0148uje a dotv\u00e1\u0159\u00ed hygienick\u00e9 n\u00e1vyky. V p\u0159\u00edpad\u011b zdravotn\u00edch pot\u00ed\u017e\u00ed \u017e\u00e1k\u016f je do p\u0159edm\u011btu TV podle pot\u0159eby zahrnuta i Zdravotn\u00ed t\u011blesn\u00e1 v\u00fdchova. T\u011blov\u00fdchovn\u00e9 aktivity do v\u00fduky za\u0159azujeme s ohledem na v\u011bk, v\u00fdkonnostn\u00ed mo\u017enosti, schopnosti a zdatnost \u017e\u00e1k\u016f, ale tak\u00e9 v z\u00e1vislosti na ro\u010dn\u00edm obdob\u00ed a dostupnosti venkovn\u00edch i kryt\u00fdch sportovi\u0161\u0165. Sportovn\u00ed aktivity postupn\u011b zt\u011b\u017eujeme, st\u00e1vaj\u00ed se komplikovan\u011bj\u0161\u00edmi a propracovan\u011bj\u0161\u00edmi tak, jak roste t\u011blesn\u00e1 zdatnost \u017e\u00e1k\u016f.<\/p>\n<p>[\/vc_column_text][\/vc_column][vc_column width=&#8221;1\/2&#8243; css=&#8221;.vc_custom_1491471836694{margin-bottom: 0px !important;}&#8221;]\n\t\t\t\t\t<div class=\"wh-theme-icon vc_custom_1699215662014  scp_theme_icon-489ccd5d6db9029c39767ab7910ee91f\">\n\t\t\t\t<i class=\"icon-edtime\"><\/i>\n\t\t\t<\/div>\n\t\t\t\t[vc_custom_heading text=&#8221;\u010casov\u00e1 t\u00fddenn\u00ed dotace p\u0159edm\u011btu&#8221; font_container=&#8221;tag:h5|text_align:left|color:%23000000&#8243; use_theme_fonts=&#8221;yes&#8221; css=&#8221;.vc_custom_1709112966381{margin-bottom: 20px !important;padding-top: 10px !important;padding-left: 55px !important;}&#8221;][vc_tta_accordion shape=&#8221;square&#8221; color=&#8221;white&#8221; active_section=&#8221;&#8221; collapsible_all=&#8221;true&#8221;][vc_tta_section title=&#8221;Osmilet\u00e9 studium&#8221; tab_id=&#8221;1699217027004-c0215e8d-2aad&#8221;][vc_column_text]<\/p>\n<table>\n<tbody>\n<tr>\n<td width=\"63\"><strong>ro\u010d.<\/strong><\/td>\n<td width=\"68\">I.<\/td>\n<td width=\"68\">II.<\/td>\n<td width=\"68\">III.<\/td>\n<td width=\"68\">IV.<\/td>\n<td width=\"68\">V.<\/td>\n<td width=\"68\">VI.<\/td>\n<td width=\"68\">VII.<\/td>\n<td width=\"68\">VIII.<\/td>\n<\/tr>\n<tr>\n<td width=\"63\"><strong>hod.<\/strong><\/td>\n<td width=\"68\">2<\/td>\n<td width=\"68\">2<\/td>\n<td width=\"68\">2<\/td>\n<td width=\"68\">2<\/td>\n<td width=\"68\">2<\/td>\n<td width=\"68\">2<\/td>\n<td width=\"68\">2<\/td>\n<td width=\"68\">2<\/td>\n<\/tr>\n<\/tbody>\n<\/table>\n<p>[\/vc_column_text][\/vc_tta_section][vc_tta_section title=&#8221;\u0160estilet\u00e9 studium&#8221; tab_id=&#8221;1699217027021-fa992823-9822&#8243;][vc_column_text]<\/p>\n<table>\n<tbody>\n<tr>\n<td width=\"63\"><strong>ro\u010d.<\/strong><\/td>\n<td width=\"68\">I.<\/td>\n<td width=\"68\">II.<\/td>\n<td width=\"68\">III.<\/td>\n<td width=\"68\">IV.<\/td>\n<td width=\"68\">V.<\/td>\n<td width=\"68\">VI.<\/td>\n<\/tr>\n<tr>\n<td width=\"63\"><strong>hod.<\/strong><\/td>\n<td width=\"68\">2<\/td>\n<td width=\"68\">2<\/td>\n<td width=\"68\">2<\/td>\n<td width=\"68\">2<\/td>\n<td width=\"68\">2<\/td>\n<td width=\"68\">2<\/td>\n<\/tr>\n<\/tbody>\n<\/table>\n<p>[\/vc_column_text][\/vc_tta_section][vc_tta_section title=&#8221;\u0160estilet\u00e9 bilingvn\u00ed studium&#8221; tab_id=&#8221;1709113049189-270c7fd7-3ccd&#8221;][vc_column_text]<\/p>\n<table>\n<tbody>\n<tr>\n<td width=\"63\"><strong>ro\u010d.<\/strong><\/td>\n<td width=\"68\">I.<\/td>\n<td width=\"68\">II.<\/td>\n<td width=\"68\">III.<\/td>\n<td width=\"68\">IV.<\/td>\n<td width=\"68\">V.<\/td>\n<td width=\"68\">VI.<\/td>\n<\/tr>\n<tr>\n<td width=\"63\"><strong>hod.<\/strong><\/td>\n<td width=\"68\">2<\/td>\n<td width=\"68\">2<\/td>\n<td width=\"68\">2<\/td>\n<td width=\"68\">2<\/td>\n<td width=\"68\">2<\/td>\n<td width=\"68\">2<\/td>\n<\/tr>\n<\/tbody>\n<\/table>\n<p>[\/vc_column_text][\/vc_tta_section][vc_tta_section title=&#8221;\u010cty\u0159let\u00e9 studium&#8221; tab_id=&#8221;1699217284386-919907dc-43e3&#8243;][vc_column_text]<\/p>\n<table>\n<tbody>\n<tr>\n<td width=\"63\"><strong>ro\u010d.<\/strong><\/td>\n<td width=\"68\">I.<\/td>\n<td width=\"68\">II.<\/td>\n<td width=\"68\">III.<\/td>\n<td width=\"68\">IV.<\/td>\n<\/tr>\n<tr>\n<td width=\"63\"><strong>hod.<\/strong><\/td>\n<td width=\"68\">2<\/td>\n<td width=\"68\">2<\/td>\n<td width=\"68\">2<\/td>\n<td width=\"68\">2<\/td>\n<\/tr>\n<\/tbody>\n<\/table>\n<p>[\/vc_column_text][\/vc_tta_section][\/vc_tta_accordion][\/vc_column][\/vc_row][vc_row css=&#8221;.vc_custom_1488897097455{padding-top: 10px !important;}&#8221;][vc_column][vc_separator color=&#8221;white&#8221; border_width=&#8221;4&#8243; css=&#8221;.vc_custom_1699218140987{margin-bottom: 0px !important;}&#8221;][\/vc_column][\/vc_row][vc_row full_width=&#8221;stretch_row&#8221; disable_element=&#8221;yes&#8221; css=&#8221;.vc_custom_1708685708572{background-color: #ededed !important;}&#8221;][vc_column css=&#8221;.vc_custom_1491470191130{margin-bottom: 0px !important;}&#8221;]\n\t\t\t\t\t<div class=\"wh-theme-icon vc_custom_1699218736388  scp_theme_icon-ad1c0f310d2ac00fa6e13d2e1d46b86d\">\n\t\t\t\t<i class=\"icon-edopen-book\"><\/i>\n\t\t\t<\/div>\n\t\t\t\t[vc_custom_heading text=&#8221;U\u010debnice, v\u00fdukov\u00e9 zdroje&#8221; font_container=&#8221;tag:h4|text_align:left&#8221; use_theme_fonts=&#8221;yes&#8221; css=&#8221;.vc_custom_1699217933988{margin-bottom: 20px !important;padding-top: 10px !important;padding-left: 55px !important;}&#8221;][vc_media_grid element_width=&#8221;3&#8243; grid_id=&#8221;vc_gid:1716458790336-8f91ce39-06af-1&#8243; include=&#8221;4180,4179,4178,4177&#8243;][vc_column_text]<\/p>\n<ul>\n<li>Aventura 1 (Klett), Kate\u0159ina Bro\u017eov\u00e1, Carlos Ferrer Pe\u0148aranda, ISBN 9788073970222<\/li>\n<li>Aventura 2 (Klett), Kate\u0159ina Bro\u017eov\u00e1, Carlos Ferrer Pe\u0148aranda, ISBN 9788073970437<\/li>\n<li>Aventura 3 (Klett), Kate\u0159ina Bro\u017eov\u00e1, Carlos Ferrer Pe\u0148aranda, ISBN 9788073970642 (www.klet.cz\/aventura)<\/li>\n<li>Descubre A1 (Nakladatelstv\u00ed Draco), L\u00f3pez Xavier Pascual, ISBN 9788394751289 (http:\/\/eshop.nakladatelstvidraco.cz\/descubre)<\/li>\n<li>Nuevo Espa\u00f1ol en marcha B\u00e1sico (SGEL), Francisca Castro, Ignacio Rodero, Carmen Sardinero , ISBN 9788497785297 (https:\/\/www.knihydobrovsky.cz\/ucebnice\/nuevo-espanol-en-marcha-basico-ucebnice-cd-624765)<\/li>\n<\/ul>\n<p>[\/vc_column_text][\/vc_column][\/vc_row][vc_row css=&#8221;.vc_custom_1488897097455{padding-top: 10px !important;}&#8221;][vc_column css=&#8221;.vc_custom_1699219691642{padding: 20px !important;}&#8221;][vc_separator color=&#8221;white&#8221; border_width=&#8221;4&#8243; css=&#8221;.vc_custom_1699218140987{margin-bottom: 0px !important;}&#8221;][\/vc_column][\/vc_row][vc_row][vc_column width=&#8221;1\/2&#8243; css=&#8221;.vc_custom_1491470191130{margin-bottom: 0px !important;}&#8221;]\n\t\t\t\t\t<div class=\"wh-theme-icon vc_custom_1699219217176  scp_theme_icon-7d46c3c53898bc3e3c6e0067b81b72a4\">\n\t\t\t\t<i class=\"icon-edcup\"><\/i>\n\t\t\t<\/div>\n\t\t\t\t[vc_custom_heading text=&#8221;Projekty a sout\u011b\u017ee&#8221; font_container=&#8221;tag:h4|text_align:left&#8221; use_theme_fonts=&#8221;yes&#8221; css=&#8221;.vc_custom_1699219137756{margin-bottom: 20px !important;padding-top: 10px !important;padding-left: 55px !important;}&#8221;][vc_column_text]\u00da\u010dast na vybran\u00fdch sportovn\u00edch akc\u00edch A\u0160SK a jednotliv\u00fdch sportovn\u00edch federac\u00ed, celo\u0161koln\u00ed V\u00e1no\u010dn\u00ed florbalov\u00fd turnaj Josefa Cep\u00e1ka, ly\u017ea\u0159sk\u00e9 kurzy, cyklistick\u00fd kurz Nov\u00e1 Pec, turistick\u00fd kurz Vysok\u00e9 Tatry[\/vc_column_text][\/vc_column][vc_column width=&#8221;1\/2&#8243;]\n\t\t\t\t\t<div class=\"wh-theme-icon vc_custom_1699219452175  scp_theme_icon-74ec9114453c2a71fe77e48fa0050817\">\n\t\t\t\t<i class=\"icon-edforest\"><\/i>\n\t\t\t<\/div>\n\t\t\t\t[vc_custom_heading text=&#8221;Exkurze&#8221; font_container=&#8221;tag:h4|text_align:left&#8221; use_theme_fonts=&#8221;yes&#8221; css=&#8221;.vc_custom_1699219397656{margin-bottom: 20px !important;padding-top: 10px !important;padding-left: 55px !important;}&#8221;][vc_column_text][\/vc_column_text][\/vc_column][\/vc_row][vc_row full_width=&#8221;stretch_row_content&#8221;][vc_column][vc_separator border_width=&#8221;4&#8243; css=&#8221;.vc_custom_1699219561915{padding: 20px !important;}&#8221;][\/vc_column][\/vc_row][vc_row][vc_column][vc_column_text]<\/p>\n<h3>\u010cl\u00e1nky z kategorie T\u011blesn\u00e1 v\u00fdchova<\/h3>\n<p>[\/vc_column_text][\/vc_column][\/vc_row][vc_row][vc_column][vc_basic_grid post_type=&#8221;post&#8221; max_items=&#8221;9&#8243; item=&#8221;basicGrid_ScaleInWithRotation&#8221; grid_id=&#8221;vc_gid:1716458790337-20ee7077-877c-8&#8243; taxonomies=&#8221;53&#8243;][\/vc_column][\/vc_row]<\/p>\n","protected":false},"excerpt":{"rendered":"<p>[vc_row][vc_column css=&#8221;.vc_custom_1490017614850{margin-bottom: 30px !important;}&#8221;][vc_custom_heading text=&#8221;T\u011blesn\u00e1 v\u00fdchova&#8221; font_container=&#8221;tag:h1|text_align:left&#8221; use_theme_fonts=&#8221;yes&#8221; css=&#8221;.vc_custom_1708685599620{margin-top: 0px !important;margin-bottom: 20px !important;}&#8221;][\/vc_column][\/vc_row][vc_row css=&#8221;.vc_custom_1701531047147{background-color: #f2f2f2 !important;}&#8221;][vc_column width=&#8221;1\/2&#8243; css=&#8221;.vc_custom_1701859770904{margin-top: 0px !important;margin-right:&nbsp;<a href=\"https:\/\/bigycb.cz\/bigy\/predmetove-komise\/telesna-vychova\/\">&hellip;<\/a><\/p>\n","protected":false},"author":1,"featured_media":0,"parent":5796,"menu_order":0,"comment_status":"closed","ping_status":"closed","template":"template-sidebar-right-childpages.php","meta":{"footnotes":""},"class_list":["post-6467","page","type-page","status-publish","hentry","odd"],"_links":{"self":[{"href":"https:\/\/bigycb.cz\/bigy\/wp-json\/wp\/v2\/pages\/6467","targetHints":{"allow":["GET"]}}],"collection":[{"href":"https:\/\/bigycb.cz\/bigy\/wp-json\/wp\/v2\/pages"}],"about":[{"href":"https:\/\/bigycb.cz\/bigy\/wp-json\/wp\/v2\/types\/page"}],"author":[{"embeddable":true,"href":"https:\/\/bigycb.cz\/bigy\/wp-json\/wp\/v2\/users\/1"}],"replies":[{"embeddable":true,"href":"https:\/\/bigycb.cz\/bigy\/wp-json\/wp\/v2\/comments?post=6467"}],"version-history":[{"count":11,"href":"https:\/\/bigycb.cz\/bigy\/wp-json\/wp\/v2\/pages\/6467\/revisions"}],"predecessor-version":[{"id":7548,"href":"https:\/\/bigycb.cz\/bigy\/wp-json\/wp\/v2\/pages\/6467\/revisions\/7548"}],"up":[{"embeddable":true,"href":"https:\/\/bigycb.cz\/bigy\/wp-json\/wp\/v2\/pages\/5796"}],"wp:attachment":[{"href":"https:\/\/bigycb.cz\/bigy\/wp-json\/wp\/v2\/media?parent=6467"}],"curies":[{"name":"wp","href":"https:\/\/api.w.org\/{rel}","templated":true}]}}