{"id":6465,"date":"2024-03-05T10:47:00","date_gmt":"2024-03-05T09:47:00","guid":{"rendered":"https:\/\/bigycb.cz\/bigy\/?page_id=6465"},"modified":"2024-10-07T14:04:11","modified_gmt":"2024-10-07T12:04:11","slug":"spanelsky-jazyk","status":"publish","type":"page","link":"https:\/\/bigycb.cz\/bigy\/predmetove-komise\/spanelsky-jazyk\/","title":{"rendered":"\u0160pan\u011blsk\u00fd jazyk"},"content":{"rendered":"<p>[vc_row][vc_column css=&#8221;.vc_custom_1490017614850{margin-bottom: 30px !important;}&#8221;][vc_custom_heading text=&#8221;\u0160pan\u011blsk\u00fd jazyk&#8221; font_container=&#8221;tag:h1|text_align:left&#8221; use_theme_fonts=&#8221;yes&#8221; css=&#8221;.vc_custom_1708684985169{margin-top: 0px !important;margin-bottom: 20px !important;}&#8221;][\/vc_column][\/vc_row][vc_row css=&#8221;.vc_custom_1701531047147{background-color: #f2f2f2 !important;}&#8221;][vc_column width=&#8221;2\/3&#8243; css=&#8221;.vc_custom_1701859770904{margin-top: 0px !important;margin-right: 0px !important;margin-bottom: 0px !important;margin-left: 0px !important;padding-top: 0px !important;padding-right: 0px !important;padding-bottom: 0px !important;padding-left: 0px !important;}&#8221;]\n\t\t\t\t\t<div class=\"wh-theme-icon vc_custom_1699217723581  scp_theme_icon-0389e141ec2f1da1df14850ff1304d8f\">\n\t\t\t\t<i class=\"icon-edic_supervisor_account\"><\/i>\n\t\t\t<\/div>\n\t\t\t\t[vc_custom_heading text=&#8221;Vyu\u010duj\u00edc\u00ed&#8221; font_container=&#8221;tag:h4|text_align:left&#8221; use_theme_fonts=&#8221;yes&#8221; css=&#8221;.vc_custom_1699218683435{margin-bottom: 20px !important;padding-top: 10px !important;padding-left: 55px !important;}&#8221;][vc_column_text css=&#8221;.vc_custom_1728302648744{margin-bottom: 0px !important;padding-top: 0px !important;padding-right: 15px !important;padding-bottom: 0px !important;padding-left: 15px !important;}&#8221;]<\/p>\n<ul>\n<li><strong>Mgr. Petr Puffer (p\u0159edseda)<\/strong><\/li>\n<li>Lic. David Andr\u00e9s Castillo, Ph.D. (koordin\u00e1tor \u010desko-\u0161pan\u011blsk\u00e9 bilingvn\u00ed sekce)<\/li>\n<li>Ing. Mgr. Erik Arranz Jim\u00e9nez<\/li>\n<li>Mgr. Mark\u00e9ta Djoa Muskov\u00e1<\/li>\n<li><span class=\"abcfslSpanMP2\">\u00c1lvaro\u00a0<\/span><span class=\"abcfslSpanMP3\">Montejo Centeno<\/span><\/li>\n<li>Mgr. Martina Ka\u0148kov\u00e1<\/li>\n<li>Mgr. Martina Vavrekov\u00e1<\/li>\n<li>Mgr. Magdalena Vl\u010dkov\u00e1<\/li>\n<\/ul>\n<p>[\/vc_column_text][vc_btn title=&#8221;Zobrazit kontakty \u00bb&#8221; style=&#8221;flat&#8221; shape=&#8221;square&#8221; color=&#8221;peacoc&#8221; size=&#8221;sm&#8221; align=&#8221;left&#8221; link=&#8221;url:https%3A%2F%2Fbigycb.cz%2Fbigy%2Fo-skole%2Fzamestnanci-skoly%2F%3Fstaff-category%3Ducitele&#8221; css=&#8221;.vc_custom_1708681070329{margin-top: 30px !important;margin-left: 25px !important;}&#8221;][\/vc_column][vc_column width=&#8221;1\/3&#8243; css=&#8221;.vc_custom_1701859666388{margin-bottom: 0px !important;padding-bottom: 0px !important;}&#8221; offset=&#8221;vc_col-sm-offset-0&#8243;][\/vc_column][\/vc_row][vc_row css=&#8221;.vc_custom_1714393638617{padding-top: 10px !important;padding-right: 50px !important;padding-bottom: 0px !important;padding-left: 50px !important;background-color: #f2f2f2 !important;}&#8221;][vc_column css=&#8221;.vc_custom_1701859770904{margin-top: 0px !important;margin-right: 0px !important;margin-bottom: 0px !important;margin-left: 0px !important;padding-top: 0px !important;padding-right: 0px !important;padding-bottom: 0px !important;padding-left: 0px !important;}&#8221;][vc_single_image image=&#8221;7544&#8243; img_size=&#8221;full&#8221; alignment=&#8221;right&#8221;][\/vc_column][\/vc_row][vc_row css=&#8221;.vc_custom_1701531638223{margin-top: 35px !important;margin-bottom: 35px !important;}&#8221;][vc_column width=&#8221;1\/2&#8243;]\n\t\t\t\t\t<div class=\"wh-theme-icon vc_custom_1701531593973  scp_theme_icon-cdaeaa8bed73aa5874b9d289a0ab8a8d\">\n\t\t\t\t<i class=\"icon-edflask\"><\/i>\n\t\t\t<\/div>\n\t\t\t\t[vc_custom_heading text=&#8221;Charakteristika p\u0159edm\u011btu&#8221; font_container=&#8221;tag:h5|text_align:left|color:%23000000&#8243; use_theme_fonts=&#8221;yes&#8221; css=&#8221;.vc_custom_1699215631709{margin-bottom: 20px !important;padding-top: 10px !important;padding-left: 55px !important;}&#8221;][vc_column_text]\u0160pan\u011bl\u0161tina je druh\u00fdm nejmluven\u011bj\u0161\u00edm jazykem sv\u011bta a my ji prost\u011b um\u00edme nau\u010dit. N\u00e1\u0161 u\u010ditelsk\u00fd t\u00fdm je slo\u017een\u00fd z ost\u0159\u00edlen\u00fdch \u010desk\u00fdch vyu\u010duj\u00edc\u00edch s dlouholetou zku\u0161enost\u00ed a \u0161pan\u011blsk\u00fdch vyu\u010duj\u00edc\u00edch vyb\u00edran\u00fdch \u0160pan\u011blsk\u00fdm Ministerstvem \u0161kolstv\u00ed a odborn\u00e9ho vzd\u011bl\u00e1v\u00e1n\u00ed speci\u00e1ln\u011b pro v\u00fduku na dvojjazy\u010dn\u00fdch gymn\u00e1zi\u00edch.<\/p>\n<p>\u0160pan\u011bl\u0161tinu vyu\u010dujeme v osmilet\u00e9m cyklu jako druh\u00fd ciz\u00ed jazyk (vedle angli\u010dtiny) a v \u0161estilet\u00e9m dvojjazy\u010dn\u00e9m \u010desko-\u0161pan\u011blsk\u00e9m cyklu jako prvn\u00ed ciz\u00ed jazyk (angli\u010dtina je zde druh\u00fdm ciz\u00edm jazykem). Nastoupit k n\u00e1m tedy m\u016f\u017eete z p\u00e1t\u00e9, respektive ze sedm\u00e9 t\u0159\u00eddy z\u00e1kladn\u00ed \u0161koly.<\/p>\n<p>Dvojjazy\u010dn\u00fd \u0161estilet\u00fd cyklus je takovou \u201et\u0159e\u0161ni\u010dkou\u201c mezi vzd\u011bl\u00e1vac\u00edmi programy, kter\u00e9 nab\u00edz\u00edme. Se \u0161pan\u011bl\u0161tinou zde za\u010dnete od nuly a od t\u0159et\u00edho ro\u010dn\u00edku vyu\u010dujeme hned p\u011bt dal\u0161\u00edch p\u0159edm\u011bt\u016f v tomto jazyce a to: d\u011bjepis, chemii, fyziku, matematiku a zem\u011bpis.<\/p>\n<p>A jak\u00fd je profil na\u0161eho absolventa? Nebojte, a\u0165 se rozhodnete pro osmilet\u00fd nebo \u0161estilet\u00fd cyklus, z na\u0161\u00ed \u0161koly nemus\u00edte odch\u00e1zet jen na filozofick\u00e9 fakulty. D\u00edky na\u0161emu \u0161irok\u00e9mu z\u00e1b\u011bru, kter\u00fd odpov\u00edd\u00e1 v\u0161eobecn\u00e9mu gymnazi\u00e1ln\u00edmu vzd\u011bl\u00e1n\u00ed, m\u016f\u017eete od n\u00e1s odej\u00edt na jakoukoliv vysokou \u0161kolu a \u00fasp\u011b\u0161n\u011b ji vystudovat.<\/p>\n<p>[\/vc_column_text][\/vc_column][vc_column width=&#8221;1\/2&#8243; css=&#8221;.vc_custom_1491471836694{margin-bottom: 0px !important;}&#8221;]\n\t\t\t\t\t<div class=\"wh-theme-icon vc_custom_1699215662014  scp_theme_icon-489ccd5d6db9029c39767ab7910ee91f\">\n\t\t\t\t<i class=\"icon-edtime\"><\/i>\n\t\t\t<\/div>\n\t\t\t\t[vc_custom_heading text=&#8221;\u010casov\u00e1 t\u00fddenn\u00ed dotace p\u0159edm\u011btu&#8221; font_container=&#8221;tag:h5|text_align:left|color:%23000000&#8243; use_theme_fonts=&#8221;yes&#8221; css=&#8221;.vc_custom_1709112268738{margin-bottom: 20px !important;padding-top: 10px !important;padding-left: 55px !important;}&#8221;][vc_tta_accordion shape=&#8221;square&#8221; color=&#8221;white&#8221; active_section=&#8221;&#8221; collapsible_all=&#8221;true&#8221;][vc_tta_section title=&#8221;Osmilet\u00e9 studium&#8221; tab_id=&#8221;1699217027004-c0215e8d-2aad&#8221;][vc_column_text]<\/p>\n<ul>\n<li>dle preference ciz\u00edch jazyk\u016f <strong>2 &#8211; 5 hod. t\u00fddn\u011b<\/strong><\/li>\n<li>viz <a href=\"https:\/\/bigycb.cz\/bigy\/o-skole\/dulezite-dokumenty\/#ucebni_plany\" target=\"_blank\" rel=\"noopener\">u\u010debn\u00ed pl\u00e1ny \u00bb<\/a><\/li>\n<\/ul>\n<p>[\/vc_column_text][\/vc_tta_section][vc_tta_section title=&#8221;\u0160estilet\u00e9 studium&#8221; tab_id=&#8221;1699217027021-fa992823-9822&#8243;][vc_column_text]<\/p>\n<ul>\n<li>dle preference ciz\u00edch jazyk\u016f <strong>2 &#8211; 5 hod. t\u00fddn\u011b<\/strong><\/li>\n<li>viz <a href=\"https:\/\/bigycb.cz\/bigy\/o-skole\/dulezite-dokumenty\/#ucebni_plany\" target=\"_blank\" rel=\"noopener\">u\u010debn\u00ed pl\u00e1ny \u00bb<\/a><\/li>\n<\/ul>\n<p>[\/vc_column_text][\/vc_tta_section][vc_tta_section title=&#8221;\u0160estilet\u00e9 bilingvn\u00ed studium&#8221; tab_id=&#8221;1709112370773-f3b47718-7d57&#8243;][vc_column_text]<\/p>\n<table>\n<tbody>\n<tr>\n<td width=\"75\"><strong>ro\u010d.<\/strong><\/td>\n<td width=\"75\">I.<\/td>\n<td width=\"75\">II.<\/td>\n<td width=\"76\">III.<\/td>\n<td width=\"76\">IV.<\/td>\n<td width=\"76\">V.<\/td>\n<td width=\"76\">VI.<\/td>\n<\/tr>\n<tr>\n<td width=\"75\"><strong>hod.<\/strong><\/td>\n<td width=\"75\">8<\/td>\n<td width=\"75\">9<\/td>\n<td width=\"76\">4<\/td>\n<td width=\"76\">4<\/td>\n<td width=\"76\">4<\/td>\n<td width=\"76\">6<\/td>\n<\/tr>\n<\/tbody>\n<\/table>\n<ul>\n<li><em>od III. ro\u010d. jsou nav\u00edc ve \u0161pan\u011bl\u0161tin\u011b vyu\u010dov\u00e1ny p\u0159edm\u011bty: d\u011bjepis, chemie, fyzika, matematika a zem\u011bpis.<\/em><\/li>\n<\/ul>\n<p>[\/vc_column_text][\/vc_tta_section][\/vc_tta_accordion][vc_empty_space][vc_row_inner][vc_column_inner width=&#8221;1\/2&#8243;][vc_btn title=&#8221;Voliteln\u00fd semin\u00e1\u0159&#8221; style=&#8221;classic&#8221; shape=&#8221;square&#8221; align=&#8221;left&#8221; i_icon_fontawesome=&#8221;fas fa-caret-right&#8221; button_block=&#8221;true&#8221; add_icon=&#8221;true&#8221; link=&#8221;url:https%3A%2F%2Fbigycb.cz%2Fbigy%2Fstudenti-a-rodice%2Fvolitelne-seminare%2F%23psc&#8221; css=&#8221;.vc_custom_1709290427617{margin-top: 0px !important;margin-left: 0px !important;}&#8221;][\/vc_column_inner][vc_column_inner width=&#8221;1\/2&#8243;][vc_btn title=&#8221;Maturitn\u00ed zkou\u0161ka&#8221; style=&#8221;classic&#8221; shape=&#8221;square&#8221; align=&#8221;left&#8221; i_icon_fontawesome=&#8221;fas fa-caret-right&#8221; button_block=&#8221;true&#8221; add_icon=&#8221;true&#8221; link=&#8221;url:https%3A%2F%2Fbigycb.cz%2Fbigy%2Fstudenti-a-rodice%2Fmaturitni-zkouska%2F|title:Maturitn%C3%AD%20zkou%C5%A1ka&#8221; css=&#8221;.vc_custom_1709290434174{margin-top: 0px !important;margin-left: 0px !important;}&#8221;][\/vc_column_inner][\/vc_row_inner][\/vc_column][\/vc_row][vc_row css=&#8221;.vc_custom_1488897097455{padding-top: 10px !important;}&#8221;][vc_column][vc_separator color=&#8221;white&#8221; border_width=&#8221;4&#8243; css=&#8221;.vc_custom_1699218140987{margin-bottom: 0px !important;}&#8221;][\/vc_column][\/vc_row][vc_row full_width=&#8221;stretch_row&#8221; css=&#8221;.vc_custom_1708683861478{background-color: #ededed !important;}&#8221;][vc_column css=&#8221;.vc_custom_1491470191130{margin-bottom: 0px !important;}&#8221;]\n\t\t\t\t\t<div class=\"wh-theme-icon vc_custom_1699218736388  scp_theme_icon-ad1c0f310d2ac00fa6e13d2e1d46b86d\">\n\t\t\t\t<i class=\"icon-edopen-book\"><\/i>\n\t\t\t<\/div>\n\t\t\t\t[vc_custom_heading text=&#8221;U\u010debnice, v\u00fdukov\u00e9 zdroje&#8221; font_container=&#8221;tag:h4|text_align:left&#8221; use_theme_fonts=&#8221;yes&#8221; css=&#8221;.vc_custom_1699217933988{margin-bottom: 20px !important;padding-top: 10px !important;padding-left: 55px !important;}&#8221;][vc_media_grid element_width=&#8221;2&#8243; gap=&#8221;10&#8243; item=&#8221;mediaGrid_SimpleOverlay&#8221; grid_id=&#8221;vc_gid:1728302636405-d27f3498-e959-9&#8243; include=&#8221;7305,7306,7307,7308,7309&#8243; css=&#8221;.vc_custom_1714471367406{padding-top: 15px !important;padding-right: 15px !important;padding-bottom: 15px !important;padding-left: 15px !important;}&#8221;][\/vc_column][\/vc_row][vc_row css=&#8221;.vc_custom_1488897097455{padding-top: 10px !important;}&#8221;][vc_column css=&#8221;.vc_custom_1699219691642{padding: 20px !important;}&#8221;][vc_separator color=&#8221;white&#8221; border_width=&#8221;4&#8243; css=&#8221;.vc_custom_1699218140987{margin-bottom: 0px !important;}&#8221;][\/vc_column][\/vc_row][vc_row][vc_column width=&#8221;1\/2&#8243; css=&#8221;.vc_custom_1491470191130{margin-bottom: 0px !important;}&#8221;]\n\t\t\t\t\t<div class=\"wh-theme-icon vc_custom_1699219217176  scp_theme_icon-7d46c3c53898bc3e3c6e0067b81b72a4\">\n\t\t\t\t<i class=\"icon-edcup\"><\/i>\n\t\t\t<\/div>\n\t\t\t\t[vc_custom_heading text=&#8221;Projekty a sout\u011b\u017ee&#8221; font_container=&#8221;tag:h4|text_align:left&#8221; use_theme_fonts=&#8221;yes&#8221; css=&#8221;.vc_custom_1699219137756{margin-bottom: 20px !important;padding-top: 10px !important;padding-left: 55px !important;}&#8221;][vc_column_text]<\/p>\n<ul>\n<li>Konverza\u010dn\u00ed sout\u011b\u017e ve \u0161pan\u011blsk\u00e9m jazyce<\/li>\n<li>T\u00e1borsk\u00e1 Eurolyra<\/li>\n<li>Pobyty v r\u00e1mci programu Erasmus+<\/li>\n<li>\u0160pan\u011blsk\u00fd divadeln\u00ed krou\u017eek (n\u00e1rodn\u00ed i mezin\u00e1rodn\u00ed reprezentace Bigy)<\/li>\n<\/ul>\n<p>[\/vc_column_text][\/vc_column][vc_column width=&#8221;1\/2&#8243;]\n\t\t\t\t\t<div class=\"wh-theme-icon vc_custom_1699219452175  scp_theme_icon-74ec9114453c2a71fe77e48fa0050817\">\n\t\t\t\t<i class=\"icon-edforest\"><\/i>\n\t\t\t<\/div>\n\t\t\t\t[vc_custom_heading text=&#8221;Exkurze&#8221; font_container=&#8221;tag:h4|text_align:left&#8221; use_theme_fonts=&#8221;yes&#8221; css=&#8221;.vc_custom_1699219397656{margin-bottom: 20px !important;padding-top: 10px !important;padding-left: 55px !important;}&#8221;][vc_column_text]<\/p>\n<ul>\n<li>V\u00fdm\u011bnn\u00e9 pobyty (\u0161pan\u011blsk\u00e1 bilingva, druh\u00fd ro\u010dn\u00edk; cel\u00e1 t\u0159\u00edda)<\/li>\n<li>N\u00e1v\u0161t\u011bvy Institutu Cervantes<\/li>\n<\/ul>\n<p>[\/vc_column_text][\/vc_column][\/vc_row][vc_row full_width=&#8221;stretch_row_content&#8221;][vc_column][vc_separator border_width=&#8221;4&#8243; css=&#8221;.vc_custom_1699219561915{padding: 20px !important;}&#8221;][\/vc_column][\/vc_row][vc_row][vc_column][vc_column_text]<\/p>\n<h3>\u010cl\u00e1nky z kategorie \u0160pan\u011blsk\u00fd jazyk<\/h3>\n<p>[\/vc_column_text][\/vc_column][\/vc_row][vc_row][vc_column][vc_basic_grid post_type=&#8221;post&#8221; max_items=&#8221;9&#8243; item=&#8221;basicGrid_ScaleInWithRotation&#8221; grid_id=&#8221;vc_gid:1728302636406-d043a818-f031-4&#8243; taxonomies=&#8221;52&#8243;][\/vc_column][\/vc_row]<\/p>\n","protected":false},"excerpt":{"rendered":"<p>[vc_row][vc_column css=&#8221;.vc_custom_1490017614850{margin-bottom: 30px !important;}&#8221;][vc_custom_heading text=&#8221;\u0160pan\u011blsk\u00fd jazyk&#8221; font_container=&#8221;tag:h1|text_align:left&#8221; use_theme_fonts=&#8221;yes&#8221; css=&#8221;.vc_custom_1708684985169{margin-top: 0px !important;margin-bottom: 20px !important;}&#8221;][\/vc_column][\/vc_row][vc_row css=&#8221;.vc_custom_1701531047147{background-color: #f2f2f2 !important;}&#8221;][vc_column width=&#8221;2\/3&#8243; css=&#8221;.vc_custom_1701859770904{margin-top: 0px !important;margin-right:&nbsp;<a href=\"https:\/\/bigycb.cz\/bigy\/predmetove-komise\/spanelsky-jazyk\/\">&hellip;<\/a><\/p>\n","protected":false},"author":1,"featured_media":0,"parent":5796,"menu_order":0,"comment_status":"closed","ping_status":"closed","template":"template-sidebar-right-childpages.php","meta":{"footnotes":""},"class_list":["post-6465","page","type-page","status-publish","hentry","odd"],"_links":{"self":[{"href":"https:\/\/bigycb.cz\/bigy\/wp-json\/wp\/v2\/pages\/6465","targetHints":{"allow":["GET"]}}],"collection":[{"href":"https:\/\/bigycb.cz\/bigy\/wp-json\/wp\/v2\/pages"}],"about":[{"href":"https:\/\/bigycb.cz\/bigy\/wp-json\/wp\/v2\/types\/page"}],"author":[{"embeddable":true,"href":"https:\/\/bigycb.cz\/bigy\/wp-json\/wp\/v2\/users\/1"}],"replies":[{"embeddable":true,"href":"https:\/\/bigycb.cz\/bigy\/wp-json\/wp\/v2\/comments?post=6465"}],"version-history":[{"count":12,"href":"https:\/\/bigycb.cz\/bigy\/wp-json\/wp\/v2\/pages\/6465\/revisions"}],"predecessor-version":[{"id":8445,"href":"https:\/\/bigycb.cz\/bigy\/wp-json\/wp\/v2\/pages\/6465\/revisions\/8445"}],"up":[{"embeddable":true,"href":"https:\/\/bigycb.cz\/bigy\/wp-json\/wp\/v2\/pages\/5796"}],"wp:attachment":[{"href":"https:\/\/bigycb.cz\/bigy\/wp-json\/wp\/v2\/media?parent=6465"}],"curies":[{"name":"wp","href":"https:\/\/api.w.org\/{rel}","templated":true}]}}