{"id":6463,"date":"2024-03-05T10:46:42","date_gmt":"2024-03-05T09:46:42","guid":{"rendered":"https:\/\/bigycb.cz\/bigy\/?page_id=6463"},"modified":"2024-05-24T13:35:19","modified_gmt":"2024-05-24T11:35:19","slug":"nemecky-jazyk","status":"publish","type":"page","link":"https:\/\/bigycb.cz\/bigy\/predmetove-komise\/nemecky-jazyk\/","title":{"rendered":"N\u011bmeck\u00fd jazyk"},"content":{"rendered":"<p>[vc_row][vc_column css=&#8221;.vc_custom_1490017614850{margin-bottom: 30px !important;}&#8221;][vc_custom_heading text=&#8221;N\u011bmeck\u00fd jazyk&#8221; font_container=&#8221;tag:h1|text_align:left&#8221; use_theme_fonts=&#8221;yes&#8221; css=&#8221;.vc_custom_1708683700834{margin-top: 0px !important;margin-bottom: 20px !important;}&#8221;][\/vc_column][\/vc_row][vc_row css=&#8221;.vc_custom_1701531047147{background-color: #f2f2f2 !important;}&#8221;][vc_column width=&#8221;2\/5&#8243; css=&#8221;.vc_custom_1701859770904{margin-top: 0px !important;margin-right: 0px !important;margin-bottom: 0px !important;margin-left: 0px !important;padding-top: 0px !important;padding-right: 0px !important;padding-bottom: 0px !important;padding-left: 0px !important;}&#8221;]\n\t\t\t\t\t<div class=\"wh-theme-icon vc_custom_1699217723581  scp_theme_icon-0389e141ec2f1da1df14850ff1304d8f\">\n\t\t\t\t<i class=\"icon-edic_supervisor_account\"><\/i>\n\t\t\t<\/div>\n\t\t\t\t[vc_custom_heading text=&#8221;Vyu\u010duj\u00edc\u00ed&#8221; font_container=&#8221;tag:h4|text_align:left&#8221; use_theme_fonts=&#8221;yes&#8221; css=&#8221;.vc_custom_1699218683435{margin-bottom: 20px !important;padding-top: 10px !important;padding-left: 55px !important;}&#8221;][vc_column_text css=&#8221;.vc_custom_1716550324908{margin-bottom: 0px !important;padding-top: 0px !important;padding-right: 15px !important;padding-bottom: 0px !important;padding-left: 15px !important;}&#8221;]<\/p>\n<ul>\n<li><strong>Mgr. Dana Jake\u0161ov\u00e1, p\u0159edseda<\/strong><\/li>\n<li>Mgr. Bohdana Gutwirthov\u00e1<\/li>\n<li>Mgr. Renata Hesounov\u00e1<\/li>\n<li>PhDr. Dana Jak\u0161i\u010dov\u00e1, Ph.D.<\/li>\n<li>Maren Meyer, n\u011bmeck\u00e1 lektorka<\/li>\n<li>Mgr. D\u00e1\u0161a Moravcov\u00e1<\/li>\n<li>PaedDr. Kate\u0159ina \u0160truncov\u00e1<\/li>\n<li>Mgr. Vendula Vaza\u010dov\u00e1<\/li>\n<\/ul>\n<p>[\/vc_column_text][vc_btn title=&#8221;Zobrazit kontakty \u00bb&#8221; style=&#8221;flat&#8221; shape=&#8221;square&#8221; color=&#8221;peacoc&#8221; size=&#8221;sm&#8221; align=&#8221;left&#8221; link=&#8221;url:https%3A%2F%2Fbigycb.cz%2Fbigy%2Fo-skole%2Fzamestnanci-skoly%2F%3Fstaff-category%3Ducitele&#8221; css=&#8221;.vc_custom_1714459582702{margin-top: 20px !important;margin-left: 25px !important;}&#8221;][\/vc_column][vc_column width=&#8221;3\/5&#8243; css=&#8221;.vc_custom_1701859666388{margin-bottom: 0px !important;padding-bottom: 0px !important;}&#8221; offset=&#8221;vc_col-sm-offset-0&#8243;][vc_single_image image=&#8221;7205&#8243; img_size=&#8221;full&#8221; alignment=&#8221;right&#8221; css=&#8221;.vc_custom_1714395936805{margin-top: 30px !important;margin-bottom: 0px !important;padding-bottom: 0px !important;}&#8221;][\/vc_column][\/vc_row][vc_row css=&#8221;.vc_custom_1701531638223{margin-top: 35px !important;margin-bottom: 35px !important;}&#8221;][vc_column width=&#8221;1\/2&#8243;]\n\t\t\t\t\t<div class=\"wh-theme-icon vc_custom_1701531593973  scp_theme_icon-cdaeaa8bed73aa5874b9d289a0ab8a8d\">\n\t\t\t\t<i class=\"icon-edflask\"><\/i>\n\t\t\t<\/div>\n\t\t\t\t[vc_custom_heading text=&#8221;Charakteristika p\u0159edm\u011btu&#8221; font_container=&#8221;tag:h5|text_align:left|color:%23000000&#8243; use_theme_fonts=&#8221;yes&#8221; css=&#8221;.vc_custom_1699215631709{margin-bottom: 20px !important;padding-top: 10px !important;padding-left: 55px !important;}&#8221;][vc_column_text]Od roku 1992 pat\u0159\u00edme k 28 gymn\u00e1zi\u00edm v \u010cesk\u00e9 republice, kter\u00e9 maj\u00ed smlouvu se Spolkovou republikou N\u011bmecko.Tato n\u00e1s oprav\u0148uje p\u0159ipravovat na\u0161e studenty na slo\u017een\u00ed jazykov\u00e9 zkou\u0161ky N\u011bmeck\u00fd diplom jazykov\u00e9 \u00farovn\u011b B1, B2 a C1.V r\u00e1mci t\u00e9to p\u0159\u00edpravy vyu\u010dujeme spole\u010dn\u011b s n\u011bmeck\u00fdm lektorem. Rakousk\u00fd lektor vyu\u010duje zem\u011bpis v n\u011bm\u010din\u011b.<\/p>\n<p>Od sv\u00e9ho zalo\u017een\u00ed spolupracuje na\u0161e \u0161kola s mnoha partnersk\u00fdmi \u0161kolami:v N\u011bmecku v r\u00e1mci projektu EUREGIO s tamn\u00edmi gymn\u00e1zii, v Rakousku jsou na\u0161imi partnersk\u00fdmi \u0161kolami gymn\u00e1zia v Bad Leonfeldenu, Salzburgu a ve V\u00eddni. Na t\u011bchto gymn\u00e1zi\u00edch absolvuj\u00ed na\u0161i studenti p\u016flro\u010dn\u00ed a ro\u010dn\u00ed studijn\u00ed pobyty.[\/vc_column_text][vc_row_inner][vc_column_inner width=&#8221;1\/2&#8243;][vc_btn title=&#8221;Voliteln\u00fd semin\u00e1\u0159&#8221; style=&#8221;classic&#8221; shape=&#8221;square&#8221; align=&#8221;left&#8221; i_icon_fontawesome=&#8221;fas fa-caret-right&#8221; button_block=&#8221;true&#8221; add_icon=&#8221;true&#8221; link=&#8221;url:https%3A%2F%2Fbigycb.cz%2Fbigy%2Fstudenti-a-rodice%2Fvolitelne-seminare%2F%23pnc&#8221; css=&#8221;.vc_custom_1709290344540{margin-top: 0px !important;margin-left: 0px !important;}&#8221;][\/vc_column_inner][vc_column_inner width=&#8221;1\/2&#8243;][vc_btn title=&#8221;Maturitn\u00ed zkou\u0161ka&#8221; style=&#8221;classic&#8221; shape=&#8221;square&#8221; align=&#8221;left&#8221; i_icon_fontawesome=&#8221;fas fa-caret-right&#8221; button_block=&#8221;true&#8221; add_icon=&#8221;true&#8221; link=&#8221;url:https%3A%2F%2Fbigycb.cz%2Fbigy%2Fstudenti-a-rodice%2Fmaturitni-zkouska%2F|title:Maturitn%C3%AD%20zkou%C5%A1ka&#8221; css=&#8221;.vc_custom_1709290351563{margin-top: 0px !important;margin-left: 0px !important;}&#8221;][\/vc_column_inner][\/vc_row_inner][\/vc_column][vc_column width=&#8221;1\/2&#8243; css=&#8221;.vc_custom_1491471836694{margin-bottom: 0px !important;}&#8221;]\n\t\t\t\t\t<div class=\"wh-theme-icon vc_custom_1699215662014  scp_theme_icon-489ccd5d6db9029c39767ab7910ee91f\">\n\t\t\t\t<i class=\"icon-edtime\"><\/i>\n\t\t\t<\/div>\n\t\t\t\t[vc_custom_heading text=&#8221;\u010casov\u00e1 t\u00fddenn\u00ed dotace p\u0159edm\u011btu&#8221; font_container=&#8221;tag:h5|text_align:left|color:%23000000&#8243; use_theme_fonts=&#8221;yes&#8221; css=&#8221;.vc_custom_1709111590658{margin-bottom: 20px !important;padding-top: 10px !important;padding-left: 55px !important;}&#8221;][vc_tta_accordion shape=&#8221;square&#8221; color=&#8221;white&#8221; active_section=&#8221;&#8221; collapsible_all=&#8221;true&#8221;][vc_tta_section title=&#8221;Osmilet\u00e9 studium&#8221; tab_id=&#8221;1699217027004-c0215e8d-2aad&#8221;][vc_column_text]<\/p>\n<ul>\n<li>dle preference ciz\u00edch jazyk\u016f <strong>2 &#8211; 5 hod. t\u00fddn\u011b<\/strong><\/li>\n<li>viz <a href=\"https:\/\/bigycb.cz\/bigy\/o-skole\/dulezite-dokumenty\/#ucebni_plany\" target=\"_blank\" rel=\"noopener\">u\u010debn\u00ed pl\u00e1ny \u00bb<\/a><\/li>\n<\/ul>\n<p>[\/vc_column_text][\/vc_tta_section][vc_tta_section title=&#8221;\u0160estilet\u00e9 studium&#8221; tab_id=&#8221;1699217027021-fa992823-9822&#8243;][vc_column_text]<\/p>\n<ul>\n<li>dle preference ciz\u00edch jazyk\u016f <strong>2 &#8211; 5 hod. t\u00fddn\u011b<\/strong><\/li>\n<li>viz <a href=\"https:\/\/bigycb.cz\/bigy\/o-skole\/dulezite-dokumenty\/#ucebni_plany\" target=\"_blank\" rel=\"noopener\">u\u010debn\u00ed pl\u00e1ny \u00bb<\/a><\/li>\n<\/ul>\n<p>[\/vc_column_text][\/vc_tta_section][vc_tta_section title=&#8221;\u0160estilet\u00e9 bilingvn\u00ed studium&#8221; tab_id=&#8221;1709112182971-06a02a2e-919a&#8221;][vc_column_text]<\/p>\n<ul>\n<li>dle preference ciz\u00edch jazyk\u016f <strong>2 &#8211; 5 hod. t\u00fddn\u011b<\/strong><\/li>\n<li>viz <a href=\"https:\/\/bigycb.cz\/bigy\/o-skole\/dulezite-dokumenty\/#ucebni_plany\" target=\"_blank\" rel=\"noopener\">u\u010debn\u00ed pl\u00e1ny \u00bb<\/a><\/li>\n<\/ul>\n<p>[\/vc_column_text][\/vc_tta_section][vc_tta_section title=&#8221;\u010cty\u0159let\u00e9 studium&#8221; tab_id=&#8221;1699217284386-919907dc-43e3&#8243;][vc_column_text]<\/p>\n<ul>\n<li>dle preference ciz\u00edch jazyk\u016f <strong>2 &#8211; 5 hod. t\u00fddn\u011b<\/strong><\/li>\n<li>viz <a href=\"https:\/\/bigycb.cz\/bigy\/o-skole\/dulezite-dokumenty\/#ucebni_plany\" target=\"_blank\" rel=\"noopener\">u\u010debn\u00ed pl\u00e1ny \u00bb<\/a><\/li>\n<\/ul>\n<p>[\/vc_column_text][\/vc_tta_section][\/vc_tta_accordion][\/vc_column][\/vc_row][vc_row css=&#8221;.vc_custom_1488897097455{padding-top: 10px !important;}&#8221;][vc_column][vc_separator color=&#8221;white&#8221; border_width=&#8221;4&#8243; css=&#8221;.vc_custom_1699218140987{margin-bottom: 0px !important;}&#8221;][\/vc_column][\/vc_row][vc_row full_width=&#8221;stretch_row&#8221; css=&#8221;.vc_custom_1708683861478{background-color: #ededed !important;}&#8221;][vc_column css=&#8221;.vc_custom_1491470191130{margin-bottom: 0px !important;}&#8221;]\n\t\t\t\t\t<div class=\"wh-theme-icon vc_custom_1699218736388  scp_theme_icon-ad1c0f310d2ac00fa6e13d2e1d46b86d\">\n\t\t\t\t<i class=\"icon-edopen-book\"><\/i>\n\t\t\t<\/div>\n\t\t\t\t[vc_custom_heading text=&#8221;U\u010debnice, v\u00fdukov\u00e9 zdroje&#8221; font_container=&#8221;tag:h4|text_align:left&#8221; use_theme_fonts=&#8221;yes&#8221; css=&#8221;.vc_custom_1699217933988{margin-bottom: 20px !important;padding-top: 10px !important;padding-left: 55px !important;}&#8221;][vc_media_grid element_width=&#8221;2&#8243; gap=&#8221;10&#8243; item=&#8221;mediaGrid_SimpleOverlay&#8221; grid_id=&#8221;vc_gid:1716550316575-a1e59c31-111d-4&#8243; include=&#8221;7299,7300,7301,7302,7303&#8243; css=&#8221;.vc_custom_1714470875892{padding-top: 15px !important;padding-right: 15px !important;padding-left: 15px !important;}&#8221;][vc_column_text]<\/p>\n<ul>\n<li><a href=\"https:\/\/www.pasch-net.de\" target=\"_blank\" rel=\"noopener\">www.pasch-net.de<\/a><\/li>\n<li><a href=\"https:\/\/www.dafdaz-lehrkraefte.de\" target=\"_blank\" rel=\"noopener\">www.dafdaz-lehrkraefte.de<\/a><\/li>\n<\/ul>\n<p>[\/vc_column_text][\/vc_column][\/vc_row][vc_row css=&#8221;.vc_custom_1488897097455{padding-top: 10px !important;}&#8221;][vc_column css=&#8221;.vc_custom_1699219691642{padding: 20px !important;}&#8221;][vc_separator color=&#8221;white&#8221; border_width=&#8221;4&#8243; css=&#8221;.vc_custom_1699218140987{margin-bottom: 0px !important;}&#8221;][\/vc_column][\/vc_row][vc_row][vc_column width=&#8221;1\/2&#8243; css=&#8221;.vc_custom_1491470191130{margin-bottom: 0px !important;}&#8221;]\n\t\t\t\t\t<div class=\"wh-theme-icon vc_custom_1699219217176  scp_theme_icon-7d46c3c53898bc3e3c6e0067b81b72a4\">\n\t\t\t\t<i class=\"icon-edcup\"><\/i>\n\t\t\t<\/div>\n\t\t\t\t[vc_custom_heading text=&#8221;Projekty a sout\u011b\u017ee&#8221; font_container=&#8221;tag:h4|text_align:left&#8221; use_theme_fonts=&#8221;yes&#8221; css=&#8221;.vc_custom_1699219137756{margin-bottom: 20px !important;padding-top: 10px !important;padding-left: 55px !important;}&#8221;][vc_column_text]Studenti se ka\u017edoro\u010dn\u011b \u00fa\u010dastn\u00ed jazykov\u00fdch olympi\u00e1d.Postupuj\u00ed do krajsk\u00e9ho i celost\u00e1tn\u00edho kola.<br \/>\nSpolupracujeme s Goethe institutem v \u010cesk\u00fdch Bud\u011bjovic\u00edch. V r\u00e1mci t\u00e9to spolupr\u00e1ce se studenti ka\u017edoro\u010dn\u011b \u00fasp\u011b\u0161n\u011b \u00fa\u010dastn\u00ed sout\u011b\u017ee Knihomol.<br \/>\nNa\u0161\u00edm partnerem je rovn\u011b\u017e J\u010cU &#8211; Germanistick\u00fd \u00fastav, pravideln\u011b jsme zv\u00e1n\u00ed na jejich akce. Letos jsme se stali sou\u010d\u00e1st\u00ed jejich platformy.<\/p>\n<p>[\/vc_column_text][\/vc_column][vc_column width=&#8221;1\/2&#8243;]\n\t\t\t\t\t<div class=\"wh-theme-icon vc_custom_1699219452175  scp_theme_icon-74ec9114453c2a71fe77e48fa0050817\">\n\t\t\t\t<i class=\"icon-edforest\"><\/i>\n\t\t\t<\/div>\n\t\t\t\t[vc_custom_heading text=&#8221;Exkurze&#8221; font_container=&#8221;tag:h4|text_align:left&#8221; use_theme_fonts=&#8221;yes&#8221; css=&#8221;.vc_custom_1699219397656{margin-bottom: 20px !important;padding-top: 10px !important;padding-left: 55px !important;}&#8221;][vc_column_text]V pr\u016fb\u011bhu cel\u00e9ho \u0161koln\u00edho roku se konaj\u00ed exkurze do N\u011bmecka i Rakouska. Exkurze jsou propojeny s u\u010divem, tak\u017ee jsou v\u017edy zam\u011b\u0159eny tematicky &#8211; tradice, kultura apod.<\/p>\n<p>[\/vc_column_text][\/vc_column][\/vc_row][vc_row full_width=&#8221;stretch_row_content&#8221;][vc_column][vc_separator border_width=&#8221;4&#8243; css=&#8221;.vc_custom_1699219561915{padding: 20px !important;}&#8221;][\/vc_column][\/vc_row][vc_row][vc_column][vc_column_text]<\/p>\n<h3>\u010cl\u00e1nky z kategorie N\u011bmeck\u00fd jazyk<\/h3>\n<p>[\/vc_column_text][\/vc_column][\/vc_row][vc_row][vc_column][vc_basic_grid post_type=&#8221;post&#8221; max_items=&#8221;9&#8243; item=&#8221;basicGrid_ScaleInWithRotation&#8221; grid_id=&#8221;vc_gid:1716550316576-33b603ce-c777-9&#8243; taxonomies=&#8221;51&#8243;][\/vc_column][\/vc_row]<\/p>\n","protected":false},"excerpt":{"rendered":"<p>[vc_row][vc_column css=&#8221;.vc_custom_1490017614850{margin-bottom: 30px !important;}&#8221;][vc_custom_heading text=&#8221;N\u011bmeck\u00fd jazyk&#8221; font_container=&#8221;tag:h1|text_align:left&#8221; use_theme_fonts=&#8221;yes&#8221; css=&#8221;.vc_custom_1708683700834{margin-top: 0px !important;margin-bottom: 20px !important;}&#8221;][\/vc_column][\/vc_row][vc_row css=&#8221;.vc_custom_1701531047147{background-color: #f2f2f2 !important;}&#8221;][vc_column width=&#8221;2\/5&#8243; css=&#8221;.vc_custom_1701859770904{margin-top: 0px !important;margin-right:&nbsp;<a href=\"https:\/\/bigycb.cz\/bigy\/predmetove-komise\/nemecky-jazyk\/\">&hellip;<\/a><\/p>\n","protected":false},"author":1,"featured_media":0,"parent":5796,"menu_order":0,"comment_status":"closed","ping_status":"closed","template":"template-sidebar-right-childpages.php","meta":{"footnotes":""},"class_list":["post-6463","page","type-page","status-publish","hentry","odd"],"_links":{"self":[{"href":"https:\/\/bigycb.cz\/bigy\/wp-json\/wp\/v2\/pages\/6463","targetHints":{"allow":["GET"]}}],"collection":[{"href":"https:\/\/bigycb.cz\/bigy\/wp-json\/wp\/v2\/pages"}],"about":[{"href":"https:\/\/bigycb.cz\/bigy\/wp-json\/wp\/v2\/types\/page"}],"author":[{"embeddable":true,"href":"https:\/\/bigycb.cz\/bigy\/wp-json\/wp\/v2\/users\/1"}],"replies":[{"embeddable":true,"href":"https:\/\/bigycb.cz\/bigy\/wp-json\/wp\/v2\/comments?post=6463"}],"version-history":[{"count":11,"href":"https:\/\/bigycb.cz\/bigy\/wp-json\/wp\/v2\/pages\/6463\/revisions"}],"predecessor-version":[{"id":7211,"href":"https:\/\/bigycb.cz\/bigy\/wp-json\/wp\/v2\/pages\/6463\/revisions\/7211"}],"up":[{"embeddable":true,"href":"https:\/\/bigycb.cz\/bigy\/wp-json\/wp\/v2\/pages\/5796"}],"wp:attachment":[{"href":"https:\/\/bigycb.cz\/bigy\/wp-json\/wp\/v2\/media?parent=6463"}],"curies":[{"name":"wp","href":"https:\/\/api.w.org\/{rel}","templated":true}]}}