{"id":6454,"date":"2024-03-05T10:46:16","date_gmt":"2024-03-05T09:46:16","guid":{"rendered":"https:\/\/bigycb.cz\/bigy\/?page_id=6454"},"modified":"2024-10-07T14:06:20","modified_gmt":"2024-10-07T12:06:20","slug":"matematika","status":"publish","type":"page","link":"https:\/\/bigycb.cz\/bigy\/predmetove-komise\/matematika\/","title":{"rendered":"Matematika"},"content":{"rendered":"<p>[vc_row][vc_column css=&#8221;.vc_custom_1490017614850{margin-bottom: 30px !important;}&#8221;][vc_custom_heading text=&#8221;Matematika&#8221; font_container=&#8221;tag:h1|text_align:left&#8221; use_theme_fonts=&#8221;yes&#8221; css=&#8221;.vc_custom_1708682491017{margin-top: 0px !important;margin-bottom: 20px !important;}&#8221;][\/vc_column][\/vc_row][vc_row css=&#8221;.vc_custom_1701531047147{background-color: #f2f2f2 !important;}&#8221;][vc_column width=&#8221;1\/2&#8243; css=&#8221;.vc_custom_1701859770904{margin-top: 0px !important;margin-right: 0px !important;margin-bottom: 0px !important;margin-left: 0px !important;padding-top: 0px !important;padding-right: 0px !important;padding-bottom: 0px !important;padding-left: 0px !important;}&#8221;]\n\t\t\t\t\t<div class=\"wh-theme-icon vc_custom_1699217723581  scp_theme_icon-0389e141ec2f1da1df14850ff1304d8f\">\n\t\t\t\t<i class=\"icon-edic_supervisor_account\"><\/i>\n\t\t\t<\/div>\n\t\t\t\t[vc_custom_heading text=&#8221;Vyu\u010duj\u00edc\u00ed&#8221; font_container=&#8221;tag:h4|text_align:left&#8221; use_theme_fonts=&#8221;yes&#8221; css=&#8221;.vc_custom_1699218683435{margin-bottom: 20px !important;padding-top: 10px !important;padding-left: 55px !important;}&#8221;][vc_column_text css=&#8221;.vc_custom_1728302776409{margin-bottom: 0px !important;padding-top: 0px !important;padding-right: 15px !important;padding-bottom: 0px !important;padding-left: 15px !important;}&#8221;]<\/p>\n<ul>\n<li><strong>Mgr. Andrea Layerov\u00e1 (p\u0159edseda)<\/strong><\/li>\n<li>Mgr. Milena Kukr\u00e1lov\u00e1<\/li>\n<li>Mgr. Marie Br\u00e1zdov\u00e1<\/li>\n<li>PaedDr. Miroslava Nygr\u00fdnov\u00e1<\/li>\n<li>Mgr. Pavla Trendov\u00e1<\/li>\n<li>Mgr. Alena Kop\u0159ivov\u00e1<\/li>\n<li>doc. RNDr. Renata Klufov\u00e1, Ph.D<\/li>\n<li>Mgr. Nikola Vondr\u00e1kov\u00e1<\/li>\n<li>Ing. Mgr. Erik Arranz Jim\u00e9nez<\/li>\n<li><span class=\"abcfslSpanMP1\">Mgr. et Bc.\u00a0<\/span><span class=\"abcfslSpanMP2\">David\u00a0<\/span><span class=\"abcfslSpanMP3\">Pa\u0159\u00edk<\/span><\/li>\n<\/ul>\n<p>[\/vc_column_text][vc_btn title=&#8221;Zobrazit kontakty \u00bb&#8221; style=&#8221;flat&#8221; shape=&#8221;square&#8221; color=&#8221;peacoc&#8221; size=&#8221;sm&#8221; align=&#8221;left&#8221; link=&#8221;url:https%3A%2F%2Fbigycb.cz%2Fbigy%2Fo-skole%2Fzamestnanci-skoly%2F%3Fstaff-category%3Ducitele&#8221; css=&#8221;.vc_custom_1708681070329{margin-top: 30px !important;margin-left: 25px !important;}&#8221;][\/vc_column][vc_column width=&#8221;1\/2&#8243; css=&#8221;.vc_custom_1701859666388{margin-bottom: 0px !important;padding-bottom: 0px !important;}&#8221; offset=&#8221;vc_col-sm-offset-0&#8243;][vc_single_image image=&#8221;7191&#8243; img_size=&#8221;full&#8221; alignment=&#8221;right&#8221; css=&#8221;.vc_custom_1714392954654{margin-bottom: 0px !important;padding-bottom: 0px !important;}&#8221;][\/vc_column][\/vc_row][vc_row css=&#8221;.vc_custom_1701531638223{margin-top: 35px !important;margin-bottom: 35px !important;}&#8221;][vc_column width=&#8221;1\/2&#8243;]\n\t\t\t\t\t<div class=\"wh-theme-icon vc_custom_1701531593973  scp_theme_icon-cdaeaa8bed73aa5874b9d289a0ab8a8d\">\n\t\t\t\t<i class=\"icon-edflask\"><\/i>\n\t\t\t<\/div>\n\t\t\t\t[vc_custom_heading text=&#8221;Charakteristika p\u0159edm\u011btu&#8221; font_container=&#8221;tag:h5|text_align:left|color:%23000000&#8243; use_theme_fonts=&#8221;yes&#8221; css=&#8221;.vc_custom_1699215631709{margin-bottom: 20px !important;padding-top: 10px !important;padding-left: 55px !important;}&#8221;][vc_column_text]Matematika rozv\u00edj\u00ed p\u0159edev\u0161\u00edm logick\u00e9 my\u0161len\u00ed, ale tak\u00e9 pam\u011b\u0165. Napom\u00e1h\u00e1 rozvoji abstraktn\u00edho my\u0161len\u00ed, vede ke srozumiteln\u00e9 a v\u011bcn\u00e9 argumentaci. U\u010d\u00ed pamatovat si pouze nejpot\u0159ebn\u011bj\u0161\u00ed informace a v\u0161e ostatn\u00ed si odvodit. \u017d\u00e1ci se u\u010d\u00ed samostatn\u011b \u0159e\u0161it probl\u00e9my a vyhled\u00e1vat nov\u00e9 v\u011bdomosti v odborn\u00e9 literatu\u0159e a na internetu. Vede \u017e\u00e1ky k samostatn\u00e9 tvo\u0159iv\u00e9 pr\u00e1ci. V\u00fdznamn\u00fdm aspektem je rozvoj geometrick\u00e9 p\u0159edstavivosti jak v rovin\u011b, tak v prostoru. T\u011b\u017ei\u0161t\u011b v\u00fduky spo\u010d\u00edv\u00e1 v aktivn\u00edm osvojen\u00ed strategie \u0159e\u0161en\u00ed \u00faloh a probl\u00e9m\u016f, v ovl\u00e1dnut\u00ed n\u00e1stroj\u016f pot\u0159ebn\u00fdch pro dal\u0161\u00ed studium i pro b\u011b\u017en\u00fd \u017eivot, v p\u011bstov\u00e1n\u00ed schopnosti aplikace.[\/vc_column_text][vc_row_inner][vc_column_inner width=&#8221;1\/2&#8243;][vc_btn title=&#8221;Voliteln\u00fd semin\u00e1\u0159&#8221; style=&#8221;classic&#8221; shape=&#8221;square&#8221; align=&#8221;left&#8221; i_icon_fontawesome=&#8221;fas fa-caret-right&#8221; button_block=&#8221;true&#8221; add_icon=&#8221;true&#8221; link=&#8221;url:https%3A%2F%2Fbigycb.cz%2Fbigy%2Fstudenti-a-rodice%2Fvolitelne-seminare%2F%23sm&#8221; css=&#8221;.vc_custom_1709288132079{margin-top: 0px !important;margin-left: 0px !important;}&#8221;][\/vc_column_inner][vc_column_inner width=&#8221;1\/2&#8243;][vc_btn title=&#8221;Maturitn\u00ed zkou\u0161ka&#8221; style=&#8221;classic&#8221; shape=&#8221;square&#8221; align=&#8221;left&#8221; i_icon_fontawesome=&#8221;fas fa-caret-right&#8221; button_block=&#8221;true&#8221; add_icon=&#8221;true&#8221; link=&#8221;url:https%3A%2F%2Fbigycb.cz%2Fbigy%2Fstudenti-a-rodice%2Fmaturitni-zkouska%2F|title:Maturitn%C3%AD%20zkou%C5%A1ka&#8221; css=&#8221;.vc_custom_1709288138190{margin-top: 0px !important;margin-left: 0px !important;}&#8221;][\/vc_column_inner][\/vc_row_inner][\/vc_column][vc_column width=&#8221;1\/2&#8243; css=&#8221;.vc_custom_1491471836694{margin-bottom: 0px !important;}&#8221;]\n\t\t\t\t\t<div class=\"wh-theme-icon vc_custom_1699215662014  scp_theme_icon-489ccd5d6db9029c39767ab7910ee91f\">\n\t\t\t\t<i class=\"icon-edtime\"><\/i>\n\t\t\t<\/div>\n\t\t\t\t[vc_custom_heading text=&#8221;\u010casov\u00e1 t\u00fddenn\u00ed dotace p\u0159edm\u011btu&#8221; font_container=&#8221;tag:h5|text_align:left|color:%23000000&#8243; use_theme_fonts=&#8221;yes&#8221; css=&#8221;.vc_custom_1709030918835{margin-bottom: 20px !important;padding-top: 10px !important;padding-left: 55px !important;}&#8221;][vc_tta_accordion shape=&#8221;square&#8221; color=&#8221;white&#8221; active_section=&#8221;&#8221; collapsible_all=&#8221;true&#8221;][vc_tta_section title=&#8221;Osmilet\u00e9 studium&#8221; tab_id=&#8221;1699217027004-c0215e8d-2aad&#8221;][vc_column_text]<\/p>\n<table>\n<tbody>\n<tr>\n<td width=\"63\"><strong>ro\u010d.<\/strong><\/td>\n<td width=\"68\">I.<\/td>\n<td width=\"68\">II.<\/td>\n<td width=\"68\">III.<\/td>\n<td width=\"68\">IV.<\/td>\n<td width=\"68\">V.<\/td>\n<td width=\"68\">VI.<\/td>\n<td width=\"68\">VII.<\/td>\n<td width=\"68\">VIII.<\/td>\n<\/tr>\n<tr>\n<td width=\"63\"><strong>hod.<\/strong><\/td>\n<td width=\"68\">4<\/td>\n<td width=\"68\">4<\/td>\n<td width=\"68\">4<\/td>\n<td width=\"68\">4<\/td>\n<td width=\"68\">4<\/td>\n<td width=\"68\">4<\/td>\n<td width=\"68\">3<\/td>\n<td width=\"68\">3<\/td>\n<\/tr>\n<\/tbody>\n<\/table>\n<p>[\/vc_column_text][\/vc_tta_section][vc_tta_section title=&#8221;\u0160estilet\u00e9 studium&#8221; tab_id=&#8221;1699217027021-fa992823-9822&#8243;][vc_column_text]<\/p>\n<table>\n<tbody>\n<tr>\n<td width=\"75\"><strong>ro\u010d.<\/strong><\/td>\n<td width=\"75\">I.<\/td>\n<td width=\"75\">II.<\/td>\n<td width=\"76\">III.<\/td>\n<td width=\"76\">IV.<\/td>\n<td width=\"76\">V.<\/td>\n<td width=\"76\">VI.<\/td>\n<\/tr>\n<tr>\n<td width=\"75\"><strong>hod.<\/strong><\/td>\n<td width=\"75\">4<\/td>\n<td width=\"75\">4<\/td>\n<td width=\"76\">4<\/td>\n<td width=\"76\">4<\/td>\n<td width=\"76\">3<\/td>\n<td width=\"76\">3<\/td>\n<\/tr>\n<\/tbody>\n<\/table>\n<p>[\/vc_column_text][\/vc_tta_section][vc_tta_section title=&#8221;\u0160estilet\u00e9 bilingvn\u00ed studium&#8221; tab_id=&#8221;1709030996331-1028715a-3681&#8243;][vc_column_text]<\/p>\n<table>\n<tbody>\n<tr>\n<td width=\"75\"><strong>ro\u010d.<\/strong><\/td>\n<td width=\"75\">I.<\/td>\n<td width=\"75\">II.<\/td>\n<td width=\"76\">III.<\/td>\n<td width=\"76\">IV.<\/td>\n<td width=\"76\">V.<\/td>\n<td width=\"76\">VI.<\/td>\n<\/tr>\n<tr>\n<td width=\"75\"><strong>hod.<\/strong><\/td>\n<td width=\"75\">3<\/td>\n<td width=\"75\">3<\/td>\n<td width=\"76\">4 (2)<\/td>\n<td width=\"76\">4 (2)<\/td>\n<td width=\"76\">4 (4)<\/td>\n<td width=\"76\">3 (3)<\/td>\n<\/tr>\n<\/tbody>\n<\/table>\n<ul>\n<li>\u010d\u00edsla v z\u00e1vorce ozna\u010duj\u00ed po\u010det hodin vyu\u010dovan\u00fdch ve \u0161pan\u011blsk\u00e9m jazyce z celkov\u00e9ho po\u010dtu hodin v dan\u00e9m ro\u010dn\u00edku<\/li>\n<\/ul>\n<p>[\/vc_column_text][\/vc_tta_section][vc_tta_section title=&#8221;\u010cty\u0159let\u00e9 studium&#8221; tab_id=&#8221;1699217284386-919907dc-43e3&#8243;][vc_column_text]<\/p>\n<table>\n<tbody>\n<tr>\n<td width=\"75\"><strong>ro\u010d.<\/strong><\/td>\n<td width=\"75\">I.<\/td>\n<td width=\"75\">II.<\/td>\n<td width=\"76\">III.<\/td>\n<td width=\"76\">IV.<\/td>\n<\/tr>\n<tr>\n<td width=\"75\"><strong>hod.<\/strong><\/td>\n<td width=\"75\">4<\/td>\n<td width=\"75\">4<\/td>\n<td width=\"76\">3<\/td>\n<td width=\"76\">3<\/td>\n<\/tr>\n<\/tbody>\n<\/table>\n<p>[\/vc_column_text][\/vc_tta_section][\/vc_tta_accordion][\/vc_column][\/vc_row][vc_row css=&#8221;.vc_custom_1488897097455{padding-top: 10px !important;}&#8221;][vc_column][vc_separator color=&#8221;white&#8221; border_width=&#8221;4&#8243; css=&#8221;.vc_custom_1699218140987{margin-bottom: 0px !important;}&#8221;][\/vc_column][\/vc_row][vc_row full_width=&#8221;stretch_row&#8221; css=&#8221;.vc_custom_1708682840574{background-color: #ededed !important;}&#8221;][vc_column css=&#8221;.vc_custom_1491470191130{margin-bottom: 0px !important;}&#8221;]\n\t\t\t\t\t<div class=\"wh-theme-icon vc_custom_1699218736388  scp_theme_icon-ad1c0f310d2ac00fa6e13d2e1d46b86d\">\n\t\t\t\t<i class=\"icon-edopen-book\"><\/i>\n\t\t\t<\/div>\n\t\t\t\t[vc_custom_heading text=&#8221;U\u010debnice, v\u00fdukov\u00e9 zdroje&#8221; font_container=&#8221;tag:h4|text_align:left&#8221; use_theme_fonts=&#8221;yes&#8221; css=&#8221;.vc_custom_1699217933988{margin-bottom: 20px !important;padding-top: 10px !important;padding-left: 55px !important;}&#8221;][vc_single_image image=&#8221;7297&#8243; img_size=&#8221;large&#8221; alignment=&#8221;center&#8221;][vc_single_image image=&#8221;7296&#8243; img_size=&#8221;large&#8221; alignment=&#8221;center&#8221;][vc_column_text]<\/p>\n<ul>\n<li>pozn.: u\u010debnice pro ni\u017e\u0161\u00ed gymn\u00e1zium zap\u016fj\u010duje \u0161kola<\/li>\n<\/ul>\n<p>[\/vc_column_text][\/vc_column][\/vc_row][vc_row css=&#8221;.vc_custom_1488897097455{padding-top: 10px !important;}&#8221;][vc_column css=&#8221;.vc_custom_1699219691642{padding: 20px !important;}&#8221;][vc_separator color=&#8221;white&#8221; border_width=&#8221;4&#8243; css=&#8221;.vc_custom_1699218140987{margin-bottom: 0px !important;}&#8221;][\/vc_column][\/vc_row][vc_row][vc_column width=&#8221;1\/2&#8243; css=&#8221;.vc_custom_1491470191130{margin-bottom: 0px !important;}&#8221;]\n\t\t\t\t\t<div class=\"wh-theme-icon vc_custom_1699219217176  scp_theme_icon-7d46c3c53898bc3e3c6e0067b81b72a4\">\n\t\t\t\t<i class=\"icon-edcup\"><\/i>\n\t\t\t<\/div>\n\t\t\t\t[vc_custom_heading text=&#8221;Projekty a sout\u011b\u017ee&#8221; font_container=&#8221;tag:h4|text_align:left&#8221; use_theme_fonts=&#8221;yes&#8221; css=&#8221;.vc_custom_1699219137756{margin-bottom: 20px !important;padding-top: 10px !important;padding-left: 55px !important;}&#8221;][vc_column_text]Matematick\u00e1 olympi\u00e1da, Logick\u00e1 olympi\u00e1da, Matematick\u00fd klokan, Pythagori\u00e1da, MaSo (t\u00fdmov\u00e1 matematick\u00e1 sout\u011b\u017e pro ni\u017e\u0161\u00ed gymn\u00e1zium po\u0159\u00e1dan\u00e1 MFF UK Praha), N\u00e1boj (mezin\u00e1rodn\u00ed matematick\u00e1 sout\u011b\u017e pro t\u00fdmy st\u0159edo\u0161kol\u00e1k\u016f)[\/vc_column_text][\/vc_column][vc_column width=&#8221;1\/2&#8243;]\n\t\t\t\t\t<div class=\"wh-theme-icon vc_custom_1699219452175  scp_theme_icon-74ec9114453c2a71fe77e48fa0050817\">\n\t\t\t\t<i class=\"icon-edforest\"><\/i>\n\t\t\t<\/div>\n\t\t\t\t[vc_custom_heading text=&#8221;Exkurze&#8221; font_container=&#8221;tag:h4|text_align:left&#8221; use_theme_fonts=&#8221;yes&#8221; css=&#8221;.vc_custom_1699219397656{margin-bottom: 20px !important;padding-top: 10px !important;padding-left: 55px !important;}&#8221;][vc_column_text][\/vc_column_text][\/vc_column][\/vc_row][vc_row full_width=&#8221;stretch_row_content&#8221;][vc_column][vc_separator border_width=&#8221;4&#8243; css=&#8221;.vc_custom_1699219561915{padding: 20px !important;}&#8221;][\/vc_column][\/vc_row][vc_row][vc_column][vc_column_text]<\/p>\n<h3>\u010cl\u00e1nky z kategorie Matematika<\/h3>\n<p>[\/vc_column_text][\/vc_column][\/vc_row][vc_row][vc_column][vc_basic_grid post_type=&#8221;post&#8221; max_items=&#8221;9&#8243; item=&#8221;basicGrid_ScaleInWithRotation&#8221; grid_id=&#8221;vc_gid:1728302769213-ab8106a3-69c5-4&#8243; taxonomies=&#8221;49&#8243;][\/vc_column][\/vc_row]<\/p>\n","protected":false},"excerpt":{"rendered":"<p>[vc_row][vc_column css=&#8221;.vc_custom_1490017614850{margin-bottom: 30px !important;}&#8221;][vc_custom_heading text=&#8221;Matematika&#8221; font_container=&#8221;tag:h1|text_align:left&#8221; use_theme_fonts=&#8221;yes&#8221; css=&#8221;.vc_custom_1708682491017{margin-top: 0px !important;margin-bottom: 20px !important;}&#8221;][\/vc_column][\/vc_row][vc_row css=&#8221;.vc_custom_1701531047147{background-color: #f2f2f2 !important;}&#8221;][vc_column width=&#8221;1\/2&#8243; css=&#8221;.vc_custom_1701859770904{margin-top: 0px !important;margin-right: 0px&nbsp;<a href=\"https:\/\/bigycb.cz\/bigy\/predmetove-komise\/matematika\/\">&hellip;<\/a><\/p>\n","protected":false},"author":1,"featured_media":0,"parent":5796,"menu_order":0,"comment_status":"closed","ping_status":"closed","template":"template-sidebar-right-childpages.php","meta":{"footnotes":""},"class_list":["post-6454","page","type-page","status-publish","hentry","odd"],"_links":{"self":[{"href":"https:\/\/bigycb.cz\/bigy\/wp-json\/wp\/v2\/pages\/6454","targetHints":{"allow":["GET"]}}],"collection":[{"href":"https:\/\/bigycb.cz\/bigy\/wp-json\/wp\/v2\/pages"}],"about":[{"href":"https:\/\/bigycb.cz\/bigy\/wp-json\/wp\/v2\/types\/page"}],"author":[{"embeddable":true,"href":"https:\/\/bigycb.cz\/bigy\/wp-json\/wp\/v2\/users\/1"}],"replies":[{"embeddable":true,"href":"https:\/\/bigycb.cz\/bigy\/wp-json\/wp\/v2\/comments?post=6454"}],"version-history":[{"count":13,"href":"https:\/\/bigycb.cz\/bigy\/wp-json\/wp\/v2\/pages\/6454\/revisions"}],"predecessor-version":[{"id":8448,"href":"https:\/\/bigycb.cz\/bigy\/wp-json\/wp\/v2\/pages\/6454\/revisions\/8448"}],"up":[{"embeddable":true,"href":"https:\/\/bigycb.cz\/bigy\/wp-json\/wp\/v2\/pages\/5796"}],"wp:attachment":[{"href":"https:\/\/bigycb.cz\/bigy\/wp-json\/wp\/v2\/media?parent=6454"}],"curies":[{"name":"wp","href":"https:\/\/api.w.org\/{rel}","templated":true}]}}