{"id":6118,"date":"2024-01-02T07:28:54","date_gmt":"2024-01-02T06:28:54","guid":{"rendered":"https:\/\/bigycb.cz\/bigy\/?page_id=6118"},"modified":"2024-01-02T07:28:54","modified_gmt":"2024-01-02T06:28:54","slug":"ochrana-oznamovatelu","status":"publish","type":"page","link":"https:\/\/bigycb.cz\/bigy\/o-skole\/ochrana-oznamovatelu\/","title":{"rendered":"Ochrana oznamovatel\u016f"},"content":{"rendered":"<h1>Ochrana oznamovatel\u016f<\/h1>\n<p><em>Na z\u00e1klad\u011b ustanoven\u00ed \u00a7 9 odst. 2 p\u00edsm. b) z\u00e1kona \u010d. 171\/2023 Sb., o ochran\u011b oznamovatel\u016f, mus\u00ed povinn\u00fd subjekt zve\u0159ejnit n\u00e1sleduj\u00edc\u00ed text sv\u00fdch internetov\u00fdch str\u00e1nk\u00e1ch:<\/em><\/p>\n<p>Biskupsk\u00e9 gymn\u00e1zium J. N. Neumanna, c\u00edrkevn\u00ed z\u00e1kladn\u00ed \u0161kola a z\u00e1kladn\u00ed um\u011bleck\u00e1 \u0161kola \u010cesk\u00e9 Bud\u011bjovice si uv\u011bdomuje, \u017ee sv\u00e9 \u00fakoly m\u016f\u017ee \u0159\u00e1dn\u011b plnit pouze v\u00a0prost\u0159ed\u00ed vz\u00e1jemn\u00e9 d\u016fv\u011bry. Proto jsme v\u00a0souladu se z\u00e1konem \u010d. 171\/2023 Sb., o ochran\u011b oznamovatel\u016f, z\u0159\u00eddili vnit\u0159n\u00ed oznamovac\u00ed syst\u00e9m, prost\u0159ednictv\u00edm kter\u00e9ho m\u016f\u017eete podat ozn\u00e1men\u00ed o\u00a0mo\u017en\u00e9m protipr\u00e1vn\u00edm jedn\u00e1n\u00ed, k\u00a0n\u011bmu\u017e v\u00a0r\u00e1mci Biskupsk\u00e9ho gymn\u00e1zia J. N. Neumanna, c\u00edrkevn\u00ed z\u00e1kladn\u00ed \u0161koly a z\u00e1kladn\u00ed um\u011bleck\u00e9 \u0161koly \u010cesk\u00e9 Bud\u011bjovice ji\u017e do\u0161lo, nebo ke kter\u00e9mu m\u00e1 doj\u00edt v\u00a0budoucnu. Pod\u00e1n\u00ed ozn\u00e1men\u00ed p\u0159isp\u011bje ke sn\u00ed\u017een\u00ed rizika protipr\u00e1vn\u00edho jedn\u00e1n\u00ed a ke zlep\u0161en\u00ed fungov\u00e1n\u00ed Biskupsk\u00e9ho gymn\u00e1zia J. N. Neumanna, c\u00edrkevn\u00ed z\u00e1kladn\u00ed \u0161koly a z\u00e1kladn\u00ed um\u011bleck\u00e9 \u0161koly \u010cesk\u00e9 Bud\u011bjovice.<\/p>\n<h3><strong>Jak mohu podat ozn\u00e1men\u00ed?<\/strong><\/h3>\n<p>Opr\u00e1vn\u011bn\u00ed oznamovatel\u00e9 mohou ozn\u00e1men\u00ed podle uveden\u00e9ho z\u00e1kona podat<\/p>\n<ul>\n<li>prost\u0159ednictv\u00edm formul\u00e1\u0159e na webov\u00fdch str\u00e1nk\u00e1ch,<\/li>\n<li>telefonicky na \u010d\u00edsle 776\u00a0164 256,<\/li>\n<li>e-mailem na adrese <a href=\"mailto:whistleblowing.gzz@gmail.com\">whistleblowing.gzz@gmail.com<\/a>,<\/li>\n<li>osobn\u011b v\u00a0term\u00ednu a m\u00edst\u011b dohodnut\u00e9m telefonicky nebo e-mailem.<\/li>\n<\/ul>\n<p>Aby bylo mo\u017en\u00e9 Va\u0161e ozn\u00e1men\u00ed \u0159\u00e1dn\u011b pro\u0161et\u0159it, pros\u00edme o pe\u010dliv\u00e9 vypln\u011bn\u00ed cel\u00e9ho formul\u00e1\u0159e. Uve\u010fte, pros\u00edme, co nejv\u00edce informac\u00ed, kter\u00e9 v\u00edte:<\/p>\n<ul>\n<li>Popi\u0161te jedn\u00e1n\u00ed a osoby, kter\u00fdch se t\u00fdk\u00e1.<\/li>\n<li>Kdy a kde k\u202fud\u00e1losti do\u0161lo, jak dlouho trvala?<\/li>\n<li>Kdy a jak jste se o n\u00ed dozv\u011bd\u011bl\/a?<\/li>\n<li>Kdo o ud\u00e1losti v\u00ed?<\/li>\n<li>Informoval\/a jste o ud\u00e1losti ji\u017e n\u011bkoho, jako nap\u0159. va\u0161eho nad\u0159\u00edzen\u00e9ho nebo veden\u00ed?<\/li>\n<li>P\u0159ipojte k ozn\u00e1men\u00ed dokumenty, kter\u00e9 se ud\u00e1losti t\u00fdkaj\u00ed, pokud je m\u00e1te k dispozici.<\/li>\n<\/ul>\n<h3><strong>Kdo m\u016f\u017ee podat ozn\u00e1men\u00ed?<\/strong><\/h3>\n<p>Vnit\u0159n\u00ed oznamovac\u00ed syst\u00e9m je ur\u010den pro zam\u011bstnance, osoby ve slu\u017eebn\u00edm pom\u011bru, st\u00e1\u017eisty, \u00fa\u010dastn\u00edky odborn\u00e9 praxe a\u00a0dobrovoln\u00edky. Rozhodli jsme se vylou\u010dit p\u0159ij\u00edm\u00e1n\u00ed ozn\u00e1men\u00ed od osob, kter\u00e9 pro Biskupsk\u00e9 gymn\u00e1zium J. N. Neumanna, c\u00edrkevn\u00ed z\u00e1kladn\u00ed \u0161kolu a z\u00e1kladn\u00ed um\u011bleckou \u0161kolu \u010cesk\u00e9 Bud\u011bjovice nevykon\u00e1vaj\u00ed pr\u00e1ci nebo jinou obdobnou \u010dinnost podle ustanoven\u00ed \u00a7 2 odst. 3 p\u00edsm. a), b), h) nebo i) z\u00e1kona o ochran\u011b oznamovatel\u016f. Vnit\u0159n\u00ed oznamovac\u00ed syst\u00e9m nen\u00ed ur\u010den pro \u0159e\u0161en\u00ed ot\u00e1zek b\u011b\u017en\u00e9ho obchodn\u00edho styku ani vy\u0159izov\u00e1n\u00ed ozn\u00e1men\u00ed o jedn\u00e1n\u00ed v\u00a0r\u00e1mci jin\u00fdch subjekt\u016f.<\/p>\n<h3><strong>Co se s\u00a0ozn\u00e1men\u00edm stane po jeho odesl\u00e1n\u00ed?<\/strong><\/h3>\n<p>Ozn\u00e1men\u00ed bude doru\u010deno tzv. p\u0159\u00edslu\u0161n\u00e9 osob\u011b, kter\u00e1 vyhodnot\u00ed jeho d\u016fvodnost, pro\u0161et\u0159\u00ed ozn\u00e1men\u00e9 jedn\u00e1n\u00ed a navrhne Biskupsk\u00e9mu gymn\u00e1ziu, c\u00edrkevn\u00ed z\u00e1kladn\u00ed \u0161kole a z\u00e1kladn\u00ed um\u011bleck\u00e9 \u0161kole \u010cesk\u00e9 Bud\u011bjovice, jak mu p\u0159edej\u00edt nebo jej napravit. Uji\u0161\u0165ujeme V\u00e1s, \u017ee se ozn\u00e1men\u00edmi budeme pe\u010dliv\u011b zab\u00fdvat. Aby bylo garantov\u00e1no jeho \u0159\u00e1dn\u00e9 pro\u0161et\u0159en\u00ed, jmenovali jsme p\u0159\u00edslu\u0161nou osobou <strong>Ing. Michaelu Kudl\u00e1\u010dkovou<\/strong> (e-mail <a href=\"mailto:whistleblowing.gzz@gmail.com\">whistleblowing.gzz@gmail.com<\/a>, telefon <strong>776\u00a0164 256<\/strong>. O postupu zpracov\u00e1n\u00ed ozn\u00e1men\u00ed budete pravideln\u011b informov\u00e1ni.<\/p>\n<h3><strong>Kdo bude zn\u00e1t moji identitu?<\/strong><\/h3>\n<p>Podm\u00ednkou pod\u00e1n\u00ed ozn\u00e1men\u00ed je uveden\u00ed identifika\u010dn\u00edch \u00fadaj\u016f oznamovatele. Nicm\u00e9n\u011b, stejn\u011b jako cel\u00fd text ozn\u00e1men\u00ed, i identifika\u010dn\u00ed \u00fadaje uvid\u00ed pouze p\u0159\u00edslu\u0161n\u00e1 osoba, a to za \u00fa\u010delem d\u016fsledn\u00e9ho vy\u0161et\u0159en\u00ed oznamovan\u00e9ho jedn\u00e1n\u00ed. Uji\u0161\u0165ujeme V\u00e1s, \u017ee ve\u0161ker\u00e1 komunikace s\u00a0V\u00e1mi z\u016fstane d\u016fv\u011brn\u00e1. Zaru\u010dujeme, \u017ee v\u00a0souladu s\u00a0po\u017eadavky z\u00e1kona p\u0159\u00edslu\u0161n\u00e1 osoba bez Va\u0161eho p\u00edsemn\u00e9ho souhlasu nikomu nep\u0159ed\u00e1 Va\u0161e identifika\u010dn\u00ed \u00fadaje ani text ozn\u00e1men\u00ed.<\/p>\n<h3><strong>Mohu podat ozn\u00e1men\u00ed anonymn\u011b?<\/strong><\/h3>\n<p>Ne. Ozn\u00e1men\u00ed bez identifika\u010dn\u00edch \u00fadaj\u016f oznamovatele se nekvalifikuje jako ozn\u00e1men\u00ed podle z\u00e1kona o ochran\u011b oznamovatel\u016f. Jeho zn\u011bn\u00ed bude mimo vnit\u0159n\u00ed oznamovac\u00ed syst\u00e9m p\u0159ed\u00e1no jako informativn\u00ed podn\u011bt veden\u00ed Biskupsk\u00e9mu gymn\u00e1ziu J. N. Neumanna, c\u00edrkevn\u00ed z\u00e1kladn\u00ed \u0161kole a z\u00e1kladn\u00ed um\u011bleck\u00e9 \u0161kole \u010cesk\u00e9 Bud\u011bjovice.<\/p>\n<h3><strong>Jak\u00e9 jedn\u00e1n\u00ed m\u00e1m ozn\u00e1mit?<\/strong><\/h3>\n<p>Vnit\u0159n\u00ed oznamovac\u00ed syst\u00e9m je ur\u010den pro ozn\u00e1men\u00ed jedn\u00e1n\u00ed, kter\u00e9 poru\u0161uje pr\u00e1vn\u00ed p\u0159edpisy sv\u011btsk\u00e9ho pr\u00e1va. Ozn\u00e1men\u00ed o poru\u0161en\u00ed kanonickopr\u00e1vn\u00edch nebo mor\u00e1ln\u00edch norem se nekvalifikuje jako ozn\u00e1men\u00ed podle z\u00e1kona o ochran\u011b oznamovatel\u016f. Jeho zn\u011bn\u00ed bez identifika\u010dn\u00edch \u00fadaj\u016f oznamovatele bude mimo vnit\u0159n\u00ed oznamovac\u00ed syst\u00e9m p\u0159ed\u00e1no jako informativn\u00ed podn\u011bt veden\u00ed Biskupsk\u00e9mu gymn\u00e1ziu J. N. Neumanna, c\u00edrkevn\u00ed z\u00e1kladn\u00ed \u0161kole a z\u00e1kladn\u00ed um\u011bleck\u00e9 \u0161kole \u010cesk\u00e9 Bud\u011bjovice.<\/p>\n<h3><strong>Vystavuji se pod\u00e1n\u00edm ozn\u00e1men\u00ed n\u011bjak\u00e9mu riziku?<\/strong><\/h3>\n<p>Pod\u00e1n\u00ed v\u011bdom\u011b nepravdiv\u00e9ho ozn\u00e1men\u00ed je p\u0159estupkem podle z\u00e1kona o ochran\u011b oznamovatel\u016f, za n\u011b\u017e hroz\u00ed ulo\u017een\u00ed pokuty ve v\u00fd\u0161i do 50\u00a0000 K\u010d. \u010cestn\u00e9mu oznamovateli v\u0161ak \u017e\u00e1dn\u00e9 nebezpe\u010dn\u00ed nehroz\u00ed. Va\u0161e identita i text ozn\u00e1men\u00ed budou zn\u00e1my v\u00fdhradn\u011b p\u0159\u00edslu\u0161n\u00e9 osob\u011b. Biskupsk\u00e9 gymn\u00e1zium V\u00e1s za pod\u00e1n\u00ed ozn\u00e1men\u00ed nesm\u00ed \u017e\u00e1dn\u00fdm zp\u016fsobem postihovat.<\/p>\n<h3><strong>M\u00e1m je\u0161t\u011b jin\u00e9 mo\u017enosti ozn\u00e1men\u00ed protipr\u00e1vn\u00edho jedn\u00e1n\u00ed?<\/strong><\/h3>\n<p>Ozn\u00e1men\u00ed lze tak\u00e9 podat extern\u00edm oznamovac\u00edm syst\u00e9mem na str\u00e1nk\u00e1ch Ministerstva spravedlnosti. Upozor\u0148ujeme ale, \u017ee k t\u011bmto ozn\u00e1men\u00edm nem\u00e1me p\u0159\u00edstup a nem\u016f\u017eeme tak nastavit p\u0159\u00edpadn\u00e1 n\u00e1pravn\u00e1 opat\u0159en\u00ed.<\/p>\n<p>&nbsp;<\/p>\n<p><a class=\"file_button\" href=\"https:\/\/bigycb.cz\/bigy\/wp-content\/uploads\/formular_oznameni_protipravniho_jednani.pdf\"><img loading=\"lazy\" decoding=\"async\" src=\"https:\/\/bigycb.cz\/bigy\/wp-content\/uploads\/icopdf-25x25.png\" alt=\"\" width=\"25\" height=\"25\" \/>Formul\u00e1\u0159 pro oznamov\u00e1n\u00ed protipr\u00e1vn\u00edho jedn\u00e1n\u00ed<\/a><\/p>\n","protected":false},"excerpt":{"rendered":"<p>Ochrana oznamovatel\u016f Na z\u00e1klad\u011b ustanoven\u00ed \u00a7 9 odst. 2 p\u00edsm. b) z\u00e1kona \u010d. 171\/2023 Sb., o ochran\u011b oznamovatel\u016f, mus\u00ed povinn\u00fd&nbsp;<a href=\"https:\/\/bigycb.cz\/bigy\/o-skole\/ochrana-oznamovatelu\/\">&hellip;<\/a><\/p>\n","protected":false},"author":1,"featured_media":0,"parent":494,"menu_order":0,"comment_status":"closed","ping_status":"closed","template":"","meta":{"footnotes":""},"class_list":["post-6118","page","type-page","status-publish","hentry","odd"],"_links":{"self":[{"href":"https:\/\/bigycb.cz\/bigy\/wp-json\/wp\/v2\/pages\/6118","targetHints":{"allow":["GET"]}}],"collection":[{"href":"https:\/\/bigycb.cz\/bigy\/wp-json\/wp\/v2\/pages"}],"about":[{"href":"https:\/\/bigycb.cz\/bigy\/wp-json\/wp\/v2\/types\/page"}],"author":[{"embeddable":true,"href":"https:\/\/bigycb.cz\/bigy\/wp-json\/wp\/v2\/users\/1"}],"replies":[{"embeddable":true,"href":"https:\/\/bigycb.cz\/bigy\/wp-json\/wp\/v2\/comments?post=6118"}],"version-history":[{"count":3,"href":"https:\/\/bigycb.cz\/bigy\/wp-json\/wp\/v2\/pages\/6118\/revisions"}],"predecessor-version":[{"id":6122,"href":"https:\/\/bigycb.cz\/bigy\/wp-json\/wp\/v2\/pages\/6118\/revisions\/6122"}],"up":[{"embeddable":true,"href":"https:\/\/bigycb.cz\/bigy\/wp-json\/wp\/v2\/pages\/494"}],"wp:attachment":[{"href":"https:\/\/bigycb.cz\/bigy\/wp-json\/wp\/v2\/media?parent=6118"}],"curies":[{"name":"wp","href":"https:\/\/api.w.org\/{rel}","templated":true}]}}