{"id":5977,"date":"2024-03-05T10:43:22","date_gmt":"2024-03-05T09:43:22","guid":{"rendered":"https:\/\/bigycb.cz\/bigy\/?page_id=5977"},"modified":"2024-10-07T14:05:36","modified_gmt":"2024-10-07T12:05:36","slug":"chemie","status":"publish","type":"page","link":"https:\/\/bigycb.cz\/bigy\/predmetove-komise\/chemie\/","title":{"rendered":"Chemie"},"content":{"rendered":"<p>[vc_row][vc_column css=&#8221;.vc_custom_1490017614850{margin-bottom: 30px !important;}&#8221;][vc_custom_heading text=&#8221;Chemie&#8221; font_container=&#8221;tag:h1|text_align:left&#8221; use_theme_fonts=&#8221;yes&#8221; css=&#8221;.vc_custom_1701867642074{margin-top: 0px !important;margin-bottom: 20px !important;}&#8221;][\/vc_column][\/vc_row][vc_row css=&#8221;.vc_custom_1701531047147{background-color: #f2f2f2 !important;}&#8221;][vc_column width=&#8221;3\/5&#8243; css=&#8221;.vc_custom_1701859770904{margin-top: 0px !important;margin-right: 0px !important;margin-bottom: 0px !important;margin-left: 0px !important;padding-top: 0px !important;padding-right: 0px !important;padding-bottom: 0px !important;padding-left: 0px !important;}&#8221;]\n\t\t\t\t\t<div class=\"wh-theme-icon vc_custom_1699217723581  scp_theme_icon-0389e141ec2f1da1df14850ff1304d8f\">\n\t\t\t\t<i class=\"icon-edic_supervisor_account\"><\/i>\n\t\t\t<\/div>\n\t\t\t\t[vc_custom_heading text=&#8221;Vyu\u010duj\u00edc\u00ed&#8221; font_container=&#8221;tag:h4|text_align:left&#8221; use_theme_fonts=&#8221;yes&#8221; css=&#8221;.vc_custom_1699218683435{margin-bottom: 20px !important;padding-top: 10px !important;padding-left: 55px !important;}&#8221;][vc_column_text css=&#8221;.vc_custom_1728302734081{margin-bottom: 0px !important;padding-top: 0px !important;padding-right: 15px !important;padding-bottom: 0px !important;padding-left: 15px !important;}&#8221;]<\/p>\n<ul>\n<li><strong>RNDr. Zde\u0148ka Herdov\u00e1 (p\u0159edsedkyn\u011b)<\/strong><\/li>\n<li>Mgr. Lenka Bittov\u00e1,Ph.D.<\/li>\n<li>Mgr. Kate\u0159ina Drboutov\u00e1<\/li>\n<li>Ing. David Form\u00e1nek<\/li>\n<li>Mgr. Michal Vacek<\/li>\n<li><span class=\"abcfslSpanMP2\">\u00c1lvaro\u00a0<\/span><span class=\"abcfslSpanMP3\">Montejo Centeno<\/span><\/li>\n<\/ul>\n<p>[\/vc_column_text][vc_btn title=&#8221;Zobrazit kontakty \u00bb&#8221; style=&#8221;flat&#8221; shape=&#8221;square&#8221; color=&#8221;peacoc&#8221; size=&#8221;sm&#8221; align=&#8221;left&#8221; link=&#8221;url:https%3A%2F%2Fbigycb.cz%2Fbigy%2Fo-skole%2Fzamestnanci-skoly%2F%3Fstaff-category%3Ducitele&#8221; css=&#8221;.vc_custom_1709026903248{margin-top: 20px !important;margin-left: 20px !important;}&#8221;][\/vc_column][vc_column width=&#8221;2\/5&#8243; css=&#8221;.vc_custom_1701859666388{margin-bottom: 0px !important;padding-bottom: 0px !important;}&#8221; offset=&#8221;vc_col-sm-offset-0&#8243;][vc_single_image image=&#8221;7530&#8243; img_size=&#8221;full&#8221; alignment=&#8221;right&#8221; css=&#8221;.vc_custom_1716447928145{margin-right: 15px !important;margin-bottom: 0px !important;padding-bottom: 0px !important;}&#8221;][\/vc_column][\/vc_row][vc_row css=&#8221;.vc_custom_1701531638223{margin-top: 35px !important;margin-bottom: 35px !important;}&#8221;][vc_column width=&#8221;1\/2&#8243;]\n\t\t\t\t\t<div class=\"wh-theme-icon vc_custom_1701531593973  scp_theme_icon-cdaeaa8bed73aa5874b9d289a0ab8a8d\">\n\t\t\t\t<i class=\"icon-edflask\"><\/i>\n\t\t\t<\/div>\n\t\t\t\t[vc_custom_heading text=&#8221;Charakteristika p\u0159edm\u011btu&#8221; font_container=&#8221;tag:h5|text_align:left|color:%23000000&#8243; use_theme_fonts=&#8221;yes&#8221; css=&#8221;.vc_custom_1699215631709{margin-bottom: 20px !important;padding-top: 10px !important;padding-left: 55px !important;}&#8221;][vc_column_text]CHEMIE NA BIGY&#8230;<br \/>\nrozhodn\u011b nen\u00ed Popelkou. A to i p\u0159esto, \u017ee na\u0161e gymn\u00e1zium je proslul\u00e9 d\u016frazem na studium jazyk\u016f a humanitn\u00edch p\u0159edm\u011bt\u016f. V na\u0161em t\u00fdmu chemik\u00e1\u0159\u016f najdete erudovan\u00e9 profesion\u00e1ly s mnohaletou prax\u00ed, v\u011bdeck\u00e9 pracovn\u00edky s nad\u0161en\u00edm pro pedagogickou pr\u00e1ci i mlad\u00e9 absolventy pln\u00e9 energie a n\u00e1pad\u016f, jak \u201eob\u00e1vanou\u201c chemii student\u016fm p\u0159ibl\u00ed\u017eit. Budeme se sna\u017eit p\u0159esv\u011bd\u010dit v\u00e1s, \u017ee chemie je fascinuj\u00edc\u00ed a u\u017eite\u010dn\u00fd obor, kter\u00fd je sou\u010d\u00e1st\u00ed va\u0161ich ka\u017edodenn\u00edch \u017eivot\u016f, a\u0165 u\u017e se jedn\u00e1 o oby\u010dejnou zubn\u00ed pastu, l\u00e1hev miner\u00e1lky, mobiln\u00ed telefon \u010di kempingov\u00fd va\u0159i\u010d.<br \/>\nJakou \u010dasovou dotaci nab\u00edz\u00edme?<br \/>\nPro osmilet\u00e9 studium plat\u00ed, \u017ee chemie je vyu\u010dov\u00e1na od tercie do sexty. Prvn\u00ed 2 ro\u010dn\u00edky obsahuj\u00ed \u00favod do chemie obecn\u00e9, anorganick\u00e9 a organick\u00e9, v podstat\u011b s podobnou n\u00e1pln\u00ed jako na z\u00e1kladn\u00edch \u0161kol\u00e1ch. V kvint\u011b a sext\u011b jsou stejn\u00e1 t\u00e9mata probr\u00e1na znova a podrobn\u011bji.<br \/>\nPro \u0161estilet\u00e9 studium plat\u00ed, \u017ee chemie je vyu\u010dov\u00e1na od prvn\u00edho do \u010dtvrt\u00e9ho ro\u010dn\u00edku. Prvn\u00ed 2 ro\u010dn\u00edky obsahuj\u00ed \u00favod do chemie obecn\u00e9, anorganick\u00e9 a organick\u00e9, se stejnou n\u00e1pln\u00ed jako v osmilet\u00e9m cyklu. A podobn\u011b je tomu i d\u00e1l, ve t\u0159et\u00edm a \u010dtvrt\u00e9m roce jsou stejn\u00e1 t\u00e9mata probr\u00e1na znova a podrobn\u011bji.<br \/>\nPro \u010dty\u0159let\u00e9 studium plat\u00ed, \u017ee chemie je vyu\u010dov\u00e1na v prvn\u00edm a ve druh\u00e9m ro\u010dn\u00edku a obsahuje t\u00e9ma chemie obecn\u00e9, anorganick\u00e9 a organick\u00e9.<br \/>\nTeoretick\u00e1 v\u00fduka je po dobu dvou st\u0159edo\u0161kolsk\u00fdch let dopln\u011bna je\u0161t\u011b prac\u00ed ve \u0161koln\u00ed chemick\u00e9 laborato\u0159i.<br \/>\nV posledn\u00edch dvou ro\u010dn\u00edc\u00edch je chemie voliteln\u00fdm p\u0159edm\u011btem ve form\u011b p\u0159edmaturitn\u00edho a maturitn\u00edho semin\u00e1\u0159e, ka\u017ed\u00fd po \u010dty\u0159ech hodin\u00e1ch t\u00fddn\u011b. Smyslem tohoto semin\u00e1\u0159e je p\u0159ipravit studenty ke slo\u017een\u00ed maturitn\u00ed zkou\u0161ky a hlavn\u011b k p\u0159ij\u00edmac\u00edm zkou\u0161k\u00e1m na vysok\u00e9 \u0161koly.[\/vc_column_text][\/vc_column][vc_column width=&#8221;1\/2&#8243; css=&#8221;.vc_custom_1491471836694{margin-bottom: 0px !important;}&#8221;]\n\t\t\t\t\t<div class=\"wh-theme-icon vc_custom_1699215662014  scp_theme_icon-489ccd5d6db9029c39767ab7910ee91f\">\n\t\t\t\t<i class=\"icon-edtime\"><\/i>\n\t\t\t<\/div>\n\t\t\t\t[vc_custom_heading text=&#8221;\u010casov\u00e1 t\u00fddenn\u00ed dotace p\u0159edm\u011btu&#8221; font_container=&#8221;tag:h5|text_align:left|color:%23000000&#8243; use_theme_fonts=&#8221;yes&#8221; css=&#8221;.vc_custom_1709027164066{margin-bottom: 20px !important;padding-top: 10px !important;padding-left: 55px !important;}&#8221;][vc_tta_accordion shape=&#8221;square&#8221; color=&#8221;white&#8221; active_section=&#8221;&#8221; collapsible_all=&#8221;true&#8221;][vc_tta_section title=&#8221;Osmilet\u00e9 studium&#8221; tab_id=&#8221;1699217027004-c0215e8d-2aad&#8221;][vc_column_text]<\/p>\n<table>\n<tbody>\n<tr>\n<td width=\"75\"><strong>ro\u010d.<\/strong><\/td>\n<td width=\"75\">III.<\/td>\n<td width=\"75\">IV.<\/td>\n<td width=\"76\">V.<\/td>\n<td width=\"76\">VI.<\/td>\n<\/tr>\n<tr>\n<td width=\"75\"><strong>hod.<\/strong><\/td>\n<td width=\"75\">2<\/td>\n<td width=\"75\">2<\/td>\n<td width=\"76\">2,5<\/td>\n<td width=\"76\">2,5<\/td>\n<\/tr>\n<\/tbody>\n<\/table>\n<p>[\/vc_column_text][\/vc_tta_section][vc_tta_section title=&#8221;\u0160estilet\u00e9 studium&#8221; tab_id=&#8221;1699217027021-fa992823-9822&#8243;][vc_column_text]<\/p>\n<table>\n<tbody>\n<tr>\n<td width=\"75\"><strong>ro\u010d.<\/strong><\/td>\n<td width=\"75\">I.<\/td>\n<td width=\"75\">II.<\/td>\n<td width=\"76\">III.<\/td>\n<td width=\"76\">IV.<\/td>\n<\/tr>\n<tr>\n<td width=\"75\"><strong>hod.<\/strong><\/td>\n<td width=\"75\">2<\/td>\n<td width=\"75\">2<\/td>\n<td width=\"76\">2,5<\/td>\n<td width=\"76\">2,5<\/td>\n<\/tr>\n<\/tbody>\n<\/table>\n<p>[\/vc_column_text][\/vc_tta_section][vc_tta_section title=&#8221;\u0160estilet\u00e9 bilingvn\u00ed studium&#8221; tab_id=&#8221;1709027628468-9c57f301-981c&#8221;][vc_column_text]<\/p>\n<table>\n<tbody>\n<tr>\n<td width=\"75\"><strong>ro\u010d.<\/strong><\/td>\n<td width=\"75\">I.<\/td>\n<td width=\"75\">II.<\/td>\n<td width=\"76\">III.<\/td>\n<td width=\"76\">IV.<\/td>\n<\/tr>\n<tr>\n<td width=\"75\"><strong>hod.<\/strong><\/td>\n<td width=\"75\">2<\/td>\n<td width=\"75\">2<\/td>\n<td width=\"76\">2,5 (2)<\/td>\n<td width=\"76\">2,5<\/td>\n<\/tr>\n<\/tbody>\n<\/table>\n<ul>\n<li>\u010d\u00edsla v z\u00e1vorce ozna\u010duj\u00ed po\u010det hodin vyu\u010dovan\u00fdch ve \u0161pan\u011blsk\u00e9m jazyce z celkov\u00e9ho po\u010dtu hodin v dan\u00e9m ro\u010dn\u00edku.<\/li>\n<\/ul>\n<p>[\/vc_column_text][\/vc_tta_section][vc_tta_section title=&#8221;\u010cty\u0159let\u00e9 studium&#8221; tab_id=&#8221;1699217284386-919907dc-43e3&#8243;][vc_column_text]<\/p>\n<table>\n<tbody>\n<tr>\n<td width=\"75\"><strong>ro\u010d.<\/strong><\/td>\n<td width=\"75\">I.<\/td>\n<td width=\"75\">II.<\/td>\n<\/tr>\n<tr>\n<td width=\"75\"><strong>hod.<\/strong><\/td>\n<td width=\"75\">2,5<\/td>\n<td width=\"75\">2,5<\/td>\n<\/tr>\n<\/tbody>\n<\/table>\n<p>[\/vc_column_text][\/vc_tta_section][\/vc_tta_accordion][vc_row_inner][vc_column_inner width=&#8221;1\/2&#8243;][vc_btn title=&#8221;Voliteln\u00fd semin\u00e1\u0159&#8221; style=&#8221;classic&#8221; shape=&#8221;square&#8221; align=&#8221;left&#8221; i_icon_fontawesome=&#8221;fas fa-caret-right&#8221; button_block=&#8221;true&#8221; add_icon=&#8221;true&#8221; link=&#8221;url:https%3A%2F%2Fbigycb.cz%2Fbigy%2Fstudenti-a-rodice%2Fvolitelne-seminare%2F%23sch&#8221; css=&#8221;.vc_custom_1709206518995{margin-top: 0px !important;margin-left: 0px !important;}&#8221;][\/vc_column_inner][vc_column_inner width=&#8221;1\/2&#8243;][vc_btn title=&#8221;Maturitn\u00ed zkou\u0161ka&#8221; style=&#8221;classic&#8221; shape=&#8221;square&#8221; align=&#8221;left&#8221; i_icon_fontawesome=&#8221;fas fa-caret-right&#8221; button_block=&#8221;true&#8221; add_icon=&#8221;true&#8221; link=&#8221;url:https%3A%2F%2Fbigycb.cz%2Fbigy%2Fstudenti-a-rodice%2Fmaturitni-zkouska%2F|title:Maturitn%C3%AD%20zkou%C5%A1ka&#8221; css=&#8221;.vc_custom_1709206530575{margin-top: 0px !important;margin-left: 0px !important;}&#8221;][\/vc_column_inner][\/vc_row_inner][\/vc_column][\/vc_row][vc_row css=&#8221;.vc_custom_1488897097455{padding-top: 10px !important;}&#8221;][vc_column][vc_separator color=&#8221;white&#8221; border_width=&#8221;4&#8243; css=&#8221;.vc_custom_1699218140987{margin-bottom: 0px !important;}&#8221;][\/vc_column][\/vc_row][vc_row full_width=&#8221;stretch_row&#8221; css=&#8221;.vc_custom_1701866259751{background-color: #ededed !important;}&#8221;][vc_column css=&#8221;.vc_custom_1491470191130{margin-bottom: 0px !important;}&#8221;]\n\t\t\t\t\t<div class=\"wh-theme-icon vc_custom_1699218736388  scp_theme_icon-ad1c0f310d2ac00fa6e13d2e1d46b86d\">\n\t\t\t\t<i class=\"icon-edopen-book\"><\/i>\n\t\t\t<\/div>\n\t\t\t\t[vc_custom_heading text=&#8221;U\u010debnice, v\u00fdukov\u00e9 zdroje&#8221; font_container=&#8221;tag:h4|text_align:left&#8221; use_theme_fonts=&#8221;yes&#8221; css=&#8221;.vc_custom_1699217933988{margin-bottom: 20px !important;padding-top: 10px !important;padding-left: 55px !important;}&#8221;][vc_media_grid element_width=&#8221;3&#8243; gap=&#8221;10&#8243; item=&#8221;mediaGrid_SimpleOverlay&#8221; grid_id=&#8221;vc_gid:1728302724892-a06e2061-8b33-10&#8243; include=&#8221;7283,7284,7285&#8243; css=&#8221;.vc_custom_1714468572664{padding-top: 15px !important;padding-right: 15px !important;padding-left: 15px !important;}&#8221;][vc_column_text]<\/p>\n<ul>\n<li><a href=\"https:\/\/www.e-chembook.eu\/\" target=\"_blank\" rel=\"noopener\">www.e-chembook.eu<\/a><\/li>\n<\/ul>\n<p>[\/vc_column_text][\/vc_column][\/vc_row][vc_row css=&#8221;.vc_custom_1488897097455{padding-top: 10px !important;}&#8221;][vc_column css=&#8221;.vc_custom_1699219691642{padding: 20px !important;}&#8221;][vc_separator color=&#8221;white&#8221; border_width=&#8221;4&#8243; css=&#8221;.vc_custom_1699218140987{margin-bottom: 0px !important;}&#8221;][\/vc_column][\/vc_row][vc_row][vc_column width=&#8221;1\/2&#8243; css=&#8221;.vc_custom_1491470191130{margin-bottom: 0px !important;}&#8221;]\n\t\t\t\t\t<div class=\"wh-theme-icon vc_custom_1699219217176  scp_theme_icon-7d46c3c53898bc3e3c6e0067b81b72a4\">\n\t\t\t\t<i class=\"icon-edcup\"><\/i>\n\t\t\t<\/div>\n\t\t\t\t[vc_custom_heading text=&#8221;Projekty a sout\u011b\u017ee&#8221; font_container=&#8221;tag:h4|text_align:left&#8221; use_theme_fonts=&#8221;yes&#8221; css=&#8221;.vc_custom_1699219137756{margin-bottom: 20px !important;padding-top: 10px !important;padding-left: 55px !important;}&#8221;][vc_column_text]<\/p>\n<ul>\n<li>Hodiny modern\u00ed chemie V\u0160CHT<\/li>\n<li>Fotografick\u00e1 sout\u011b\u017e<\/li>\n<li>Chemick\u00e1 olympi\u00e1da:\n<ul>\n<li>Kategorie D (tercie a kvarta)<\/li>\n<li>Kategorie C (1. a 2. ro\u010dn\u00edk)<\/li>\n<li>Kategorie B (3. a 4. ro\u010dn\u00edk)<\/li>\n<\/ul>\n<\/li>\n<\/ul>\n<p>[\/vc_column_text][\/vc_column][vc_column width=&#8221;1\/2&#8243;]\n\t\t\t\t\t<div class=\"wh-theme-icon vc_custom_1699219452175  scp_theme_icon-74ec9114453c2a71fe77e48fa0050817\">\n\t\t\t\t<i class=\"icon-edforest\"><\/i>\n\t\t\t<\/div>\n\t\t\t\t[vc_custom_heading text=&#8221;Exkurze&#8221; font_container=&#8221;tag:h4|text_align:left&#8221; use_theme_fonts=&#8221;yes&#8221; css=&#8221;.vc_custom_1699219397656{margin-bottom: 20px !important;padding-top: 10px !important;padding-left: 55px !important;}&#8221;][vc_column_text]<\/p>\n<ul>\n<li>\u010cisti\u010dka odpadn\u00ed vod Hrd\u011bjovice<\/li>\n<li>Jadern\u00e1 elektr\u00e1rna Temel\u00edn<\/li>\n<li>Nav\u0161t\u011bva pivovaru Budvar\/Samson<\/li>\n<li>Linec \u017eelez\u00e1rny<\/li>\n<li>Grafitov\u00fd d\u016fl \u010c. Krumlov<\/li>\n<li>Den s chemi\u00ed na P\u0159F JU<\/li>\n<li>Den s p\u0159\u00edrodn\u00edmi v\u011bdami na V\u00fdstavi\u0161ti v Praze<\/li>\n<\/ul>\n<p>[\/vc_column_text][\/vc_column][\/vc_row][vc_row full_width=&#8221;stretch_row_content&#8221;][vc_column][vc_separator border_width=&#8221;4&#8243; css=&#8221;.vc_custom_1699219561915{padding: 20px !important;}&#8221;][\/vc_column][\/vc_row][vc_row][vc_column][vc_column_text]<\/p>\n<h3>\u010cl\u00e1nky z kategorie Chemie<\/h3>\n<p>[\/vc_column_text][\/vc_column][\/vc_row][vc_row][vc_column][vc_basic_grid post_type=&#8221;post&#8221; max_items=&#8221;9&#8243; item=&#8221;basicGrid_ScaleInWithRotation&#8221; grid_id=&#8221;vc_gid:1728302724893-8e99a9e3-3759-1&#8243; taxonomies=&#8221;41&#8243;][\/vc_column][\/vc_row]<\/p>\n","protected":false},"excerpt":{"rendered":"<p>[vc_row][vc_column css=&#8221;.vc_custom_1490017614850{margin-bottom: 30px !important;}&#8221;][vc_custom_heading text=&#8221;Chemie&#8221; font_container=&#8221;tag:h1|text_align:left&#8221; use_theme_fonts=&#8221;yes&#8221; css=&#8221;.vc_custom_1701867642074{margin-top: 0px !important;margin-bottom: 20px !important;}&#8221;][\/vc_column][\/vc_row][vc_row css=&#8221;.vc_custom_1701531047147{background-color: #f2f2f2 !important;}&#8221;][vc_column width=&#8221;3\/5&#8243; css=&#8221;.vc_custom_1701859770904{margin-top: 0px !important;margin-right: 0px&nbsp;<a href=\"https:\/\/bigycb.cz\/bigy\/predmetove-komise\/chemie\/\">&hellip;<\/a><\/p>\n","protected":false},"author":1,"featured_media":0,"parent":5796,"menu_order":0,"comment_status":"closed","ping_status":"closed","template":"template-sidebar-right-childpages.php","meta":{"footnotes":""},"class_list":["post-5977","page","type-page","status-publish","hentry","odd"],"_links":{"self":[{"href":"https:\/\/bigycb.cz\/bigy\/wp-json\/wp\/v2\/pages\/5977","targetHints":{"allow":["GET"]}}],"collection":[{"href":"https:\/\/bigycb.cz\/bigy\/wp-json\/wp\/v2\/pages"}],"about":[{"href":"https:\/\/bigycb.cz\/bigy\/wp-json\/wp\/v2\/types\/page"}],"author":[{"embeddable":true,"href":"https:\/\/bigycb.cz\/bigy\/wp-json\/wp\/v2\/users\/1"}],"replies":[{"embeddable":true,"href":"https:\/\/bigycb.cz\/bigy\/wp-json\/wp\/v2\/comments?post=5977"}],"version-history":[{"count":14,"href":"https:\/\/bigycb.cz\/bigy\/wp-json\/wp\/v2\/pages\/5977\/revisions"}],"predecessor-version":[{"id":8447,"href":"https:\/\/bigycb.cz\/bigy\/wp-json\/wp\/v2\/pages\/5977\/revisions\/8447"}],"up":[{"embeddable":true,"href":"https:\/\/bigycb.cz\/bigy\/wp-json\/wp\/v2\/pages\/5796"}],"wp:attachment":[{"href":"https:\/\/bigycb.cz\/bigy\/wp-json\/wp\/v2\/media?parent=5977"}],"curies":[{"name":"wp","href":"https:\/\/api.w.org\/{rel}","templated":true}]}}