{"id":5975,"date":"2024-03-05T10:40:13","date_gmt":"2024-03-05T09:40:13","guid":{"rendered":"https:\/\/bigycb.cz\/bigy\/?page_id=5975"},"modified":"2024-05-24T13:26:17","modified_gmt":"2024-05-24T11:26:17","slug":"hudebni-vychova","status":"publish","type":"page","link":"https:\/\/bigycb.cz\/bigy\/predmetove-komise\/hudebni-vychova\/","title":{"rendered":"Hudebn\u00ed v\u00fdchova"},"content":{"rendered":"<p>[vc_row][vc_column css=&#8221;.vc_custom_1490017614850{margin-bottom: 30px !important;}&#8221;][vc_custom_heading text=&#8221;Hudebn\u00ed v\u00fdchova&#8221; font_container=&#8221;tag:h1|text_align:left&#8221; use_theme_fonts=&#8221;yes&#8221; css=&#8221;.vc_custom_1701867188986{margin-top: 0px !important;margin-bottom: 20px !important;}&#8221;][\/vc_column][\/vc_row][vc_row css=&#8221;.vc_custom_1701531047147{background-color: #f2f2f2 !important;}&#8221;][vc_column width=&#8221;3\/5&#8243; css=&#8221;.vc_custom_1701859770904{margin-top: 0px !important;margin-right: 0px !important;margin-bottom: 0px !important;margin-left: 0px !important;padding-top: 0px !important;padding-right: 0px !important;padding-bottom: 0px !important;padding-left: 0px !important;}&#8221;]\n\t\t\t\t\t<div class=\"wh-theme-icon vc_custom_1699217723581  scp_theme_icon-0389e141ec2f1da1df14850ff1304d8f\">\n\t\t\t\t<i class=\"icon-edic_supervisor_account\"><\/i>\n\t\t\t<\/div>\n\t\t\t\t[vc_custom_heading text=&#8221;Vyu\u010duj\u00edc\u00ed&#8221; font_container=&#8221;tag:h4|text_align:left&#8221; use_theme_fonts=&#8221;yes&#8221; css=&#8221;.vc_custom_1699218683435{margin-bottom: 20px !important;padding-top: 10px !important;padding-left: 55px !important;}&#8221;][vc_column_text css=&#8221;.vc_custom_1709026896706{margin-bottom: 0px !important;padding-top: 0px !important;padding-right: 15px !important;padding-bottom: 0px !important;padding-left: 15px !important;}&#8221;]<\/p>\n<ul>\n<li><strong>Mgr. Jitka Kadlecov\u00e1 (p\u0159edsedkyn\u011b)<\/strong><\/li>\n<li>Mgr. Anna Vo\u0159\u00ed\u0161kov\u00e1<\/li>\n<li>Mgr. Kamila Pelik\u00e1nov\u00e1<\/li>\n<\/ul>\n<p>[\/vc_column_text][vc_btn title=&#8221;Zobrazit kontakty \u00bb&#8221; style=&#8221;flat&#8221; shape=&#8221;square&#8221; color=&#8221;peacoc&#8221; size=&#8221;sm&#8221; align=&#8221;left&#8221; link=&#8221;url:https%3A%2F%2Fbigycb.cz%2Fbigy%2Fo-skole%2Fzamestnanci-skoly%2F%3Fstaff-category%3Ducitele&#8221; css=&#8221;.vc_custom_1709026903248{margin-top: 20px !important;margin-left: 20px !important;}&#8221;][\/vc_column][vc_column width=&#8221;2\/5&#8243; css=&#8221;.vc_custom_1701859666388{margin-bottom: 0px !important;padding-bottom: 0px !important;}&#8221; offset=&#8221;vc_col-sm-offset-0&#8243;][vc_single_image image=&#8221;7560&#8243; img_size=&#8221;full&#8221; alignment=&#8221;right&#8221; css=&#8221;.vc_custom_1716549936949{margin-right: 60px !important;margin-bottom: 0px !important;padding-bottom: 0px !important;}&#8221;][\/vc_column][\/vc_row][vc_row css=&#8221;.vc_custom_1701531638223{margin-top: 35px !important;margin-bottom: 35px !important;}&#8221;][vc_column width=&#8221;1\/2&#8243;]\n\t\t\t\t\t<div class=\"wh-theme-icon vc_custom_1701531593973  scp_theme_icon-cdaeaa8bed73aa5874b9d289a0ab8a8d\">\n\t\t\t\t<i class=\"icon-edflask\"><\/i>\n\t\t\t<\/div>\n\t\t\t\t[vc_custom_heading text=&#8221;Charakteristika p\u0159edm\u011btu&#8221; font_container=&#8221;tag:h5|text_align:left|color:%23000000&#8243; use_theme_fonts=&#8221;yes&#8221; css=&#8221;.vc_custom_1699215631709{margin-bottom: 20px !important;padding-top: 10px !important;padding-left: 55px !important;}&#8221;][vc_column_text]Hudebn\u00ed v\u00fdchova je na na\u0161em gymn\u00e1ziu vyu\u010dov\u00e1na ve t\u0159ech z\u00e1kladn\u00edch etap\u00e1ch. Na ni\u017e\u0161\u00edm gymn\u00e1ziu je nejv\u00edce prostoru v\u011bnov\u00e1no praktick\u00e9mu muz\u00edc\u00edrov\u00e1n\u00ed (zp\u011bvu, hran\u00ed na boomwhackers, ukulele, rytmick\u00e9 n\u00e1stroje&#8230;). Sna\u017e\u00edme se studenty podpo\u0159it, aby nem\u011bli strach se aktivn\u011b zapojit. Nezapom\u00edn\u00e1me na tradi\u010dn\u00ed reperot\u00e1r, ale neboj\u00edme se ani aktu\u00e1ln\u00edch &#8220;hit\u016f&#8221;. Na vy\u0161\u0161\u00edm gymn\u00e1ziu se studenti seznamuj\u00ed s ucelen\u00fdm v\u00fdvojem &#8220;klasick\u00e9&#8221; hudby v kontextu jednotliv\u00fdch historick\u00fdch obdob\u00ed. Z\u00e1jemci se pak v posledn\u00edch dvou ro\u010dn\u00edc\u00edch studia mohou p\u0159ihl\u00e1sit na semin\u00e1\u0159 estetick\u00e9 v\u00fdchovy, kter\u00fd kombinuje HV a VV a slou\u017e\u00ed jako p\u0159\u00edprava k maturitn\u00edm a p\u0159ij\u00edmac\u00edm zkou\u0161k\u00e1m. Hudebn\u00ed nad\u0161enci se mohou nad r\u00e1mec hodin HV realizovat i ve \u0161koln\u00edm Bigysboru.[\/vc_column_text][vc_row_inner][vc_column_inner width=&#8221;1\/2&#8243;][vc_btn title=&#8221;Voliteln\u00fd semin\u00e1\u0159&#8221; style=&#8221;classic&#8221; shape=&#8221;square&#8221; align=&#8221;left&#8221; i_icon_fontawesome=&#8221;fas fa-caret-right&#8221; button_block=&#8221;true&#8221; add_icon=&#8221;true&#8221; link=&#8221;url:https%3A%2F%2Fbigycb.cz%2Fbigy%2Fstudenti-a-rodice%2Fvolitelne-seminare%2F%23sev&#8221; css=&#8221;.vc_custom_1709205748350{margin-top: 0px !important;margin-left: 0px !important;}&#8221;][\/vc_column_inner][vc_column_inner width=&#8221;1\/2&#8243;][vc_btn title=&#8221;Maturitn\u00ed zkou\u0161ka&#8221; style=&#8221;classic&#8221; shape=&#8221;square&#8221; align=&#8221;left&#8221; i_icon_fontawesome=&#8221;fas fa-caret-right&#8221; button_block=&#8221;true&#8221; add_icon=&#8221;true&#8221; link=&#8221;url:https%3A%2F%2Fbigycb.cz%2Fbigy%2Fstudenti-a-rodice%2Fmaturitni-zkouska%2F|title:Maturitn%C3%AD%20zkou%C5%A1ka&#8221; css=&#8221;.vc_custom_1709205756400{margin-top: 0px !important;margin-left: 0px !important;}&#8221;][\/vc_column_inner][\/vc_row_inner][\/vc_column][vc_column width=&#8221;1\/2&#8243; css=&#8221;.vc_custom_1491471836694{margin-bottom: 0px !important;}&#8221;]\n\t\t\t\t\t<div class=\"wh-theme-icon vc_custom_1699215662014  scp_theme_icon-489ccd5d6db9029c39767ab7910ee91f\">\n\t\t\t\t<i class=\"icon-edtime\"><\/i>\n\t\t\t<\/div>\n\t\t\t\t[vc_custom_heading text=&#8221;\u010casov\u00e1 t\u00fddenn\u00ed dotace p\u0159edm\u011btu&#8221; font_container=&#8221;tag:h5|text_align:left|color:%23000000&#8243; use_theme_fonts=&#8221;yes&#8221; css=&#8221;.vc_custom_1709026922327{margin-bottom: 20px !important;padding-top: 10px !important;padding-left: 55px !important;}&#8221;][vc_tta_accordion shape=&#8221;square&#8221; color=&#8221;white&#8221; active_section=&#8221;&#8221; collapsible_all=&#8221;true&#8221;][vc_tta_section title=&#8221;Osmilet\u00e9 studium&#8221; tab_id=&#8221;1699217027004-c0215e8d-2aad&#8221;][vc_column_text]<\/p>\n<table>\n<tbody>\n<tr>\n<td width=\"75\"><strong>ro\u010d.<\/strong><\/td>\n<td width=\"75\">I.<\/td>\n<td width=\"75\">II.<\/td>\n<td width=\"76\">III.<\/td>\n<td width=\"76\">IV.<\/td>\n<td width=\"76\">V.<\/td>\n<td width=\"76\">VI.<\/td>\n<\/tr>\n<tr>\n<td width=\"75\"><strong>hod.<\/strong><\/td>\n<td width=\"75\">1<\/td>\n<td width=\"75\">1<\/td>\n<td width=\"76\">1<\/td>\n<td width=\"76\">1<\/td>\n<td width=\"76\">1<\/td>\n<td width=\"76\">1<\/td>\n<\/tr>\n<\/tbody>\n<\/table>\n<p>[\/vc_column_text][\/vc_tta_section][vc_tta_section title=&#8221;\u0160estilet\u00e9 studium&#8221; tab_id=&#8221;1699217027021-fa992823-9822&#8243;][vc_column_text]<\/p>\n<table>\n<tbody>\n<tr>\n<td width=\"75\"><strong>ro\u010d.<\/strong><\/td>\n<td width=\"75\">I.<\/td>\n<td width=\"75\">II.<\/td>\n<td width=\"76\">III.<\/td>\n<td width=\"76\">IV.<\/td>\n<\/tr>\n<tr>\n<td width=\"75\"><strong>hod.<\/strong><\/td>\n<td width=\"75\">1<\/td>\n<td width=\"75\">1<\/td>\n<td width=\"76\">1<\/td>\n<td width=\"76\">1<\/td>\n<\/tr>\n<\/tbody>\n<\/table>\n<p>[\/vc_column_text][\/vc_tta_section][vc_tta_section title=&#8221;\u0160estilet\u00e9 bilingvn\u00ed studium&#8221; tab_id=&#8221;1709027001228-0776207e-f112&#8243;][vc_column_text]<\/p>\n<table>\n<tbody>\n<tr>\n<td width=\"75\"><strong>ro\u010d.<\/strong><\/td>\n<td width=\"75\">I.<\/td>\n<td width=\"75\">II.<\/td>\n<td width=\"76\">III.<\/td>\n<td width=\"76\">IV.<\/td>\n<\/tr>\n<tr>\n<td width=\"75\"><strong>hod.<\/strong><\/td>\n<td width=\"75\">1<\/td>\n<td width=\"75\">1<\/td>\n<td width=\"76\">1<\/td>\n<td width=\"76\">1<\/td>\n<\/tr>\n<\/tbody>\n<\/table>\n<p>[\/vc_column_text][\/vc_tta_section][vc_tta_section title=&#8221;\u010cty\u0159let\u00e9 studium&#8221; tab_id=&#8221;1699217284386-919907dc-43e3&#8243;][vc_column_text]<\/p>\n<table>\n<tbody>\n<tr>\n<td width=\"75\"><strong>ro\u010d.<\/strong><\/td>\n<td width=\"75\">I.<\/td>\n<td width=\"75\">II.<\/td>\n<\/tr>\n<tr>\n<td width=\"75\"><strong>hod.<\/strong><\/td>\n<td width=\"75\">1<\/td>\n<td width=\"75\">1<\/td>\n<\/tr>\n<\/tbody>\n<\/table>\n<p>[\/vc_column_text][\/vc_tta_section][\/vc_tta_accordion][\/vc_column][\/vc_row][vc_row css=&#8221;.vc_custom_1488897097455{padding-top: 10px !important;}&#8221;][vc_column][vc_separator color=&#8221;white&#8221; border_width=&#8221;4&#8243; css=&#8221;.vc_custom_1699218140987{margin-bottom: 0px !important;}&#8221;][\/vc_column][\/vc_row][vc_row full_width=&#8221;stretch_row&#8221; css=&#8221;.vc_custom_1701866259751{background-color: #ededed !important;}&#8221;][vc_column css=&#8221;.vc_custom_1491470191130{margin-bottom: 0px !important;}&#8221;]\n\t\t\t\t\t<div class=\"wh-theme-icon vc_custom_1699218736388  scp_theme_icon-ad1c0f310d2ac00fa6e13d2e1d46b86d\">\n\t\t\t\t<i class=\"icon-edopen-book\"><\/i>\n\t\t\t<\/div>\n\t\t\t\t[vc_custom_heading text=&#8221;U\u010debnice, v\u00fdukov\u00e9 zdroje&#8221; font_container=&#8221;tag:h4|text_align:left&#8221; use_theme_fonts=&#8221;yes&#8221; css=&#8221;.vc_custom_1699217933988{margin-bottom: 20px !important;padding-top: 10px !important;padding-left: 55px !important;}&#8221;][vc_single_image image=&#8221;7278&#8243; img_size=&#8221;large&#8221; onclick=&#8221;link_image&#8221; css=&#8221;.vc_custom_1714467931009{padding: 15px !important;}&#8221;][\/vc_column][\/vc_row][vc_row css=&#8221;.vc_custom_1488897097455{padding-top: 10px !important;}&#8221;][vc_column css=&#8221;.vc_custom_1699219691642{padding: 20px !important;}&#8221;][vc_separator color=&#8221;white&#8221; border_width=&#8221;4&#8243; css=&#8221;.vc_custom_1699218140987{margin-bottom: 0px !important;}&#8221;][\/vc_column][\/vc_row][vc_row][vc_column width=&#8221;1\/2&#8243; css=&#8221;.vc_custom_1491470191130{margin-bottom: 0px !important;}&#8221;]\n\t\t\t\t\t<div class=\"wh-theme-icon vc_custom_1699219217176  scp_theme_icon-7d46c3c53898bc3e3c6e0067b81b72a4\">\n\t\t\t\t<i class=\"icon-edcup\"><\/i>\n\t\t\t<\/div>\n\t\t\t\t[vc_custom_heading text=&#8221;Projekty a sout\u011b\u017ee&#8221; font_container=&#8221;tag:h4|text_align:left&#8221; use_theme_fonts=&#8221;yes&#8221; css=&#8221;.vc_custom_1699219137756{margin-bottom: 20px !important;padding-top: 10px !important;padding-left: 55px !important;}&#8221;][vc_column_text]<\/p>\n<ul>\n<li>Jiho\u010desk\u00fd zvonek &#8211; p\u011bveck\u00e1 sout\u011b\u017e zam\u011b\u0159en\u00e1 na ne\u0161kolen\u00e9 zp\u011bv\u00e1ky ve v\u011bku \u017e\u00e1k\u016f Z\u0160<\/li>\n<li>Gymnasia Cantant &#8211; sout\u011b\u017e gymnazi\u00e1ln\u00edch p\u011bveck\u00fdch sbor\u016f<\/li>\n<li>Absolventsk\u00fd ve\u010der maturant\u016f<\/li>\n<\/ul>\n<p>[\/vc_column_text][\/vc_column][vc_column width=&#8221;1\/2&#8243;]\n\t\t\t\t\t<div class=\"wh-theme-icon vc_custom_1699219452175  scp_theme_icon-74ec9114453c2a71fe77e48fa0050817\">\n\t\t\t\t<i class=\"icon-edforest\"><\/i>\n\t\t\t<\/div>\n\t\t\t\t[vc_custom_heading text=&#8221;Exkurze&#8221; font_container=&#8221;tag:h4|text_align:left&#8221; use_theme_fonts=&#8221;yes&#8221; css=&#8221;.vc_custom_1699219397656{margin-bottom: 20px !important;padding-top: 10px !important;padding-left: 55px !important;}&#8221;][vc_column_text]<\/p>\n<ul>\n<li>Opera Jiho\u010desk\u00e9ho divadla<\/li>\n<li>Z\u00e1jezd do Rudolfina<\/li>\n<\/ul>\n<p>[\/vc_column_text][\/vc_column][\/vc_row][vc_row full_width=&#8221;stretch_row_content&#8221;][vc_column][vc_separator border_width=&#8221;4&#8243; css=&#8221;.vc_custom_1699219561915{padding: 20px !important;}&#8221;][\/vc_column][\/vc_row][vc_row][vc_column][vc_column_text]<\/p>\n<h3>\u010cl\u00e1nky z kategorie Hudebn\u00ed v\u00fdchova<\/h3>\n<p>[\/vc_column_text][\/vc_column][\/vc_row][vc_row][vc_column][vc_basic_grid post_type=&#8221;post&#8221; max_items=&#8221;9&#8243; item=&#8221;basicGrid_ScaleInWithRotation&#8221; grid_id=&#8221;vc_gid:1716549918635-40dd183d-6614-2&#8243; taxonomies=&#8221;46&#8243;][\/vc_column][\/vc_row]<\/p>\n","protected":false},"excerpt":{"rendered":"<p>[vc_row][vc_column css=&#8221;.vc_custom_1490017614850{margin-bottom: 30px !important;}&#8221;][vc_custom_heading text=&#8221;Hudebn\u00ed v\u00fdchova&#8221; font_container=&#8221;tag:h1|text_align:left&#8221; use_theme_fonts=&#8221;yes&#8221; css=&#8221;.vc_custom_1701867188986{margin-top: 0px !important;margin-bottom: 20px !important;}&#8221;][\/vc_column][\/vc_row][vc_row css=&#8221;.vc_custom_1701531047147{background-color: #f2f2f2 !important;}&#8221;][vc_column width=&#8221;3\/5&#8243; css=&#8221;.vc_custom_1701859770904{margin-top: 0px !important;margin-right:&nbsp;<a href=\"https:\/\/bigycb.cz\/bigy\/predmetove-komise\/hudebni-vychova\/\">&hellip;<\/a><\/p>\n","protected":false},"author":1,"featured_media":0,"parent":5796,"menu_order":0,"comment_status":"closed","ping_status":"closed","template":"template-sidebar-right-childpages.php","meta":{"footnotes":""},"class_list":["post-5975","page","type-page","status-publish","hentry","odd"],"_links":{"self":[{"href":"https:\/\/bigycb.cz\/bigy\/wp-json\/wp\/v2\/pages\/5975","targetHints":{"allow":["GET"]}}],"collection":[{"href":"https:\/\/bigycb.cz\/bigy\/wp-json\/wp\/v2\/pages"}],"about":[{"href":"https:\/\/bigycb.cz\/bigy\/wp-json\/wp\/v2\/types\/page"}],"author":[{"embeddable":true,"href":"https:\/\/bigycb.cz\/bigy\/wp-json\/wp\/v2\/users\/1"}],"replies":[{"embeddable":true,"href":"https:\/\/bigycb.cz\/bigy\/wp-json\/wp\/v2\/comments?post=5975"}],"version-history":[{"count":15,"href":"https:\/\/bigycb.cz\/bigy\/wp-json\/wp\/v2\/pages\/5975\/revisions"}],"predecessor-version":[{"id":7561,"href":"https:\/\/bigycb.cz\/bigy\/wp-json\/wp\/v2\/pages\/5975\/revisions\/7561"}],"up":[{"embeddable":true,"href":"https:\/\/bigycb.cz\/bigy\/wp-json\/wp\/v2\/pages\/5796"}],"wp:attachment":[{"href":"https:\/\/bigycb.cz\/bigy\/wp-json\/wp\/v2\/media?parent=5975"}],"curies":[{"name":"wp","href":"https:\/\/api.w.org\/{rel}","templated":true}]}}