{"id":5973,"date":"2024-03-05T10:39:49","date_gmt":"2024-03-05T09:39:49","guid":{"rendered":"https:\/\/bigycb.cz\/bigy\/?page_id=5973"},"modified":"2024-10-07T14:04:58","modified_gmt":"2024-10-07T12:04:58","slug":"fyzika","status":"publish","type":"page","link":"https:\/\/bigycb.cz\/bigy\/predmetove-komise\/fyzika\/","title":{"rendered":"Fyzika"},"content":{"rendered":"<p>[vc_row][vc_column css=&#8221;.vc_custom_1490017614850{margin-bottom: 30px !important;}&#8221;][vc_custom_heading text=&#8221;Fyzika&#8221; font_container=&#8221;tag:h1|text_align:left&#8221; use_theme_fonts=&#8221;yes&#8221; css=&#8221;.vc_custom_1701866484354{margin-top: 0px !important;margin-bottom: 20px !important;}&#8221;][\/vc_column][\/vc_row][vc_row css=&#8221;.vc_custom_1701531047147{background-color: #f2f2f2 !important;}&#8221;][vc_column width=&#8221;1\/2&#8243; css=&#8221;.vc_custom_1701859770904{margin-top: 0px !important;margin-right: 0px !important;margin-bottom: 0px !important;margin-left: 0px !important;padding-top: 0px !important;padding-right: 0px !important;padding-bottom: 0px !important;padding-left: 0px !important;}&#8221;]\n\t\t\t\t\t<div class=\"wh-theme-icon vc_custom_1699217723581  scp_theme_icon-0389e141ec2f1da1df14850ff1304d8f\">\n\t\t\t\t<i class=\"icon-edic_supervisor_account\"><\/i>\n\t\t\t<\/div>\n\t\t\t\t[vc_custom_heading text=&#8221;Vyu\u010duj\u00edc\u00ed&#8221; font_container=&#8221;tag:h4|text_align:left&#8221; use_theme_fonts=&#8221;yes&#8221; css=&#8221;.vc_custom_1699218683435{margin-bottom: 20px !important;padding-top: 10px !important;padding-left: 55px !important;}&#8221;][vc_column_text css=&#8221;.vc_custom_1728302696738{margin-bottom: 0px !important;padding-top: 0px !important;padding-right: 15px !important;padding-bottom: 0px !important;padding-left: 15px !important;}&#8221;]<\/p>\n<ul>\n<li><strong>Mgr. V\u00e1clav \u0160louf, Ph.D. (p\u0159edseda)<\/strong><\/li>\n<li>Mgr. Milena Kukr\u00e1lov\u00e1<\/li>\n<li>Bc. Tereza Patlejchov\u00e1<\/li>\n<li>Mgr. Michal Plematl<\/li>\n<li><span class=\"abcfslSpanMP2\">\u00c1lvaro\u00a0<\/span><span class=\"abcfslSpanMP3\">Montejo Centeno<\/span><\/li>\n<li>Mgr. Nikola Vondr\u00e1kov\u00e1<\/li>\n<\/ul>\n<p>[\/vc_column_text][vc_btn title=&#8221;Zobrazit kontakty \u00bb&#8221; style=&#8221;flat&#8221; shape=&#8221;square&#8221; color=&#8221;peacoc&#8221; size=&#8221;sm&#8221; align=&#8221;left&#8221; link=&#8221;url:https%3A%2F%2Fbigycb.cz%2Fbigy%2Fo-skole%2Fzamestnanci-skoly%2F%3Fstaff-category%3Ducitele&#8221; css=&#8221;.vc_custom_1709026312660{margin-top: 20px !important;margin-left: 20px !important;}&#8221;][\/vc_column][vc_column width=&#8221;1\/2&#8243; css=&#8221;.vc_custom_1701859666388{margin-bottom: 0px !important;padding-bottom: 0px !important;}&#8221; offset=&#8221;vc_col-sm-offset-0&#8243;][vc_single_image image=&#8221;7535&#8243; img_size=&#8221;full&#8221; alignment=&#8221;right&#8221; css=&#8221;.vc_custom_1716449562789{margin-bottom: 0px !important;padding-bottom: 0px !important;}&#8221;][\/vc_column][\/vc_row][vc_row css=&#8221;.vc_custom_1701531638223{margin-top: 35px !important;margin-bottom: 35px !important;}&#8221;][vc_column width=&#8221;1\/2&#8243;]\n\t\t\t\t\t<div class=\"wh-theme-icon vc_custom_1701531593973  scp_theme_icon-cdaeaa8bed73aa5874b9d289a0ab8a8d\">\n\t\t\t\t<i class=\"icon-edflask\"><\/i>\n\t\t\t<\/div>\n\t\t\t\t[vc_custom_heading text=&#8221;Charakteristika p\u0159edm\u011btu&#8221; font_container=&#8221;tag:h5|text_align:left|color:%23000000&#8243; use_theme_fonts=&#8221;yes&#8221; css=&#8221;.vc_custom_1699215631709{margin-bottom: 20px !important;padding-top: 10px !important;padding-left: 55px !important;}&#8221;][vc_column_text]Motto v\u00fduky fyziky na Bigy je n\u00e1sleduj\u00edc\u00ed: &#8220;Experimentuj, pamatuj si m\u00e1lo a odvo\u010f hodn\u011b.&#8221; Ve v\u00fduce fyziky se tedy sna\u017e\u00edme pevn\u011b ukotvit z\u00e1kladn\u00ed principy a z nich pak spolu s \u017e\u00e1ky odvozovat slo\u017eit\u011bj\u0161\u00ed koncepty. Ned\u00edlnou sou\u010d\u00e1st\u00ed hodin je front\u00e1ln\u00ed, ale p\u0159edev\u0161\u00edm \u017e\u00e1kovsk\u00e9 experimentov\u00e1n\u00ed. Na ni\u017e\u0161\u00edm gymn\u00e1ziu se sna\u017e\u00edme do v\u00fduky za\u0159azovat sp\u00ed\u0161e jednodu\u0161\u0161\u00ed experimenty se snaz\u0161\u00ed interpretac\u00ed. Na vy\u0161\u0161\u00edm gymn\u00e1ziu se pak soust\u0159ed\u00edme na komplikovan\u011bj\u0161\u00ed experimenty se senzory Vernier, kter\u00e9 vedou nejen k lep\u0161\u00edmu pochopen\u00ed fyzik\u00e1ln\u00edch jev\u016f, ale tak\u00e9 k prohlouben\u00ed schopnosti porozum\u011bt graf\u016fm \u010di pracovat s daty.<\/p>\n<p>P\u0159edm\u011bt Fyzika je jako povinn\u00fd vyu\u010dov\u00e1n nap\u0159\u00ed\u010d v\u0161emi studijn\u00edmi programy gymn\u00e1zia od sekundy do druh\u00e9ho ro\u010dn\u00edku vy\u0161\u0161\u00edho gymn\u00e1zia. Ve v\u0161ech zm\u00edn\u011bn\u00fdch ro\u010dn\u00edc\u00edch je fyzika dotov\u00e1na dv\u011bma hodinami t\u00fddn\u011b s v\u00fdjimkou prvn\u00edho ro\u010dn\u00edku vy\u0161\u0161\u00edho gymn\u00e1zia, v n\u011bm\u017e je za\u0159azena hodina t\u00fddn\u011b nav\u00edc na laboratorn\u00ed pr\u00e1ce. N\u00e1sledn\u011b si \u017e\u00e1k m\u016f\u017ee zvolit semin\u00e1\u0159 v posledn\u00edch dvou ro\u010dn\u00edc\u00edch studia (Semin\u00e1\u0159 z fyziky), nebo pouze v posledn\u00edm roce (Semin\u00e1\u0159 z fyziky pro mediky).[\/vc_column_text][vc_row_inner][vc_column_inner width=&#8221;1\/2&#8243;][vc_btn title=&#8221;Voliteln\u00fd semin\u00e1\u0159&#8221; style=&#8221;classic&#8221; shape=&#8221;square&#8221; align=&#8221;left&#8221; i_icon_fontawesome=&#8221;fas fa-caret-right&#8221; button_block=&#8221;true&#8221; add_icon=&#8221;true&#8221; link=&#8221;url:https%3A%2F%2Fbigycb.cz%2Fbigy%2Fstudenti-a-rodice%2Fvolitelne-seminare%2F%23sfy&#8221; css=&#8221;.vc_custom_1709205609910{margin-top: 0px !important;margin-left: 0px !important;}&#8221;][\/vc_column_inner][vc_column_inner width=&#8221;1\/2&#8243;][vc_btn title=&#8221;Maturitn\u00ed zkou\u0161ka&#8221; style=&#8221;classic&#8221; shape=&#8221;square&#8221; align=&#8221;left&#8221; i_icon_fontawesome=&#8221;fas fa-caret-right&#8221; button_block=&#8221;true&#8221; add_icon=&#8221;true&#8221; link=&#8221;url:https%3A%2F%2Fbigycb.cz%2Fbigy%2Fstudenti-a-rodice%2Fmaturitni-zkouska%2F|title:Maturitn%C3%AD%20zkou%C5%A1ka&#8221; css=&#8221;.vc_custom_1709205619264{margin-top: 0px !important;margin-left: 0px !important;}&#8221;][\/vc_column_inner][\/vc_row_inner][\/vc_column][vc_column width=&#8221;1\/2&#8243; css=&#8221;.vc_custom_1491471836694{margin-bottom: 0px !important;}&#8221;]\n\t\t\t\t\t<div class=\"wh-theme-icon vc_custom_1699215662014  scp_theme_icon-489ccd5d6db9029c39767ab7910ee91f\">\n\t\t\t\t<i class=\"icon-edtime\"><\/i>\n\t\t\t<\/div>\n\t\t\t\t[vc_custom_heading text=&#8221;\u010casov\u00e1 t\u00fddenn\u00ed dotace p\u0159edm\u011btu&#8221; font_container=&#8221;tag:h5|text_align:left|color:%23000000&#8243; use_theme_fonts=&#8221;yes&#8221; css=&#8221;.vc_custom_1709026326641{margin-bottom: 20px !important;padding-top: 10px !important;padding-left: 55px !important;}&#8221;][vc_tta_accordion shape=&#8221;square&#8221; color=&#8221;white&#8221; active_section=&#8221;&#8221; collapsible_all=&#8221;true&#8221;][vc_tta_section title=&#8221;Osmilet\u00e9 studium&#8221; tab_id=&#8221;1699217027004-c0215e8d-2aad&#8221;][vc_column_text]<\/p>\n<table>\n<tbody>\n<tr>\n<td width=\"75\"><strong>ro\u010d.<\/strong><\/td>\n<td width=\"75\">II.<\/td>\n<td width=\"75\">III.<\/td>\n<td width=\"76\">IV.<\/td>\n<td width=\"76\">V.<\/td>\n<td width=\"76\">VI.<\/td>\n<\/tr>\n<tr>\n<td width=\"75\"><strong>hod.<\/strong><\/td>\n<td width=\"75\">2<\/td>\n<td width=\"75\">2<\/td>\n<td width=\"76\">2<\/td>\n<td width=\"76\">3<\/td>\n<td width=\"76\">2<\/td>\n<\/tr>\n<\/tbody>\n<\/table>\n<p>[\/vc_column_text][\/vc_tta_section][vc_tta_section title=&#8221;\u0160estilet\u00e9 studium&#8221; tab_id=&#8221;1699217027021-fa992823-9822&#8243;][vc_column_text]<\/p>\n<table>\n<tbody>\n<tr>\n<td width=\"75\"><strong>ro\u010d.<\/strong><\/td>\n<td width=\"75\">I.<\/td>\n<td width=\"75\">II.<\/td>\n<td width=\"76\">III.<\/td>\n<td width=\"76\">IV.<\/td>\n<\/tr>\n<tr>\n<td width=\"75\"><strong>hod.<\/strong><\/td>\n<td width=\"75\">2<\/td>\n<td width=\"75\">2<\/td>\n<td width=\"76\">3<\/td>\n<td width=\"76\">2<\/td>\n<\/tr>\n<\/tbody>\n<\/table>\n<p>[\/vc_column_text][\/vc_tta_section][vc_tta_section title=&#8221;\u0160estilet\u00e9 bilingvn\u00ed studium&#8221; tab_id=&#8221;1709026792106-8340a045-23eb&#8221;][vc_column_text]<\/p>\n<table>\n<tbody>\n<tr>\n<td width=\"75\"><strong>ro\u010d.<\/strong><\/td>\n<td width=\"75\">I.<\/td>\n<td width=\"75\">II.<\/td>\n<td width=\"76\">III.<\/td>\n<td width=\"76\">IV.<\/td>\n<\/tr>\n<tr>\n<td width=\"75\"><strong>hod.<\/strong><\/td>\n<td width=\"75\">2<\/td>\n<td width=\"75\">2<\/td>\n<td width=\"76\">3 (2)<\/td>\n<td width=\"76\">2 (2)<\/td>\n<\/tr>\n<\/tbody>\n<\/table>\n<ul>\n<li>\u010d\u00edsla v z\u00e1vorce ozna\u010duj\u00ed po\u010det hodin vyu\u010dovan\u00fdch ve \u0161pan\u011blsk\u00e9m jazyce z celkov\u00e9ho po\u010dtu hodin v dan\u00e9m ro\u010dn\u00edku.<\/li>\n<\/ul>\n<p>[\/vc_column_text][\/vc_tta_section][vc_tta_section title=&#8221;\u010cty\u0159let\u00e9 studium&#8221; tab_id=&#8221;1699217284386-919907dc-43e3&#8243;][vc_column_text]<\/p>\n<table>\n<tbody>\n<tr>\n<td width=\"75\"><strong>ro\u010d.<\/strong><\/td>\n<td width=\"75\">I.<\/td>\n<td width=\"75\">II.<\/td>\n<\/tr>\n<tr>\n<td width=\"75\"><strong>hod.<\/strong><\/td>\n<td width=\"75\">3<\/td>\n<td width=\"75\">2<\/td>\n<\/tr>\n<\/tbody>\n<\/table>\n<p>[\/vc_column_text][\/vc_tta_section][\/vc_tta_accordion][\/vc_column][\/vc_row][vc_row css=&#8221;.vc_custom_1488897097455{padding-top: 10px !important;}&#8221;][vc_column][vc_separator color=&#8221;white&#8221; border_width=&#8221;4&#8243; css=&#8221;.vc_custom_1699218140987{margin-bottom: 0px !important;}&#8221;][\/vc_column][\/vc_row][vc_row full_width=&#8221;stretch_row&#8221; css=&#8221;.vc_custom_1701866259751{background-color: #ededed !important;}&#8221;][vc_column css=&#8221;.vc_custom_1491470191130{margin-bottom: 0px !important;}&#8221;]\n\t\t\t\t\t<div class=\"wh-theme-icon vc_custom_1699218736388  scp_theme_icon-ad1c0f310d2ac00fa6e13d2e1d46b86d\">\n\t\t\t\t<i class=\"icon-edopen-book\"><\/i>\n\t\t\t<\/div>\n\t\t\t\t[vc_custom_heading text=&#8221;U\u010debnice, v\u00fdukov\u00e9 zdroje&#8221; font_container=&#8221;tag:h4|text_align:left&#8221; use_theme_fonts=&#8221;yes&#8221; css=&#8221;.vc_custom_1699217933988{margin-bottom: 20px !important;padding-top: 10px !important;padding-left: 55px !important;}&#8221;][vc_column_text]U\u010debnicemi ve v\u00fduce fyziky t\u00e9m\u011b\u0159 nepou\u017e\u00edv\u00e1me. V p\u0159\u00edpad\u011b nutnosti \u017e\u00e1ky odkazujeme na intenetov\u00e9 zdroje, nap\u0159.:<\/p>\n<ul>\n<li><a href=\"https:\/\/e-manuel.cz\/\" target=\"_blank\" rel=\"noopener\">e-manuel.cz<\/a><\/li>\n<li><a href=\"http:\/\/fyzika.jreichl.com\/\" target=\"_blank\" rel=\"noopener\">fyzika.jreichl.com<\/a><\/li>\n<\/ul>\n<p>[\/vc_column_text][\/vc_column][\/vc_row][vc_row css=&#8221;.vc_custom_1488897097455{padding-top: 10px !important;}&#8221;][vc_column css=&#8221;.vc_custom_1699219691642{padding: 20px !important;}&#8221;][vc_separator color=&#8221;white&#8221; border_width=&#8221;4&#8243; css=&#8221;.vc_custom_1699218140987{margin-bottom: 0px !important;}&#8221;][\/vc_column][\/vc_row][vc_row][vc_column width=&#8221;1\/2&#8243; css=&#8221;.vc_custom_1491470191130{margin-bottom: 0px !important;}&#8221;]\n\t\t\t\t\t<div class=\"wh-theme-icon vc_custom_1699219217176  scp_theme_icon-7d46c3c53898bc3e3c6e0067b81b72a4\">\n\t\t\t\t<i class=\"icon-edcup\"><\/i>\n\t\t\t<\/div>\n\t\t\t\t[vc_custom_heading text=&#8221;Projekty a sout\u011b\u017ee&#8221; font_container=&#8221;tag:h4|text_align:left&#8221; use_theme_fonts=&#8221;yes&#8221; css=&#8221;.vc_custom_1699219137756{margin-bottom: 20px !important;padding-top: 10px !important;padding-left: 55px !important;}&#8221;][vc_column_text][\/vc_column_text][\/vc_column][vc_column width=&#8221;1\/2&#8243;]\n\t\t\t\t\t<div class=\"wh-theme-icon vc_custom_1699219452175  scp_theme_icon-74ec9114453c2a71fe77e48fa0050817\">\n\t\t\t\t<i class=\"icon-edforest\"><\/i>\n\t\t\t<\/div>\n\t\t\t\t[vc_custom_heading text=&#8221;Exkurze&#8221; font_container=&#8221;tag:h4|text_align:left&#8221; use_theme_fonts=&#8221;yes&#8221; css=&#8221;.vc_custom_1699219397656{margin-bottom: 20px !important;padding-top: 10px !important;padding-left: 55px !important;}&#8221;][vc_column_text][\/vc_column_text][\/vc_column][\/vc_row][vc_row full_width=&#8221;stretch_row_content&#8221;][vc_column][vc_separator border_width=&#8221;4&#8243; css=&#8221;.vc_custom_1699219561915{padding: 20px !important;}&#8221;][\/vc_column][\/vc_row][vc_row][vc_column][vc_column_text]<\/p>\n<h3>\u010cl\u00e1nky z kategorie Fyzika<\/h3>\n<p>[\/vc_column_text][\/vc_column][\/vc_row][vc_row][vc_column][vc_basic_grid post_type=&#8221;post&#8221; max_items=&#8221;9&#8243; item=&#8221;basicGrid_ScaleInWithRotation&#8221; grid_id=&#8221;vc_gid:1728302689026-caa1af9e-b9f5-9&#8243; taxonomies=&#8221;45&#8243;][\/vc_column][\/vc_row]<\/p>\n","protected":false},"excerpt":{"rendered":"<p>[vc_row][vc_column css=&#8221;.vc_custom_1490017614850{margin-bottom: 30px !important;}&#8221;][vc_custom_heading text=&#8221;Fyzika&#8221; font_container=&#8221;tag:h1|text_align:left&#8221; use_theme_fonts=&#8221;yes&#8221; css=&#8221;.vc_custom_1701866484354{margin-top: 0px !important;margin-bottom: 20px !important;}&#8221;][\/vc_column][\/vc_row][vc_row css=&#8221;.vc_custom_1701531047147{background-color: #f2f2f2 !important;}&#8221;][vc_column width=&#8221;1\/2&#8243; css=&#8221;.vc_custom_1701859770904{margin-top: 0px !important;margin-right: 0px&nbsp;<a href=\"https:\/\/bigycb.cz\/bigy\/predmetove-komise\/fyzika\/\">&hellip;<\/a><\/p>\n","protected":false},"author":1,"featured_media":0,"parent":5796,"menu_order":0,"comment_status":"closed","ping_status":"closed","template":"template-sidebar-right-childpages.php","meta":{"footnotes":""},"class_list":["post-5973","page","type-page","status-publish","hentry","odd"],"_links":{"self":[{"href":"https:\/\/bigycb.cz\/bigy\/wp-json\/wp\/v2\/pages\/5973","targetHints":{"allow":["GET"]}}],"collection":[{"href":"https:\/\/bigycb.cz\/bigy\/wp-json\/wp\/v2\/pages"}],"about":[{"href":"https:\/\/bigycb.cz\/bigy\/wp-json\/wp\/v2\/types\/page"}],"author":[{"embeddable":true,"href":"https:\/\/bigycb.cz\/bigy\/wp-json\/wp\/v2\/users\/1"}],"replies":[{"embeddable":true,"href":"https:\/\/bigycb.cz\/bigy\/wp-json\/wp\/v2\/comments?post=5973"}],"version-history":[{"count":12,"href":"https:\/\/bigycb.cz\/bigy\/wp-json\/wp\/v2\/pages\/5973\/revisions"}],"predecessor-version":[{"id":8446,"href":"https:\/\/bigycb.cz\/bigy\/wp-json\/wp\/v2\/pages\/5973\/revisions\/8446"}],"up":[{"embeddable":true,"href":"https:\/\/bigycb.cz\/bigy\/wp-json\/wp\/v2\/pages\/5796"}],"wp:attachment":[{"href":"https:\/\/bigycb.cz\/bigy\/wp-json\/wp\/v2\/media?parent=5973"}],"curies":[{"name":"wp","href":"https:\/\/api.w.org\/{rel}","templated":true}]}}