{"id":5970,"date":"2024-03-05T10:44:10","date_gmt":"2024-03-05T09:44:10","guid":{"rendered":"https:\/\/bigycb.cz\/bigy\/?page_id=5970"},"modified":"2024-05-24T13:23:10","modified_gmt":"2024-05-24T11:23:10","slug":"francouzsky-jazyk","status":"publish","type":"page","link":"https:\/\/bigycb.cz\/bigy\/predmetove-komise\/francouzsky-jazyk\/","title":{"rendered":"Francouzk\u00fd jazyk"},"content":{"rendered":"<p>[vc_row][vc_column css=&#8221;.vc_custom_1490017614850{margin-bottom: 30px !important;}&#8221;][vc_custom_heading text=&#8221;Francouzsk\u00fd jazyk&#8221; font_container=&#8221;tag:h1|text_align:left&#8221; use_theme_fonts=&#8221;yes&#8221; css=&#8221;.vc_custom_1701866121625{margin-top: 0px !important;margin-bottom: 20px !important;}&#8221;][\/vc_column][\/vc_row][vc_row css=&#8221;.vc_custom_1701531047147{background-color: #f2f2f2 !important;}&#8221;][vc_column width=&#8221;1\/2&#8243; css=&#8221;.vc_custom_1701859770904{margin-top: 0px !important;margin-right: 0px !important;margin-bottom: 0px !important;margin-left: 0px !important;padding-top: 0px !important;padding-right: 0px !important;padding-bottom: 0px !important;padding-left: 0px !important;}&#8221;]\n\t\t\t\t\t<div class=\"wh-theme-icon vc_custom_1699217723581  scp_theme_icon-0389e141ec2f1da1df14850ff1304d8f\">\n\t\t\t\t<i class=\"icon-edic_supervisor_account\"><\/i>\n\t\t\t<\/div>\n\t\t\t\t[vc_custom_heading text=&#8221;Vyu\u010duj\u00edc\u00ed&#8221; font_container=&#8221;tag:h4|text_align:left&#8221; use_theme_fonts=&#8221;yes&#8221; css=&#8221;.vc_custom_1699218683435{margin-bottom: 20px !important;padding-top: 10px !important;padding-left: 55px !important;}&#8221;][vc_column_text css=&#8221;.vc_custom_1716212876263{margin-bottom: 0px !important;padding-top: 0px !important;padding-right: 15px !important;padding-bottom: 0px !important;padding-left: 15px !important;}&#8221;]<\/p>\n<ul>\n<li><strong>Mgr. Eva Kadlecov\u00e1 (p\u0159edsedkyn\u011b)<\/strong><\/li>\n<li>Mgr. Kl\u00e1ra Krej\u010d\u00ed<\/li>\n<li>Mgr. Alena Rejlkov\u00e1<\/li>\n<li>Valentin Nambot (francouzsk\u00fd lektor)<\/li>\n<li>Mgr. Andrea Kronikov\u00e1<\/li>\n<li>Mgr. Jitka Pelik\u00e1nov\u00e1<\/li>\n<\/ul>\n<p>[\/vc_column_text][vc_btn title=&#8221;Zobrazit kontakty \u00bb&#8221; style=&#8221;flat&#8221; shape=&#8221;square&#8221; color=&#8221;peacoc&#8221; size=&#8221;sm&#8221; align=&#8221;left&#8221; link=&#8221;url:https%3A%2F%2Fbigycb.cz%2Fbigy%2Fo-skole%2Fzamestnanci-skoly%2F%3Fstaff-category%3Ducitele&#8221; css=&#8221;.vc_custom_1709207298976{margin-top: 40px !important;margin-left: 20px !important;}&#8221;][\/vc_column][vc_column width=&#8221;1\/2&#8243; css=&#8221;.vc_custom_1701859666388{margin-bottom: 0px !important;padding-bottom: 0px !important;}&#8221; offset=&#8221;vc_col-sm-offset-0&#8243;][vc_single_image image=&#8221;6735&#8243; img_size=&#8221;full&#8221; alignment=&#8221;right&#8221; css=&#8221;.vc_custom_1709721289864{margin-bottom: 0px !important;padding-bottom: 0px !important;}&#8221;][\/vc_column][\/vc_row][vc_row css=&#8221;.vc_custom_1701531638223{margin-top: 35px !important;margin-bottom: 35px !important;}&#8221;][vc_column width=&#8221;1\/2&#8243;]\n\t\t\t\t\t<div class=\"wh-theme-icon vc_custom_1701531593973  scp_theme_icon-cdaeaa8bed73aa5874b9d289a0ab8a8d\">\n\t\t\t\t<i class=\"icon-edflask\"><\/i>\n\t\t\t<\/div>\n\t\t\t\t[vc_custom_heading text=&#8221;Charakteristika p\u0159edm\u011btu&#8221; font_container=&#8221;tag:h5|text_align:left|color:%23000000&#8243; use_theme_fonts=&#8221;yes&#8221; css=&#8221;.vc_custom_1699215631709{margin-bottom: 20px !important;padding-top: 10px !important;padding-left: 55px !important;}&#8221;][vc_column_text]Francouzsk\u00fd jazyk je vyu\u010dov\u00e1n jako 2. ciz\u00ed jazyk ve 4let\u00e9m a 6let\u00e9m cyklu. Ve 2. ro\u010dn\u00edku S\u0160 je v\u00fduka podpo\u0159ena povinn\u00fdm p\u0159edm\u011btem RFJ, kter\u00fd napom\u00e1h\u00e1 rozvoji nejen jazyka, ale i kultury, historie a zem\u011bpisu frankofonn\u00edch zem\u00ed. Klademe d\u016fraz na praktickou znalost jazyka, schopnost dorozum\u011bt se v b\u011b\u017en\u00fdch situac\u00edch. V pr\u016fb\u011bhu v\u00fduky db\u00e1me na postupn\u00fd rozvoj v\u0161ech 4 jazykov\u00fdch kompetenc\u00ed. Nab\u00edz\u00edme i voliteln\u00fd semin\u00e1\u0159 na p\u0159\u00edpravu mezin\u00e1rodn\u00edho diplomu DELF \u00farovn\u00ed A2 &#8211; B2. \u00dazce spolupracujeme s Francouzskou alianc\u00ed v \u010cB, sou\u010d\u00e1st\u00ed na\u0161eho t\u00fdmu je i francouzsk\u00fd lektor.[\/vc_column_text][vc_row_inner][vc_column_inner width=&#8221;1\/2&#8243;][vc_btn title=&#8221;Voliteln\u00fd semin\u00e1\u0159&#8221; style=&#8221;classic&#8221; shape=&#8221;square&#8221; align=&#8221;left&#8221; i_icon_fontawesome=&#8221;fas fa-caret-right&#8221; button_block=&#8221;true&#8221; add_icon=&#8221;true&#8221; link=&#8221;url:https%3A%2F%2Fbigycb.cz%2Fbigy%2Fstudenti-a-rodice%2Fvolitelne-seminare%2F%23pfc&#8221; css=&#8221;.vc_custom_1709207261095{margin-top: 0px !important;margin-left: 0px !important;}&#8221;][\/vc_column_inner][vc_column_inner width=&#8221;1\/2&#8243;][vc_btn title=&#8221;Maturitn\u00ed zkou\u0161ka&#8221; style=&#8221;classic&#8221; shape=&#8221;square&#8221; align=&#8221;left&#8221; i_icon_fontawesome=&#8221;fas fa-caret-right&#8221; button_block=&#8221;true&#8221; add_icon=&#8221;true&#8221; link=&#8221;url:https%3A%2F%2Fbigycb.cz%2Fbigy%2Fstudenti-a-rodice%2Fmaturitni-zkouska%2F|title:Maturitn%C3%AD%20zkou%C5%A1ka&#8221; css=&#8221;.vc_custom_1709207268541{margin-top: 0px !important;margin-left: 0px !important;}&#8221;][\/vc_column_inner][\/vc_row_inner][\/vc_column][vc_column width=&#8221;1\/2&#8243; css=&#8221;.vc_custom_1491471836694{margin-bottom: 0px !important;}&#8221;]\n\t\t\t\t\t<div class=\"wh-theme-icon vc_custom_1699215662014  scp_theme_icon-489ccd5d6db9029c39767ab7910ee91f\">\n\t\t\t\t<i class=\"icon-edtime\"><\/i>\n\t\t\t<\/div>\n\t\t\t\t[vc_custom_heading text=&#8221;\u010casov\u00e1 t\u00fddenn\u00ed dotace p\u0159edm\u011btu&#8221; font_container=&#8221;tag:h5|text_align:left|color:%23000000&#8243; use_theme_fonts=&#8221;yes&#8221; css=&#8221;.vc_custom_1709029965703{margin-bottom: 20px !important;padding-top: 10px !important;padding-left: 55px !important;}&#8221;][vc_tta_accordion shape=&#8221;square&#8221; color=&#8221;white&#8221; active_section=&#8221;&#8221; collapsible_all=&#8221;true&#8221;][vc_tta_section title=&#8221;Osmilet\u00e9 studium&#8221; tab_id=&#8221;1699217027004-c0215e8d-2aad&#8221;][vc_column_text]<\/p>\n<ul>\n<li>dle preference ciz\u00edch jazyk\u016f <strong>2 &#8211; 5 hod. t\u00fddn\u011b<\/strong><\/li>\n<li>viz <a href=\"https:\/\/bigycb.cz\/bigy\/o-skole\/dulezite-dokumenty\/#ucebni_plany\" target=\"_blank\" rel=\"noopener\">u\u010debn\u00ed pl\u00e1ny \u00bb<\/a><\/li>\n<\/ul>\n<p>[\/vc_column_text][\/vc_tta_section][vc_tta_section title=&#8221;\u0160estilet\u00e9 studium&#8221; tab_id=&#8221;1699217027021-fa992823-9822&#8243;][vc_column_text]<\/p>\n<ul>\n<li>dle preference ciz\u00edch jazyk\u016f <strong>2 &#8211; 5 hod. t\u00fddn\u011b<\/strong><\/li>\n<li>viz <a href=\"https:\/\/bigycb.cz\/bigy\/o-skole\/dulezite-dokumenty\/#ucebni_plany\" target=\"_blank\" rel=\"noopener\">u\u010debn\u00ed pl\u00e1ny \u00bb<\/a><\/li>\n<\/ul>\n<p>[\/vc_column_text][\/vc_tta_section][vc_tta_section title=&#8221;\u0160estilet\u00e9 bilingvn\u00ed studium&#8221; tab_id=&#8221;1709029984004-ffb88f39-f385&#8243;][vc_column_text]<\/p>\n<ul>\n<li>dle preference ciz\u00edch jazyk\u016f <strong>2 &#8211; 5 hod. t\u00fddn\u011b<\/strong><\/li>\n<li>viz <a href=\"https:\/\/bigycb.cz\/bigy\/o-skole\/dulezite-dokumenty\/#ucebni_plany\" target=\"_blank\" rel=\"noopener\">u\u010debn\u00ed pl\u00e1ny \u00bb<\/a><\/li>\n<\/ul>\n<p>[\/vc_column_text][\/vc_tta_section][vc_tta_section title=&#8221;\u010cty\u0159let\u00e9 studium&#8221; tab_id=&#8221;1699217284386-919907dc-43e3&#8243;][vc_column_text]<\/p>\n<ul>\n<li>dle preference ciz\u00edch jazyk\u016f <strong>2 &#8211; 5 hod. t\u00fddn\u011b<\/strong><\/li>\n<li>viz <a href=\"https:\/\/bigycb.cz\/bigy\/o-skole\/dulezite-dokumenty\/#ucebni_plany\" target=\"_blank\" rel=\"noopener\">u\u010debn\u00ed pl\u00e1ny \u00bb<\/a><\/li>\n<\/ul>\n<p>[\/vc_column_text][\/vc_tta_section][\/vc_tta_accordion][\/vc_column][\/vc_row][vc_row css=&#8221;.vc_custom_1488897097455{padding-top: 10px !important;}&#8221;][vc_column][vc_separator color=&#8221;white&#8221; border_width=&#8221;4&#8243; css=&#8221;.vc_custom_1699218140987{margin-bottom: 0px !important;}&#8221;][\/vc_column][\/vc_row][vc_row full_width=&#8221;stretch_row&#8221; css=&#8221;.vc_custom_1701866259751{background-color: #ededed !important;}&#8221;][vc_column css=&#8221;.vc_custom_1491470191130{margin-bottom: 0px !important;}&#8221;]\n\t\t\t\t\t<div class=\"wh-theme-icon vc_custom_1699218736388  scp_theme_icon-ad1c0f310d2ac00fa6e13d2e1d46b86d\">\n\t\t\t\t<i class=\"icon-edopen-book\"><\/i>\n\t\t\t<\/div>\n\t\t\t\t[vc_custom_heading text=&#8221;U\u010debnice, v\u00fdukov\u00e9 zdroje&#8221; font_container=&#8221;tag:h4|text_align:left&#8221; use_theme_fonts=&#8221;yes&#8221; css=&#8221;.vc_custom_1699217933988{margin-bottom: 20px !important;padding-top: 10px !important;padding-left: 55px !important;}&#8221;][vc_media_grid element_width=&#8221;2&#8243; gap=&#8221;10&#8243; item=&#8221;mediaGrid_SimpleOverlay&#8221; grid_id=&#8221;vc_gid:1716212869443-5bb4e971-fa3a-9&#8243; include=&#8221;7270,7271,7272,7273,7274,7280&#8243; css=&#8221;.vc_custom_1714468203250{padding-top: 15px !important;padding-right: 15px !important;padding-bottom: 5px !important;padding-left: 15px !important;}&#8221;][vc_column_text]<\/p>\n<ul>\n<li><a href=\"https:\/\/www.tv5monde.com\/\" target=\"_blank\" rel=\"noopener\"><strong>TV5Monde<\/strong> <\/a>&#8211; frankofonn\u00ed televizn\u00ed kan\u00e1l &#8211; report\u00e1\u017ee, kr\u00e1tk\u00e1 zpravodajstv\u00ed, hudba<\/li>\n<li><a href=\"https:\/\/www.rfi.fr\/fr\/\" target=\"_blank\" rel=\"noopener\"><strong>RFI<\/strong> <\/a>&#8211; Radio France Internationale &#8211; u\u010d\u00edme francouzsky s pomoc\u00ed aktu\u00e1ln\u00edch informac\u00ed<\/li>\n<\/ul>\n<p>[\/vc_column_text][\/vc_column][\/vc_row][vc_row css=&#8221;.vc_custom_1488897097455{padding-top: 10px !important;}&#8221;][vc_column css=&#8221;.vc_custom_1699219691642{padding: 20px !important;}&#8221;][vc_separator color=&#8221;white&#8221; border_width=&#8221;4&#8243; css=&#8221;.vc_custom_1699218140987{margin-bottom: 0px !important;}&#8221;][\/vc_column][\/vc_row][vc_row][vc_column width=&#8221;1\/2&#8243; css=&#8221;.vc_custom_1491470191130{margin-bottom: 0px !important;}&#8221;]\n\t\t\t\t\t<div class=\"wh-theme-icon vc_custom_1699219217176  scp_theme_icon-7d46c3c53898bc3e3c6e0067b81b72a4\">\n\t\t\t\t<i class=\"icon-edcup\"><\/i>\n\t\t\t<\/div>\n\t\t\t\t[vc_custom_heading text=&#8221;Projekty a sout\u011b\u017ee&#8221; font_container=&#8221;tag:h4|text_align:left&#8221; use_theme_fonts=&#8221;yes&#8221; css=&#8221;.vc_custom_1699219137756{margin-bottom: 20px !important;padding-top: 10px !important;padding-left: 55px !important;}&#8221;][vc_column_text]<\/p>\n<ul>\n<li>Olympi\u00e1da ve francouzsk\u00e9 konverzaci<\/li>\n<li>Frankofonie (v\u00fdtvarn\u00e1 sout\u011b\u017e, tvorba videa)<\/li>\n<li>Den Frankofonie &#8211; sout\u011b\u017ee ve spolupr\u00e1ci s Francouzskou alianc\u00ed<\/li>\n<li>Program Rok ve Francii (mo\u017enost str\u00e1vit 1 \u0161koln\u00ed rok na francouzsk\u00e9 st\u0159edn\u00ed \u0161kole)<\/li>\n<li>Pravideln\u00e9 akce ve spolupr\u00e1ci s Francouzskou alianc\u00ed a \u00dastavem romanistiky FF JU<\/li>\n<\/ul>\n<p>[\/vc_column_text][\/vc_column][vc_column width=&#8221;1\/2&#8243;]\n\t\t\t\t\t<div class=\"wh-theme-icon vc_custom_1699219452175  scp_theme_icon-74ec9114453c2a71fe77e48fa0050817\">\n\t\t\t\t<i class=\"icon-edforest\"><\/i>\n\t\t\t<\/div>\n\t\t\t\t[vc_custom_heading text=&#8221;Exkurze&#8221; font_container=&#8221;tag:h4|text_align:left&#8221; use_theme_fonts=&#8221;yes&#8221; css=&#8221;.vc_custom_1699219397656{margin-bottom: 20px !important;padding-top: 10px !important;padding-left: 55px !important;}&#8221;][vc_column_text]<\/p>\n<ul>\n<li>N\u00e1v\u0161t\u011bva Francouzsk\u00e9 aliance v \u010cB &#8211; sout\u011b\u017ee, hry, filmy, mediat\u00e9ka<\/li>\n<li>N\u00e1v\u0161t\u011bva Francouzsk\u00e9ho institutu v Praze &#8211; workshopy<\/li>\n<li>\u00da\u010dast na Festivalu francouzsk\u00fdch film\u016f a festivalu Bonjour Bud\u011bjovice<\/li>\n<li>Pozn\u00e1vac\u00ed z\u00e1jezdy do r\u016fzn\u00fdch region\u016f Francie ( Breta\u0148, Normandie, Provence&#8230;)<\/li>\n<li>Kr\u00e1tkodob\u00e9 pobyty ve Francii v r\u00e1mci Erasmu+<\/li>\n<\/ul>\n<p>[\/vc_column_text][\/vc_column][\/vc_row][vc_row full_width=&#8221;stretch_row_content&#8221;][vc_column][vc_separator border_width=&#8221;4&#8243; css=&#8221;.vc_custom_1699219561915{padding: 20px !important;}&#8221;][\/vc_column][\/vc_row][vc_row][vc_column][vc_column_text]<\/p>\n<h3>\u010cl\u00e1nky z kategorie Francouzsk\u00fd jazyk<\/h3>\n<p>[\/vc_column_text][\/vc_column][\/vc_row][vc_row][vc_column][vc_basic_grid post_type=&#8221;post&#8221; max_items=&#8221;9&#8243; item=&#8221;basicGrid_ScaleInWithRotation&#8221; grid_id=&#8221;vc_gid:1716212869445-fff9ddd8-44de-8&#8243; taxonomies=&#8221;44&#8243;][\/vc_column][\/vc_row]<\/p>\n","protected":false},"excerpt":{"rendered":"<p>[vc_row][vc_column css=&#8221;.vc_custom_1490017614850{margin-bottom: 30px !important;}&#8221;][vc_custom_heading text=&#8221;Francouzsk\u00fd jazyk&#8221; font_container=&#8221;tag:h1|text_align:left&#8221; use_theme_fonts=&#8221;yes&#8221; css=&#8221;.vc_custom_1701866121625{margin-top: 0px !important;margin-bottom: 20px !important;}&#8221;][\/vc_column][\/vc_row][vc_row css=&#8221;.vc_custom_1701531047147{background-color: #f2f2f2 !important;}&#8221;][vc_column width=&#8221;1\/2&#8243; css=&#8221;.vc_custom_1701859770904{margin-top: 0px !important;margin-right:&nbsp;<a href=\"https:\/\/bigycb.cz\/bigy\/predmetove-komise\/francouzsky-jazyk\/\">&hellip;<\/a><\/p>\n","protected":false},"author":1,"featured_media":0,"parent":5796,"menu_order":0,"comment_status":"closed","ping_status":"closed","template":"template-sidebar-right-childpages.php","meta":{"footnotes":""},"class_list":["post-5970","page","type-page","status-publish","hentry","odd"],"_links":{"self":[{"href":"https:\/\/bigycb.cz\/bigy\/wp-json\/wp\/v2\/pages\/5970","targetHints":{"allow":["GET"]}}],"collection":[{"href":"https:\/\/bigycb.cz\/bigy\/wp-json\/wp\/v2\/pages"}],"about":[{"href":"https:\/\/bigycb.cz\/bigy\/wp-json\/wp\/v2\/types\/page"}],"author":[{"embeddable":true,"href":"https:\/\/bigycb.cz\/bigy\/wp-json\/wp\/v2\/users\/1"}],"replies":[{"embeddable":true,"href":"https:\/\/bigycb.cz\/bigy\/wp-json\/wp\/v2\/comments?post=5970"}],"version-history":[{"count":36,"href":"https:\/\/bigycb.cz\/bigy\/wp-json\/wp\/v2\/pages\/5970\/revisions"}],"predecessor-version":[{"id":7486,"href":"https:\/\/bigycb.cz\/bigy\/wp-json\/wp\/v2\/pages\/5970\/revisions\/7486"}],"up":[{"embeddable":true,"href":"https:\/\/bigycb.cz\/bigy\/wp-json\/wp\/v2\/pages\/5796"}],"wp:attachment":[{"href":"https:\/\/bigycb.cz\/bigy\/wp-json\/wp\/v2\/media?parent=5970"}],"curies":[{"name":"wp","href":"https:\/\/api.w.org\/{rel}","templated":true}]}}