{"id":5966,"date":"2024-03-05T10:30:23","date_gmt":"2024-03-05T09:30:23","guid":{"rendered":"https:\/\/bigycb.cz\/bigy\/?page_id=5966"},"modified":"2024-10-07T14:09:04","modified_gmt":"2024-10-07T12:09:04","slug":"etika","status":"publish","type":"page","link":"https:\/\/bigycb.cz\/bigy\/predmetove-komise\/etika\/","title":{"rendered":"Etika"},"content":{"rendered":"<p>[vc_row][vc_column css=&#8221;.vc_custom_1490017614850{margin-bottom: 30px !important;}&#8221;][vc_custom_heading text=&#8221;Etika&#8221; font_container=&#8221;tag:h1|text_align:left&#8221; use_theme_fonts=&#8221;yes&#8221; css=&#8221;.vc_custom_1701865179907{margin-top: 0px !important;margin-bottom: 20px !important;}&#8221;][\/vc_column][\/vc_row][vc_row css=&#8221;.vc_custom_1701531047147{background-color: #f2f2f2 !important;}&#8221;][vc_column width=&#8221;1\/2&#8243; css=&#8221;.vc_custom_1701859770904{margin-top: 0px !important;margin-right: 0px !important;margin-bottom: 0px !important;margin-left: 0px !important;padding-top: 0px !important;padding-right: 0px !important;padding-bottom: 0px !important;padding-left: 0px !important;}&#8221;]\n\t\t\t\t\t<div class=\"wh-theme-icon vc_custom_1699217723581  scp_theme_icon-0389e141ec2f1da1df14850ff1304d8f\">\n\t\t\t\t<i class=\"icon-edic_supervisor_account\"><\/i>\n\t\t\t<\/div>\n\t\t\t\t[vc_custom_heading text=&#8221;Vyu\u010duj\u00edc\u00ed&#8221; font_container=&#8221;tag:h4|text_align:left&#8221; use_theme_fonts=&#8221;yes&#8221; css=&#8221;.vc_custom_1699218683435{margin-bottom: 20px !important;padding-top: 10px !important;padding-left: 55px !important;}&#8221;][vc_column_text css=&#8221;.vc_custom_1728302942065{margin-bottom: 0px !important;padding-top: 0px !important;padding-right: 15px !important;padding-bottom: 0px !important;padding-left: 15px !important;}&#8221;]<\/p>\n<ul>\n<li><strong>Mgr. Jana Zasadilov\u00e1 (p\u0159edsedkyn\u011b)<\/strong><\/li>\n<li>Mgr. Kate\u0159ina Brichc\u00ednov\u00e1, Th.D.<\/li>\n<li>Mgr. Veronika Bla\u017eek I\u0148ov\u00e1, Ph.D.<\/li>\n<li><span class=\"abcfslSpanMP1\">Mgr.\u00a0<\/span><span class=\"abcfslSpanMP2\">Zde\u0148ka\u00a0<\/span><span class=\"abcfslSpanMP3\">Turkov\u00e1<\/span><\/li>\n<\/ul>\n<p>[\/vc_column_text][vc_btn title=&#8221;Zobrazit kontakty \u00bb&#8221; style=&#8221;flat&#8221; shape=&#8221;square&#8221; color=&#8221;peacoc&#8221; size=&#8221;sm&#8221; align=&#8221;left&#8221; link=&#8221;url:https%3A%2F%2Fbigycb.cz%2Fbigy%2Fo-skole%2Fzamestnanci-skoly%2F%3Fstaff-category%3Ducitele&#8221; css=&#8221;.vc_custom_1708681070329{margin-top: 30px !important;margin-left: 25px !important;}&#8221;][\/vc_column][vc_column width=&#8221;1\/2&#8243; css=&#8221;.vc_custom_1701859666388{margin-bottom: 0px !important;padding-bottom: 0px !important;}&#8221; offset=&#8221;vc_col-sm-offset-0&#8243;][vc_single_image image=&#8221;6397&#8243; img_size=&#8221;full&#8221; alignment=&#8221;right&#8221; css=&#8221;.vc_custom_1707735170812{margin-bottom: 0px !important;padding-bottom: 0px !important;}&#8221;][\/vc_column][\/vc_row][vc_row css=&#8221;.vc_custom_1701531638223{margin-top: 35px !important;margin-bottom: 35px !important;}&#8221;][vc_column width=&#8221;1\/2&#8243;]\n\t\t\t\t\t<div class=\"wh-theme-icon vc_custom_1701531593973  scp_theme_icon-cdaeaa8bed73aa5874b9d289a0ab8a8d\">\n\t\t\t\t<i class=\"icon-edflask\"><\/i>\n\t\t\t<\/div>\n\t\t\t\t[vc_custom_heading text=&#8221;Charakteristika p\u0159edm\u011btu&#8221; font_container=&#8221;tag:h5|text_align:left|color:%23000000&#8243; use_theme_fonts=&#8221;yes&#8221; css=&#8221;.vc_custom_1699215631709{margin-bottom: 20px !important;padding-top: 10px !important;padding-left: 55px !important;}&#8221;][vc_column_text]Etika je voliteln\u00fd p\u0159edm\u011bt pro tu \u010d\u00e1st t\u0159\u00eddy, kter\u00e1 nem\u00e1 n\u00e1bo\u017eenstv\u00ed, s \u010dasovou dotac\u00ed 1 hodiny t\u00fddn\u011b. Vyu\u010duje se ve v\u0161ech ro\u010dn\u00edc\u00edch gymn\u00e1zia s v\u00fdjimkou maturitn\u00edch. Etick\u00e1 v\u00fdchova si klade za c\u00edl ovliv\u0148ovat postoje a chov\u00e1n\u00ed \u017e\u00e1k\u016f ve smyslu etick\u00fdch hodnot. U\u010d\u00ed \u017e\u00e1ky sebep\u0159ijet\u00ed, sebeovl\u00e1d\u00e1n\u00ed, sebev\u00fdchov\u011b, empatii a solidarit\u011b. V\u00fduka prob\u00edh\u00e1 p\u0159ev\u00e1\u017en\u011b prost\u0159ednictv\u00edm z\u00e1\u017eitkov\u00fdch aktivit a diskus\u00ed. Tato forma u\u010den\u00ed je pro \u017e\u00e1ky p\u0159ita\u017eliv\u00e1 a motivuje je k osvojen\u00ed nab\u00edzen\u00fdch hodnot. D\u016fle\u017eit\u00fd je pro\u017eitek \u017e\u00e1k\u016f podlo\u017een\u00fd jejich vlastn\u00ed zku\u0161enost\u00ed. Aplikac\u00ed teoretick\u00fdch poznatk\u016f a emocion\u00e1ln\u00edm p\u016fsoben\u00edm doch\u00e1z\u00ed k aktivn\u00edmu soci\u00e1ln\u00edmu u\u010den\u00ed se z\u00e1m\u011brem vytvo\u0159it si vlastn\u00ed n\u00e1zor a osvojit si p\u0159im\u011b\u0159en\u00e9 postoje.[\/vc_column_text][\/vc_column][vc_column width=&#8221;1\/2&#8243; css=&#8221;.vc_custom_1491471836694{margin-bottom: 0px !important;}&#8221;]\n\t\t\t\t\t<div class=\"wh-theme-icon vc_custom_1699215662014  scp_theme_icon-489ccd5d6db9029c39767ab7910ee91f\">\n\t\t\t\t<i class=\"icon-edtime\"><\/i>\n\t\t\t<\/div>\n\t\t\t\t[vc_custom_heading text=&#8221;\u010casov\u00e1 t\u00fddenn\u00ed dotace p\u0159edm\u011btu&#8221; font_container=&#8221;tag:h5|text_align:left|color:%23000000&#8243; use_theme_fonts=&#8221;yes&#8221; css=&#8221;.vc_custom_1709030437921{margin-bottom: 20px !important;padding-top: 10px !important;padding-left: 55px !important;}&#8221;][vc_tta_accordion shape=&#8221;square&#8221; color=&#8221;white&#8221; active_section=&#8221;&#8221; collapsible_all=&#8221;true&#8221;][vc_tta_section title=&#8221;Osmilet\u00e9 studium&#8221; tab_id=&#8221;1699217027004-c0215e8d-2aad&#8221;][vc_column_text]<\/p>\n<table>\n<tbody>\n<tr>\n<td width=\"75\"><strong>ro\u010d.<\/strong><\/td>\n<td width=\"75\">I.<\/td>\n<td width=\"76\">II.<\/td>\n<td width=\"76\">III.<\/td>\n<td width=\"76\">IV.<\/td>\n<td width=\"76\">V.<\/td>\n<td width=\"76\">VI.<\/td>\n<td width=\"76\">VII.<\/td>\n<\/tr>\n<tr>\n<td width=\"75\"><strong>hod.<\/strong><\/td>\n<td width=\"75\">1<\/td>\n<td width=\"76\">1<\/td>\n<td width=\"76\">1<\/td>\n<td width=\"76\">1<\/td>\n<td width=\"76\">1<\/td>\n<td width=\"76\">1<\/td>\n<td width=\"76\">1<\/td>\n<\/tr>\n<\/tbody>\n<\/table>\n<ul>\n<li>t\u0159\u00edda se d\u011bl\u00ed na dv\u011b \u010d\u00e1sti podle zvolen\u00e9ho p\u0159edm\u011btu (Et\/N\u00e1)<\/li>\n<\/ul>\n<p>[\/vc_column_text][\/vc_tta_section][vc_tta_section title=&#8221;\u0160estilet\u00e9 studium&#8221; tab_id=&#8221;1699217027021-fa992823-9822&#8243;][vc_column_text]<\/p>\n<table>\n<tbody>\n<tr>\n<td width=\"75\"><strong>ro\u010d.<\/strong><\/td>\n<td width=\"75\">I.<\/td>\n<td width=\"75\">II.<\/td>\n<td width=\"76\">III.<\/td>\n<td width=\"76\">IV.<\/td>\n<td width=\"76\">V.<\/td>\n<\/tr>\n<tr>\n<td width=\"75\"><strong>hod.<\/strong><\/td>\n<td width=\"75\">1<\/td>\n<td width=\"75\">1<\/td>\n<td width=\"76\">1<\/td>\n<td width=\"76\">1<\/td>\n<td width=\"76\">1<\/td>\n<\/tr>\n<\/tbody>\n<\/table>\n<ul>\n<li>t\u0159\u00edda se d\u011bl\u00ed na dv\u011b \u010d\u00e1sti podle zvolen\u00e9ho p\u0159edm\u011btu (Et\/N\u00e1)<\/li>\n<\/ul>\n<p>[\/vc_column_text][\/vc_tta_section][vc_tta_section title=&#8221;\u0160estilet\u00e9 bilingvn\u00ed studium&#8221; tab_id=&#8221;1709030495193-4ba599ff-6518&#8243;][vc_column_text]<\/p>\n<table>\n<tbody>\n<tr>\n<td width=\"75\"><strong>ro\u010d.<\/strong><\/td>\n<td width=\"75\">I.<\/td>\n<td width=\"75\">II.<\/td>\n<td width=\"76\">III.<\/td>\n<td width=\"76\">IV.<\/td>\n<td width=\"76\">V.<\/td>\n<\/tr>\n<tr>\n<td width=\"75\"><strong>hod.<\/strong><\/td>\n<td width=\"75\">1<\/td>\n<td width=\"75\">1<\/td>\n<td width=\"76\">1<\/td>\n<td width=\"76\">1<\/td>\n<td width=\"76\">1<\/td>\n<\/tr>\n<\/tbody>\n<\/table>\n<ul>\n<li>t\u0159\u00edda se d\u011bl\u00ed na dv\u011b \u010d\u00e1sti podle zvolen\u00e9ho p\u0159edm\u011btu (Et\/N\u00e1)<\/li>\n<\/ul>\n<p>[\/vc_column_text][\/vc_tta_section][vc_tta_section title=&#8221;\u010cty\u0159let\u00e9 studium&#8221; tab_id=&#8221;1699217284386-919907dc-43e3&#8243;][vc_column_text]<\/p>\n<table>\n<tbody>\n<tr>\n<td width=\"75\"><strong>ro\u010d.<\/strong><\/td>\n<td width=\"75\">I.<\/td>\n<td width=\"75\">II.<\/td>\n<td width=\"76\">III.<\/td>\n<\/tr>\n<tr>\n<td width=\"75\"><strong>hod.<\/strong><\/td>\n<td width=\"75\">1<\/td>\n<td width=\"75\">1<\/td>\n<td width=\"76\">1<\/td>\n<\/tr>\n<\/tbody>\n<\/table>\n<ul>\n<li>t\u0159\u00edda se d\u011bl\u00ed na dv\u011b \u010d\u00e1sti podle zvolen\u00e9ho p\u0159edm\u011btu (Et\/N\u00e1)<\/li>\n<\/ul>\n<p>[\/vc_column_text][\/vc_tta_section][\/vc_tta_accordion][\/vc_column][\/vc_row][vc_row css=&#8221;.vc_custom_1488897097455{padding-top: 10px !important;}&#8221;][vc_column][vc_separator color=&#8221;white&#8221; border_width=&#8221;4&#8243; css=&#8221;.vc_custom_1699218140987{margin-bottom: 0px !important;}&#8221;][\/vc_column][\/vc_row][vc_row full_width=&#8221;stretch_row&#8221; disable_element=&#8221;yes&#8221; css=&#8221;.vc_custom_1701865420555{background-color: #ededed !important;}&#8221;][vc_column css=&#8221;.vc_custom_1491470191130{margin-bottom: 0px !important;}&#8221;]\n\t\t\t\t\t<div class=\"wh-theme-icon vc_custom_1699218736388  scp_theme_icon-ad1c0f310d2ac00fa6e13d2e1d46b86d\">\n\t\t\t\t<i class=\"icon-edopen-book\"><\/i>\n\t\t\t<\/div>\n\t\t\t\t[vc_custom_heading text=&#8221;U\u010debnice, v\u00fdukov\u00e9 zdroje&#8221; font_container=&#8221;tag:h4|text_align:left&#8221; use_theme_fonts=&#8221;yes&#8221; css=&#8221;.vc_custom_1699217933988{margin-bottom: 20px !important;padding-top: 10px !important;padding-left: 55px !important;}&#8221;][vc_media_grid element_width=&#8221;3&#8243; grid_id=&#8221;vc_gid:1728302934901-a02e71d0-c496-2&#8243; include=&#8221;4180,4179,4178,4177&#8243;][vc_column_text][\/vc_column_text][\/vc_column][\/vc_row][vc_row css=&#8221;.vc_custom_1488897097455{padding-top: 10px !important;}&#8221;][vc_column css=&#8221;.vc_custom_1699219691642{padding: 20px !important;}&#8221;][vc_separator color=&#8221;white&#8221; border_width=&#8221;4&#8243; css=&#8221;.vc_custom_1699218140987{margin-bottom: 0px !important;}&#8221;][\/vc_column][\/vc_row][vc_row][vc_column width=&#8221;1\/2&#8243; css=&#8221;.vc_custom_1491470191130{margin-bottom: 0px !important;}&#8221;]\n\t\t\t\t\t<div class=\"wh-theme-icon vc_custom_1699219217176  scp_theme_icon-7d46c3c53898bc3e3c6e0067b81b72a4\">\n\t\t\t\t<i class=\"icon-edcup\"><\/i>\n\t\t\t<\/div>\n\t\t\t\t[vc_custom_heading text=&#8221;Projekty a sout\u011b\u017ee&#8221; font_container=&#8221;tag:h4|text_align:left&#8221; use_theme_fonts=&#8221;yes&#8221; css=&#8221;.vc_custom_1699219137756{margin-bottom: 20px !important;padding-top: 10px !important;padding-left: 55px !important;}&#8221;][vc_column_text]Studenti se aktivn\u011b zapojuj\u00ed do sb\u00edrek mnoha charitativn\u00edch hnut\u00ed a sdru\u017een\u00ed jako nap\u0159. Tr\u00edkr\u00e1lov\u00e9 sb\u00edrky, Hnut\u00ed pro \u017eivot, Dne veter\u00e1n\u016f, B\u00edl\u00e9 pastelky, Hnut\u00ed Mary&#8217;s Meals, Rolni\u010dkov\u00fdch dn\u016f, Srd\u00ed\u010dkov\u00fdch dn\u016f, Dne proti rakovin\u011b apod.<\/p>\n<p>D\u00e1le spolupracujeme s domovy pro seniory nap\u0159. p\u0159i projektu Mezigenera\u010dn\u00ed dialog, zp\u00edv\u00e1n\u00ed koled, hran\u00ed divadla.&#8221;[\/vc_column_text][\/vc_column][vc_column width=&#8221;1\/2&#8243;]\n\t\t\t\t\t<div class=\"wh-theme-icon vc_custom_1699219452175  scp_theme_icon-74ec9114453c2a71fe77e48fa0050817\">\n\t\t\t\t<i class=\"icon-edforest\"><\/i>\n\t\t\t<\/div>\n\t\t\t\t[vc_custom_heading text=&#8221;Exkurze&#8221; font_container=&#8221;tag:h4|text_align:left&#8221; use_theme_fonts=&#8221;yes&#8221; css=&#8221;.vc_custom_1699219397656{margin-bottom: 20px !important;padding-top: 10px !important;padding-left: 55px !important;}&#8221;][vc_column_text]<\/p>\n<ul>\n<li><span data-sheets-root=\"1\" data-sheets-value=\"{&quot;1&quot;:2,&quot;2&quot;:&quot;N\u00e1v\u0161t\u011bva Poslaneck\u00e9 sn\u011bmovny P\u010cR\\nn\u00e1v\u0161t\u011bva Pra\u017esk\u00e9ho hradu&quot;}\" data-sheets-userformat=\"{&quot;2&quot;:17091,&quot;3&quot;:{&quot;1&quot;:0},&quot;4&quot;:{&quot;1&quot;:2,&quot;2&quot;:14281427},&quot;9&quot;:0,&quot;10&quot;:0,&quot;12&quot;:0,&quot;17&quot;:0}\">n\u00e1v\u0161t\u011bva Poslaneck\u00e9 sn\u011bmovny P\u010cR<\/span><\/li>\n<li><span data-sheets-root=\"1\" data-sheets-value=\"{&quot;1&quot;:2,&quot;2&quot;:&quot;N\u00e1v\u0161t\u011bva Poslaneck\u00e9 sn\u011bmovny P\u010cR\\nn\u00e1v\u0161t\u011bva Pra\u017esk\u00e9ho hradu&quot;}\" data-sheets-userformat=\"{&quot;2&quot;:17091,&quot;3&quot;:{&quot;1&quot;:0},&quot;4&quot;:{&quot;1&quot;:2,&quot;2&quot;:14281427},&quot;9&quot;:0,&quot;10&quot;:0,&quot;12&quot;:0,&quot;17&quot;:0}\">n\u00e1v\u0161t\u011bva Pra\u017esk\u00e9ho hradu<\/span><\/li>\n<\/ul>\n<p>[\/vc_column_text][\/vc_column][\/vc_row][vc_row full_width=&#8221;stretch_row_content&#8221;][vc_column][vc_separator border_width=&#8221;4&#8243; css=&#8221;.vc_custom_1699219561915{padding: 20px !important;}&#8221;][\/vc_column][\/vc_row][vc_row][vc_column][vc_column_text]<\/p>\n<h3>\u010cl\u00e1nky z kategorie Etika<\/h3>\n<p>[\/vc_column_text][\/vc_column][\/vc_row][vc_row][vc_column][vc_basic_grid post_type=&#8221;post&#8221; max_items=&#8221;9&#8243; item=&#8221;basicGrid_ScaleInWithRotation&#8221; grid_id=&#8221;vc_gid:1728302934902-7e84d2cb-f3b3-9&#8243; taxonomies=&#8221;43&#8243;][\/vc_column][\/vc_row]<\/p>\n","protected":false},"excerpt":{"rendered":"<p>[vc_row][vc_column css=&#8221;.vc_custom_1490017614850{margin-bottom: 30px !important;}&#8221;][vc_custom_heading text=&#8221;Etika&#8221; font_container=&#8221;tag:h1|text_align:left&#8221; use_theme_fonts=&#8221;yes&#8221; css=&#8221;.vc_custom_1701865179907{margin-top: 0px !important;margin-bottom: 20px !important;}&#8221;][\/vc_column][\/vc_row][vc_row css=&#8221;.vc_custom_1701531047147{background-color: #f2f2f2 !important;}&#8221;][vc_column width=&#8221;1\/2&#8243; css=&#8221;.vc_custom_1701859770904{margin-top: 0px !important;margin-right: 0px&nbsp;<a href=\"https:\/\/bigycb.cz\/bigy\/predmetove-komise\/etika\/\">&hellip;<\/a><\/p>\n","protected":false},"author":1,"featured_media":0,"parent":5796,"menu_order":0,"comment_status":"closed","ping_status":"closed","template":"template-sidebar-right-childpages.php","meta":{"footnotes":""},"class_list":["post-5966","page","type-page","status-publish","hentry","odd"],"_links":{"self":[{"href":"https:\/\/bigycb.cz\/bigy\/wp-json\/wp\/v2\/pages\/5966","targetHints":{"allow":["GET"]}}],"collection":[{"href":"https:\/\/bigycb.cz\/bigy\/wp-json\/wp\/v2\/pages"}],"about":[{"href":"https:\/\/bigycb.cz\/bigy\/wp-json\/wp\/v2\/types\/page"}],"author":[{"embeddable":true,"href":"https:\/\/bigycb.cz\/bigy\/wp-json\/wp\/v2\/users\/1"}],"replies":[{"embeddable":true,"href":"https:\/\/bigycb.cz\/bigy\/wp-json\/wp\/v2\/comments?post=5966"}],"version-history":[{"count":14,"href":"https:\/\/bigycb.cz\/bigy\/wp-json\/wp\/v2\/pages\/5966\/revisions"}],"predecessor-version":[{"id":8450,"href":"https:\/\/bigycb.cz\/bigy\/wp-json\/wp\/v2\/pages\/5966\/revisions\/8450"}],"up":[{"embeddable":true,"href":"https:\/\/bigycb.cz\/bigy\/wp-json\/wp\/v2\/pages\/5796"}],"wp:attachment":[{"href":"https:\/\/bigycb.cz\/bigy\/wp-json\/wp\/v2\/media?parent=5966"}],"curies":[{"name":"wp","href":"https:\/\/api.w.org\/{rel}","templated":true}]}}