{"id":5958,"date":"2024-03-05T10:39:24","date_gmt":"2024-03-05T09:39:24","guid":{"rendered":"https:\/\/bigycb.cz\/bigy\/?page_id=5958"},"modified":"2024-10-07T14:01:46","modified_gmt":"2024-10-07T12:01:46","slug":"dejepis","status":"publish","type":"page","link":"https:\/\/bigycb.cz\/bigy\/predmetove-komise\/dejepis\/","title":{"rendered":"D\u011bjepis"},"content":{"rendered":"<p>[vc_row][vc_column css=&#8221;.vc_custom_1490017614850{margin-bottom: 30px !important;}&#8221;][vc_custom_heading text=&#8221;D\u011bjepis&#8221; font_container=&#8221;tag:h1|text_align:left&#8221; use_theme_fonts=&#8221;yes&#8221; css=&#8221;.vc_custom_1701860030571{margin-top: 0px !important;margin-bottom: 20px !important;}&#8221;][\/vc_column][\/vc_row][vc_row css=&#8221;.vc_custom_1701531047147{background-color: #f2f2f2 !important;}&#8221;][vc_column width=&#8221;2\/5&#8243; css=&#8221;.vc_custom_1701859770904{margin-top: 0px !important;margin-right: 0px !important;margin-bottom: 0px !important;margin-left: 0px !important;padding-top: 0px !important;padding-right: 0px !important;padding-bottom: 0px !important;padding-left: 0px !important;}&#8221;]\n\t\t\t\t\t<div class=\"wh-theme-icon vc_custom_1699217723581  scp_theme_icon-0389e141ec2f1da1df14850ff1304d8f\">\n\t\t\t\t<i class=\"icon-edic_supervisor_account\"><\/i>\n\t\t\t<\/div>\n\t\t\t\t[vc_custom_heading text=&#8221;Vyu\u010duj\u00edc\u00ed&#8221; font_container=&#8221;tag:h4|text_align:left&#8221; use_theme_fonts=&#8221;yes&#8221; css=&#8221;.vc_custom_1699218683435{margin-bottom: 20px !important;padding-top: 10px !important;padding-left: 55px !important;}&#8221;][vc_column_text css=&#8221;.vc_custom_1728302496429{margin-bottom: 0px !important;padding-top: 0px !important;padding-right: 15px !important;padding-bottom: 0px !important;padding-left: 15px !important;}&#8221;]<\/p>\n<ul>\n<li><strong>Mgr. Renata Hesounov\u00e1 (p\u0159edsedkyn\u011b)<\/strong><\/li>\n<li>Mgr. Eva Farkov\u00e1<\/li>\n<li><span class=\"abcfslSpanMP1\">Mgr.\u00a0<\/span><span class=\"abcfslSpanMP2\">Vojt\u011bch\u00a0<\/span><span class=\"abcfslSpanMP3\">Hermann<\/span><\/li>\n<li>PhDr. Dana Jak\u0161i\u010dov\u00e1, Ph.D<\/li>\n<li>PaeDr. Miloslava Korostensk\u00e1<\/li>\n<\/ul>\n<p>[\/vc_column_text][\/vc_column][vc_column width=&#8221;3\/5&#8243; css=&#8221;.vc_custom_1701859666388{margin-bottom: 0px !important;padding-bottom: 0px !important;}&#8221; offset=&#8221;vc_col-sm-offset-0&#8243;][vc_column_text css=&#8221;.vc_custom_1728302504514{margin-top: 0px !important;margin-right: 0px !important;margin-bottom: 0px !important;margin-left: 0px !important;padding-top: 0px !important;padding-right: 0px !important;padding-bottom: 0px !important;padding-left: 0px !important;}&#8221;]<\/p>\n<ul>\n<li>Mgr. Tom\u00e1\u0161 Malina<\/li>\n<li>Mgr. Jan Schreib<\/li>\n<li>Mgr. Aneta \u0160m\u00eddov\u00e1<\/li>\n<li>Mgr. Jolana \u0160ulcov\u00e1<\/li>\n<\/ul>\n<p>[\/vc_column_text][vc_btn title=&#8221;Zobrazit kontakty \u00bb&#8221; style=&#8221;flat&#8221; shape=&#8221;square&#8221; color=&#8221;peacoc&#8221; size=&#8221;sm&#8221; align=&#8221;left&#8221; link=&#8221;url:https%3A%2F%2Fbigycb.cz%2Fbigy%2Fo-skole%2Fzamestnanci-skoly%2F%3Fstaff-category%3Ducitele&#8221; css=&#8221;.vc_custom_1709025097836{margin-top: 20px !important;margin-left: 20px !important;}&#8221;][\/vc_column][\/vc_row][vc_row css=&#8221;.vc_custom_1701531047147{background-color: #f2f2f2 !important;}&#8221;][vc_column css=&#8221;.vc_custom_1701859666388{margin-bottom: 0px !important;padding-bottom: 0px !important;}&#8221; offset=&#8221;vc_col-sm-offset-0&#8243;][vc_single_image image=&#8221;8214&#8243; img_size=&#8221;full&#8221; css=&#8221;.vc_custom_1726656545674{margin: 0px !important;padding: 0px !important;}&#8221;][\/vc_column][\/vc_row][vc_row css=&#8221;.vc_custom_1701531638223{margin-top: 35px !important;margin-bottom: 35px !important;}&#8221;][vc_column width=&#8221;1\/2&#8243;]\n\t\t\t\t\t<div class=\"wh-theme-icon vc_custom_1701531593973  scp_theme_icon-cdaeaa8bed73aa5874b9d289a0ab8a8d\">\n\t\t\t\t<i class=\"icon-edflask\"><\/i>\n\t\t\t<\/div>\n\t\t\t\t[vc_custom_heading text=&#8221;Charakteristika p\u0159edm\u011btu&#8221; font_container=&#8221;tag:h5|text_align:left|color:%23000000&#8243; use_theme_fonts=&#8221;yes&#8221; css=&#8221;.vc_custom_1699215631709{margin-bottom: 20px !important;padding-top: 10px !important;padding-left: 55px !important;}&#8221;][vc_column_text]D\u011bjepis si klade za c\u00edl sezn\u00e1mit studenty gymn\u00e1zia s v\u00fdvojem lidstva od sam\u00fdch po\u010d\u00e1tk\u016f a\u017e do doby sou\u010dasn\u00e9. Rozsah tohoto v\u00fdvoje se vztahuje k d\u011bjin\u00e1m sv\u011bta se zam\u011b\u0159en\u00edm na<br \/>\nd\u011bjiny Evropy a zvl\u00e1\u0161tn\u00edm d\u016frazem na \u010deskou etapu. D\u016fraz klademe na dovednost vlastn\u00edho historicko &#8211; logick\u00e9ho my\u0161len\u00ed.<\/p>\n<p>V\u00fduka d\u011bjepisu by m\u011bla \u017e\u00e1ka motivovat a v\u00e9st k z\u00e1jmu o soou\u010dasnost a k pochopen\u00ed nezbytn\u00e9 znalosti minul\u00e9ho d\u011bn\u00ed jako pou\u010den\u00ed pro dne\u0161n\u00ed dobu. Absolvent v\u00fduky d\u011bjepisu na na\u0161em gymn\u00e1ziu by nem\u011bl b\u00fdt nete\u010dn\u00fd k d\u011bn\u00ed kolem sebe a nem\u011bl by se b\u00e1t otev\u0159en\u011b vyj\u00e1d\u0159it a obh\u00e1jit sv\u016fj n\u00e1zor, stejn\u011b jako respektovat n\u00e1zor sv\u00e9ho okol\u00ed. D\u016fraz klademe na motivaci, interaktivn\u00ed v\u00fduku i modern\u00ed metody v\u00fduky.[\/vc_column_text][vc_row_inner][vc_column_inner width=&#8221;1\/2&#8243;][vc_btn title=&#8221;Voliteln\u00fd semin\u00e1\u0159&#8221; style=&#8221;classic&#8221; shape=&#8221;square&#8221; align=&#8221;left&#8221; i_icon_fontawesome=&#8221;fas fa-caret-right&#8221; button_block=&#8221;true&#8221; add_icon=&#8221;true&#8221; link=&#8221;url:https%3A%2F%2Fbigycb.cz%2Fbigy%2Fstudenti-a-rodice%2Fvolitelne-seminare%2F%23sd&#8221; css=&#8221;.vc_custom_1709205527674{margin-top: 0px !important;margin-left: 0px !important;}&#8221;][\/vc_column_inner][vc_column_inner width=&#8221;1\/2&#8243;][vc_btn title=&#8221;Maturitn\u00ed zkou\u0161ka&#8221; style=&#8221;classic&#8221; shape=&#8221;square&#8221; align=&#8221;left&#8221; i_icon_fontawesome=&#8221;fas fa-caret-right&#8221; button_block=&#8221;true&#8221; add_icon=&#8221;true&#8221; link=&#8221;url:https%3A%2F%2Fbigycb.cz%2Fbigy%2Fstudenti-a-rodice%2Fmaturitni-zkouska%2F|title:Maturitn%C3%AD%20zkou%C5%A1ka&#8221; css=&#8221;.vc_custom_1709205532945{margin-top: 0px !important;margin-left: 0px !important;}&#8221;][\/vc_column_inner][\/vc_row_inner][\/vc_column][vc_column width=&#8221;1\/2&#8243; css=&#8221;.vc_custom_1491471836694{margin-bottom: 0px !important;}&#8221;]\n\t\t\t\t\t<div class=\"wh-theme-icon vc_custom_1699215662014  scp_theme_icon-489ccd5d6db9029c39767ab7910ee91f\">\n\t\t\t\t<i class=\"icon-edtime\"><\/i>\n\t\t\t<\/div>\n\t\t\t\t[vc_custom_heading text=&#8221;\u010casov\u00e1 t\u00fddenn\u00ed dotace p\u0159edm\u011btu&#8221; font_container=&#8221;tag:h5|text_align:left|color:%23000000&#8243; use_theme_fonts=&#8221;yes&#8221; css=&#8221;.vc_custom_1709025164736{margin-bottom: 20px !important;padding-top: 10px !important;padding-left: 55px !important;}&#8221;][vc_tta_accordion shape=&#8221;square&#8221; color=&#8221;white&#8221; active_section=&#8221;&#8221; collapsible_all=&#8221;true&#8221;][vc_tta_section title=&#8221;Osmilet\u00e9 studium&#8221; tab_id=&#8221;1699217027004-c0215e8d-2aad&#8221;][vc_column_text]<\/p>\n<table>\n<tbody>\n<tr>\n<td width=\"63\"><strong>ro\u010d.<\/strong><\/td>\n<td width=\"68\">I.<\/td>\n<td width=\"68\">II.<\/td>\n<td width=\"68\">III.<\/td>\n<td width=\"68\">IV.<\/td>\n<td width=\"68\">V.<\/td>\n<td width=\"68\">VI.<\/td>\n<td width=\"68\">VII.<\/td>\n<td width=\"68\">VIII.<\/td>\n<\/tr>\n<tr>\n<td width=\"63\"><strong>hod.<\/strong><\/td>\n<td width=\"68\">2<\/td>\n<td width=\"68\">2<\/td>\n<td width=\"68\">2<\/td>\n<td width=\"68\">1<\/td>\n<td width=\"68\">3<\/td>\n<td width=\"68\">2<\/td>\n<td width=\"68\">2<\/td>\n<td width=\"68\">1<\/td>\n<\/tr>\n<\/tbody>\n<\/table>\n<p>[\/vc_column_text][\/vc_tta_section][vc_tta_section title=&#8221;\u0160estilet\u00e9 studium&#8221; tab_id=&#8221;1699217027021-fa992823-9822&#8243;][vc_column_text]<\/p>\n<table>\n<tbody>\n<tr>\n<td width=\"75\"><strong>ro\u010d.<\/strong><\/td>\n<td width=\"75\">I.<\/td>\n<td width=\"75\">II.<\/td>\n<td width=\"76\">III.<\/td>\n<td width=\"76\">IV.<\/td>\n<td width=\"76\">V.<\/td>\n<td width=\"76\">VI.<\/td>\n<\/tr>\n<tr>\n<td width=\"75\"><strong>hod.<\/strong><\/td>\n<td width=\"75\">2<\/td>\n<td width=\"75\">1<\/td>\n<td width=\"76\">3<\/td>\n<td width=\"76\">2<\/td>\n<td width=\"76\">2<\/td>\n<td width=\"76\">1<\/td>\n<\/tr>\n<\/tbody>\n<\/table>\n<p>[\/vc_column_text][\/vc_tta_section][vc_tta_section title=&#8221;\u0160estilet\u00e9 bilingvn\u00ed studium&#8221; tab_id=&#8221;1709025224857-4cdaf250-be86&#8243;][vc_column_text]<\/p>\n<table>\n<tbody>\n<tr>\n<td width=\"75\"><strong>ro\u010d.<\/strong><\/td>\n<td width=\"75\">I.<\/td>\n<td width=\"75\">II.<\/td>\n<td width=\"76\">III.<\/td>\n<td width=\"76\">IV.<\/td>\n<td width=\"76\">V.<\/td>\n<td width=\"76\">VI.<\/td>\n<\/tr>\n<tr>\n<td width=\"75\"><strong>hod.<\/strong><\/td>\n<td width=\"75\">2<\/td>\n<td width=\"75\">2<\/td>\n<td width=\"76\">2 (1)<\/td>\n<td width=\"76\">2 (1)<\/td>\n<td width=\"76\">2 (2)<\/td>\n<td width=\"76\">2<\/td>\n<\/tr>\n<\/tbody>\n<\/table>\n<ul>\n<li>\u010d\u00edsla v z\u00e1vorce ozna\u010duj\u00ed po\u010det hodin vyu\u010dovan\u00fdch ve \u0161pan\u011blsk\u00e9m jazyce z celkov\u00e9ho po\u010dtu hodin v dan\u00e9m ro\u010dn\u00edku<\/li>\n<\/ul>\n<p>[\/vc_column_text][\/vc_tta_section][vc_tta_section title=&#8221;\u010cty\u0159let\u00e9 studium&#8221; tab_id=&#8221;1699217284386-919907dc-43e3&#8243;][vc_column_text]<\/p>\n<table>\n<tbody>\n<tr>\n<td width=\"75\"><strong>ro\u010d.<\/strong><\/td>\n<td width=\"75\">I.<\/td>\n<td width=\"75\">II.<\/td>\n<td width=\"76\">III.<\/td>\n<td width=\"76\">IV.<\/td>\n<\/tr>\n<tr>\n<td width=\"75\"><strong>hod.<\/strong><\/td>\n<td width=\"75\">3<\/td>\n<td width=\"75\">2<\/td>\n<td width=\"76\">2<\/td>\n<td width=\"76\">1<\/td>\n<\/tr>\n<\/tbody>\n<\/table>\n<p>[\/vc_column_text][\/vc_tta_section][\/vc_tta_accordion][\/vc_column][\/vc_row][vc_row css=&#8221;.vc_custom_1488897097455{padding-top: 10px !important;}&#8221;][vc_column][vc_separator color=&#8221;white&#8221; border_width=&#8221;4&#8243; css=&#8221;.vc_custom_1699218140987{margin-bottom: 0px !important;}&#8221;][\/vc_column][\/vc_row][vc_row full_width=&#8221;stretch_row&#8221; css=&#8221;.vc_custom_1699218845695{background-color: #ededed !important;}&#8221;][vc_column css=&#8221;.vc_custom_1491470191130{margin-bottom: 0px !important;}&#8221;]\n\t\t\t\t\t<div class=\"wh-theme-icon vc_custom_1699218736388  scp_theme_icon-ad1c0f310d2ac00fa6e13d2e1d46b86d\">\n\t\t\t\t<i class=\"icon-edopen-book\"><\/i>\n\t\t\t<\/div>\n\t\t\t\t[vc_custom_heading text=&#8221;U\u010debnice, v\u00fdukov\u00e9 zdroje&#8221; font_container=&#8221;tag:h4|text_align:left&#8221; use_theme_fonts=&#8221;yes&#8221; css=&#8221;.vc_custom_1699217933988{margin-bottom: 20px !important;padding-top: 10px !important;padding-left: 55px !important;}&#8221;][vc_media_grid element_width=&#8221;2&#8243; gap=&#8221;10&#8243; item=&#8221;mediaGrid_SimpleOverlay&#8221; grid_id=&#8221;vc_gid:1728302453329-8274c825-4fa8-2&#8243; include=&#8221;7261,7538,7539,7540,7541,7265,7263,7259,7262,7267,7260&#8243; css=&#8221;.vc_custom_1716458315376{padding-top: 15px !important;padding-right: 15px !important;padding-bottom: 15px !important;padding-left: 15px !important;}&#8221;][\/vc_column][\/vc_row][vc_row css=&#8221;.vc_custom_1488897097455{padding-top: 10px !important;}&#8221;][vc_column css=&#8221;.vc_custom_1699219691642{padding: 20px !important;}&#8221;][vc_separator color=&#8221;white&#8221; border_width=&#8221;4&#8243; css=&#8221;.vc_custom_1699218140987{margin-bottom: 0px !important;}&#8221;][\/vc_column][\/vc_row][vc_row][vc_column width=&#8221;1\/2&#8243; css=&#8221;.vc_custom_1491470191130{margin-bottom: 0px !important;}&#8221;]\n\t\t\t\t\t<div class=\"wh-theme-icon vc_custom_1699219217176  scp_theme_icon-7d46c3c53898bc3e3c6e0067b81b72a4\">\n\t\t\t\t<i class=\"icon-edcup\"><\/i>\n\t\t\t<\/div>\n\t\t\t\t[vc_custom_heading text=&#8221;Projekty a sout\u011b\u017ee&#8221; font_container=&#8221;tag:h4|text_align:left&#8221; use_theme_fonts=&#8221;yes&#8221; css=&#8221;.vc_custom_1699219137756{margin-bottom: 20px !important;padding-top: 10px !important;padding-left: 55px !important;}&#8221;][vc_column_text]<\/p>\n<ul>\n<li><span data-sheets-root=\"1\" data-sheets-value=\"{&quot;1&quot;:2,&quot;2&quot;:&quot;Studenti se pravideln\u011b \u00fa\u010dastn\u00ed d\u011bjepisn\u00e9 olympi\u00e1dy na v\u0161ech \u00farovn\u00edch.\\nCel\u00e1 \u0159ada student\u016f sout\u011b\u017eila v projektu SO\u010c.\\nV minul\u00fdch letech byli studenti zapojeni do projektu o \u010desko - n\u011bmeck\u00fdch \\nvztaz\u00edch na hranic\u00edch na\u0161ich region\u016f.\\nP\u0159\u00edle\u017eitostn\u011b spolupracujeme s Historick\u00fdm \u00fastavem JU \u010di Pam\u00e1tkov\u00fdm \u00fastavem\\nv \u010cesk\u00fdch Bud\u011bjovic\u00edch&quot;}\" data-sheets-userformat=\"{&quot;2&quot;:17347,&quot;3&quot;:{&quot;1&quot;:0},&quot;4&quot;:{&quot;1&quot;:2,&quot;2&quot;:14281427},&quot;9&quot;:0,&quot;10&quot;:0,&quot;11&quot;:4,&quot;12&quot;:0,&quot;17&quot;:0}\">Studenti se pravideln\u011b \u00fa\u010dastn\u00ed d\u011bjepisn\u00e9 olympi\u00e1dy na v\u0161ech \u00farovn\u00edch.<\/span><\/li>\n<li><span data-sheets-root=\"1\" data-sheets-value=\"{&quot;1&quot;:2,&quot;2&quot;:&quot;Studenti se pravideln\u011b \u00fa\u010dastn\u00ed d\u011bjepisn\u00e9 olympi\u00e1dy na v\u0161ech \u00farovn\u00edch.\\nCel\u00e1 \u0159ada student\u016f sout\u011b\u017eila v projektu SO\u010c.\\nV minul\u00fdch letech byli studenti zapojeni do projektu o \u010desko - n\u011bmeck\u00fdch \\nvztaz\u00edch na hranic\u00edch na\u0161ich region\u016f.\\nP\u0159\u00edle\u017eitostn\u011b spolupracujeme s Historick\u00fdm \u00fastavem JU \u010di Pam\u00e1tkov\u00fdm \u00fastavem\\nv \u010cesk\u00fdch Bud\u011bjovic\u00edch&quot;}\" data-sheets-userformat=\"{&quot;2&quot;:17347,&quot;3&quot;:{&quot;1&quot;:0},&quot;4&quot;:{&quot;1&quot;:2,&quot;2&quot;:14281427},&quot;9&quot;:0,&quot;10&quot;:0,&quot;11&quot;:4,&quot;12&quot;:0,&quot;17&quot;:0}\">Cel\u00e1 \u0159ada student\u016f sout\u011b\u017eila v projektu SO\u010c.<\/span><\/li>\n<li><span data-sheets-root=\"1\" data-sheets-value=\"{&quot;1&quot;:2,&quot;2&quot;:&quot;Studenti se pravideln\u011b \u00fa\u010dastn\u00ed d\u011bjepisn\u00e9 olympi\u00e1dy na v\u0161ech \u00farovn\u00edch.\\nCel\u00e1 \u0159ada student\u016f sout\u011b\u017eila v projektu SO\u010c.\\nV minul\u00fdch letech byli studenti zapojeni do projektu o \u010desko - n\u011bmeck\u00fdch \\nvztaz\u00edch na hranic\u00edch na\u0161ich region\u016f.\\nP\u0159\u00edle\u017eitostn\u011b spolupracujeme s Historick\u00fdm \u00fastavem JU \u010di Pam\u00e1tkov\u00fdm \u00fastavem\\nv \u010cesk\u00fdch Bud\u011bjovic\u00edch&quot;}\" data-sheets-userformat=\"{&quot;2&quot;:17347,&quot;3&quot;:{&quot;1&quot;:0},&quot;4&quot;:{&quot;1&quot;:2,&quot;2&quot;:14281427},&quot;9&quot;:0,&quot;10&quot;:0,&quot;11&quot;:4,&quot;12&quot;:0,&quot;17&quot;:0}\">V minul\u00fdch letech byli studenti zapojeni do projektu o \u010desko &#8211; n\u011bmeck\u00fdch vztaz\u00edch na hranic\u00edch na\u0161ich region\u016f.<\/span><\/li>\n<li><span data-sheets-root=\"1\" data-sheets-value=\"{&quot;1&quot;:2,&quot;2&quot;:&quot;Studenti se pravideln\u011b \u00fa\u010dastn\u00ed d\u011bjepisn\u00e9 olympi\u00e1dy na v\u0161ech \u00farovn\u00edch.\\nCel\u00e1 \u0159ada student\u016f sout\u011b\u017eila v projektu SO\u010c.\\nV minul\u00fdch letech byli studenti zapojeni do projektu o \u010desko - n\u011bmeck\u00fdch \\nvztaz\u00edch na hranic\u00edch na\u0161ich region\u016f.\\nP\u0159\u00edle\u017eitostn\u011b spolupracujeme s Historick\u00fdm \u00fastavem JU \u010di Pam\u00e1tkov\u00fdm \u00fastavem\\nv \u010cesk\u00fdch Bud\u011bjovic\u00edch&quot;}\" data-sheets-userformat=\"{&quot;2&quot;:17347,&quot;3&quot;:{&quot;1&quot;:0},&quot;4&quot;:{&quot;1&quot;:2,&quot;2&quot;:14281427},&quot;9&quot;:0,&quot;10&quot;:0,&quot;11&quot;:4,&quot;12&quot;:0,&quot;17&quot;:0}\">P\u0159\u00edle\u017eitostn\u011b spolupracujeme s Historick\u00fdm \u00fastavem JU (projekt badatelsk\u00e9 v\u00fduky) \u010di Pam\u00e1tkov\u00fdm \u00fastavem v \u010cesk\u00fdch Bud\u011bjovic\u00edch.<\/span><\/li>\n<\/ul>\n<p>[\/vc_column_text][\/vc_column][vc_column width=&#8221;1\/2&#8243;]\n\t\t\t\t\t<div class=\"wh-theme-icon vc_custom_1699219452175  scp_theme_icon-74ec9114453c2a71fe77e48fa0050817\">\n\t\t\t\t<i class=\"icon-edforest\"><\/i>\n\t\t\t<\/div>\n\t\t\t\t[vc_custom_heading text=&#8221;Exkurze&#8221; font_container=&#8221;tag:h4|text_align:left&#8221; use_theme_fonts=&#8221;yes&#8221; css=&#8221;.vc_custom_1699219397656{margin-bottom: 20px !important;padding-top: 10px !important;padding-left: 55px !important;}&#8221;][vc_column_text]<\/p>\n<ul>\n<li><span data-sheets-root=\"1\" data-sheets-value=\"{&quot;1&quot;:2,&quot;2&quot;:&quot;V\u00fduka d\u011bjepisu je pravideln\u011b dopl\u0148ov\u00e1na t\u00e9matick\u00fdmi v\u00fdlety, n\u00e1v\u0161t\u011bvami \\narchiv\u016f, odborn\u00fdmi p\u0159edn\u00e1\u0161kami a zaj\u00edmav\u00fdmi setk\u00e1n\u00edmi.\\nStudenti druh\u00e9ho ro\u010dn\u00edku absolvuj\u00ed 3-4denn\u00ed kulturn\u011b-d\u011bjepisnou exkurzi,\\njej\u00ed\u017e n\u00e1pln\u00ed je n\u00e1v\u0161t\u011bva d\u016fle\u017eit\u00fdch m\u00edst na\u0161\u00ed zem\u011b, odborn\u00fd v\u00fdklad v r\u016fzn\u00fdch\\nobjektech a mo\u017enost dopln\u011bn\u00ed v\u00fduky o praktickou \u010d\u00e1st a p\u0159\u00edm\u00e9 pozn\u00e1n\u00ed. &quot;}\" data-sheets-userformat=\"{&quot;2&quot;:17091,&quot;3&quot;:{&quot;1&quot;:0},&quot;4&quot;:{&quot;1&quot;:2,&quot;2&quot;:14281427},&quot;9&quot;:0,&quot;10&quot;:0,&quot;12&quot;:0,&quot;17&quot;:1}\">V\u00fduka d\u011bjepisu je pravideln\u011b dopl\u0148ov\u00e1na t\u00e9matick\u00fdmi v\u00fdlety, n\u00e1v\u0161t\u011bvami archiv\u016f, odborn\u00fdmi p\u0159edn\u00e1\u0161kami a zaj\u00edmav\u00fdmi setk\u00e1n\u00edmi.<\/span><\/li>\n<li><span data-sheets-root=\"1\" data-sheets-value=\"{&quot;1&quot;:2,&quot;2&quot;:&quot;V\u00fduka d\u011bjepisu je pravideln\u011b dopl\u0148ov\u00e1na t\u00e9matick\u00fdmi v\u00fdlety, n\u00e1v\u0161t\u011bvami \\narchiv\u016f, odborn\u00fdmi p\u0159edn\u00e1\u0161kami a zaj\u00edmav\u00fdmi setk\u00e1n\u00edmi.\\nStudenti druh\u00e9ho ro\u010dn\u00edku absolvuj\u00ed 3-4denn\u00ed kulturn\u011b-d\u011bjepisnou exkurzi,\\njej\u00ed\u017e n\u00e1pln\u00ed je n\u00e1v\u0161t\u011bva d\u016fle\u017eit\u00fdch m\u00edst na\u0161\u00ed zem\u011b, odborn\u00fd v\u00fdklad v r\u016fzn\u00fdch\\nobjektech a mo\u017enost dopln\u011bn\u00ed v\u00fduky o praktickou \u010d\u00e1st a p\u0159\u00edm\u00e9 pozn\u00e1n\u00ed. &quot;}\" data-sheets-userformat=\"{&quot;2&quot;:17091,&quot;3&quot;:{&quot;1&quot;:0},&quot;4&quot;:{&quot;1&quot;:2,&quot;2&quot;:14281427},&quot;9&quot;:0,&quot;10&quot;:0,&quot;12&quot;:0,&quot;17&quot;:1}\">Studenti druh\u00e9ho ro\u010dn\u00edku absolvuj\u00ed 3-4denn\u00ed kulturn\u011b-d\u011bjepisnou exkurzi, jej\u00ed\u017e n\u00e1pln\u00ed je n\u00e1v\u0161t\u011bva d\u016fle\u017eit\u00fdch m\u00edst na\u0161\u00ed zem\u011b, odborn\u00fd v\u00fdklad v r\u016fzn\u00fdch objektech a mo\u017enost dopln\u011bn\u00ed v\u00fduky o praktickou \u010d\u00e1st a p\u0159\u00edm\u00e9 pozn\u00e1n\u00ed. <\/span><\/li>\n<\/ul>\n<p>[\/vc_column_text][\/vc_column][\/vc_row][vc_row full_width=&#8221;stretch_row_content&#8221;][vc_column][vc_separator border_width=&#8221;4&#8243; css=&#8221;.vc_custom_1699219561915{padding: 20px !important;}&#8221;][\/vc_column][\/vc_row][vc_row][vc_column][vc_column_text]<\/p>\n<h3>\u010cl\u00e1nky z kategorie D\u011bjepis<\/h3>\n<p>[\/vc_column_text][\/vc_column][\/vc_row][vc_row][vc_column][vc_basic_grid post_type=&#8221;post&#8221; max_items=&#8221;6&#8243; item=&#8221;basicGrid_ScaleInWithRotation&#8221; grid_id=&#8221;vc_gid:1728302453330-ec4ff173-733b-5&#8243; taxonomies=&#8221;42&#8243;][\/vc_column][\/vc_row]<\/p>\n","protected":false},"excerpt":{"rendered":"<p>[vc_row][vc_column css=&#8221;.vc_custom_1490017614850{margin-bottom: 30px !important;}&#8221;][vc_custom_heading text=&#8221;D\u011bjepis&#8221; font_container=&#8221;tag:h1|text_align:left&#8221; use_theme_fonts=&#8221;yes&#8221; css=&#8221;.vc_custom_1701860030571{margin-top: 0px !important;margin-bottom: 20px !important;}&#8221;][\/vc_column][\/vc_row][vc_row css=&#8221;.vc_custom_1701531047147{background-color: #f2f2f2 !important;}&#8221;][vc_column width=&#8221;2\/5&#8243; css=&#8221;.vc_custom_1701859770904{margin-top: 0px !important;margin-right: 0px&nbsp;<a href=\"https:\/\/bigycb.cz\/bigy\/predmetove-komise\/dejepis\/\">&hellip;<\/a><\/p>\n","protected":false},"author":1,"featured_media":0,"parent":5796,"menu_order":0,"comment_status":"closed","ping_status":"closed","template":"template-sidebar-right-childpages.php","meta":{"footnotes":""},"class_list":["post-5958","page","type-page","status-publish","hentry","odd"],"_links":{"self":[{"href":"https:\/\/bigycb.cz\/bigy\/wp-json\/wp\/v2\/pages\/5958","targetHints":{"allow":["GET"]}}],"collection":[{"href":"https:\/\/bigycb.cz\/bigy\/wp-json\/wp\/v2\/pages"}],"about":[{"href":"https:\/\/bigycb.cz\/bigy\/wp-json\/wp\/v2\/types\/page"}],"author":[{"embeddable":true,"href":"https:\/\/bigycb.cz\/bigy\/wp-json\/wp\/v2\/users\/1"}],"replies":[{"embeddable":true,"href":"https:\/\/bigycb.cz\/bigy\/wp-json\/wp\/v2\/comments?post=5958"}],"version-history":[{"count":21,"href":"https:\/\/bigycb.cz\/bigy\/wp-json\/wp\/v2\/pages\/5958\/revisions"}],"predecessor-version":[{"id":8443,"href":"https:\/\/bigycb.cz\/bigy\/wp-json\/wp\/v2\/pages\/5958\/revisions\/8443"}],"up":[{"embeddable":true,"href":"https:\/\/bigycb.cz\/bigy\/wp-json\/wp\/v2\/pages\/5796"}],"wp:attachment":[{"href":"https:\/\/bigycb.cz\/bigy\/wp-json\/wp\/v2\/media?parent=5958"}],"curies":[{"name":"wp","href":"https:\/\/api.w.org\/{rel}","templated":true}]}}