{"id":5956,"date":"2023-12-06T11:52:54","date_gmt":"2023-12-06T10:52:54","guid":{"rendered":"https:\/\/bigycb.cz\/bigy\/?page_id=5956"},"modified":"2024-05-24T13:17:42","modified_gmt":"2024-05-24T11:17:42","slug":"anglicky-jazyk","status":"publish","type":"page","link":"https:\/\/bigycb.cz\/bigy\/predmetove-komise\/anglicky-jazyk\/","title":{"rendered":"Anglick\u00fd jazyk"},"content":{"rendered":"<p>[vc_row][vc_column css=&#8221;.vc_custom_1490017614850{margin-bottom: 30px !important;}&#8221;][vc_custom_heading text=&#8221;Anglick\u00fd jazyk&#8221; font_container=&#8221;tag:h1|text_align:left&#8221; use_theme_fonts=&#8221;yes&#8221; css=&#8221;.vc_custom_1701859955790{margin-top: 0px !important;margin-bottom: 20px !important;}&#8221;][\/vc_column][\/vc_row][vc_row css=&#8221;.vc_custom_1716443431401{margin-bottom: 0px !important;background-color: #efefef !important;}&#8221;][vc_column width=&#8221;1\/3&#8243; css=&#8221;.vc_custom_1701859770904{margin-top: 0px !important;margin-right: 0px !important;margin-bottom: 0px !important;margin-left: 0px !important;padding-top: 0px !important;padding-right: 0px !important;padding-bottom: 0px !important;padding-left: 0px !important;}&#8221;]\n\t\t\t\t\t<div class=\"wh-theme-icon vc_custom_1699217723581  scp_theme_icon-0389e141ec2f1da1df14850ff1304d8f\">\n\t\t\t\t<i class=\"icon-edic_supervisor_account\"><\/i>\n\t\t\t<\/div>\n\t\t\t\t[vc_custom_heading text=&#8221;Vyu\u010duj\u00edc\u00ed&#8221; font_container=&#8221;tag:h4|text_align:left&#8221; use_theme_fonts=&#8221;yes&#8221; css=&#8221;.vc_custom_1699218683435{margin-bottom: 20px !important;padding-top: 10px !important;padding-left: 55px !important;}&#8221;][vc_column_text css=&#8221;.vc_custom_1716212347743{margin-bottom: 0px !important;padding-top: 0px !important;padding-right: 15px !important;padding-bottom: 0px !important;padding-left: 15px !important;}&#8221;]<\/p>\n<ul>\n<li><strong>Mgr. Marko Jandri\u0107 (p\u0159edseda)<\/strong><\/li>\n<li>Mgr. Alena Markov\u00e1<\/li>\n<li>Mgr. Mark\u00e9ta Djoa Muskov\u00e1<\/li>\n<li>Mgr. Magdalena Vl\u010dkov\u00e1<\/li>\n<li>Mgr. Bohdana Gutwirthov\u00e1<\/li>\n<li>Mgr. Filip Volf<\/li>\n<li>Mgr. Marie Verboon Filipov\u00e1<\/li>\n<\/ul>\n<p>[\/vc_column_text][\/vc_column][vc_column width=&#8221;2\/3&#8243; css=&#8221;.vc_custom_1713772632442{margin-top: 0px !important;margin-right: 0px !important;margin-bottom: 0px !important;margin-left: 0px !important;padding-top: 10px !important;padding-right: 0px !important;padding-bottom: 0px !important;padding-left: 0px !important;}&#8221; offset=&#8221;vc_col-sm-offset-0&#8243;][vc_column_text css=&#8221;.vc_custom_1716370172506{margin-bottom: 0px !important;padding-top: 0px !important;padding-right: 15px !important;padding-bottom: 0px !important;padding-left: 15px !important;}&#8221;]<\/p>\n<ul>\n<li>Mgr. Lud\u011bk B\u011blehrad<\/li>\n<li>Mgr. Lenka Bla\u017ekov\u00e1<\/li>\n<li>Mgr. Andrea Kronikov\u00e1<\/li>\n<li>Mgr. Aneta \u0160m\u00eddov\u00e1<\/li>\n<li>Ing. Michaela Kudl\u00e1\u010dkov\u00e1<\/li>\n<li>Ad\u00e9la Pol\u00e1\u010dek<\/li>\n<li>Mgr. Petr Puffer<\/li>\n<\/ul>\n<p>[\/vc_column_text][vc_btn title=&#8221;Zobrazit kontakty \u00bb&#8221; style=&#8221;flat&#8221; shape=&#8221;square&#8221; color=&#8221;peacoc&#8221; size=&#8221;sm&#8221; align=&#8221;left&#8221; link=&#8221;url:https%3A%2F%2Fbigycb.cz%2Fbigy%2Fo-skole%2Fzamestnanci-skoly%2F%3Fstaff-category%3Ducitele&#8221; css=&#8221;.vc_custom_1709023687523{margin-top: 20px !important;margin-left: 20px !important;}&#8221;][\/vc_column][\/vc_row][vc_row css=&#8221;.vc_custom_1716410751358{margin-top: 0px !important;background-color: #efefef !important;}&#8221;][vc_column css=&#8221;.vc_custom_1713772648458{margin: 0px !important;padding: 20px !important;}&#8221; offset=&#8221;vc_col-sm-offset-0&#8243;][vc_single_image image=&#8221;7062&#8243; img_size=&#8221;full&#8221; alignment=&#8221;right&#8221; css=&#8221;.vc_custom_1713772462174{margin: 0px !important;padding: 0px !important;border: 0px initial !important;}&#8221;][\/vc_column][\/vc_row][vc_row css=&#8221;.vc_custom_1701531638223{margin-top: 35px !important;margin-bottom: 35px !important;}&#8221;][vc_column width=&#8221;1\/2&#8243;]\n\t\t\t\t\t<div class=\"wh-theme-icon vc_custom_1701531593973  scp_theme_icon-cdaeaa8bed73aa5874b9d289a0ab8a8d\">\n\t\t\t\t<i class=\"icon-edflask\"><\/i>\n\t\t\t<\/div>\n\t\t\t\t[vc_custom_heading text=&#8221;Charakteristika p\u0159edm\u011btu&#8221; font_container=&#8221;tag:h5|text_align:left|color:%23000000&#8243; use_theme_fonts=&#8221;yes&#8221; css=&#8221;.vc_custom_1699215631709{margin-bottom: 20px !important;padding-top: 10px !important;padding-left: 55px !important;}&#8221;][vc_column_text]V sou\u010dasn\u00e9m globalizovan\u00e9m sv\u011bt\u011b je schopnost komunikovat v anglick\u00e9m jazyce z\u00e1kladn\u00ed podm\u00ednkou \u00fasp\u011b\u0161n\u00e9ho za\u010dlen\u011bn\u00ed se do spole\u010dnosti. Jej\u00ed d\u016fle\u017eitost vzrostla vstupem \u010cesk\u00e9 republiky do Evropsk\u00e9 unie a dal\u0161\u00edch mezin\u00e1rodn\u00edch organizac\u00ed a d\u00e1le bude stoupat s rozvojem technologi\u00ed, p\u0159edev\u0161\u00edm AI. C\u00edlem v\u00fduky je tedy osvojit si takovou znalost jazyka, aby byl \u017e\u00e1k po ukon\u010den\u00ed studia schopen dorozum\u011bt se nejen v b\u011b\u017en\u00fdch situac\u00edch, ale sv\u00e9 znalosti aplikovat i ve studijn\u00ed a pracovn\u00ed sf\u00e9\u0159e. Studium vede rovn\u011b\u017e k z\u00edsk\u00e1n\u00ed bohat\u00e9 slovn\u00ed z\u00e1soby a jej\u00edho uplatn\u011bn\u00ed, stejn\u011b tak jako osvojen\u00ed si spr\u00e1vn\u00e9 v\u00fdslovnosti. V\u00fduka prob\u00edh\u00e1 v souladu se Spole\u010dn\u00fdm evropsk\u00fdm referen\u010dn\u00edm r\u00e1mcem, dle n\u011bho\u017e je mo\u017en\u00e9 pr\u016fb\u011b\u017en\u011b hodnotit pokrok \u017e\u00e1k\u016f v jednotliv\u00fdch dovednostech. Znalost anglick\u00e9ho jazyka je dle tohoto dokumentu rozd\u011blena do \u0161esti stup\u0148\u016f (A1 jako nejni\u017e\u0161\u00ed a C2 jako nejvy\u0161\u0161\u00ed) a pro ka\u017ed\u00fd stupe\u0148 existuj\u00ed jasn\u011b vymezen\u00e9 kompetence v jednotliv\u00fdch oblastech, kter\u00e9 v\u00fdsledky ve standardizovan\u00fdch Cambridgesk\u00fdch zkou\u0161k\u00e1ch jasn\u011b prokazujeme. Na\u0161e \u0161kola je dlouhodob\u011b p\u0159\u00edpravn\u00fdm st\u0159ediskem pro zkou\u0161ky Cambridge B2 First a C1 Advanced s nejv\u011bt\u0161\u00edm po\u010dtem \u00fasp\u011b\u0161n\u00fdch uchaze\u010d\u016f v cel\u00e9 \u010cesk\u00e9 republice. V\u00fduka anglick\u00e9ho jazyka je vlajkovou lod\u00ed Biskupsk\u00e9ho gymn\u00e1zia, na kterou je kladen hlavn\u00ed d\u016fraz a na kterou jsme pat\u0159i\u010dn\u011b py\u0161n\u00ed &#8211; z tohoto d\u016fvodu je anglick\u00fd jazyk vyu\u010dov\u00e1n ve v\u0161ech cyklech a ro\u010dn\u00edc\u00edch studia. T\u00fddenn\u00ed dotace se v jednotliv\u00fdch ro\u010dn\u00edc\u00edch pohybuje v rozsahu 2 a\u017e 5 hodin a podle pot\u0159eb se t\u0159\u00eddy d\u011bl\u00ed do v\u00fdukov\u00fdch skupin. Kv\u016fli prohlouben\u00ed pochopen\u00ed oblasti angloamerick\u00e9ho kulturn\u00edho prost\u0159ed\u00ed je v\u00fduka v 1. a 2. ro\u010dn\u00edku vy\u0161\u0161\u00edho cyklu podpo\u0159ena p\u0159edm\u011btem Re\u00e1lie anglick\u00e9ho jazyka. V p\u0159edmaturitn\u00edm a maturitn\u00edm ro\u010dn\u00edku studenti maj\u00ed mo\u017enost absolvovat p\u0159edm\u011bt P\u0159iprava na cambridgesk\u00fd certifik\u00e1t s hodinovou dotac\u00ed dvou vyu\u010dovac\u00edch hodin t\u00fddn\u011b.[\/vc_column_text][\/vc_column][vc_column width=&#8221;1\/2&#8243; css=&#8221;.vc_custom_1491471836694{margin-bottom: 0px !important;}&#8221;]\n\t\t\t\t\t<div class=\"wh-theme-icon vc_custom_1699215662014  scp_theme_icon-489ccd5d6db9029c39767ab7910ee91f\">\n\t\t\t\t<i class=\"icon-edtime\"><\/i>\n\t\t\t<\/div>\n\t\t\t\t[vc_custom_heading text=&#8221;\u010casov\u00e1 t\u00fddenn\u00ed dotace p\u0159edm\u011btu&#8221; font_container=&#8221;tag:h5|text_align:left|color:%23000000&#8243; use_theme_fonts=&#8221;yes&#8221; css=&#8221;.vc_custom_1709024649389{margin-bottom: 20px !important;padding-top: 10px !important;padding-left: 55px !important;}&#8221;][vc_tta_accordion shape=&#8221;square&#8221; color=&#8221;white&#8221; active_section=&#8221;&#8221; collapsible_all=&#8221;true&#8221;][vc_tta_section title=&#8221;Osmilet\u00e9 studium&#8221; tab_id=&#8221;1699217027004-c0215e8d-2aad&#8221;][vc_column_text]<\/p>\n<ul>\n<li>dle preference ciz\u00edch jazyk\u016f <strong>2 &#8211; 5 hod. t\u00fddn\u011b<\/strong><\/li>\n<li>viz <a href=\"https:\/\/bigycb.cz\/bigy\/o-skole\/dulezite-dokumenty\/#ucebni_plany\" target=\"_blank\" rel=\"noopener\">u\u010debn\u00ed pl\u00e1ny \u00bb<\/a><\/li>\n<\/ul>\n<p>[\/vc_column_text][\/vc_tta_section][vc_tta_section title=&#8221;\u0160estilet\u00e9 studium&#8221; tab_id=&#8221;1699217027021-fa992823-9822&#8243;][vc_column_text]<\/p>\n<ul>\n<li>dle preference ciz\u00edch jazyk\u016f <strong>2 &#8211; 5 hod. t\u00fddn\u011b<\/strong><\/li>\n<li>viz <a href=\"https:\/\/bigycb.cz\/bigy\/o-skole\/dulezite-dokumenty\/#ucebni_plany\" target=\"_blank\" rel=\"noopener\">u\u010debn\u00ed pl\u00e1ny \u00bb<\/a><\/li>\n<\/ul>\n<p>[\/vc_column_text][\/vc_tta_section][vc_tta_section title=&#8221;\u0160estilet\u00e9 bilingvn\u00ed studium&#8221; tab_id=&#8221;1709024995000-29334d58-97e1&#8243;][vc_column_text]<\/p>\n<ul>\n<li>dle preference ciz\u00edch jazyk\u016f <strong>2 &#8211; 5 hod. t\u00fddn\u011b<\/strong><\/li>\n<li>viz <a href=\"https:\/\/bigycb.cz\/bigy\/o-skole\/dulezite-dokumenty\/#ucebni_plany\" target=\"_blank\" rel=\"noopener\">u\u010debn\u00ed pl\u00e1ny \u00bb<\/a><\/li>\n<\/ul>\n<p>[\/vc_column_text][\/vc_tta_section][vc_tta_section title=&#8221;\u010cty\u0159let\u00e9 studium&#8221; tab_id=&#8221;1699217284386-919907dc-43e3&#8243;][vc_column_text]<\/p>\n<ul>\n<li>dle preference ciz\u00edch jazyk\u016f <strong>2 &#8211; 5 hod. t\u00fddn\u011b<\/strong><\/li>\n<li>viz <a href=\"https:\/\/bigycb.cz\/bigy\/o-skole\/dulezite-dokumenty\/#ucebni_plany\" target=\"_blank\" rel=\"noopener\">u\u010debn\u00ed pl\u00e1ny \u00bb<\/a><\/li>\n<\/ul>\n<p>[\/vc_column_text][\/vc_tta_section][\/vc_tta_accordion][vc_row_inner][vc_column_inner width=&#8221;1\/2&#8243;][vc_btn title=&#8221;Voliteln\u00fd semin\u00e1\u0159&#8221; style=&#8221;classic&#8221; shape=&#8221;square&#8221; align=&#8221;left&#8221; i_icon_fontawesome=&#8221;fas fa-caret-right&#8221; button_block=&#8221;true&#8221; add_icon=&#8221;true&#8221; link=&#8221;url:https%3A%2F%2Fbigycb.cz%2Fbigy%2Fstudenti-a-rodice%2Fvolitelne-seminare%2F%23pac&#8221; css=&#8221;.vc_custom_1709205480610{margin-top: 0px !important;margin-left: 0px !important;}&#8221;][\/vc_column_inner][vc_column_inner width=&#8221;1\/2&#8243;][vc_btn title=&#8221;Maturitn\u00ed zkou\u0161ka&#8221; style=&#8221;classic&#8221; shape=&#8221;square&#8221; align=&#8221;left&#8221; i_icon_fontawesome=&#8221;fas fa-caret-right&#8221; button_block=&#8221;true&#8221; add_icon=&#8221;true&#8221; link=&#8221;url:https%3A%2F%2Fbigycb.cz%2Fbigy%2Fstudenti-a-rodice%2Fmaturitni-zkouska%2F|title:Maturitn%C3%AD%20zkou%C5%A1ka&#8221; css=&#8221;.vc_custom_1709205350399{margin-top: 0px !important;margin-left: 0px !important;}&#8221;][\/vc_column_inner][\/vc_row_inner][\/vc_column][\/vc_row][vc_row css=&#8221;.vc_custom_1488897097455{padding-top: 10px !important;}&#8221;][vc_column][vc_separator color=&#8221;white&#8221; border_width=&#8221;4&#8243; css=&#8221;.vc_custom_1699218140987{margin-bottom: 0px !important;}&#8221;][\/vc_column][\/vc_row][vc_row full_width=&#8221;stretch_row&#8221; css=&#8221;.vc_custom_1699218845695{background-color: #ededed !important;}&#8221;][vc_column css=&#8221;.vc_custom_1491470191130{margin-bottom: 0px !important;}&#8221;]\n\t\t\t\t\t<div class=\"wh-theme-icon vc_custom_1699218736388  scp_theme_icon-ad1c0f310d2ac00fa6e13d2e1d46b86d\">\n\t\t\t\t<i class=\"icon-edopen-book\"><\/i>\n\t\t\t<\/div>\n\t\t\t\t[vc_custom_heading text=&#8221;U\u010debnice, v\u00fdukov\u00e9 zdroje&#8221; font_container=&#8221;tag:h4|text_align:left&#8221; use_theme_fonts=&#8221;yes&#8221; css=&#8221;.vc_custom_1699217933988{margin-bottom: 20px !important;padding-top: 10px !important;padding-left: 55px !important;}&#8221;][vc_media_grid element_width=&#8221;2&#8243; item=&#8221;mediaGrid_SimpleOverlay&#8221; grid_id=&#8221;vc_gid:1716443411309-d6e0e0c6-55b3-8&#8243; include=&#8221;7243,7242,7241,7240,7239&#8243; css=&#8221;.vc_custom_1714463882367{padding-top: 20px !important;padding-right: 20px !important;padding-bottom: 20px !important;padding-left: 20px !important;}&#8221;][\/vc_column][\/vc_row][vc_row css=&#8221;.vc_custom_1488897097455{padding-top: 10px !important;}&#8221;][vc_column css=&#8221;.vc_custom_1699219691642{padding: 20px !important;}&#8221;][vc_separator color=&#8221;white&#8221; border_width=&#8221;4&#8243; css=&#8221;.vc_custom_1699218140987{margin-bottom: 0px !important;}&#8221;][\/vc_column][\/vc_row][vc_row][vc_column width=&#8221;1\/2&#8243; css=&#8221;.vc_custom_1491470191130{margin-bottom: 0px !important;}&#8221;]\n\t\t\t\t\t<div class=\"wh-theme-icon vc_custom_1699219217176  scp_theme_icon-7d46c3c53898bc3e3c6e0067b81b72a4\">\n\t\t\t\t<i class=\"icon-edcup\"><\/i>\n\t\t\t<\/div>\n\t\t\t\t[vc_custom_heading text=&#8221;Projekty a sout\u011b\u017ee&#8221; font_container=&#8221;tag:h4|text_align:left&#8221; use_theme_fonts=&#8221;yes&#8221; css=&#8221;.vc_custom_1699219137756{margin-bottom: 20px !important;padding-top: 10px !important;padding-left: 55px !important;}&#8221;][vc_column_text]\u0160kola je ji\u017e mnoho let zapojena do programu British Council Addvantage, v\u00a0r\u00e1mci n\u011bho\u017e p\u0159ipravuje \u017e\u00e1ky na slo\u017een\u00ed cambridgesk\u00fdch zkou\u0161ek FCE a CAE. Ka\u017edoro\u010dn\u011b tyto zkou\u0161ky \u00farovn\u011b B2 \u010di C1 \u00fasp\u011b\u0161n\u011b skl\u00e1d\u00e1 cca 80 \u017e\u00e1k\u016f. V\u00a0posledn\u00edch letech je Bigy hodnocena jako nejlep\u0161\u00ed \u0161kola v\u00a0republice v\u00a0po\u010dtu takto z\u00edskan\u00fdch diplom\u016f. Rovn\u011b\u017e vys\u00edl\u00e1me na\u0161e \u017e\u00e1ky na sout\u011b\u017ee organizovan\u00e9 M\u0160MT, a\u0165 u\u017e se jedn\u00e1 o olympi\u00e1dy na okresn\u00ed \u010di krajsk\u00e9 \u00farovni, p\u0159ekladatelsk\u00e9 olympi\u00e1dy nebo podobn\u00e9 sout\u011b\u017ee. N\u00e1\u0161 sou\u010dasn\u00fd \u017e\u00e1k ji\u017e dvakr\u00e1t postoupil do\u00a0celost\u00e1tn\u00edho kola, kde jednou skon\u010dil jako v\u00edt\u011bz a jednou na t\u0159et\u00edm m\u00edst\u011b. Soub\u011b\u017en\u011b organizujeme dal\u0161\u00ed projekty, p\u0159edev\u0161\u00edm projekt Erasmus +, d\u00edky n\u011bmu\u017e m\u016f\u017ee ka\u017edoro\u010dn\u011b vyjet n\u011bkolik t\u0159\u00edd na zahrani\u010dn\u00ed pobyt bu\u010f jako skupina nebo formou individu\u00e1ln\u00ed mobility. S\u00a0\u00fa\u010dastn\u00edky pot\u00e9 po\u0159\u00e1d\u00e1me diskuze a sd\u00edl\u00edme jejich zku\u0161enosti. Tak\u00e9 u\u010ditel\u00e9 angli\u010dtiny se mohou \u00fa\u010dastnit kurz\u016f hrazen\u00fdch z\u00a0prost\u0159edk\u016f Erasmus.<br \/>\nSoub\u011b\u017en\u011b s\u00a0t\u011bmito aktivitami nab\u00edz\u00ed \u0161kola zahrani\u010dn\u00ed pobyty ve spolupr\u00e1ci s\u00a0Rotary klubem (v\u00fdm\u011bnn\u00e9 pobyty) nebo pobyt na katolick\u00fdch \u0161kol\u00e1ch v\u00a0USA zprost\u0159edkovan\u00fd organizac\u00ed Global Outreach. Dal\u0161\u00ed kooperace prob\u00edh\u00e1 s\u00a0programem AFS, kter\u00fd zaji\u0161\u0165uje pobyty pro zahrani\u010dn\u00ed studenty na \u010desk\u00fdch st\u0159edn\u00edch \u0161kol\u00e1ch. T\u00edmto zp\u016fsobem maj\u00ed i na\u0161i studenti mo\u017enost setkat se s\u00a0jin\u00fdmi kulturami a dozv\u011bd\u011bt se o jin\u00fdch zem\u00edch.<\/p>\n<p>[\/vc_column_text][\/vc_column][vc_column width=&#8221;1\/2&#8243;]\n\t\t\t\t\t<div class=\"wh-theme-icon vc_custom_1699219452175  scp_theme_icon-74ec9114453c2a71fe77e48fa0050817\">\n\t\t\t\t<i class=\"icon-edforest\"><\/i>\n\t\t\t<\/div>\n\t\t\t\t[vc_custom_heading text=&#8221;Exkurze&#8221; font_container=&#8221;tag:h4|text_align:left&#8221; use_theme_fonts=&#8221;yes&#8221; css=&#8221;.vc_custom_1699219397656{margin-bottom: 20px !important;padding-top: 10px !important;padding-left: 55px !important;}&#8221;][vc_column_text]<\/p>\n<ul>\n<li>Ka\u017edoro\u010dn\u00ed exkurze do Anglie 1 &#8211; u\u017e\u0161\u00ed okruh, Sussex, jihov\u00fdchodn\u00ed Anglie &#8211; nej\u010dast\u011bji Lond\u00fdn, Stonegenge, Cambridge, Canterbury<\/li>\n<li>Exkurze do Velk\u00e9 Brit\u00e1nie 2 &#8211; \u0161ir\u0161\u00ed okruh, Wales, Skotsko, Cornwall, Lake District<\/li>\n<\/ul>\n<p>[\/vc_column_text][\/vc_column][\/vc_row][vc_row full_width=&#8221;stretch_row_content&#8221;][vc_column][vc_separator border_width=&#8221;4&#8243; css=&#8221;.vc_custom_1699219561915{padding: 20px !important;}&#8221;][\/vc_column][\/vc_row][vc_row][vc_column][vc_column_text]<\/p>\n<h3>\u010cl\u00e1nky z kategorie Anglick\u00fd jazyk<\/h3>\n<p>[\/vc_column_text][\/vc_column][\/vc_row][vc_row][vc_column][vc_basic_grid post_type=&#8221;post&#8221; max_items=&#8221;6&#8243; item=&#8221;basicGrid_ScaleInWithRotation&#8221; grid_id=&#8221;vc_gid:1716443411312-69d9b118-9480-4&#8243; taxonomies=&#8221;37&#8243;][\/vc_column][\/vc_row]<\/p>\n","protected":false},"excerpt":{"rendered":"<p>[vc_row][vc_column css=&#8221;.vc_custom_1490017614850{margin-bottom: 30px !important;}&#8221;][vc_custom_heading text=&#8221;Anglick\u00fd jazyk&#8221; font_container=&#8221;tag:h1|text_align:left&#8221; use_theme_fonts=&#8221;yes&#8221; css=&#8221;.vc_custom_1701859955790{margin-top: 0px !important;margin-bottom: 20px !important;}&#8221;][\/vc_column][\/vc_row][vc_row css=&#8221;.vc_custom_1716443431401{margin-bottom: 0px !important;background-color: #efefef !important;}&#8221;][vc_column width=&#8221;1\/3&#8243; css=&#8221;.vc_custom_1701859770904{margin-top:&nbsp;<a href=\"https:\/\/bigycb.cz\/bigy\/predmetove-komise\/anglicky-jazyk\/\">&hellip;<\/a><\/p>\n","protected":false},"author":1,"featured_media":0,"parent":5796,"menu_order":0,"comment_status":"closed","ping_status":"closed","template":"template-sidebar-right-childpages.php","meta":{"footnotes":""},"class_list":["post-5956","page","type-page","status-publish","hentry","odd"],"_links":{"self":[{"href":"https:\/\/bigycb.cz\/bigy\/wp-json\/wp\/v2\/pages\/5956","targetHints":{"allow":["GET"]}}],"collection":[{"href":"https:\/\/bigycb.cz\/bigy\/wp-json\/wp\/v2\/pages"}],"about":[{"href":"https:\/\/bigycb.cz\/bigy\/wp-json\/wp\/v2\/types\/page"}],"author":[{"embeddable":true,"href":"https:\/\/bigycb.cz\/bigy\/wp-json\/wp\/v2\/users\/1"}],"replies":[{"embeddable":true,"href":"https:\/\/bigycb.cz\/bigy\/wp-json\/wp\/v2\/comments?post=5956"}],"version-history":[{"count":30,"href":"https:\/\/bigycb.cz\/bigy\/wp-json\/wp\/v2\/pages\/5956\/revisions"}],"predecessor-version":[{"id":7524,"href":"https:\/\/bigycb.cz\/bigy\/wp-json\/wp\/v2\/pages\/5956\/revisions\/7524"}],"up":[{"embeddable":true,"href":"https:\/\/bigycb.cz\/bigy\/wp-json\/wp\/v2\/pages\/5796"}],"wp:attachment":[{"href":"https:\/\/bigycb.cz\/bigy\/wp-json\/wp\/v2\/media?parent=5956"}],"curies":[{"name":"wp","href":"https:\/\/api.w.org\/{rel}","templated":true}]}}