{"id":5556,"date":"2023-11-09T21:10:47","date_gmt":"2023-11-09T20:10:47","guid":{"rendered":"https:\/\/bigycb.cz\/bigy\/?page_id=5556"},"modified":"2024-03-08T08:36:08","modified_gmt":"2024-03-08T07:36:08","slug":"erasmus","status":"publish","type":"page","link":"https:\/\/bigycb.cz\/bigy\/projekty\/erasmus\/","title":{"rendered":"Erasmus+"},"content":{"rendered":"<p>[vc_row][vc_column][vc_custom_heading text=&#8221;Erasmus+&#8221; font_container=&#8221;tag:h1|text_align:left&#8221; use_theme_fonts=&#8221;yes&#8221;][vc_column_text]<\/p>\n<h6>Na\u0161i studenti i u\u010ditel\u00e9 se aktivn\u011b pod\u00edlej\u00ed na mezin\u00e1rodn\u00edm evropsk\u00e9m projektu Erasmus+. C\u00edlem projektu je sbli\u017eovat mlad\u00e9 lidi z r\u016fzn\u00fdch evropsk\u00fdch zem\u00ed, ukazovat jim, jak se na jin\u00fdch m\u00edstech \u017eije, jak\u00e9 probl\u00e9my se \u0159e\u0161\u00ed a v neposledn\u00ed \u0159ad\u011b m\u00e1 program motivovat k u\u010den\u00ed se ciz\u00edm jazyk\u016fm.<\/h6>\n<p>[\/vc_column_text][\/vc_column][\/vc_row][vc_row][vc_column][vc_basic_grid post_type=&#8221;post&#8221; max_items=&#8221;-1&#8243; item=&#8221;basicGrid_ScaleInWithRotation&#8221; grid_id=&#8221;vc_gid:1699560413080-c2063c70-48b2-4&#8243; taxonomies=&#8221;38&#8243;][\/vc_column][\/vc_row]<\/p>\n","protected":false},"excerpt":{"rendered":"<p>[vc_row][vc_column][vc_custom_heading text=&#8221;Erasmus+&#8221; font_container=&#8221;tag:h1|text_align:left&#8221; use_theme_fonts=&#8221;yes&#8221;][vc_column_text] Na\u0161i studenti i u\u010ditel\u00e9 se aktivn\u011b pod\u00edlej\u00ed na mezin\u00e1rodn\u00edm evropsk\u00e9m projektu Erasmus+. C\u00edlem projektu je sbli\u017eovat&nbsp;<a href=\"https:\/\/bigycb.cz\/bigy\/projekty\/erasmus\/\">&hellip;<\/a><\/p>\n","protected":false},"author":1,"featured_media":0,"parent":940,"menu_order":0,"comment_status":"closed","ping_status":"closed","template":"","meta":{"footnotes":""},"class_list":["post-5556","page","type-page","status-publish","hentry","odd"],"_links":{"self":[{"href":"https:\/\/bigycb.cz\/bigy\/wp-json\/wp\/v2\/pages\/5556","targetHints":{"allow":["GET"]}}],"collection":[{"href":"https:\/\/bigycb.cz\/bigy\/wp-json\/wp\/v2\/pages"}],"about":[{"href":"https:\/\/bigycb.cz\/bigy\/wp-json\/wp\/v2\/types\/page"}],"author":[{"embeddable":true,"href":"https:\/\/bigycb.cz\/bigy\/wp-json\/wp\/v2\/users\/1"}],"replies":[{"embeddable":true,"href":"https:\/\/bigycb.cz\/bigy\/wp-json\/wp\/v2\/comments?post=5556"}],"version-history":[{"count":8,"href":"https:\/\/bigycb.cz\/bigy\/wp-json\/wp\/v2\/pages\/5556\/revisions"}],"predecessor-version":[{"id":6795,"href":"https:\/\/bigycb.cz\/bigy\/wp-json\/wp\/v2\/pages\/5556\/revisions\/6795"}],"up":[{"embeddable":true,"href":"https:\/\/bigycb.cz\/bigy\/wp-json\/wp\/v2\/pages\/940"}],"wp:attachment":[{"href":"https:\/\/bigycb.cz\/bigy\/wp-json\/wp\/v2\/media?parent=5556"}],"curies":[{"name":"wp","href":"https:\/\/api.w.org\/{rel}","templated":true}]}}