{"id":502,"date":"2022-02-09T16:10:47","date_gmt":"2022-02-09T15:10:47","guid":{"rendered":"https:\/\/bigycb.cz\/demo\/?page_id=502"},"modified":"2022-03-25T17:59:24","modified_gmt":"2022-03-25T16:59:24","slug":"aktivity-skoly","status":"publish","type":"page","link":"https:\/\/bigycb.cz\/bigy\/aktivity-skoly\/","title":{"rendered":"Aktivity \u0161koly"},"content":{"rendered":"<h1>Aktivity \u0161koly<\/h1>\n<p>Vyberte si z podstr\u00e1nek sekce:<\/p>\n\n<!-- Page-list plugin v.5.9 wordpress.org\/plugins\/page-list\/ -->\n<ul class=\"page-list subpages-page-list \">\n<li class=\"page_item page-item-722\"><a href=\"https:\/\/bigycb.cz\/bigy\/aktivity-skoly\/bigysbor\/\">Bigysbor<\/a><\/li>\n<li class=\"page_item page-item-715\"><a href=\"https:\/\/bigycb.cz\/bigy\/aktivity-skoly\/ddm-a-skolni-klub\/\">DDM a \u0160koln\u00ed klub<\/a><\/li>\n<li class=\"page_item page-item-726 page_item_has_children\"><a href=\"https:\/\/bigycb.cz\/bigy\/aktivity-skoly\/charitativni-cinnost\/\">Dobrovolnictv\u00ed a charitativn\u00ed \u010dinnost<\/a>\n<ul class='children'>\n\t<li class=\"page_item page-item-8357\"><a href=\"https:\/\/bigycb.cz\/bigy\/aktivity-skoly\/charitativni-cinnost\/animal-rescue\/\">Animal Rescue<\/a><\/li>\n\t<li class=\"page_item page-item-8244\"><a href=\"https:\/\/bigycb.cz\/bigy\/aktivity-skoly\/charitativni-cinnost\/arpida\/\">Arpida<\/a><\/li>\n\t<li class=\"page_item page-item-8252\"><a href=\"https:\/\/bigycb.cz\/bigy\/aktivity-skoly\/charitativni-cinnost\/balicky-pro-bezdomovce\/\">Bal\u00ed\u010dky pro bezdomovce<\/a><\/li>\n\t<li class=\"page_item page-item-8296\"><a href=\"https:\/\/bigycb.cz\/bigy\/aktivity-skoly\/charitativni-cinnost\/charita\/\">Charita<\/a><\/li>\n\t<li class=\"page_item page-item-8376\"><a href=\"https:\/\/bigycb.cz\/bigy\/aktivity-skoly\/charitativni-cinnost\/domov-pro-seniory-hvizdal\/\">Domov pro seniory Hv\u00edzdal<\/a><\/li>\n\t<li class=\"page_item page-item-8367\"><a href=\"https:\/\/bigycb.cz\/bigy\/aktivity-skoly\/charitativni-cinnost\/doucovani-deti-ze-zs\/\">Dou\u010dov\u00e1n\u00ed d\u011bt\u00ed ze Z\u0160<\/a><\/li>\n\t<li class=\"page_item page-item-8362\"><a href=\"https:\/\/bigycb.cz\/bigy\/aktivity-skoly\/charitativni-cinnost\/krouzek-ferda\/\">Krou\u017eek Ferda<\/a><\/li>\n\t<li class=\"page_item page-item-8372\"><a href=\"https:\/\/bigycb.cz\/bigy\/aktivity-skoly\/charitativni-cinnost\/kytarovy-krouzek\/\">Kytarov\u00fd krou\u017eek<\/a><\/li>\n\t<li class=\"page_item page-item-8391\"><a href=\"https:\/\/bigycb.cz\/bigy\/aktivity-skoly\/charitativni-cinnost\/salesianske-stredisko-mladeze\/\">Salesi\u00e1nsk\u00e9 st\u0159edisko ml\u00e1de\u017ee<\/a><\/li>\n\t<li class=\"page_item page-item-3578\"><a href=\"https:\/\/bigycb.cz\/bigy\/aktivity-skoly\/charitativni-cinnost\/sbirka-veci\/\">Sb\u00edrka v\u011bc\u00ed pro d\u011bti<\/a><\/li>\n\t<li class=\"page_item page-item-8263\"><a href=\"https:\/\/bigycb.cz\/bigy\/aktivity-skoly\/charitativni-cinnost\/sirotcinec-karibu\/\">Sirot\u010dinec Karibu<\/a><\/li>\n\t<li class=\"page_item page-item-8229\"><a href=\"https:\/\/bigycb.cz\/bigy\/aktivity-skoly\/charitativni-cinnost\/svaciny-na-dvorku\/\">Sva\u010diny na dvorku<\/a><\/li>\n<\/ul>\n<\/li>\n<li class=\"page_item page-item-720\"><a href=\"https:\/\/bigycb.cz\/bigy\/aktivity-skoly\/ekoskola\/\">Eko\u0161kola<\/a><\/li>\n<li class=\"page_item page-item-717\"><a href=\"https:\/\/bigycb.cz\/bigy\/aktivity-skoly\/spanelske-divadlo\/\">\u0160pan\u011blsk\u00e9 divadlo<\/a><\/li>\n<li class=\"page_item page-item-724\"><a href=\"https:\/\/bigycb.cz\/bigy\/aktivity-skoly\/studentsky-parlament\/\">Studentsk\u00fd parlament<\/a><\/li>\n\n<\/ul>\n","protected":false},"excerpt":{"rendered":"<p>Aktivity \u0161koly Vyberte si z podstr\u00e1nek sekce:<\/p>\n","protected":false},"author":1,"featured_media":0,"parent":0,"menu_order":0,"comment_status":"closed","ping_status":"closed","template":"","meta":{"footnotes":""},"class_list":["post-502","page","type-page","status-publish","hentry","odd"],"_links":{"self":[{"href":"https:\/\/bigycb.cz\/bigy\/wp-json\/wp\/v2\/pages\/502","targetHints":{"allow":["GET"]}}],"collection":[{"href":"https:\/\/bigycb.cz\/bigy\/wp-json\/wp\/v2\/pages"}],"about":[{"href":"https:\/\/bigycb.cz\/bigy\/wp-json\/wp\/v2\/types\/page"}],"author":[{"embeddable":true,"href":"https:\/\/bigycb.cz\/bigy\/wp-json\/wp\/v2\/users\/1"}],"replies":[{"embeddable":true,"href":"https:\/\/bigycb.cz\/bigy\/wp-json\/wp\/v2\/comments?post=502"}],"version-history":[{"count":2,"href":"https:\/\/bigycb.cz\/bigy\/wp-json\/wp\/v2\/pages\/502\/revisions"}],"predecessor-version":[{"id":1510,"href":"https:\/\/bigycb.cz\/bigy\/wp-json\/wp\/v2\/pages\/502\/revisions\/1510"}],"wp:attachment":[{"href":"https:\/\/bigycb.cz\/bigy\/wp-json\/wp\/v2\/media?parent=502"}],"curies":[{"name":"wp","href":"https:\/\/api.w.org\/{rel}","templated":true}]}}