{"id":500,"date":"2022-02-09T16:10:31","date_gmt":"2022-02-09T15:10:31","guid":{"rendered":"https:\/\/bigycb.cz\/demo\/?page_id=500"},"modified":"2022-03-25T17:57:50","modified_gmt":"2022-03-25T16:57:50","slug":"studenti-a-rodice","status":"publish","type":"page","link":"https:\/\/bigycb.cz\/bigy\/studenti-a-rodice\/","title":{"rendered":"Studenti a rodi\u010de"},"content":{"rendered":"<h1>Studenti a rodi\u010de<\/h1>\n<p>Vyberte si z podstr\u00e1nek sekce:<\/p>\n\n<!-- Page-list plugin v.5.9 wordpress.org\/plugins\/page-list\/ -->\n<ul class=\"page-list subpages-page-list \">\n<li class=\"page_item page-item-4788\"><a href=\"https:\/\/bigycb.cz\/bigy\/studenti-a-rodice\/pruvodce-prvaka\/\">Pr\u016fvodce prv\u00e1ka<\/a><\/li>\n<li class=\"page_item page-item-691\"><a href=\"https:\/\/bigycb.cz\/bigy\/studenti-a-rodice\/plan-prace\/\">Harmonogram \u0161k. roku<\/a><\/li>\n<li class=\"page_item page-item-693\"><a href=\"https:\/\/bigycb.cz\/bigy\/studenti-a-rodice\/maturitni-zkouska\/\">Maturitn\u00ed zkou\u0161ka<\/a><\/li>\n<li class=\"page_item page-item-695\"><a href=\"https:\/\/bigycb.cz\/bigy\/studenti-a-rodice\/sportovni-kurzy\/\">Sportovn\u00ed kurzy<\/a><\/li>\n<li class=\"page_item page-item-1019\"><a href=\"https:\/\/bigycb.cz\/bigy\/studenti-a-rodice\/pravidelne-akce-behem-studia\/\">Pravideln\u00e9 akce b\u011bhem studia<\/a><\/li>\n<li class=\"page_item page-item-1051\"><a href=\"https:\/\/bigycb.cz\/bigy\/studenti-a-rodice\/krestanska-pedagogicko-psychologicka-poradna\/\">KPP poradna a \u0161koln\u00ed psycholog<\/a><\/li>\n<li class=\"page_item page-item-6552\"><a href=\"https:\/\/bigycb.cz\/bigy\/studenti-a-rodice\/volitelne-seminare\/\">Voliteln\u00e9 semin\u00e1\u0159e<\/a><\/li>\n<li class=\"page_item page-item-2182\"><a href=\"https:\/\/bigycb.cz\/bigy\/studenti-a-rodice\/europass\/\">Europass<\/a><\/li>\n<li class=\"page_item page-item-1687\"><a href=\"https:\/\/bigycb.cz\/bigy\/studenti-a-rodice\/uspechy-nasich-studentu\/\">\u00dasp\u011bchy na\u0161ich student\u016f<\/a><\/li>\n\n<\/ul>\n","protected":false},"excerpt":{"rendered":"<p>Studenti a rodi\u010de Vyberte si z podstr\u00e1nek sekce:<\/p>\n","protected":false},"author":1,"featured_media":0,"parent":0,"menu_order":0,"comment_status":"closed","ping_status":"closed","template":"","meta":{"footnotes":""},"class_list":["post-500","page","type-page","status-publish","hentry","odd"],"_links":{"self":[{"href":"https:\/\/bigycb.cz\/bigy\/wp-json\/wp\/v2\/pages\/500","targetHints":{"allow":["GET"]}}],"collection":[{"href":"https:\/\/bigycb.cz\/bigy\/wp-json\/wp\/v2\/pages"}],"about":[{"href":"https:\/\/bigycb.cz\/bigy\/wp-json\/wp\/v2\/types\/page"}],"author":[{"embeddable":true,"href":"https:\/\/bigycb.cz\/bigy\/wp-json\/wp\/v2\/users\/1"}],"replies":[{"embeddable":true,"href":"https:\/\/bigycb.cz\/bigy\/wp-json\/wp\/v2\/comments?post=500"}],"version-history":[{"count":3,"href":"https:\/\/bigycb.cz\/bigy\/wp-json\/wp\/v2\/pages\/500\/revisions"}],"predecessor-version":[{"id":1508,"href":"https:\/\/bigycb.cz\/bigy\/wp-json\/wp\/v2\/pages\/500\/revisions\/1508"}],"wp:attachment":[{"href":"https:\/\/bigycb.cz\/bigy\/wp-json\/wp\/v2\/media?parent=500"}],"curies":[{"name":"wp","href":"https:\/\/api.w.org\/{rel}","templated":true}]}}