{"id":496,"date":"2022-02-09T16:09:57","date_gmt":"2022-02-09T15:09:57","guid":{"rendered":"https:\/\/bigycb.cz\/demo\/?page_id=496"},"modified":"2022-03-25T17:58:54","modified_gmt":"2022-03-25T16:58:54","slug":"uchazeci","status":"publish","type":"page","link":"https:\/\/bigycb.cz\/bigy\/uchazeci\/","title":{"rendered":"Uchaze\u010di"},"content":{"rendered":"<h1>Uchaze\u010di<\/h1>\n<p>Vyberte si z podstr\u00e1nek sekce:<\/p>\n\n<!-- Page-list plugin v.5.9 wordpress.org\/plugins\/page-list\/ -->\n<ul class=\"page-list subpages-page-list \">\n<li class=\"page_item page-item-3693\"><a href=\"https:\/\/bigycb.cz\/bigy\/uchazeci\/den-otevrenych-dveri\/\">Den otev\u0159en\u00fdch dve\u0159\u00ed<\/a><\/li>\n<li class=\"page_item page-item-708\"><a href=\"https:\/\/bigycb.cz\/bigy\/uchazeci\/prijimaci-zkousky-nanecisto\/\">P\u0159ij\u00edmac\u00ed zkou\u0161ky nane\u010disto<\/a><\/li>\n<li class=\"page_item page-item-706\"><a href=\"https:\/\/bigycb.cz\/bigy\/uchazeci\/pripravne-kurzy\/\">P\u0159\u00edpravn\u00e9 kurzy k p\u0159ij\u00edmac\u00edm zkou\u0161k\u00e1m<\/a><\/li>\n<li class=\"page_item page-item-704\"><a href=\"https:\/\/bigycb.cz\/bigy\/uchazeci\/prijimaci-rizeni\/\">P\u0159ij\u00edmac\u00ed \u0159\u00edzen\u00ed<\/a><\/li>\n<li class=\"page_item page-item-1029\"><a href=\"https:\/\/bigycb.cz\/bigy\/uchazeci\/bilingvni-studium\/\">Bilingvn\u00ed studium<\/a><\/li>\n\n<\/ul>\n","protected":false},"excerpt":{"rendered":"<p>Uchaze\u010di Vyberte si z podstr\u00e1nek sekce:<\/p>\n","protected":false},"author":1,"featured_media":0,"parent":0,"menu_order":0,"comment_status":"closed","ping_status":"closed","template":"","meta":{"footnotes":""},"class_list":["post-496","page","type-page","status-publish","hentry","odd"],"_links":{"self":[{"href":"https:\/\/bigycb.cz\/bigy\/wp-json\/wp\/v2\/pages\/496","targetHints":{"allow":["GET"]}}],"collection":[{"href":"https:\/\/bigycb.cz\/bigy\/wp-json\/wp\/v2\/pages"}],"about":[{"href":"https:\/\/bigycb.cz\/bigy\/wp-json\/wp\/v2\/types\/page"}],"author":[{"embeddable":true,"href":"https:\/\/bigycb.cz\/bigy\/wp-json\/wp\/v2\/users\/1"}],"replies":[{"embeddable":true,"href":"https:\/\/bigycb.cz\/bigy\/wp-json\/wp\/v2\/comments?post=496"}],"version-history":[{"count":4,"href":"https:\/\/bigycb.cz\/bigy\/wp-json\/wp\/v2\/pages\/496\/revisions"}],"predecessor-version":[{"id":1509,"href":"https:\/\/bigycb.cz\/bigy\/wp-json\/wp\/v2\/pages\/496\/revisions\/1509"}],"wp:attachment":[{"href":"https:\/\/bigycb.cz\/bigy\/wp-json\/wp\/v2\/media?parent=496"}],"curies":[{"name":"wp","href":"https:\/\/api.w.org\/{rel}","templated":true}]}}